{"id":4328223,"date":"2023-03-17T06:47:15","date_gmt":"2023-03-17T05:47:15","guid":{"rendered":"https:\/\/fabijan.si\/kramp-2\/"},"modified":"2023-03-17T06:47:15","modified_gmt":"2023-03-17T05:47:15","slug":"kramp-2","status":"publish","type":"page","link":"https:\/\/fabijan.si\/de\/kramp-2\/","title":{"rendered":"kramp"},"content":{"rendered":"<div class=\"breadcrumb-container\"><span><a href=\"https:\/\/fabijan.si\/de\/\">Zuhause<\/a><\/span><\/div>\n<div class=\"category-title\" style=\"display: flex; justify-content: center;\">\n<h2>Kramp<\/h2>\n<\/div>\n<div class=\"mygallery\">\n<div class=\"row\">\n<div class=\"col-sm-3 galleryitem\">\n  <!-- order:1 --><\/p>\n<div class=\"one-item\">\n      <a href=\"https:\/\/fabijan.si\/de\/kramp\/ersatzteile-spruhgerate\"><img decoding=\"async\"\n        src=\"https:\/\/fabijan.si\/wp-content\/uploads\/site-content\/rezervni-deli-prsilniki.jpg\"\n        srcset=\"          https:\/\/fabijan.si\/wp-content\/uploads\/site-content\/rezervni-deli-prsilniki.jpg 300w,\n          https:\/\/fabijan.si\/wp-content\/uploads\/site-content\/rezervni-deli-prsilniki.jpg 150w\n        \"\n      \/><\/a><\/p>\n<h4>Ersatzteile Spr\u00fchger\u00e4te<\/h4>\n<\/p><\/div>\n<\/p><\/div>\n<div class=\"col-sm-3 galleryitem\">\n  <!-- order:2 --><\/p>\n<div class=\"one-item\">\n      <a href=\"https:\/\/fabijan.si\/de\/kramp\/ausrustung\"><img decoding=\"async\"\n        src=\"https:\/\/fabijan.si\/wp-content\/uploads\/site-content\/oprema.jpg\"\n        srcset=\"          https:\/\/fabijan.si\/wp-content\/uploads\/site-content\/oprema.jpg 300w,\n          https:\/\/fabijan.si\/wp-content\/uploads\/site-content\/oprema.jpg 150w\n        \"\n      \/><\/a><\/p>\n<h4>Ausr\u00fcstung<\/h4>\n<\/p><\/div>\n<\/p><\/div>\n<div class=\"col-sm-3 galleryitem\">\n  <!-- order:3 --><\/p>\n<div class=\"one-item\">\n      <a href=\"https:\/\/fabijan.si\/de\/kramp\/elektro\"><img decoding=\"async\"\n        src=\"https:\/\/fabijan.si\/wp-content\/uploads\/site-content\/elektrika.jpg\"\n        srcset=\"          https:\/\/fabijan.si\/wp-content\/uploads\/site-content\/elektrika.jpg 300w,\n          https:\/\/fabijan.si\/wp-content\/uploads\/site-content\/elektrika.jpg 150w\n        \"\n      \/><\/a><\/p>\n<h4>Elektro<\/h4>\n<\/p><\/div>\n<\/p><\/div>\n<\/div>\n<div class=\"row\">\n<div class=\"col-sm-3 galleryitem\">\n  <!-- order:4 --><\/p>\n<div class=\"one-item\">\n      <a href=\"https:\/\/fabijan.si\/de\/kramp\/kardanwelle\"><img decoding=\"async\"\n        src=\"https:\/\/fabijan.si\/wp-content\/uploads\/site-content\/kardani.jpg\"\n        srcset=\"          https:\/\/fabijan.si\/wp-content\/uploads\/site-content\/kardani.jpg 300w,\n          https:\/\/fabijan.si\/wp-content\/uploads\/site-content\/kardani.jpg 150w\n        \"\n      \/><\/a><\/p>\n<h4>Kardanwelle<\/h4>\n<\/p><\/div>\n<\/p><\/div>\n<div class=\"col-sm-3 galleryitem\">\n  <!-- order:5 --><\/p>\n<div class=\"one-item\">\n      <a href=\"https:\/\/fabijan.si\/de\/kramp\/\u00d6le-fette-flussigkeiten\"><img decoding=\"async\"\n        src=\"https:\/\/fabijan.si\/wp-content\/uploads\/site-content\/olja-masti-tekocine.jpg\"\n        srcset=\"          https:\/\/fabijan.si\/wp-content\/uploads\/site-content\/olja-masti-tekocine.jpg 300w,\n          https:\/\/fabijan.si\/wp-content\/uploads\/site-content\/olja-masti-tekocine.jpg 150w\n        \"\n      \/><\/a><\/p>\n<h4>\u00d6le, Fette, Fl\u00fcssigkeiten<\/h4>\n<\/p><\/div>\n<\/p><\/div>\n<div class=\"col-sm-3 galleryitem\">\n  <!-- order:6 --><\/p>\n<div class=\"one-item\">\n      <a href=\"https:\/\/fabijan.si\/de\/kramp\/keile-stifte\"><img decoding=\"async\"\n        src=\"https:\/\/fabijan.si\/wp-content\/uploads\/site-content\/klini-zatici.jpg\"\n        srcset=\"          https:\/\/fabijan.si\/wp-content\/uploads\/site-content\/klini-zatici.jpg 300w,\n          https:\/\/fabijan.si\/wp-content\/uploads\/site-content\/klini-zatici.jpg 150w\n        \"\n      \/><\/a><\/p>\n<h4>Keile, Stifte<\/h4>\n<\/p><\/div>\n<\/p><\/div>\n<\/div>\n<\/div>\n","protected":false},"excerpt":{"rendered":"<p>Zuhause Kramp Ersatzteile Spr\u00fchger\u00e4te Ausr\u00fcstung Elektro Kardanwelle \u00d6le, Fette, Fl\u00fcssigkeiten Keile, Stifte<\/p>\n","protected":false},"author":3,"featured_media":0,"parent":0,"menu_order":0,"comment_status":"closed","ping_status":"closed","template":"elementor_theme","meta":{"footnotes":""},"class_list":["post-4328223","page","type-page","status-publish","hentry"],"_links":{"self":[{"href":"https:\/\/fabijan.si\/de\/wp-json\/wp\/v2\/pages\/4328223","targetHints":{"allow":["GET"]}}],"collection":[{"href":"https:\/\/fabijan.si\/de\/wp-json\/wp\/v2\/pages"}],"about":[{"href":"https:\/\/fabijan.si\/de\/wp-json\/wp\/v2\/types\/page"}],"author":[{"embeddable":true,"href":"https:\/\/fabijan.si\/de\/wp-json\/wp\/v2\/users\/3"}],"replies":[{"embeddable":true,"href":"https:\/\/fabijan.si\/de\/wp-json\/wp\/v2\/comments?post=4328223"}],"version-history":[{"count":0,"href":"https:\/\/fabijan.si\/de\/wp-json\/wp\/v2\/pages\/4328223\/revisions"}],"wp:attachment":[{"href":"https:\/\/fabijan.si\/de\/wp-json\/wp\/v2\/media?parent=4328223"}],"curies":[{"name":"wp","href":"https:\/\/api.w.org\/{rel}","templated":true}]}}