{"id":4328226,"date":"2023-03-17T06:47:22","date_gmt":"2023-03-17T05:47:22","guid":{"rendered":"https:\/\/fabijan.si\/kramp-2\/ersatzteile-spruhgerate\/"},"modified":"2023-03-17T06:47:22","modified_gmt":"2023-03-17T05:47:22","slug":"ersatzteile-spruhgerate","status":"publish","type":"page","link":"https:\/\/fabijan.si\/de\/kramp-2\/ersatzteile-spruhgerate\/","title":{"rendered":"ersatzteile-spruhgerate"},"content":{"rendered":"<div class=\"breadcrumb-container\"><span><br \/>\n<a href=\"https:\/\/fabijan.si\/de\/\">Zuhause<\/a> | <a href=\"https:\/\/fabijan.si\/de\/kramp\/\">Kramp<\/a><\/span>\n<\/div>\n<div class=\"category-title\" style=\"display: flex; justify-content: center;\">\n<h2>Ersatzteile Spr\u00fchger\u00e4te<\/h2>\n<\/div>\n<div class=\"mygallery\">\n<div class=\"row\">\n<div class=\"col-sm-3 galleryitem\">\n     <!-- order:12 --><\/p>\n<div class=\"one-item\">\n       <img decoding=\"async\" src=\"https:\/\/fabijan.si\/wp-content\/uploads\/site-content\/00001166.jpg\" srcset=\" https:\/\/fabijan.si\/wp-content\/uploads\/site-content\/00001166.jpg 300w, https:\/\/fabijan.si\/wp-content\/uploads\/site-content\/00001166.jpg 150w \" \/><\/p>\n<h4>Einfacherd\u00fcsentr\u00e4ger<\/h4>\n<p>       <button onclick=\"window.location.href='einfacherdusentrager' \"type=\"button\">Weiterlesen<\/button>\n    <\/div>\n<\/p><\/div>\n<div class=\"col-sm-3 galleryitem\">\n     <!-- order:14 --><\/p>\n<div class=\"one-item\">\n       <img decoding=\"async\" src=\"https:\/\/fabijan.si\/wp-content\/uploads\/site-content\/00016687.jpg\" srcset=\" https:\/\/fabijan.si\/wp-content\/uploads\/site-content\/00016687.jpg 300w, https:\/\/fabijan.si\/wp-content\/uploads\/site-content\/00016687.jpg 150w \" \/><\/p>\n<h4>Doppelschwenkkopfd\u00fcse Braglia 1\/4&#8243; AG<\/h4>\n<p>       <button onclick=\"window.location.href='doppelschwenkkopfduse-braglia-1-4-ag' \"type=\"button\">Weiterlesen<\/button>\n    <\/div>\n<\/p><\/div>\n<div class=\"col-sm-3 galleryitem\">\n     <!-- order:15 --><\/p>\n<div class=\"one-item\">\n       <img decoding=\"async\" src=\"https:\/\/fabijan.si\/wp-content\/uploads\/site-content\/00001078.jpg\" srcset=\" https:\/\/fabijan.si\/wp-content\/uploads\/site-content\/00001078.jpg 300w, https:\/\/fabijan.si\/wp-content\/uploads\/site-content\/00001078.jpg 150w \" \/><\/p>\n<h4>Hohlkegeld\u00fcse ATR 80 Gelb<\/h4>\n<p>       <button onclick=\"window.location.href='hohlkegelduse-atr-80-gelb' \"type=\"button\">Weiterlesen<\/button>\n    <\/div>\n<\/p><\/div>\n<div class=\"col-sm-3 galleryitem\">\n     <!-- order:16 --><\/p>\n<div class=\"one-item\">\n       <img decoding=\"async\" src=\"https:\/\/fabijan.si\/wp-content\/uploads\/site-content\/00001156.jpg\" srcset=\" https:\/\/fabijan.si\/wp-content\/uploads\/site-content\/00001156.jpg 300w, https:\/\/fabijan.si\/wp-content\/uploads\/site-content\/00001156.jpg 150w \" \/><\/p>\n<h4>Hohlkegeld\u00fcse ATR 80 Rot<\/h4>\n<p>       <button onclick=\"window.location.href='hohlkegelduse-atr-80-rot' \"type=\"button\">Weiterlesen<\/button>\n    <\/div>\n<\/p><\/div>\n<\/div>\n<div class=\"row\">\n<div class=\"col-sm-3 galleryitem\">\n     <!-- order:17 --><\/p>\n<div class=\"one-item\">\n       <img decoding=\"async\" src=\"https:\/\/fabijan.si\/wp-content\/uploads\/site-content\/00018889.jpg\" srcset=\" https:\/\/fabijan.si\/wp-content\/uploads\/site-content\/00018889.jpg 300w, https:\/\/fabijan.si\/wp-content\/uploads\/site-content\/00018889.jpg 150w \" \/><\/p>\n<h4>Hohkegeld\u00fcse ATR 80 Orange<\/h4>\n<p>       <button onclick=\"window.location.href='hohkegelduse-atr-80-orange' \"type=\"button\">Weiterlesen<\/button>\n    <\/div>\n<\/p><\/div>\n<div class=\"col-sm-3 galleryitem\">\n     <!-- order:18 --><\/p>\n<div class=\"one-item\">\n       <img decoding=\"async\" src=\"https:\/\/fabijan.si\/wp-content\/uploads\/site-content\/00001151.jpg\" srcset=\" https:\/\/fabijan.si\/wp-content\/uploads\/site-content\/00001151.jpg 300w, https:\/\/fabijan.si\/wp-content\/uploads\/site-content\/00001151.jpg 150w \" \/><\/p>\n<h4>Hohlkegeld\u00fcse ATR 80 Lila<\/h4>\n<p>       <button onclick=\"window.location.href='hohlkegelduse-atr-80-lila' \"type=\"button\">Weiterlesen<\/button>\n    <\/div>\n<\/p><\/div>\n<div class=\"col-sm-3 galleryitem\">\n     <!-- order:19 --><\/p>\n<div class=\"one-item\">\n       <img decoding=\"async\" src=\"https:\/\/fabijan.si\/wp-content\/uploads\/site-content\/00001095.jpg\" srcset=\" https:\/\/fabijan.si\/wp-content\/uploads\/site-content\/00001095.jpg 300w, https:\/\/fabijan.si\/wp-content\/uploads\/site-content\/00001095.jpg 150w \" \/><\/p>\n<h4>Hohlkegeld\u00fcse ATR 80 Gr\u00fcn<\/h4>\n<p>       <button onclick=\"window.location.href='hohlkegelduse-atr-80-grun' \"type=\"button\">Weiterlesen<\/button>\n    <\/div>\n<\/p><\/div>\n<div class=\"col-sm-3 galleryitem\">\n     <!-- order:20 --><\/p>\n<div class=\"one-item\">\n       <img decoding=\"async\" src=\"https:\/\/fabijan.si\/wp-content\/uploads\/site-content\/00003459.jpg\" srcset=\" https:\/\/fabijan.si\/wp-content\/uploads\/site-content\/00003459.jpg 300w, https:\/\/fabijan.si\/wp-content\/uploads\/site-content\/00003459.jpg 150w \" \/><\/p>\n<h4>Manometer 63mm 0-4bar 1\/4&#8243; unten<\/h4>\n<p>       <button onclick=\"window.location.href='manometer-63mm-0-4bar-1-4-unten' \"type=\"button\">Weiterlesen<\/button>\n    <\/div>\n<\/p><\/div>\n<\/div>\n<div class=\"row\">\n<div class=\"col-sm-3 galleryitem\">\n     <!-- order:21 --><\/p>\n<div class=\"one-item\">\n       <img decoding=\"async\" src=\"https:\/\/fabijan.si\/wp-content\/uploads\/site-content\/00003461.jpg\" srcset=\" https:\/\/fabijan.si\/wp-content\/uploads\/site-content\/00003461.jpg 300w, https:\/\/fabijan.si\/wp-content\/uploads\/site-content\/00003461.jpg 150w \" \/><\/p>\n<h4>MANOMETER FI 50 1\/4\u02dd 0-6 Bar H<\/h4>\n<p>       <button onclick=\"window.location.href='manometer-fi-50-1-4-0-6-bar-h' \"type=\"button\">Weiterlesen<\/button>\n    <\/div>\n<\/p><\/div>\n<div class=\"col-sm-3 galleryitem\">\n     <!-- order:22 --><\/p>\n<div class=\"one-item\">\n       <img decoding=\"async\" src=\"https:\/\/fabijan.si\/wp-content\/uploads\/site-content\/00003458_1.jpg\" srcset=\" https:\/\/fabijan.si\/wp-content\/uploads\/site-content\/00003458_1.jpg 300w, https:\/\/fabijan.si\/wp-content\/uploads\/site-content\/00003458_1.jpg 150w \" \/><\/p>\n<h4>MANOMETER GL. FI63  HORI.  0-160 BAR<\/h4>\n<p>       <button onclick=\"window.location.href='manometer-gl-fi63-hori-0-160-bar' \"type=\"button\">Weiterlesen<\/button>\n    <\/div>\n<\/p><\/div>\n<div class=\"col-sm-3 galleryitem\">\n     <!-- order:23 --><\/p>\n<div class=\"one-item\">\n       <img decoding=\"async\" src=\"https:\/\/fabijan.si\/wp-content\/uploads\/site-content\/00016635.jpg\" srcset=\" https:\/\/fabijan.si\/wp-content\/uploads\/site-content\/00016635.jpg 300w, https:\/\/fabijan.si\/wp-content\/uploads\/site-content\/00016635.jpg 150w \" \/><\/p>\n<h4>Manometer 63 1\/4&#8243; hinten AHL-fest<\/h4>\n<p>       <button onclick=\"window.location.href='manometer-63-1-4-hinten-ahl-fest' \"type=\"button\">Weiterlesen<\/button>\n    <\/div>\n<\/p><\/div>\n<div class=\"col-sm-3 galleryitem\">\n     <!-- order:24 --><\/p>\n<div class=\"one-item\">\n       <img decoding=\"async\" src=\"https:\/\/fabijan.si\/wp-content\/uploads\/site-content\/00009764.jpg\" srcset=\" https:\/\/fabijan.si\/wp-content\/uploads\/site-content\/00009764.jpg 300w, https:\/\/fabijan.si\/wp-content\/uploads\/site-content\/00009764.jpg 150w \" \/><\/p>\n<h4>Manometer 63 1\/4 AHL unt. 50 bar<\/h4>\n<p>       <button onclick=\"window.location.href='manometer-63-1-4-ahl-unt-50-bar' \"type=\"button\">Weiterlesen<\/button>\n    <\/div>\n<\/p><\/div>\n<\/div>\n<div class=\"row\">\n<div class=\"col-sm-3 galleryitem\">\n     <!-- order:25 --><\/p>\n<div class=\"one-item\">\n       <img decoding=\"async\" src=\"https:\/\/fabijan.si\/wp-content\/uploads\/site-content\/00031364.jpg\" srcset=\" https:\/\/fabijan.si\/wp-content\/uploads\/site-content\/00031364.jpg 300w, https:\/\/fabijan.si\/wp-content\/uploads\/site-content\/00031364.jpg 150w \" \/><\/p>\n<h4>Manometer 63mm 1\/4&#8243; 0-25 bar unten AHL fest<\/h4>\n<p>       <button onclick=\"window.location.href='manometer-63mm-1-4-0-25-bar-unten-ahl-fest' \"type=\"button\">Weiterlesen<\/button>\n    <\/div>\n<\/p><\/div>\n<div class=\"col-sm-3 galleryitem\">\n     <!-- order:26 --><\/p>\n<div class=\"one-item\">\n       <img decoding=\"async\" src=\"https:\/\/fabijan.si\/wp-content\/uploads\/site-content\/dr-5_4-sesalni-filter-kpl.jpg\" srcset=\" https:\/\/fabijan.si\/wp-content\/uploads\/site-content\/dr-5_4-sesalni-filter-kpl.jpg 300w, https:\/\/fabijan.si\/wp-content\/uploads\/site-content\/dr-5_4-sesalni-filter-kpl.jpg 150w \" \/><\/p>\n<h4>Saugfilter 80-120L 1 1\/4&#8243;<\/h4>\n<p>       <button onclick=\"window.location.href='saugfilter-80-120l-1-1-4' \"type=\"button\">Weiterlesen<\/button>\n    <\/div>\n<\/p><\/div>\n<div class=\"col-sm-3 galleryitem\">\n     <!-- order:27 --><\/p>\n<div class=\"one-item\">\n       <img decoding=\"async\" src=\"https:\/\/fabijan.si\/wp-content\/uploads\/site-content\/00042397.jpg\" srcset=\" https:\/\/fabijan.si\/wp-content\/uploads\/site-content\/00042397.jpg 300w, https:\/\/fabijan.si\/wp-content\/uploads\/site-content\/00042397.jpg 150w \" \/><\/p>\n<h4>Feinfilter IG 1\/2&#8243;  40 Mesh 70l\/min Messing<\/h4>\n<p>       <button onclick=\"window.location.href='feinfilter-ig-1-2-40-mesh-70l-min-messing' \"type=\"button\">Weiterlesen<\/button>\n    <\/div>\n<\/p><\/div>\n<div class=\"col-sm-3 galleryitem\">\n     <!-- order:28 --><\/p>\n<div class=\"one-item\">\n       <img decoding=\"async\" src=\"https:\/\/fabijan.si\/wp-content\/uploads\/site-content\/00019050.jpg\" srcset=\" https:\/\/fabijan.si\/wp-content\/uploads\/site-content\/00019050.jpg 300w, https:\/\/fabijan.si\/wp-content\/uploads\/site-content\/00019050.jpg 150w \" \/><\/p>\n<h4>Filtereinsatz 40 Mesh 40x65mm<\/h4>\n<p>       <button onclick=\"window.location.href='filtereinsatz-40-mesh-40x65mm' \"type=\"button\">Weiterlesen<\/button>\n    <\/div>\n<\/p><\/div>\n<\/div>\n<div class=\"row\">\n<div class=\"col-sm-3 galleryitem\">\n     <!-- order:29 --><\/p>\n<div class=\"one-item\">\n       <img decoding=\"async\" src=\"https:\/\/fabijan.si\/wp-content\/uploads\/site-content\/00014260.jpg\" srcset=\" https:\/\/fabijan.si\/wp-content\/uploads\/site-content\/00014260.jpg 300w, https:\/\/fabijan.si\/wp-content\/uploads\/site-content\/00014260.jpg 150w \" \/><\/p>\n<h4>Druckregelarmatur VDR50 &#8211; DRAGONE Spr\u00fchger\u00e4t<\/h4>\n<p>       <button onclick=\"window.location.href='druckregelarmatur-vdr50-dragone-spruhgerat' \"type=\"button\">Weiterlesen<\/button>\n    <\/div>\n<\/p><\/div>\n<div class=\"col-sm-3 galleryitem\">\n     <!-- order:30 --><\/p>\n<div class=\"one-item\">\n       <img decoding=\"async\" src=\"https:\/\/fabijan.si\/wp-content\/uploads\/site-content\/00018948.jpg\" srcset=\" https:\/\/fabijan.si\/wp-content\/uploads\/site-content\/00018948.jpg 300w, https:\/\/fabijan.si\/wp-content\/uploads\/site-content\/00018948.jpg 150w \" \/><\/p>\n<h4>Membrane Favaro<\/h4>\n<p>       <button onclick=\"window.location.href='membrane-favaro' \"type=\"button\">Weiterlesen<\/button>\n    <\/div>\n<\/p><\/div>\n<div class=\"col-sm-3 galleryitem\">\n     <!-- order:31 --><\/p>\n<div class=\"one-item\">\n       <img decoding=\"async\" src=\"https:\/\/fabijan.si\/wp-content\/uploads\/site-content\/00001176.jpg\" srcset=\" https:\/\/fabijan.si\/wp-content\/uploads\/site-content\/00001176.jpg 300w, https:\/\/fabijan.si\/wp-content\/uploads\/site-content\/00001176.jpg 150w \" \/><\/p>\n<h4>ERSATZMEMBRANE 30010063<\/h4>\n<p>       <button onclick=\"window.location.href='ersatzmembrane-30010063' \"type=\"button\">Weiterlesen<\/button>\n    <\/div>\n<\/p><\/div>\n<div class=\"col-sm-3 galleryitem\">\n     <!-- order:34 --><\/p>\n<div class=\"one-item\">\n       <img decoding=\"async\" src=\"https:\/\/fabijan.si\/wp-content\/uploads\/site-content\/00001083.jpg\" srcset=\" https:\/\/fabijan.si\/wp-content\/uploads\/site-content\/00001083.jpg 300w, https:\/\/fabijan.si\/wp-content\/uploads\/site-content\/00001083.jpg 150w \" \/><\/p>\n<h4>WINDKESSELSATZ APS 96<\/h4>\n<p>       <button onclick=\"window.location.href='windkesselsatz-aps-96' \"type=\"button\">Weiterlesen<\/button>\n    <\/div>\n<\/p><\/div>\n<\/div>\n<div class=\"row\">\n<div class=\"col-sm-3 galleryitem\">\n     <!-- order:35 --><\/p>\n<div class=\"one-item\">\n       <img decoding=\"async\" src=\"https:\/\/fabijan.si\/wp-content\/uploads\/site-content\/00012081.jpg\" srcset=\" https:\/\/fabijan.si\/wp-content\/uploads\/site-content\/00012081.jpg 300w, https:\/\/fabijan.si\/wp-content\/uploads\/site-content\/00012081.jpg 150w \" \/><\/p>\n<h4>Pumpendeckel zu APS51\/61\/71\/96<\/h4>\n<p>       <button onclick=\"window.location.href='pumpendeckel-zu-aps51-61-71-96' \"type=\"button\">Weiterlesen<\/button>\n    <\/div>\n<\/p><\/div>\n<div class=\"col-sm-3 galleryitem\">\n     <!-- order:36 --><\/p>\n<div class=\"one-item\">\n       <img decoding=\"async\" src=\"https:\/\/fabijan.si\/wp-content\/uploads\/site-content\/00001081.jpg\" srcset=\" https:\/\/fabijan.si\/wp-content\/uploads\/site-content\/00001081.jpg 300w, https:\/\/fabijan.si\/wp-content\/uploads\/site-content\/00001081.jpg 150w \" \/><\/p>\n<h4>Membrane Comet 1800\/88<\/h4>\n<p>       <button onclick=\"window.location.href='membrane-comet-1800-88' \"type=\"button\">Weiterlesen<\/button>\n    <\/div>\n<\/p><\/div>\n<div class=\"col-sm-3 galleryitem\">\n     <!-- order:38 --><\/p>\n<div class=\"one-item\">\n       <img decoding=\"async\" src=\"https:\/\/fabijan.si\/wp-content\/uploads\/site-content\/00000828.jpg\" srcset=\" https:\/\/fabijan.si\/wp-content\/uploads\/site-content\/00000828.jpg 300w, https:\/\/fabijan.si\/wp-content\/uploads\/site-content\/00000828.jpg 150w \" \/><\/p>\n<h4>Ventil COMET &#8211; Pumpe<\/h4>\n<p>       <button onclick=\"window.location.href='ventil-comet-pumpe' \"type=\"button\">Weiterlesen<\/button>\n    <\/div>\n<\/p><\/div>\n<div class=\"col-sm-3 galleryitem\">\n     <!-- order:39 --><\/p>\n<div class=\"one-item\">\n       <img decoding=\"async\" src=\"https:\/\/fabijan.si\/wp-content\/uploads\/site-content\/00007166.jpg\" srcset=\" https:\/\/fabijan.si\/wp-content\/uploads\/site-content\/00007166.jpg 300w, https:\/\/fabijan.si\/wp-content\/uploads\/site-content\/00007166.jpg 150w \" \/><\/p>\n<h4>Membranfassung Comet<\/h4>\n<p>       <button onclick=\"window.location.href='membranfassung-comet' \"type=\"button\">Weiterlesen<\/button>\n    <\/div>\n<\/p><\/div>\n<\/div>\n<div class=\"row\">\n<div class=\"col-sm-3 galleryitem\">\n     <!-- order:40 --><\/p>\n<div class=\"one-item\">\n       <img decoding=\"async\" src=\"https:\/\/fabijan.si\/wp-content\/uploads\/site-content\/00001138.jpg\" srcset=\" https:\/\/fabijan.si\/wp-content\/uploads\/site-content\/00001138.jpg 300w, https:\/\/fabijan.si\/wp-content\/uploads\/site-content\/00001138.jpg 150w \" \/><\/p>\n<h4>Luftmembrane f\u00fcr COMET 18000094<\/h4>\n<p>       <button onclick=\"window.location.href='luftmembrane-fur-comet-18000094' \"type=\"button\">Weiterlesen<\/button>\n    <\/div>\n<\/p><\/div>\n<div class=\"col-sm-3 galleryitem\">\n     <!-- order:41 --><\/p>\n<div class=\"one-item\">\n       <img decoding=\"async\" src=\"https:\/\/fabijan.si\/wp-content\/uploads\/site-content\/00013730.jpg\" srcset=\" https:\/\/fabijan.si\/wp-content\/uploads\/site-content\/00013730.jpg 300w, https:\/\/fabijan.si\/wp-content\/uploads\/site-content\/00013730.jpg 150w \" \/><\/p>\n<h4>\u00d6lbeh\u00e4lter COMET APS96<\/h4>\n<p>       <button onclick=\"window.location.href='\u00d6lbehalter-comet-aps96' \"type=\"button\">Weiterlesen<\/button>\n    <\/div>\n<\/p><\/div>\n<div class=\"col-sm-3 galleryitem\">\n     <!-- order:42 --><\/p>\n<div class=\"one-item\">\n       <img decoding=\"async\" src=\"https:\/\/fabijan.si\/wp-content\/uploads\/site-content\/00003499.jpg\" srcset=\" https:\/\/fabijan.si\/wp-content\/uploads\/site-content\/00003499.jpg 300w, https:\/\/fabijan.si\/wp-content\/uploads\/site-content\/00003499.jpg 150w \" \/><\/p>\n<h4>Ventilkugel 1\/4 E mini<\/h4>\n<p>       <button onclick=\"window.location.href='ventilkugel-1-4-e-mini' \"type=\"button\">Weiterlesen<\/button>\n    <\/div>\n<\/p><\/div>\n<div class=\"col-sm-3 galleryitem\">\n     <!-- order:43 --><\/p>\n<div class=\"one-item\">\n       <img decoding=\"async\" src=\"https:\/\/fabijan.si\/wp-content\/uploads\/site-content\/00003484.jpg\" srcset=\" https:\/\/fabijan.si\/wp-content\/uploads\/site-content\/00003484.jpg 300w, https:\/\/fabijan.si\/wp-content\/uploads\/site-content\/00003484.jpg 150w \" \/><\/p>\n<h4>Ventilkugel 3\/8 mini<\/h4>\n<p>       <button onclick=\"window.location.href='ventilkugel-3-8-mini' \"type=\"button\">Weiterlesen<\/button>\n    <\/div>\n<\/p><\/div>\n<\/div>\n<\/div>\n","protected":false},"excerpt":{"rendered":"<p>Zuhause | Kramp Ersatzteile Spr\u00fchger\u00e4te Einfacherd\u00fcsentr\u00e4ger Weiterlesen Doppelschwenkkopfd\u00fcse Braglia 1\/4&#8243; AG Weiterlesen Hohlkegeld\u00fcse ATR 80 Gelb Weiterlesen Hohlkegeld\u00fcse ATR 80 Rot Weiterlesen Hohkegeld\u00fcse ATR 80 Orange Weiterlesen Hohlkegeld\u00fcse ATR 80 Lila Weiterlesen Hohlkegeld\u00fcse ATR 80 Gr\u00fcn Weiterlesen Manometer 63mm 0-4bar 1\/4&#8243; unten Weiterlesen MANOMETER FI 50 1\/4\u02dd 0-6 Bar H Weiterlesen MANOMETER GL. FI63 HORI. [&hellip;]<\/p>\n","protected":false},"author":3,"featured_media":0,"parent":4328223,"menu_order":0,"comment_status":"closed","ping_status":"closed","template":"elementor_theme","meta":{"footnotes":""},"class_list":["post-4328226","page","type-page","status-publish","hentry"],"_links":{"self":[{"href":"https:\/\/fabijan.si\/de\/wp-json\/wp\/v2\/pages\/4328226","targetHints":{"allow":["GET"]}}],"collection":[{"href":"https:\/\/fabijan.si\/de\/wp-json\/wp\/v2\/pages"}],"about":[{"href":"https:\/\/fabijan.si\/de\/wp-json\/wp\/v2\/types\/page"}],"author":[{"embeddable":true,"href":"https:\/\/fabijan.si\/de\/wp-json\/wp\/v2\/users\/3"}],"replies":[{"embeddable":true,"href":"https:\/\/fabijan.si\/de\/wp-json\/wp\/v2\/comments?post=4328226"}],"version-history":[{"count":0,"href":"https:\/\/fabijan.si\/de\/wp-json\/wp\/v2\/pages\/4328226\/revisions"}],"up":[{"embeddable":true,"href":"https:\/\/fabijan.si\/de\/wp-json\/wp\/v2\/pages\/4328223"}],"wp:attachment":[{"href":"https:\/\/fabijan.si\/de\/wp-json\/wp\/v2\/media?parent=4328226"}],"curies":[{"name":"wp","href":"https:\/\/api.w.org\/{rel}","templated":true}]}}