{"id":4328400,"date":"2023-03-17T06:48:31","date_gmt":"2023-03-17T05:48:31","guid":{"rendered":"https:\/\/fabijan.si\/kramp-2\/ausrustung\/magnesium-chlorid-25kg\/"},"modified":"2023-03-17T06:48:31","modified_gmt":"2023-03-17T05:48:31","slug":"magnesium-chlorid-25kg","status":"publish","type":"page","link":"https:\/\/fabijan.si\/de\/kramp-2\/ausrustung\/magnesium-chlorid-25kg\/","title":{"rendered":"magnesium-chlorid-25kg"},"content":{"rendered":"\n<div class=\"container\">\n<div class=\"breadcrumb-container\"><span><br \/>\n<a href=\"https:\/\/fabijan.si\/de\/\">Zuhause<\/a> | <a href=\"https:\/\/fabijan.si\/de\/kramp\/\">Kramp<\/a> | <a href=\"https:\/\/fabijan.si\/de\/kramp\/oprema\/\">Ausr\u00fcstung<\/a><\/span>\n<\/div>\n<div class=\"row\">\n<div class=\"col-6\">\n<div id=\"carouselExampleControls\" class=\"carousel slide carousel-container\" data-interval=\"false\">\n<div class=\"carousel-inner\">\n<div class=\"carousel-item active\">   <img decoding=\"async\" src=\"https:\/\/fabijan.si\/wp-content\/uploads\/site-content\/00004622.jpg\" class=\"d-block w-100\" alt=\"...\"><\/div>\n<\/p><\/div>\n<p>              <button class=\"carousel-control-prev\" type=\"button\" data-bs-target=\"#carouselExampleControls\" data-bs-slide=\"prev\"><br \/>\n                <span class=\"carousel-control-prev-icon\" aria-hidden=\"true\"><\/span><br \/>\n              <\/button><br \/>\n              <button class=\"carousel-control-next\" type=\"button\" data-bs-target=\"#carouselExampleControls\" data-bs-slide=\"next\"><br \/>\n                <span class=\"carousel-control-next-icon\" aria-hidden=\"true\"><\/span><br \/>\n              <\/button>\n            <\/div>\n<\/p><\/div>\n<div class=\"col-6 slo-name\">\n            Magnesium Chlorid 25kg<\/p>\n<div class=\"brand\">Vorteile: Das Produkt greift Natur- oder Synthetikkautschuk nicht an<br \/>\nAnwendungsgebiete: Zum Schutz vor dem Einfrieren von F\u00fcllwasser in Traktor-Reifen<\/p>\n<p>Eigenschaften<br \/>\nDas Magnesiumchlorid wird in das Wasser gegeben (nicht umgekehrt)<br \/>\nDas Ganze in einem verzinkten Beh\u00e4lter umr\u00fchren, um eine homogene L\u00f6sung zu erreichen<br \/>\nDas spezifische Gewicht der L\u00f6sung, die bis zu -30 \u00b0C sch\u00fctzt, betr\u00e4gt 1,2 g\/cm3<br \/>\nL\u00f6sen Sie 45-55 kg Cl2 Mg in 100 l Wasser auf<br \/>\nReifen k\u00f6nnen bis zu 75 % gef\u00fcllt werden<br \/>\nMit Wasser gef\u00fcllte Reifen behalten ungef\u00e4hr die gleiche Flexibilit\u00e4t wie bei einer F\u00fcllung nur mit Luft,<br \/>\nda in das verbleibende Volumen (25 % ) Luft gepumpt wird und Zwar , mit dem Druck, der f\u00fcr die Dimension und die Belastung des Reifens vorgesehen ist<\/p><\/div>\n<p>\t\t\t<!-- \n\n<div class=\"price-container\">\n                \n\n<p class=\"price\">###PRICE###<\/p>\n\n --><br \/>\n                <!-- <button type=\"button\" class=\"btn btn-config btn-lg\">Pojdi na konfigurator<\/button> -->\n            <\/div>\n<\/p><\/div>\n<div class=\"menu\">\n<div class=\"btn-group d-flex justify-content-center\" id=\"menu-buttons\">\n              <button type=\"button\" onClick = \"showSpecs()\" class=\"btn menu-button menu-title active\">SPEZIFIKATIONEN<\/button><br \/>\n              <button type=\"button\" onClick = \"showDescription()\" class=\"btn menu-button menu-title\">BESCHREIBUNG<\/button><br \/>\n              <button type=\"button\" onClick = \"showMaterial()\" class=\"btn menu-button menu-title\">MATERIAL<\/button>\n            <\/div>\n<div id=\"specs\">\n<ul class=\"list-group\">\n                Vorteile: Das Produkt greift Natur- oder Synthetikkautschuk nicht an<br \/>\nAnwendungsgebiete: Zum Schutz vor dem Einfrieren von F\u00fcllwasser in Traktor-Reifen<\/p>\n<p>Eigenschaften<br \/>\nDas Magnesiumchlorid wird in das Wasser gegeben (nicht umgekehrt)<br \/>\nDas Ganze in einem verzinkten Beh\u00e4lter umr\u00fchren, um eine homogene L\u00f6sung zu erreichen<br \/>\nDas spezifische Gewicht der L\u00f6sung, die bis zu -30 \u00b0C sch\u00fctzt, betr\u00e4gt 1,2 g\/cm3<br \/>\nL\u00f6sen Sie 45-55 kg Cl2 Mg in 100 l Wasser auf<br \/>\nReifen k\u00f6nnen bis zu 75 % gef\u00fcllt werden<br \/>\nMit Wasser gef\u00fcllte Reifen behalten ungef\u00e4hr die gleiche Flexibilit\u00e4t wie bei einer F\u00fcllung nur mit Luft,<br \/>\nda in das verbleibende Volumen (25 % ) Luft gepumpt wird und Zwar , mit dem Druck, der f\u00fcr die Dimension und die Belastung des Reifens vorgesehen ist\n              <\/ul>\n<\/p><\/div>\n<div id=\"description\"><\/div>\n<div id=\"material\"><\/div>\n<\/p><\/div>\n<\/p><\/div>\n<\/p><\/div>\n","protected":false},"excerpt":{"rendered":"<p>Zuhause | Kramp | Ausr\u00fcstung Magnesium Chlorid 25kg Vorteile: Das Produkt greift Natur- oder Synthetikkautschuk nicht an Anwendungsgebiete: Zum Schutz vor dem Einfrieren von F\u00fcllwasser in Traktor-Reifen Eigenschaften Das Magnesiumchlorid wird in das Wasser gegeben (nicht umgekehrt) Das Ganze in einem verzinkten Beh\u00e4lter umr\u00fchren, um eine homogene L\u00f6sung zu erreichen Das spezifische Gewicht der L\u00f6sung, [&hellip;]<\/p>\n","protected":false},"author":3,"featured_media":0,"parent":4328313,"menu_order":0,"comment_status":"closed","ping_status":"closed","template":"elementor_theme","meta":{"footnotes":""},"class_list":["post-4328400","page","type-page","status-publish","hentry"],"_links":{"self":[{"href":"https:\/\/fabijan.si\/de\/wp-json\/wp\/v2\/pages\/4328400","targetHints":{"allow":["GET"]}}],"collection":[{"href":"https:\/\/fabijan.si\/de\/wp-json\/wp\/v2\/pages"}],"about":[{"href":"https:\/\/fabijan.si\/de\/wp-json\/wp\/v2\/types\/page"}],"author":[{"embeddable":true,"href":"https:\/\/fabijan.si\/de\/wp-json\/wp\/v2\/users\/3"}],"replies":[{"embeddable":true,"href":"https:\/\/fabijan.si\/de\/wp-json\/wp\/v2\/comments?post=4328400"}],"version-history":[{"count":0,"href":"https:\/\/fabijan.si\/de\/wp-json\/wp\/v2\/pages\/4328400\/revisions"}],"up":[{"embeddable":true,"href":"https:\/\/fabijan.si\/de\/wp-json\/wp\/v2\/pages\/4328313"}],"wp:attachment":[{"href":"https:\/\/fabijan.si\/de\/wp-json\/wp\/v2\/media?parent=4328400"}],"curies":[{"name":"wp","href":"https:\/\/api.w.org\/{rel}","templated":true}]}}