{"id":4328676,"date":"2023-03-17T06:51:17","date_gmt":"2023-03-17T05:51:17","guid":{"rendered":"https:\/\/fabijan.si\/geschenkprogramm\/die-geschenke\/"},"modified":"2023-03-17T06:51:17","modified_gmt":"2023-03-17T05:51:17","slug":"die-geschenke","status":"publish","type":"page","link":"https:\/\/fabijan.si\/de\/geschenkprogramm\/die-geschenke\/","title":{"rendered":"die-geschenke"},"content":{"rendered":"<div class=\"breadcrumb-container\"><span><br \/>\n<a href=\"https:\/\/fabijan.si\/de\/\">Zuhause<\/a> | <a href=\"https:\/\/fabijan.si\/de\/darilni-program\/\">Geschenkprogramm<\/a><\/span>\n<\/div>\n<div class=\"category-title\" style=\"display: flex; justify-content: center;\">\n<h2>die Geschenke<\/h2>\n<\/div>\n<div class=\"mygallery\">\n<div class=\"row\">\n<div class=\"col-sm-3 galleryitem\">\n     <!-- order:1 --><\/p>\n<div class=\"one-item\">\n       <img decoding=\"async\" src=\"https:\/\/fabijan.si\/wp-content\/uploads\/site-content\/00054203-2.JPG\" srcset=\" https:\/\/fabijan.si\/wp-content\/uploads\/site-content\/00054203-2.JPG 300w, https:\/\/fabijan.si\/wp-content\/uploads\/site-content\/00054203-2.JPG 150w \" \/><\/p>\n<h4>Flaschenverschluss TAPPO<\/h4>\n<p>       <button onclick=\"window.location.href='flaschenverschluss-tappo' \"type=\"button\">Weiterlesen<\/button>\n    <\/div>\n<\/p><\/div>\n<div class=\"col-sm-3 galleryitem\">\n     <!-- order:2 --><\/p>\n<div class=\"one-item\">\n       <img decoding=\"async\" src=\"https:\/\/fabijan.si\/wp-content\/uploads\/site-content\/00037433_1.jpg\" srcset=\" https:\/\/fabijan.si\/wp-content\/uploads\/site-content\/00037433_1.jpg 300w, https:\/\/fabijan.si\/wp-content\/uploads\/site-content\/00037433_1.jpg 150w \" \/><\/p>\n<h4>Kellnermesser Waiter<\/h4>\n<p>       <button onclick=\"window.location.href='kellnermesser-waiter' \"type=\"button\">Weiterlesen<\/button>\n    <\/div>\n<\/p><\/div>\n<div class=\"col-sm-3 galleryitem\">\n     <!-- order:3 --><\/p>\n<div class=\"one-item\">\n       <img decoding=\"async\" src=\"https:\/\/fabijan.si\/wp-content\/uploads\/site-content\/posoda-za-preostalo-vino-1l-bordo.jpg\" srcset=\" https:\/\/fabijan.si\/wp-content\/uploads\/site-content\/posoda-za-preostalo-vino-1l-bordo.jpg 300w, https:\/\/fabijan.si\/wp-content\/uploads\/site-content\/posoda-za-preostalo-vino-1l-bordo.jpg 150w \" \/><\/p>\n<h4>Restweinbeh\u00e4lter 1l bordeaux<\/h4>\n<p>       <button onclick=\"window.location.href='restweinbehalter-1l-bordeaux' \"type=\"button\">Weiterlesen<\/button>\n    <\/div>\n<\/p><\/div>\n<div class=\"col-sm-3 galleryitem\">\n     <!-- order:4 --><\/p>\n<div class=\"one-item\">\n       <img decoding=\"async\" src=\"https:\/\/fabijan.si\/wp-content\/uploads\/site-content\/00046522.jpg\" srcset=\" https:\/\/fabijan.si\/wp-content\/uploads\/site-content\/00046522.jpg 300w, https:\/\/fabijan.si\/wp-content\/uploads\/site-content\/00046522.jpg 150w \" \/><\/p>\n<h4>Champagnerschale<\/h4>\n<p>       <button onclick=\"window.location.href='champagnerschale' \"type=\"button\">Weiterlesen<\/button>\n    <\/div>\n<\/p><\/div>\n<\/div>\n<div class=\"row\">\n<div class=\"col-sm-3 galleryitem\">\n     <!-- order:5 --><\/p>\n<div class=\"one-item\">\n       <img decoding=\"async\" src=\"https:\/\/fabijan.si\/wp-content\/uploads\/site-content\/00035617_1.jpg\" srcset=\" https:\/\/fabijan.si\/wp-content\/uploads\/site-content\/00035617_1.jpg 300w, https:\/\/fabijan.si\/wp-content\/uploads\/site-content\/00035617_1.jpg 150w \" \/><\/p>\n<h4>Champagnerk\u00fchler Platin<\/h4>\n<p>       <button onclick=\"window.location.href='champagnerkuhler-platin' \"type=\"button\">Weiterlesen<\/button>\n    <\/div>\n<\/p><\/div>\n<div class=\"col-sm-3 galleryitem\">\n     <!-- order:6 --><\/p>\n<div class=\"one-item\">\n       <img decoding=\"async\" src=\"https:\/\/fabijan.si\/wp-content\/uploads\/site-content\/00050871_1.jpg\" srcset=\" https:\/\/fabijan.si\/wp-content\/uploads\/site-content\/00050871_1.jpg 300w, https:\/\/fabijan.si\/wp-content\/uploads\/site-content\/00050871_1.jpg 150w \" \/><\/p>\n<h4>Weink\u00fchler Gr\u00fcne Trauben<\/h4>\n<p>       <button onclick=\"window.location.href='weinkuhler-grune-trauben' \"type=\"button\">Weiterlesen<\/button>\n    <\/div>\n<\/p><\/div>\n<div class=\"col-sm-3 galleryitem\">\n     <!-- order:7 --><\/p>\n<div class=\"one-item\">\n       <img decoding=\"async\" src=\"https:\/\/fabijan.si\/wp-content\/uploads\/site-content\/00035615_1.jpg\" srcset=\" https:\/\/fabijan.si\/wp-content\/uploads\/site-content\/00035615_1.jpg 300w, https:\/\/fabijan.si\/wp-content\/uploads\/site-content\/00035615_1.jpg 150w \" \/><\/p>\n<h4>Weink\u00fchler Silber<\/h4>\n<p>       <button onclick=\"window.location.href='weinkuhler-silber' \"type=\"button\">Weiterlesen<\/button>\n    <\/div>\n<\/p><\/div>\n<div class=\"col-sm-3 galleryitem\">\n     <!-- order:8 --><\/p>\n<div class=\"one-item\">\n       <img decoding=\"async\" src=\"https:\/\/fabijan.si\/wp-content\/uploads\/site-content\/00035616_1.jpg\" srcset=\" https:\/\/fabijan.si\/wp-content\/uploads\/site-content\/00035616_1.jpg 300w, https:\/\/fabijan.si\/wp-content\/uploads\/site-content\/00035616_1.jpg 150w \" \/><\/p>\n<h4>Weink\u00fchler Platinum<\/h4>\n<p>       <button onclick=\"window.location.href='weinkuhler-platinum' \"type=\"button\">Weiterlesen<\/button>\n    <\/div>\n<\/p><\/div>\n<\/div>\n<div class=\"row\">\n<div class=\"col-sm-3 galleryitem\">\n     <!-- order:9 --><\/p>\n<div class=\"one-item\">\n       <img decoding=\"async\" src=\"https:\/\/fabijan.si\/wp-content\/uploads\/site-content\/00037424.jpg\" srcset=\" https:\/\/fabijan.si\/wp-content\/uploads\/site-content\/00037424.jpg 300w, https:\/\/fabijan.si\/wp-content\/uploads\/site-content\/00037424.jpg 150w \" \/><\/p>\n<h4>Jausenbrett klein<\/h4>\n<p>       <button onclick=\"window.location.href='jausenbrett-klein' \"type=\"button\">Weiterlesen<\/button>\n    <\/div>\n<\/p><\/div>\n<div class=\"col-sm-3 galleryitem\">\n     <!-- order:10 --><\/p>\n<div class=\"one-item\">\n       <img decoding=\"async\" src=\"https:\/\/fabijan.si\/wp-content\/uploads\/site-content\/leseni-pogrinjek-veliki.jpg\" srcset=\" https:\/\/fabijan.si\/wp-content\/uploads\/site-content\/leseni-pogrinjek-veliki.jpg 300w, https:\/\/fabijan.si\/wp-content\/uploads\/site-content\/leseni-pogrinjek-veliki.jpg 150w \" \/><\/p>\n<h4>Vesperbrett gro\u00df<\/h4>\n<p>       <button onclick=\"window.location.href='vesperbrett-gross' \"type=\"button\">Weiterlesen<\/button>\n    <\/div>\n<\/p><\/div>\n<div class=\"col-sm-3 galleryitem\">\n     <!-- order:11 --><\/p>\n<div class=\"one-item\">\n       <img decoding=\"async\" src=\"https:\/\/fabijan.si\/wp-content\/uploads\/site-content\/00039742.jpg\" srcset=\" https:\/\/fabijan.si\/wp-content\/uploads\/site-content\/00039742.jpg 300w, https:\/\/fabijan.si\/wp-content\/uploads\/site-content\/00039742.jpg 150w \" \/><\/p>\n<h4>Tragekarton &#8222;Holz Rustikal&#8220; 2-er<\/h4>\n<p>       <button onclick=\"window.location.href='tragekarton-holz-rustikal-2-er' \"type=\"button\">Weiterlesen<\/button>\n    <\/div>\n<\/p><\/div>\n<div class=\"col-sm-3 galleryitem\">\n     <!-- order:12 --><\/p>\n<div class=\"one-item\">\n       <img decoding=\"async\" src=\"https:\/\/fabijan.si\/wp-content\/uploads\/site-content\/00042171.jpg\" srcset=\" https:\/\/fabijan.si\/wp-content\/uploads\/site-content\/00042171.jpg 300w, https:\/\/fabijan.si\/wp-content\/uploads\/site-content\/00042171.jpg 150w \" \/><\/p>\n<h4>Tragekarton &#8222;Holz Rustikal&#8220; 3-er<\/h4>\n<p>       <button onclick=\"window.location.href='tragekarton-holz-rustikal-3-er' \"type=\"button\">Weiterlesen<\/button>\n    <\/div>\n<\/p><\/div>\n<\/div>\n<div class=\"row\">\n<div class=\"col-sm-3 galleryitem\">\n     <!-- order:13 --><\/p>\n<div class=\"one-item\">\n       <img decoding=\"async\" src=\"https:\/\/fabijan.si\/wp-content\/uploads\/site-content\/00033622.jpg\" srcset=\" https:\/\/fabijan.si\/wp-content\/uploads\/site-content\/00033622.jpg 300w, https:\/\/fabijan.si\/wp-content\/uploads\/site-content\/00033622.jpg 150w \" \/><\/p>\n<h4>Weinkarton 3er Lichterglanz<\/h4>\n<p>       <button onclick=\"window.location.href='weinkarton-3er-lichterglanz' \"type=\"button\">Weiterlesen<\/button>\n    <\/div>\n<\/p><\/div>\n<div class=\"col-sm-3 galleryitem\">\n     <!-- order:14 --><\/p>\n<div class=\"one-item\">\n       <img decoding=\"async\" src=\"https:\/\/fabijan.si\/wp-content\/uploads\/site-content\/00043069.jpg\" srcset=\" https:\/\/fabijan.si\/wp-content\/uploads\/site-content\/00043069.jpg 300w, https:\/\/fabijan.si\/wp-content\/uploads\/site-content\/00043069.jpg 150w \" \/><\/p>\n<h4><\/h4>\n<p>       <button onclick=\"window.location.href='bag-in-box-5-l-rdece-vino-metalizirana-vrecka' \"type=\"button\">Weiterlesen<\/button>\n    <\/div>\n<\/p><\/div>\n<div class=\"col-sm-3 galleryitem\">\n     <!-- order:15 --><\/p>\n<div class=\"one-item\">\n       <img decoding=\"async\" src=\"https:\/\/fabijan.si\/wp-content\/uploads\/site-content\/00049885_1.jpg\" srcset=\" https:\/\/fabijan.si\/wp-content\/uploads\/site-content\/00049885_1.jpg 300w, https:\/\/fabijan.si\/wp-content\/uploads\/site-content\/00049885_1.jpg 150w \" \/><\/p>\n<h4>Glasmarker Klassik Siegel<\/h4>\n<p>       <button onclick=\"window.location.href='glasmarker-klassik-siegel' \"type=\"button\">Weiterlesen<\/button>\n    <\/div>\n<\/p><\/div>\n<div class=\"col-sm-3 galleryitem\">\n     <!-- order:16 --><\/p>\n<div class=\"one-item\">\n       <img decoding=\"async\" src=\"https:\/\/fabijan.si\/wp-content\/uploads\/site-content\/00033654.jpg\" srcset=\" https:\/\/fabijan.si\/wp-content\/uploads\/site-content\/00033654.jpg 300w, https:\/\/fabijan.si\/wp-content\/uploads\/site-content\/00033654.jpg 150w \" \/><\/p>\n<h4>Ice K\u00fchler Transparent<\/h4>\n<p>       <button onclick=\"window.location.href='ice-kuhler-transparent' \"type=\"button\">Weiterlesen<\/button>\n    <\/div>\n<\/p><\/div>\n<\/div>\n<div class=\"row\">\n<div class=\"col-sm-3 galleryitem\">\n     <!-- order:17 --><\/p>\n<div class=\"one-item\">\n       <img decoding=\"async\" src=\"https:\/\/fabijan.si\/wp-content\/uploads\/site-content\/00035619_2.jpg\" srcset=\" https:\/\/fabijan.si\/wp-content\/uploads\/site-content\/00035619_2.jpg 300w, https:\/\/fabijan.si\/wp-content\/uploads\/site-content\/00035619_2.jpg 150w \" \/><\/p>\n<h4>Drop Stop 2er Set<\/h4>\n<p>       <button onclick=\"window.location.href='drop-stop-2er-set' \"type=\"button\">Weiterlesen<\/button>\n    <\/div>\n<\/p><\/div>\n<div class=\"col-sm-3 galleryitem\">\n     <!-- order:18 --><\/p>\n<div class=\"one-item\">\n       <img decoding=\"async\" src=\"https:\/\/fabijan.si\/wp-content\/uploads\/site-content\/00051193_1.jpg\" srcset=\" https:\/\/fabijan.si\/wp-content\/uploads\/site-content\/00051193_1.jpg 300w, https:\/\/fabijan.si\/wp-content\/uploads\/site-content\/00051193_1.jpg 150w \" \/><\/p>\n<h4>BOLS Cocktail Set<\/h4>\n<p>       <button onclick=\"window.location.href='bols-cocktail-set' \"type=\"button\">Weiterlesen<\/button>\n    <\/div>\n<\/p><\/div>\n<\/div>\n<\/div>\n","protected":false},"excerpt":{"rendered":"<p>Zuhause | Geschenkprogramm die Geschenke Flaschenverschluss TAPPO Weiterlesen Kellnermesser Waiter Weiterlesen Restweinbeh\u00e4lter 1l bordeaux Weiterlesen Champagnerschale Weiterlesen Champagnerk\u00fchler Platin Weiterlesen Weink\u00fchler Gr\u00fcne Trauben Weiterlesen Weink\u00fchler Silber Weiterlesen Weink\u00fchler Platinum Weiterlesen Jausenbrett klein Weiterlesen Vesperbrett gro\u00df Weiterlesen Tragekarton &#8222;Holz Rustikal&#8220; 2-er Weiterlesen Tragekarton &#8222;Holz Rustikal&#8220; 3-er Weiterlesen Weinkarton 3er Lichterglanz Weiterlesen Weiterlesen Glasmarker Klassik Siegel Weiterlesen [&hellip;]<\/p>\n","protected":false},"author":3,"featured_media":0,"parent":4328673,"menu_order":0,"comment_status":"closed","ping_status":"closed","template":"elementor_theme","meta":{"footnotes":""},"class_list":["post-4328676","page","type-page","status-publish","hentry"],"_links":{"self":[{"href":"https:\/\/fabijan.si\/de\/wp-json\/wp\/v2\/pages\/4328676","targetHints":{"allow":["GET"]}}],"collection":[{"href":"https:\/\/fabijan.si\/de\/wp-json\/wp\/v2\/pages"}],"about":[{"href":"https:\/\/fabijan.si\/de\/wp-json\/wp\/v2\/types\/page"}],"author":[{"embeddable":true,"href":"https:\/\/fabijan.si\/de\/wp-json\/wp\/v2\/users\/3"}],"replies":[{"embeddable":true,"href":"https:\/\/fabijan.si\/de\/wp-json\/wp\/v2\/comments?post=4328676"}],"version-history":[{"count":0,"href":"https:\/\/fabijan.si\/de\/wp-json\/wp\/v2\/pages\/4328676\/revisions"}],"up":[{"embeddable":true,"href":"https:\/\/fabijan.si\/de\/wp-json\/wp\/v2\/pages\/4328673"}],"wp:attachment":[{"href":"https:\/\/fabijan.si\/de\/wp-json\/wp\/v2\/media?parent=4328676"}],"curies":[{"name":"wp","href":"https:\/\/api.w.org\/{rel}","templated":true}]}}