{"id":4576367,"date":"2026-02-03T15:07:53","date_gmt":"2026-02-03T14:07:53","guid":{"rendered":"https:\/\/fabijan.si\/weinbau\/weinbaumaschinen\/berzeilenstammburste\/"},"modified":"2026-02-03T15:07:53","modified_gmt":"2026-02-03T14:07:53","slug":"berzeilenstammburste","status":"publish","type":"page","link":"https:\/\/fabijan.si\/de\/weinbau\/weinbaumaschinen\/berzeilenstammburste\/","title":{"rendered":"&Uuml;berzeilenstammburste"},"content":{"rendered":"<p><!-- product id: 165 --><\/p>\n<div class=\"mygallery\">\n<div class=\"breadcrumb-container\"><span><br \/>\n<a href=\"https:\/\/fabijan.si\/de\/\">Zuhause<\/a> | <a href=\"https:\/\/fabijan.si\/de\/weinbau\/\">Weinbau<\/a> | <a href=\"https:\/\/fabijan.si\/de\/weinbau\/weinbaumaschinen\/\">Weinbaumaschinen<\/a><\/span>\n<\/div>\n<div class=\"category-title\" style=\"display: flex; justify-content: center;\">\n<h2>\u00dcberzeilenstammb\u00fcrste<\/h2>\n<\/div>\n<div class=\"row\">\n<div class=\"col-sm-3 galleryitem\">\n<div class=\"one-item\">\n  <!-- order:2 --><br \/>\n      <a href=\".\/fischer-twister-w\"><img decoding=\"async\"\n        src=\"https:\/\/fabijan.si\/wp-content\/uploads\/site-content\/fischer-w.jpg\"\n        srcset=\"          https:\/\/fabijan.si\/wp-content\/uploads\/site-content\/fischer-w.jpg  300w,\n         https:\/\/fabijan.si\/wp-content\/uploads\/site-content\/fischer-w.jpg   150w\n        \"\n      \/><\/a><\/p>\n<h4>Fischer TWISTER W<\/h4>\n<\/p><\/div>\n<\/p><\/div>\n<div class=\"col-sm-3 galleryitem\">\n<div class=\"one-item\">\n  <!-- order:3 --><br \/>\n      <a href=\".\/dragone-&Uuml;berzeilenstammb\u0170rsten\"><img decoding=\"async\"\n        src=\"https:\/\/fabijan.si\/wp-content\/uploads\/site-content\/dragone-cr.jpg\"\n        srcset=\"          https:\/\/fabijan.si\/wp-content\/uploads\/site-content\/dragone-cr.jpg  300w,\n         https:\/\/fabijan.si\/wp-content\/uploads\/site-content\/dragone-cr.jpg   150w\n        \"\n      \/><\/a><\/p>\n<h4>DRAGONE \u00dcBERZEILENSTAMMB\u0170RSTEN<\/h4>\n<\/p><\/div>\n<\/p><\/div>\n<\/div>\n<\/div>\n","protected":false},"excerpt":{"rendered":"<p>Zuhause | Weinbau | Weinbaumaschinen \u00dcberzeilenstammb\u00fcrste Fischer TWISTER W DRAGONE \u00dcBERZEILENSTAMMB\u0170RSTEN<\/p>\n","protected":false},"author":1,"featured_media":0,"parent":4576361,"menu_order":0,"comment_status":"closed","ping_status":"closed","template":"elementor_theme","meta":{"footnotes":""},"class_list":["post-4576367","page","type-page","status-publish","hentry"],"_links":{"self":[{"href":"https:\/\/fabijan.si\/de\/wp-json\/wp\/v2\/pages\/4576367","targetHints":{"allow":["GET"]}}],"collection":[{"href":"https:\/\/fabijan.si\/de\/wp-json\/wp\/v2\/pages"}],"about":[{"href":"https:\/\/fabijan.si\/de\/wp-json\/wp\/v2\/types\/page"}],"author":[{"embeddable":true,"href":"https:\/\/fabijan.si\/de\/wp-json\/wp\/v2\/users\/1"}],"replies":[{"embeddable":true,"href":"https:\/\/fabijan.si\/de\/wp-json\/wp\/v2\/comments?post=4576367"}],"version-history":[{"count":0,"href":"https:\/\/fabijan.si\/de\/wp-json\/wp\/v2\/pages\/4576367\/revisions"}],"up":[{"embeddable":true,"href":"https:\/\/fabijan.si\/de\/wp-json\/wp\/v2\/pages\/4576361"}],"wp:attachment":[{"href":"https:\/\/fabijan.si\/de\/wp-json\/wp\/v2\/media?parent=4576367"}],"curies":[{"name":"wp","href":"https:\/\/api.w.org\/{rel}","templated":true}]}}