{"id":4576385,"date":"2026-02-03T15:08:03","date_gmt":"2026-02-03T14:08:03","guid":{"rendered":"https:\/\/fabijan.si\/weinbau\/weinbaumaschinen\/geblasespritze\/dragone-aufsattelspruhgerat\/"},"modified":"2026-02-03T15:08:03","modified_gmt":"2026-02-03T14:08:03","slug":"dragone-aufsattelspruhgerat","status":"publish","type":"page","link":"https:\/\/fabijan.si\/de\/weinbau\/weinbaumaschinen\/geblasespritze\/dragone-aufsattelspruhgerat\/","title":{"rendered":"dragone-aufsattelspruhgerat"},"content":{"rendered":"<p><!-- product id: 464 --><\/p>\n<div class=\"mygallery\">\n<div class=\"breadcrumb-container\"><span><br \/>\n<a href=\"https:\/\/fabijan.si\/de\/\">Zuhause<\/a> | <a href=\"https:\/\/fabijan.si\/de\/weinbau\/\">Weinbau<\/a> | <a href=\"https:\/\/fabijan.si\/de\/weinbau\/weinbaumaschinen\/\">Weinbaumaschinen<\/a> | <a href=\"https:\/\/fabijan.si\/de\/weinbau\/weinbaumaschinen\/geblasespritze\/\">Gebl\u00e4sespritze<\/a><\/span>\n<\/div>\n<div class=\"category-title\" style=\"display: flex; justify-content: center;\">\n<h2>DRAGONE Aufsattelspr\u00fchger\u00e4t<\/h2>\n<\/div>\n<div class=\"row\">\n<div class=\"col-sm-3 galleryitem\">\n<div class=\"one-item\">\n  <!-- order:1 --><br \/>\n      <a href=\".\/serie-tav\"><img decoding=\"async\"\n        src=\"https:\/\/fabijan.si\/wp-content\/uploads\/site-content\/00053276.jpg\"\n        srcset=\"          https:\/\/fabijan.si\/wp-content\/uploads\/site-content\/00053276.jpg  300w,\n         https:\/\/fabijan.si\/wp-content\/uploads\/site-content\/00053276.jpg   150w\n        \"\n      \/><\/a><\/p>\n<h4>Serie TAV<\/h4>\n<\/p><\/div>\n<\/p><\/div>\n<div class=\"col-sm-3 galleryitem\">\n<div class=\"one-item\">\n  <!-- order:2 --><br \/>\n      <a href=\".\/athos-t-serie\"><img decoding=\"async\"\n        src=\"https:\/\/fabijan.si\/wp-content\/uploads\/site-content\/prsilnik-dragone-athos.jpg\"\n        srcset=\"          https:\/\/fabijan.si\/wp-content\/uploads\/site-content\/prsilnik-dragone-athos.jpg  300w,\n         https:\/\/fabijan.si\/wp-content\/uploads\/site-content\/prsilnik-dragone-athos.jpg   150w\n        \"\n      \/><\/a><\/p>\n<h4>ATHOS T Serie<\/h4>\n<\/p><\/div>\n<\/p><\/div>\n<div class=\"col-sm-3 galleryitem\">\n<div class=\"one-item\">\n  <!-- order:3 --><br \/>\n      <a href=\".\/k1-serie\"><img decoding=\"async\"\n        src=\"https:\/\/fabijan.si\/wp-content\/uploads\/site-content\/dragone-k1-noseni.jpg\"\n        srcset=\"          https:\/\/fabijan.si\/wp-content\/uploads\/site-content\/dragone-k1-noseni.jpg  300w,\n         https:\/\/fabijan.si\/wp-content\/uploads\/site-content\/dragone-k1-noseni.jpg   150w\n        \"\n      \/><\/a><\/p>\n<h4>K1 Serie<\/h4>\n<\/p><\/div>\n<\/p><\/div>\n<\/div>\n<div class=\"row\">\n<div class=\"col-sm-3 galleryitem\">\n<div class=\"one-item\">\n  <!-- order:4 --><br \/>\n      <a href=\".\/k2-serie\"><img decoding=\"async\"\n        src=\"https:\/\/fabijan.si\/wp-content\/uploads\/site-content\/prsilnik-dragone-k2.jpg\"\n        srcset=\"          https:\/\/fabijan.si\/wp-content\/uploads\/site-content\/prsilnik-dragone-k2.jpg  300w,\n         https:\/\/fabijan.si\/wp-content\/uploads\/site-content\/prsilnik-dragone-k2.jpg   150w\n        \"\n      \/><\/a><\/p>\n<h4>K2 Serie<\/h4>\n<\/p><\/div>\n<\/p><\/div>\n<div class=\"col-sm-3 galleryitem\">\n<div class=\"one-item\">\n  <!-- order:5 --><br \/>\n      <a href=\".\/virgola-serie\"><img decoding=\"async\"\n        src=\"https:\/\/fabijan.si\/wp-content\/uploads\/site-content\/dragone-virgola.jpg\"\n        srcset=\"          https:\/\/fabijan.si\/wp-content\/uploads\/site-content\/dragone-virgola.jpg  300w,\n         https:\/\/fabijan.si\/wp-content\/uploads\/site-content\/dragone-virgola.jpg   150w\n        \"\n      \/><\/a><\/p>\n<h4>VIRGOLA Serie<\/h4>\n<\/p><\/div>\n<\/p><\/div>\n<div class=\"col-sm-3 galleryitem\">\n<div class=\"one-item\">\n  <!-- order:6 --><br \/>\n      <a href=\".\/az-lg-serie\"><img decoding=\"async\"\n        src=\"https:\/\/fabijan.si\/wp-content\/uploads\/site-content\/dragone-az.jpg\"\n        srcset=\"          https:\/\/fabijan.si\/wp-content\/uploads\/site-content\/dragone-az.jpg  300w,\n         https:\/\/fabijan.si\/wp-content\/uploads\/site-content\/dragone-az.jpg   150w\n        \"\n      \/><\/a><\/p>\n<h4>AZ, LG Serie<\/h4>\n<\/p><\/div>\n<\/p><\/div>\n<\/div>\n<div class=\"row\">\n<div class=\"col-sm-3 galleryitem\">\n<div class=\"one-item\">\n  <!-- order:7 --><br \/>\n      <a href=\".\/doppio-ventaglio-serie\"><img decoding=\"async\"\n        src=\"https:\/\/fabijan.si\/wp-content\/uploads\/site-content\/00004452.jpg\"\n        srcset=\"          https:\/\/fabijan.si\/wp-content\/uploads\/site-content\/00004452.jpg  300w,\n         https:\/\/fabijan.si\/wp-content\/uploads\/site-content\/00004452.jpg   150w\n        \"\n      \/><\/a><\/p>\n<h4>DOPPIO VENTAGLIO Serie<\/h4>\n<\/p><\/div>\n<\/p><\/div>\n<\/div>\n<\/div>\n","protected":false},"excerpt":{"rendered":"<p>Zuhause | Weinbau | Weinbaumaschinen | Gebl\u00e4sespritze DRAGONE Aufsattelspr\u00fchger\u00e4t Serie TAV ATHOS T Serie K1 Serie K2 Serie VIRGOLA Serie AZ, LG Serie DOPPIO VENTAGLIO Serie<\/p>\n","protected":false},"author":1,"featured_media":0,"parent":4576382,"menu_order":0,"comment_status":"closed","ping_status":"closed","template":"elementor_theme","meta":{"footnotes":""},"class_list":["post-4576385","page","type-page","status-publish","hentry"],"_links":{"self":[{"href":"https:\/\/fabijan.si\/de\/wp-json\/wp\/v2\/pages\/4576385","targetHints":{"allow":["GET"]}}],"collection":[{"href":"https:\/\/fabijan.si\/de\/wp-json\/wp\/v2\/pages"}],"about":[{"href":"https:\/\/fabijan.si\/de\/wp-json\/wp\/v2\/types\/page"}],"author":[{"embeddable":true,"href":"https:\/\/fabijan.si\/de\/wp-json\/wp\/v2\/users\/1"}],"replies":[{"embeddable":true,"href":"https:\/\/fabijan.si\/de\/wp-json\/wp\/v2\/comments?post=4576385"}],"version-history":[{"count":0,"href":"https:\/\/fabijan.si\/de\/wp-json\/wp\/v2\/pages\/4576385\/revisions"}],"up":[{"embeddable":true,"href":"https:\/\/fabijan.si\/de\/wp-json\/wp\/v2\/pages\/4576382"}],"wp:attachment":[{"href":"https:\/\/fabijan.si\/de\/wp-json\/wp\/v2\/media?parent=4576385"}],"curies":[{"name":"wp","href":"https:\/\/api.w.org\/{rel}","templated":true}]}}