{"id":4576388,"date":"2026-02-03T15:08:04","date_gmt":"2026-02-03T14:08:04","guid":{"rendered":"https:\/\/fabijan.si\/weinbau\/weinbaumaschinen\/geblasespritze\/dragone-nachlaufspruhgerat\/"},"modified":"2026-02-03T15:08:04","modified_gmt":"2026-02-03T14:08:04","slug":"dragone-nachlaufspruhgerat","status":"publish","type":"page","link":"https:\/\/fabijan.si\/de\/weinbau\/weinbaumaschinen\/geblasespritze\/dragone-nachlaufspruhgerat\/","title":{"rendered":"dragone-nachlaufspruhgerat"},"content":{"rendered":"<p><!-- product id: 465 --><\/p>\n<div class=\"mygallery\">\n<div class=\"breadcrumb-container\"><span><br \/>\n<a href=\"https:\/\/fabijan.si\/de\/\">Zuhause<\/a> | <a href=\"https:\/\/fabijan.si\/de\/weinbau\/\">Weinbau<\/a> | <a href=\"https:\/\/fabijan.si\/de\/weinbau\/weinbaumaschinen\/\">Weinbaumaschinen<\/a> | <a href=\"https:\/\/fabijan.si\/de\/weinbau\/weinbaumaschinen\/geblasespritze\/\">Gebl\u00e4sespritze<\/a><\/span>\n<\/div>\n<div class=\"category-title\" style=\"display: flex; justify-content: center;\">\n<h2>DRAGONE Nachlaufspr\u00fchger\u00e4t<\/h2>\n<\/div>\n<div class=\"row\">\n<div class=\"col-sm-3 galleryitem\">\n<div class=\"one-item\">\n  <!-- order:229 --><br \/>\n      <a href=\".\/athos-t-serie\"><img decoding=\"async\"\n        src=\"https:\/\/fabijan.si\/wp-content\/uploads\/site-content\/00024880.jpg\"\n        srcset=\"          https:\/\/fabijan.si\/wp-content\/uploads\/site-content\/00024880.jpg  300w,\n         https:\/\/fabijan.si\/wp-content\/uploads\/site-content\/00024880.jpg   150w\n        \"\n      \/><\/a><\/p>\n<h4>ATHOS T Serie<\/h4>\n<\/p><\/div>\n<\/p><\/div>\n<div class=\"col-sm-3 galleryitem\">\n<div class=\"one-item\">\n  <!-- order:230 --><br \/>\n      <a href=\".\/k1-serie\"><img decoding=\"async\"\n        src=\"https:\/\/fabijan.si\/wp-content\/uploads\/site-content\/prsilnik-dragone-vlecen-k1.jpg\"\n        srcset=\"          https:\/\/fabijan.si\/wp-content\/uploads\/site-content\/prsilnik-dragone-vlecen-k1.jpg  300w,\n         https:\/\/fabijan.si\/wp-content\/uploads\/site-content\/prsilnik-dragone-vlecen-k1.jpg   150w\n        \"\n      \/><\/a><\/p>\n<h4>K1 Serie<\/h4>\n<\/p><\/div>\n<\/p><\/div>\n<div class=\"col-sm-3 galleryitem\">\n<div class=\"one-item\">\n  <!-- order:231 --><br \/>\n      <a href=\".\/k2-serie\"><img decoding=\"async\"\n        src=\"https:\/\/fabijan.si\/wp-content\/uploads\/site-content\/00024884.jpg\"\n        srcset=\"          https:\/\/fabijan.si\/wp-content\/uploads\/site-content\/00024884.jpg  300w,\n         https:\/\/fabijan.si\/wp-content\/uploads\/site-content\/00024884.jpg   150w\n        \"\n      \/><\/a><\/p>\n<h4>K2 Serie<\/h4>\n<\/p><\/div>\n<\/p><\/div>\n<\/div>\n<\/div>\n","protected":false},"excerpt":{"rendered":"<p>Zuhause | Weinbau | Weinbaumaschinen | Gebl\u00e4sespritze DRAGONE Nachlaufspr\u00fchger\u00e4t ATHOS T Serie K1 Serie K2 Serie<\/p>\n","protected":false},"author":1,"featured_media":0,"parent":4576382,"menu_order":0,"comment_status":"closed","ping_status":"closed","template":"elementor_theme","meta":{"footnotes":""},"class_list":["post-4576388","page","type-page","status-publish","hentry"],"_links":{"self":[{"href":"https:\/\/fabijan.si\/de\/wp-json\/wp\/v2\/pages\/4576388","targetHints":{"allow":["GET"]}}],"collection":[{"href":"https:\/\/fabijan.si\/de\/wp-json\/wp\/v2\/pages"}],"about":[{"href":"https:\/\/fabijan.si\/de\/wp-json\/wp\/v2\/types\/page"}],"author":[{"embeddable":true,"href":"https:\/\/fabijan.si\/de\/wp-json\/wp\/v2\/users\/1"}],"replies":[{"embeddable":true,"href":"https:\/\/fabijan.si\/de\/wp-json\/wp\/v2\/comments?post=4576388"}],"version-history":[{"count":0,"href":"https:\/\/fabijan.si\/de\/wp-json\/wp\/v2\/pages\/4576388\/revisions"}],"up":[{"embeddable":true,"href":"https:\/\/fabijan.si\/de\/wp-json\/wp\/v2\/pages\/4576382"}],"wp:attachment":[{"href":"https:\/\/fabijan.si\/de\/wp-json\/wp\/v2\/media?parent=4576388"}],"curies":[{"name":"wp","href":"https:\/\/api.w.org\/{rel}","templated":true}]}}