{"id":4576451,"date":"2026-02-03T15:08:23","date_gmt":"2026-02-03T14:08:23","guid":{"rendered":"https:\/\/fabijan.si\/weinbau\/weinbergpflanzung\/rebschutz\/witaeconom-typ-60-2-8-grun-fabijan\/"},"modified":"2026-02-03T15:08:23","modified_gmt":"2026-02-03T14:08:23","slug":"witaeconom-typ-60-2-8-grun-fabijan","status":"publish","type":"page","link":"https:\/\/fabijan.si\/de\/weinbau\/weinbergpflanzung\/rebschutz\/witaeconom-typ-60-2-8-grun-fabijan\/","title":{"rendered":"witaeconom-typ-60-2-8-grun-fabijan"},"content":{"rendered":"\n<div class=\"container\">\n<div class=\"breadcrumb-container\"><span><br \/>\n<a href=\"https:\/\/fabijan.si\/de\/\">Zuhause<\/a> | <a href=\"https:\/\/fabijan.si\/de\/weinbau\/\">Weinbau<\/a> | <a href=\"https:\/\/fabijan.si\/de\/weinbau\/weinbergpflanzung\/\">Weinbergpflanzung<\/a> | <a href=\"https:\/\/fabijan.si\/de\/weinbau\/weinbergpflanzung\/rebschutz\/\">Rebschutz<\/a><\/span>\n<\/div>\n<div class=\"row\">\n<div class=\"col-6\">\n<div id=\"carouselExampleControls\" class=\"carousel slide carousel-container\" data-interval=\"false\">\n<div class=\"carousel-inner\">\n<div class=\"carousel-item active\">   <img decoding=\"async\" src=\"https:\/\/fabijan.si\/wp-content\/uploads\/site-content\/00059117.jpg\" class=\"d-block w-100\" alt=\"...\"><\/div>\n<div class=\"carousel-item \">   <img decoding=\"async\" src=\"https:\/\/fabijan.si\/wp-content\/uploads\/site-content\/00059117_1.jpg\" class=\"d-block w-100\" alt=\"...\"><\/div>\n<div class=\"carousel-item \">   <img decoding=\"async\" src=\"https:\/\/fabijan.si\/wp-content\/uploads\/site-content\/00004058_1.jpg\" class=\"d-block w-100\" alt=\"...\"><\/div>\n<div class=\"carousel-item \">   <img decoding=\"async\" src=\"https:\/\/fabijan.si\/wp-content\/uploads\/site-content\/slika-varovalni-tulec-witaeconom-zelen.jpg\" class=\"d-block w-100\" alt=\"...\"><\/div>\n<\/p><\/div>\n<p>              <button class=\"carousel-control-prev\" type=\"button\" data-bs-target=\"#carouselExampleControls\" data-bs-slide=\"prev\"><br \/>\n                <span class=\"carousel-control-prev-icon\" aria-hidden=\"true\"><\/span><br \/>\n              <\/button><br \/>\n              <button class=\"carousel-control-next\" type=\"button\" data-bs-target=\"#carouselExampleControls\" data-bs-slide=\"next\"><br \/>\n                <span class=\"carousel-control-next-icon\" aria-hidden=\"true\"><\/span><br \/>\n              <\/button>\n            <\/div>\n<\/p><\/div>\n<div class=\"col-6 slo-name\">\n            WitaEconom Typ 60\/2.8\/gr\u00fcn FABIJAN<\/p>\n<div class=\"brand\">* Gro\u00dfer Wuchsraum (viereckig, Seitenl\u00e4nge ca. 8x8cm)<br \/>\n* Die S\u00e4ule l\u00e4sst sich \u00f6ffnen und wieder verschlie\u00dfen.<br \/>\n* Beste Lichtdurchl\u00e4ssigkeit f\u00fcr gesunde und wuchskr\u00e4ftige Pflanzen.<br \/>\n* Schutz vor Wildsch\u00e4den.<br \/>\n* Schutz bei mechanischer Unkrautbek\u00e4mpfung und vor chemischen Einfl\u00fcssen (Herbizideinsatz).<br \/>\n* Kein Durchwachsen von Trieben, dadurch weniger Schnitt- und Bindearbeit<br \/>\n* Farbe: gr\u00fcn<br \/>\n* H\u00f6he: 60 cm<\/div>\n<p>\t\t\t<!-- \n\n<div class=\"price-container\">\n                \n\n<p class=\"price\">###PRICE###<\/p>\n\n --><br \/>\n                <!-- <button type=\"button\" class=\"btn btn-config btn-lg\">Pojdi na konfigurator<\/button> -->\n            <\/div>\n<\/p><\/div>\n<div class=\"menu\">\n<div class=\"btn-group d-flex justify-content-center\" id=\"menu-buttons\">\n              <button type=\"button\" onClick = \"showSpecs()\" class=\"btn menu-button menu-title active\">SPEZIFIKATIONEN<\/button><br \/>\n              <button type=\"button\" onClick = \"showDescription()\" class=\"btn menu-button menu-title\">BESCHREIBUNG<\/button><br \/>\n              <button type=\"button\" onClick = \"showMaterial()\" class=\"btn menu-button menu-title\">MATERIAL<\/button>\n            <\/div>\n<div id=\"specs\">\n<ul class=\"list-group\">\n                * Gro\u00dfer Wuchsraum (viereckig, Seitenl\u00e4nge ca. 8x8cm)<br \/>\n* Die S\u00e4ule l\u00e4sst sich \u00f6ffnen und wieder verschlie\u00dfen.<br \/>\n* Beste Lichtdurchl\u00e4ssigkeit f\u00fcr gesunde und wuchskr\u00e4ftige Pflanzen.<br \/>\n* Schutz vor Wildsch\u00e4den.<br \/>\n* Schutz bei mechanischer Unkrautbek\u00e4mpfung und vor chemischen Einfl\u00fcssen (Herbizideinsatz).<br \/>\n* Kein Durchwachsen von Trieben, dadurch weniger Schnitt- und Bindearbeit<br \/>\n* Farbe: gr\u00fcn<br \/>\n* H\u00f6he: 60 cm\n              <\/ul>\n<\/p><\/div>\n<div id=\"description\"><\/div>\n<div id=\"material\"><\/div>\n<\/p><\/div>\n<\/p><\/div>\n<\/p><\/div>\n","protected":false},"excerpt":{"rendered":"<p>Zuhause | Weinbau | Weinbergpflanzung | Rebschutz WitaEconom Typ 60\/2.8\/gr\u00fcn FABIJAN * Gro\u00dfer Wuchsraum (viereckig, Seitenl\u00e4nge ca. 8x8cm) * Die S\u00e4ule l\u00e4sst sich \u00f6ffnen und wieder verschlie\u00dfen. * Beste Lichtdurchl\u00e4ssigkeit f\u00fcr gesunde und wuchskr\u00e4ftige Pflanzen. * Schutz vor Wildsch\u00e4den. * Schutz bei mechanischer Unkrautbek\u00e4mpfung und vor chemischen Einfl\u00fcssen (Herbizideinsatz). * Kein Durchwachsen von Trieben, dadurch [&hellip;]<\/p>\n","protected":false},"author":1,"featured_media":0,"parent":4576448,"menu_order":0,"comment_status":"closed","ping_status":"closed","template":"elementor_theme","meta":{"footnotes":""},"class_list":["post-4576451","page","type-page","status-publish","hentry"],"_links":{"self":[{"href":"https:\/\/fabijan.si\/de\/wp-json\/wp\/v2\/pages\/4576451","targetHints":{"allow":["GET"]}}],"collection":[{"href":"https:\/\/fabijan.si\/de\/wp-json\/wp\/v2\/pages"}],"about":[{"href":"https:\/\/fabijan.si\/de\/wp-json\/wp\/v2\/types\/page"}],"author":[{"embeddable":true,"href":"https:\/\/fabijan.si\/de\/wp-json\/wp\/v2\/users\/1"}],"replies":[{"embeddable":true,"href":"https:\/\/fabijan.si\/de\/wp-json\/wp\/v2\/comments?post=4576451"}],"version-history":[{"count":0,"href":"https:\/\/fabijan.si\/de\/wp-json\/wp\/v2\/pages\/4576451\/revisions"}],"up":[{"embeddable":true,"href":"https:\/\/fabijan.si\/de\/wp-json\/wp\/v2\/pages\/4576448"}],"wp:attachment":[{"href":"https:\/\/fabijan.si\/de\/wp-json\/wp\/v2\/media?parent=4576451"}],"curies":[{"name":"wp","href":"https:\/\/api.w.org\/{rel}","templated":true}]}}