{"id":4576514,"date":"2026-02-03T15:12:36","date_gmt":"2026-02-03T14:12:36","guid":{"rendered":"https:\/\/fabijan.si\/weinbau\/weinbergpflanzung\/gripple\/werkzeug\/zange-gripple-traktion-xl\/"},"modified":"2026-02-03T15:12:36","modified_gmt":"2026-02-03T14:12:36","slug":"zange-gripple-traktion-xl","status":"publish","type":"page","link":"https:\/\/fabijan.si\/de\/weinbau\/weinbergpflanzung\/gripple\/werkzeug\/zange-gripple-traktion-xl\/","title":{"rendered":"zange-gripple-traktion-xl"},"content":{"rendered":"\n<div class=\"container\">\n<div class=\"breadcrumb-container\"><span><br \/>\n<a href=\"https:\/\/fabijan.si\/de\/\">Zuhause<\/a> | <a href=\"https:\/\/fabijan.si\/de\/weinbau\/\">Weinbau<\/a> | <a href=\"https:\/\/fabijan.si\/de\/weinbau\/weinbergpflanzung\/\">Weinbergpflanzung<\/a> | <a href=\"https:\/\/fabijan.si\/de\/weinbau\/weinbergpflanzung\/gripple\/\">GRIPPLE<\/a> | <a href=\"https:\/\/fabijan.si\/de\/weinbau\/weinbergpflanzung\/gripple\/werkzeug\/\">Werkzeug<\/a><\/span>\n<\/div>\n<div class=\"row\">\n<div class=\"col-6\">\n<div id=\"carouselExampleControls\" class=\"carousel slide carousel-container\" data-interval=\"false\">\n<div class=\"carousel-inner\">\n<div class=\"carousel-item active\">   <img decoding=\"async\" src=\"https:\/\/fabijan.si\/wp-content\/uploads\/site-content\/gripple-vlecne-klesce.jpg\" class=\"d-block w-100\" alt=\"...\"><\/div>\n<\/p><\/div>\n<p>              <button class=\"carousel-control-prev\" type=\"button\" data-bs-target=\"#carouselExampleControls\" data-bs-slide=\"prev\"><br \/>\n                <span class=\"carousel-control-prev-icon\" aria-hidden=\"true\"><\/span><br \/>\n              <\/button><br \/>\n              <button class=\"carousel-control-next\" type=\"button\" data-bs-target=\"#carouselExampleControls\" data-bs-slide=\"next\"><br \/>\n                <span class=\"carousel-control-next-icon\" aria-hidden=\"true\"><\/span><br \/>\n              <\/button>\n            <\/div>\n<\/p><\/div>\n<div class=\"col-6 slo-name\">\n            Zange GRIPPLE Traktion XL<\/p>\n<div class=\"brand\">* Sie verwendeten, bevor die Dr\u00e4hte mit Gurtstraffern Anziehen<br \/>\n* Jeder Draht kann leicht angezogen werden<br \/>\n* Lang, weich geformte Griffe Traktion Zange f\u00fcr diereffiziente Nutzung<br \/>\n* Entsprechende Spanndr\u00e4hte mit einem Durchmesser bis 8,00 mm<\/div>\n<p>\t\t\t<!-- \n\n<div class=\"price-container\">\n                \n\n<p class=\"price\">###PRICE###<\/p>\n\n --><br \/>\n                <!-- <button type=\"button\" class=\"btn btn-config btn-lg\">Pojdi na konfigurator<\/button> -->\n            <\/div>\n<\/p><\/div>\n<div class=\"menu\">\n<div class=\"btn-group d-flex justify-content-center\" id=\"menu-buttons\">\n              <button type=\"button\" onClick = \"showSpecs()\" class=\"btn menu-button menu-title active\">SPEZIFIKATIONEN<\/button><br \/>\n              <button type=\"button\" onClick = \"showDescription()\" class=\"btn menu-button menu-title\">BESCHREIBUNG<\/button><br \/>\n              <button type=\"button\" onClick = \"showMaterial()\" class=\"btn menu-button menu-title\">MATERIAL<\/button>\n            <\/div>\n<div id=\"specs\">\n<ul class=\"list-group\">\n                * Sie verwendeten, bevor die Dr\u00e4hte mit Gurtstraffern Anziehen<br \/>\n* Jeder Draht kann leicht angezogen werden<br \/>\n* Lang, weich geformte Griffe Traktion Zange f\u00fcr diereffiziente Nutzung<br \/>\n* Entsprechende Spanndr\u00e4hte mit einem Durchmesser bis 8,00 mm\n              <\/ul>\n<\/p><\/div>\n<div id=\"description\"><\/div>\n<div id=\"material\">\n<div class=\"one-item\"><button onclick=\"window.open('https:\/\/fabijan.si\/wp-content\/uploads\/site-content\/leaflet-resitve-za-sadovnjake.pdf')\" type=\"button\">Katalog herunterladen<\/button><\/div>\n<div class=\"one-item\"><button onclick=\"window.open('https:\/\/fabijan.si\/wp-content\/uploads\/site-content\/leaflet-resitve-za-vinograde.pdf')\" type=\"button\">Katalog herunterladen<\/button><\/div>\n<div class=\"one-item\"><button onclick=\"window.open('https:\/\/fabijan.si\/wp-content\/uploads\/site-content\/gripple-katalog-2024.pdf')\" type=\"button\">Katalog herunterladen<\/button><\/div>\n<\/p><\/div>\n<\/p><\/div>\n<\/p><\/div>\n<\/p><\/div>\n","protected":false},"excerpt":{"rendered":"<p>Zuhause | Weinbau | Weinbergpflanzung | GRIPPLE | Werkzeug Zange GRIPPLE Traktion XL * Sie verwendeten, bevor die Dr\u00e4hte mit Gurtstraffern Anziehen * Jeder Draht kann leicht angezogen werden * Lang, weich geformte Griffe Traktion Zange f\u00fcr diereffiziente Nutzung * Entsprechende Spanndr\u00e4hte mit einem Durchmesser bis 8,00 mm SPEZIFIKATIONEN BESCHREIBUNG MATERIAL * Sie verwendeten, bevor [&hellip;]<\/p>\n","protected":false},"author":1,"featured_media":0,"parent":4576508,"menu_order":0,"comment_status":"closed","ping_status":"closed","template":"elementor_theme","meta":{"footnotes":""},"class_list":["post-4576514","page","type-page","status-publish","hentry"],"_links":{"self":[{"href":"https:\/\/fabijan.si\/de\/wp-json\/wp\/v2\/pages\/4576514","targetHints":{"allow":["GET"]}}],"collection":[{"href":"https:\/\/fabijan.si\/de\/wp-json\/wp\/v2\/pages"}],"about":[{"href":"https:\/\/fabijan.si\/de\/wp-json\/wp\/v2\/types\/page"}],"author":[{"embeddable":true,"href":"https:\/\/fabijan.si\/de\/wp-json\/wp\/v2\/users\/1"}],"replies":[{"embeddable":true,"href":"https:\/\/fabijan.si\/de\/wp-json\/wp\/v2\/comments?post=4576514"}],"version-history":[{"count":0,"href":"https:\/\/fabijan.si\/de\/wp-json\/wp\/v2\/pages\/4576514\/revisions"}],"up":[{"embeddable":true,"href":"https:\/\/fabijan.si\/de\/wp-json\/wp\/v2\/pages\/4576508"}],"wp:attachment":[{"href":"https:\/\/fabijan.si\/de\/wp-json\/wp\/v2\/media?parent=4576514"}],"curies":[{"name":"wp","href":"https:\/\/api.w.org\/{rel}","templated":true}]}}