{"id":4576547,"date":"2026-02-03T15:13:08","date_gmt":"2026-02-03T14:13:08","guid":{"rendered":"https:\/\/fabijan.si\/weinbau\/weinbergpflanzung\/gripple\/kit-ankerseil\/gripple-anker-apak-plus-w-nr-3\/"},"modified":"2026-02-03T15:13:08","modified_gmt":"2026-02-03T14:13:08","slug":"gripple-anker-apak-plus-w-nr-3","status":"publish","type":"page","link":"https:\/\/fabijan.si\/de\/weinbau\/weinbergpflanzung\/gripple\/kit-ankerseil\/gripple-anker-apak-plus-w-nr-3\/","title":{"rendered":"gripple-anker-apak-plus-w-nr-3"},"content":{"rendered":"\n<div class=\"container\">\n<div class=\"breadcrumb-container\"><span><br \/>\n<a href=\"https:\/\/fabijan.si\/de\/\">Zuhause<\/a> | <a href=\"https:\/\/fabijan.si\/de\/weinbau\/\">Weinbau<\/a> | <a href=\"https:\/\/fabijan.si\/de\/weinbau\/weinbergpflanzung\/\">Weinbergpflanzung<\/a> | <a href=\"https:\/\/fabijan.si\/de\/weinbau\/weinbergpflanzung\/gripple\/\">GRIPPLE<\/a> | <a href=\"https:\/\/fabijan.si\/de\/weinbau\/weinbergpflanzung\/gripple\/kit-ankerseil\/\">KIT Ankerseil<\/a><\/span>\n<\/div>\n<div class=\"row\">\n<div class=\"col-6\">\n<div id=\"carouselExampleControls\" class=\"carousel slide carousel-container\" data-interval=\"false\">\n<div class=\"carousel-inner\">\n<div class=\"carousel-item active\"><iframe class=\"ytlnk\" src=\"https:\/\/www.youtube.com\/embed\/UJyCkCtws4Y\" title=\"YouTube video player\" frameborder=\"0\" allow=\"accelerometer; autoplay; clipboard-write; encrypted-media; gyroscope; picture-in-picture\" allowfullscreen><\/iframe><\/div>\n<div class=\"carousel-item \">   <img decoding=\"async\" src=\"https:\/\/fabijan.si\/wp-content\/uploads\/site-content\/00021068.jpg\" class=\"d-block w-100\" alt=\"...\"><\/div>\n<\/p><\/div>\n<p>              <button class=\"carousel-control-prev\" type=\"button\" data-bs-target=\"#carouselExampleControls\" data-bs-slide=\"prev\"><br \/>\n                <span class=\"carousel-control-prev-icon\" aria-hidden=\"true\"><\/span><br \/>\n              <\/button><br \/>\n              <button class=\"carousel-control-next\" type=\"button\" data-bs-target=\"#carouselExampleControls\" data-bs-slide=\"next\"><br \/>\n                <span class=\"carousel-control-next-icon\" aria-hidden=\"true\"><\/span><br \/>\n              <\/button>\n            <\/div>\n<\/p><\/div>\n<div class=\"col-6 slo-name\">\n            GRIPPLE Anker APAK Plus W Nr. 3<\/p>\n<div class=\"brand\">Das Set zur Verankerung von Holz- und Betons\u00e4ulen enth\u00e4lt:<br \/>\n* Anker APEX 3 + Seil 0,9 m<br \/>\n* GPAK Plus W Nr. 3 (1 x GP Medium + 1 x Stahlseil 3 mm, L\u00e4nge 4,5 m)<br \/>\n* Zeit sparen<br \/>\n* lange Lebensdauer<\/div>\n<p>\t\t\t<!-- \n\n<div class=\"price-container\">\n                \n\n<p class=\"price\">###PRICE###<\/p>\n\n --><br \/>\n                <!-- <button type=\"button\" class=\"btn btn-config btn-lg\">Pojdi na konfigurator<\/button> -->\n            <\/div>\n<\/p><\/div>\n<div class=\"menu\">\n<div class=\"btn-group d-flex justify-content-center\" id=\"menu-buttons\">\n              <button type=\"button\" onClick = \"showSpecs()\" class=\"btn menu-button menu-title active\">SPEZIFIKATIONEN<\/button><br \/>\n              <button type=\"button\" onClick = \"showDescription()\" class=\"btn menu-button menu-title\">BESCHREIBUNG<\/button><br \/>\n              <button type=\"button\" onClick = \"showMaterial()\" class=\"btn menu-button menu-title\">MATERIAL<\/button>\n            <\/div>\n<div id=\"specs\">\n<ul class=\"list-group\">\n                Das Set zur Verankerung von Holz- und Betons\u00e4ulen enth\u00e4lt:<br \/>\n* Anker APEX 3 + Seil 0,9 m<br \/>\n* GPAK Plus W Nr. 3 (1 x GP Medium + 1 x Stahlseil 3 mm, L\u00e4nge 4,5 m)<br \/>\n* Zeit sparen<br \/>\n* lange Lebensdauer\n              <\/ul>\n<\/p><\/div>\n<div id=\"description\"><\/div>\n<div id=\"material\">\n<div class=\"one-item\"><button onclick=\"window.open('https:\/\/fabijan.si\/wp-content\/uploads\/site-content\/leaflet-resitve-za-sadovnjake.pdf')\" type=\"button\">Katalog herunterladen<\/button><\/div>\n<div class=\"one-item\"><button onclick=\"window.open('https:\/\/fabijan.si\/wp-content\/uploads\/site-content\/leaflet-resitve-za-vinograde.pdf')\" type=\"button\">Katalog herunterladen<\/button><\/div>\n<\/p><\/div>\n<\/p><\/div>\n<\/p><\/div>\n<\/p><\/div>\n","protected":false},"excerpt":{"rendered":"<p>Zuhause | Weinbau | Weinbergpflanzung | GRIPPLE | KIT Ankerseil GRIPPLE Anker APAK Plus W Nr. 3 Das Set zur Verankerung von Holz- und Betons\u00e4ulen enth\u00e4lt: * Anker APEX 3 + Seil 0,9 m * GPAK Plus W Nr. 3 (1 x GP Medium + 1 x Stahlseil 3 mm, L\u00e4nge 4,5 m) * Zeit [&hellip;]<\/p>\n","protected":false},"author":1,"featured_media":0,"parent":4576544,"menu_order":0,"comment_status":"closed","ping_status":"closed","template":"elementor_theme","meta":{"footnotes":""},"class_list":["post-4576547","page","type-page","status-publish","hentry"],"_links":{"self":[{"href":"https:\/\/fabijan.si\/de\/wp-json\/wp\/v2\/pages\/4576547","targetHints":{"allow":["GET"]}}],"collection":[{"href":"https:\/\/fabijan.si\/de\/wp-json\/wp\/v2\/pages"}],"about":[{"href":"https:\/\/fabijan.si\/de\/wp-json\/wp\/v2\/types\/page"}],"author":[{"embeddable":true,"href":"https:\/\/fabijan.si\/de\/wp-json\/wp\/v2\/users\/1"}],"replies":[{"embeddable":true,"href":"https:\/\/fabijan.si\/de\/wp-json\/wp\/v2\/comments?post=4576547"}],"version-history":[{"count":0,"href":"https:\/\/fabijan.si\/de\/wp-json\/wp\/v2\/pages\/4576547\/revisions"}],"up":[{"embeddable":true,"href":"https:\/\/fabijan.si\/de\/wp-json\/wp\/v2\/pages\/4576544"}],"wp:attachment":[{"href":"https:\/\/fabijan.si\/de\/wp-json\/wp\/v2\/media?parent=4576547"}],"curies":[{"name":"wp","href":"https:\/\/api.w.org\/{rel}","templated":true}]}}