{"id":4576646,"date":"2026-02-03T15:14:02","date_gmt":"2026-02-03T14:14:02","guid":{"rendered":"https:\/\/fabijan.si\/weinbau\/weinbaumaschinen\/entlauber\/entlauber-eb-490\/"},"modified":"2026-02-03T15:14:02","modified_gmt":"2026-02-03T14:14:02","slug":"entlauber-eb-490","status":"publish","type":"page","link":"https:\/\/fabijan.si\/de\/weinbau\/weinbaumaschinen\/entlauber\/entlauber-eb-490\/","title":{"rendered":"entlauber-eb-490"},"content":{"rendered":"\n<div class=\"container\">\n<div class=\"breadcrumb-container\"><span><br \/>\n<a href=\"https:\/\/fabijan.si\/de\/\">Zuhause<\/a> | <a href=\"https:\/\/fabijan.si\/de\/weinbau\/\">Weinbau<\/a> | <a href=\"https:\/\/fabijan.si\/de\/weinbau\/weinbaumaschinen\/\">Weinbaumaschinen<\/a> | <a href=\"https:\/\/fabijan.si\/de\/weinbau\/weinbaumaschinen\/entlauber\/\">Entlauber<\/a><\/span>\n<\/div>\n<div class=\"row\">\n<div class=\"col-6\">\n<div id=\"carouselExampleControls\" class=\"carousel slide carousel-container\" data-interval=\"false\">\n<div class=\"carousel-inner\">\n<div class=\"carousel-item active\"><iframe class=\"ytlnk\" src=\"https:\/\/www.youtube.com\/embed\/OjENZTy-5go\" title=\"YouTube video player\" frameborder=\"0\" allow=\"accelerometer; autoplay; clipboard-write; encrypted-media; gyroscope; picture-in-picture\" allowfullscreen><\/iframe><\/div>\n<div class=\"carousel-item \">   <img decoding=\"async\" src=\"https:\/\/fabijan.si\/wp-content\/uploads\/site-content\/binger-eb-490.jpg\" class=\"d-block w-100\" alt=\"...\"><\/div>\n<div class=\"carousel-item \">   <img decoding=\"async\" src=\"https:\/\/fabijan.si\/wp-content\/uploads\/site-content\/00052479_1.jpg\" class=\"d-block w-100\" alt=\"...\"><\/div>\n<div class=\"carousel-item \">   <img decoding=\"async\" src=\"https:\/\/fabijan.si\/wp-content\/uploads\/site-content\/00052479_2.jpg\" class=\"d-block w-100\" alt=\"...\"><\/div>\n<\/p><\/div>\n<p>              <button class=\"carousel-control-prev\" type=\"button\" data-bs-target=\"#carouselExampleControls\" data-bs-slide=\"prev\"><br \/>\n                <span class=\"carousel-control-prev-icon\" aria-hidden=\"true\"><\/span><br \/>\n              <\/button><br \/>\n              <button class=\"carousel-control-next\" type=\"button\" data-bs-target=\"#carouselExampleControls\" data-bs-slide=\"next\"><br \/>\n                <span class=\"carousel-control-next-icon\" aria-hidden=\"true\"><\/span><br \/>\n              <\/button>\n            <\/div>\n<\/p><\/div>\n<div class=\"col-6 slo-name\">\n            Entlauber EB 490<\/p>\n<div class=\"brand\">EB 490 Professional<br \/>\nEntlaubungsh\u00f6he: 490 mm<\/div>\n<p>\t\t\t<!-- \n\n<div class=\"price-container\">\n                \n\n<p class=\"price\">###PRICE###<\/p>\n\n --><br \/>\n                <!-- <button type=\"button\" class=\"btn btn-config btn-lg\">Pojdi na konfigurator<\/button> -->\n            <\/div>\n<\/p><\/div>\n<div class=\"menu\">\n<div class=\"btn-group d-flex justify-content-center\" id=\"menu-buttons\">\n              <button type=\"button\" onClick = \"showSpecs()\" class=\"btn menu-button menu-title active\">SPEZIFIKATIONEN<\/button><br \/>\n              <button type=\"button\" onClick = \"showDescription()\" class=\"btn menu-button menu-title\">BESCHREIBUNG<\/button><br \/>\n              <button type=\"button\" onClick = \"showMaterial()\" class=\"btn menu-button menu-title\">MATERIAL<\/button>\n            <\/div>\n<div id=\"specs\">\n<ul class=\"list-group\">\n                EB 490 Professional<br \/>\nEntlaubungsh\u00f6he: 490 mm\n              <\/ul>\n<\/p><\/div>\n<div id=\"description\">\n              Der BINGER Entlauber EB 490 P ist<br \/>\ndie Weiterentwicklung des weltweit<br \/>\nerfolgreichsten Entlaubersystems.<br \/>\nZwei rotierende Walzen erfassen<br \/>\ndie von einem Sauggebl\u00e4se angezogenen<br \/>\nBl\u00e4tter und zupfen sie ab.<br \/>\nVerletzungen an den Gescheinen<br \/>\noder Trauben sind nahezu ausgeschlossen.<br \/>\nDies erm\u00f6glicht den Einsatz<br \/>\ndes Entlaubers von der Bl\u00fcte<br \/>\nbis zur Ernte. Der Kraftschluss zwischen<br \/>\nden Walzen garantiert einen<br \/>\nhohen Entlaubungsgrad auch bei<br \/>\nnasser Laubwand. Der patentgesch\u00fctzte<br \/>\nReinigungskamm sorgt<br \/>\ndaf\u00fcr, dass die Walzen nicht verstopfen.<\/p>\n<p>Als Erfinder des Zupfwalzensystems ist BINGER mit seinen Entlaubern weltweit<br \/>\nerfolgreich.<br \/>\nDank der gro\u00dfen Modellpalette und der Ausstattungsvielfalt, l\u00e4sst sich f\u00fcr jeden<br \/>\nWinzer und Einsatzzweck das passende Ger\u00e4t zusammenstellen.<br \/>\nDer EB490 Professional, das neue Modell des weltweit meistverkauften Entlaubungssystems,<br \/>\nbietet zahlreiche Vorteile:<br \/>\n\ufffd\ufffd Die h\u00f6here Luftleistung des Gebl\u00e4ses in Verbindung mit der<br \/>\noptimierten Zupfeinheit erm\u00f6glichen eine bessere Entlaubung<br \/>\nbei schnellerer Fahrt.<br \/>\n\ufffd\ufffd Hohe Wirtschaftlichkeit durch lange Reinigungsintervalle, minimalen<br \/>\nReinigungsaufwand und geringe Wartungskosten durch abschmierbare<br \/>\nLager.<br \/>\n\ufffd\ufffd Die robuste Konstruktion ist unempfindlich gegen Fremdk\u00f6rper.<br \/>\n\ufffd\ufffd Der nach vorne gerichtete Gebl\u00e4seauswurf verhindert<br \/>\ndas Verschmutzen des Traktors.<br \/>\n\ufffd\ufffd Die gerillte Kunststoffwalze verhindert das Herausrei\u00dfen von Trieben aus<br \/>\nder Laubwand &#8211; auch bei Einsatz direkt nach der Bl\u00fcte.<br \/>\n\ufffd\ufffd Drei verschiedene Abtastsysteme (mechanische Laubwandabtastung,<br \/>\nhydraulische Laubwandabtastung VITIcontour und Parallelogrammaufh\u00e4ngung)<br \/>\nerlauben die optimale Abstimmung des Entlaubers auf die<br \/>\njeweiligen Anlagen.\n            <\/p><\/div>\n<div id=\"material\">\n<div class=\"one-item\"><button onclick=\"window.open('https:\/\/fabijan.si\/wp-content\/uploads\/site-content\/binger_entlauber_eb490_professional_de.pdf')\" type=\"button\">Katalog herunterladen<\/button><\/div>\n<\/p><\/div>\n<\/p><\/div>\n<\/p><\/div>\n<\/p><\/div>\n","protected":false},"excerpt":{"rendered":"<p>Zuhause | Weinbau | Weinbaumaschinen | Entlauber Entlauber EB 490 EB 490 Professional Entlaubungsh\u00f6he: 490 mm SPEZIFIKATIONEN BESCHREIBUNG MATERIAL EB 490 Professional Entlaubungsh\u00f6he: 490 mm Der BINGER Entlauber EB 490 P ist die Weiterentwicklung des weltweit erfolgreichsten Entlaubersystems. Zwei rotierende Walzen erfassen die von einem Sauggebl\u00e4se angezogenen Bl\u00e4tter und zupfen sie ab. Verletzungen an den [&hellip;]<\/p>\n","protected":false},"author":1,"featured_media":0,"parent":4576643,"menu_order":0,"comment_status":"closed","ping_status":"closed","template":"elementor_theme","meta":{"footnotes":""},"class_list":["post-4576646","page","type-page","status-publish","hentry"],"_links":{"self":[{"href":"https:\/\/fabijan.si\/de\/wp-json\/wp\/v2\/pages\/4576646","targetHints":{"allow":["GET"]}}],"collection":[{"href":"https:\/\/fabijan.si\/de\/wp-json\/wp\/v2\/pages"}],"about":[{"href":"https:\/\/fabijan.si\/de\/wp-json\/wp\/v2\/types\/page"}],"author":[{"embeddable":true,"href":"https:\/\/fabijan.si\/de\/wp-json\/wp\/v2\/users\/1"}],"replies":[{"embeddable":true,"href":"https:\/\/fabijan.si\/de\/wp-json\/wp\/v2\/comments?post=4576646"}],"version-history":[{"count":0,"href":"https:\/\/fabijan.si\/de\/wp-json\/wp\/v2\/pages\/4576646\/revisions"}],"up":[{"embeddable":true,"href":"https:\/\/fabijan.si\/de\/wp-json\/wp\/v2\/pages\/4576643"}],"wp:attachment":[{"href":"https:\/\/fabijan.si\/de\/wp-json\/wp\/v2\/media?parent=4576646"}],"curies":[{"name":"wp","href":"https:\/\/api.w.org\/{rel}","templated":true}]}}