{"id":4576652,"date":"2026-02-03T15:14:04","date_gmt":"2026-02-03T14:14:04","guid":{"rendered":"https:\/\/fabijan.si\/weinbau\/weinbaumaschinen\/berzeilenstammburste\/dragone-berzeilenstammbursten\/"},"modified":"2026-02-03T15:14:04","modified_gmt":"2026-02-03T14:14:04","slug":"dragone-berzeilenstammbursten","status":"publish","type":"page","link":"https:\/\/fabijan.si\/de\/weinbau\/weinbaumaschinen\/berzeilenstammburste\/dragone-berzeilenstammbursten\/","title":{"rendered":"dragone-&Uuml;berzeilenstammb\u0170rsten"},"content":{"rendered":"<div class=\"breadcrumb-container\"><span><br \/>\n<a href=\"https:\/\/fabijan.si\/de\/\">Zuhause<\/a> | <a href=\"https:\/\/fabijan.si\/de\/weinbau\/\">Weinbau<\/a> | <a href=\"https:\/\/fabijan.si\/de\/weinbau\/weinbaumaschinen\/\">Weinbaumaschinen<\/a> | <a href=\"https:\/\/fabijan.si\/de\/weinbau\/weinbaumaschinen\/berzeilenstammburste\/\">\u00dcberzeilenstammb\u00fcrste<\/a><\/span>\n<\/div>\n<div class=\"category-title\" style=\"display: flex; justify-content: center;\">\n<h2>DRAGONE \u00dcBERZEILENSTAMMB\u0170RSTEN<\/h2>\n<\/div>\n<div class=\"mygallery\">\n<div class=\"row\">\n<div class=\"col-sm-3 galleryitem\">\n     <!-- order:1 --><\/p>\n<div class=\"one-item\">\n       <img decoding=\"async\" src=\"https:\/\/fabijan.si\/wp-content\/uploads\/site-content\/cr-16-enojni.jpg\" srcset=\" https:\/\/fabijan.si\/wp-content\/uploads\/site-content\/cr-16-enojni.jpg 300w, https:\/\/fabijan.si\/wp-content\/uploads\/site-content\/cr-16-enojni.jpg 150w \" \/><\/p>\n<h4><\/h4>\n<p>       <button onclick=\"window.location.href='pletvenik-dragone-cr-16-enojni-130-cm-3-tock-priklop-5-pomikov' \"type=\"button\">Weiterlesen<\/button>\n    <\/div>\n<\/p><\/div>\n<div class=\"col-sm-3 galleryitem\">\n     <!-- order:2 --><\/p>\n<div class=\"one-item\">\n       <img decoding=\"async\" src=\"https:\/\/fabijan.si\/wp-content\/uploads\/site-content\/cr-16-enojni.jpg\" srcset=\" https:\/\/fabijan.si\/wp-content\/uploads\/site-content\/cr-16-enojni.jpg 300w, https:\/\/fabijan.si\/wp-content\/uploads\/site-content\/cr-16-enojni.jpg 150w \" \/><\/p>\n<h4><\/h4>\n<p>       <button onclick=\"window.location.href='pletvenik-dragone-cr-16-enojni-130-cm-3-tock-priklop-4-pomiki' \"type=\"button\">Weiterlesen<\/button>\n    <\/div>\n<\/p><\/div>\n<div class=\"col-sm-3 galleryitem\">\n     <!-- order:3 --><\/p>\n<div class=\"one-item\">\n       <img decoding=\"async\" src=\"https:\/\/fabijan.si\/wp-content\/uploads\/site-content\/cr-16-dvojni.jpg\" srcset=\" https:\/\/fabijan.si\/wp-content\/uploads\/site-content\/cr-16-dvojni.jpg 300w, https:\/\/fabijan.si\/wp-content\/uploads\/site-content\/cr-16-dvojni.jpg 150w \" \/><\/p>\n<h4><\/h4>\n<p>       <button onclick=\"window.location.href='pletvenik-dragone-cr-16-dvojni-150-cm-3-tock-priklop-5-pomikov' \"type=\"button\">Weiterlesen<\/button>\n    <\/div>\n<\/p><\/div>\n<\/div>\n<\/div>\n","protected":false},"excerpt":{"rendered":"<p>Zuhause | Weinbau | Weinbaumaschinen | \u00dcberzeilenstammb\u00fcrste DRAGONE \u00dcBERZEILENSTAMMB\u0170RSTEN Weiterlesen Weiterlesen Weiterlesen<\/p>\n","protected":false},"author":1,"featured_media":0,"parent":4576367,"menu_order":0,"comment_status":"closed","ping_status":"closed","template":"elementor_theme","meta":{"footnotes":""},"class_list":["post-4576652","page","type-page","status-publish","hentry"],"_links":{"self":[{"href":"https:\/\/fabijan.si\/de\/wp-json\/wp\/v2\/pages\/4576652","targetHints":{"allow":["GET"]}}],"collection":[{"href":"https:\/\/fabijan.si\/de\/wp-json\/wp\/v2\/pages"}],"about":[{"href":"https:\/\/fabijan.si\/de\/wp-json\/wp\/v2\/types\/page"}],"author":[{"embeddable":true,"href":"https:\/\/fabijan.si\/de\/wp-json\/wp\/v2\/users\/1"}],"replies":[{"embeddable":true,"href":"https:\/\/fabijan.si\/de\/wp-json\/wp\/v2\/comments?post=4576652"}],"version-history":[{"count":0,"href":"https:\/\/fabijan.si\/de\/wp-json\/wp\/v2\/pages\/4576652\/revisions"}],"up":[{"embeddable":true,"href":"https:\/\/fabijan.si\/de\/wp-json\/wp\/v2\/pages\/4576367"}],"wp:attachment":[{"href":"https:\/\/fabijan.si\/de\/wp-json\/wp\/v2\/media?parent=4576652"}],"curies":[{"name":"wp","href":"https:\/\/api.w.org\/{rel}","templated":true}]}}