{"id":4576721,"date":"2026-02-03T15:14:32","date_gmt":"2026-02-03T14:14:32","guid":{"rendered":"https:\/\/fabijan.si\/weinbau\/weinbaumaschinen\/mulcher\/mulcher-dragone\/vl-serie\/mulcher-dragone-serie-vl-280-cm-hydraulisch\/"},"modified":"2026-02-03T15:14:32","modified_gmt":"2026-02-03T14:14:32","slug":"mulcher-dragone-serie-vl-280-cm-hydraulisch","status":"publish","type":"page","link":"https:\/\/fabijan.si\/de\/weinbau\/weinbaumaschinen\/mulcher\/mulcher-dragone\/vl-serie\/mulcher-dragone-serie-vl-280-cm-hydraulisch\/","title":{"rendered":"mulcher-dragone-serie-vl-280-cm-hydraulisch"},"content":{"rendered":"\n<div class=\"container\">\n<div class=\"breadcrumb-container\"><span><br \/>\n<a href=\"https:\/\/fabijan.si\/de\/\">Zuhause<\/a> | <a href=\"https:\/\/fabijan.si\/de\/weinbau\/\">Weinbau<\/a> | <a href=\"https:\/\/fabijan.si\/de\/weinbau\/weinbaumaschinen\/\">Weinbaumaschinen<\/a> | <a href=\"https:\/\/fabijan.si\/de\/weinbau\/weinbaumaschinen\/mulcher\/\">Mulcher<\/a> | <a href=\"https:\/\/fabijan.si\/de\/weinbau\/weinbaumaschinen\/mulcher\/mulcher-dragone\/\">Mulcher DRAGONE<\/a> | <a href=\"https:\/\/fabijan.si\/de\/weinbau\/weinbaumaschinen\/mulcher\/mulcher-dragone\/vl-serie\/\">VL Serie<\/a><\/span>\n<\/div>\n<div class=\"row\">\n<div class=\"col-6\">\n<div id=\"carouselExampleControls\" class=\"carousel slide carousel-container\" data-interval=\"false\">\n<div class=\"carousel-inner\">\n<div class=\"carousel-item active\">   <img decoding=\"async\" src=\"https:\/\/fabijan.si\/wp-content\/uploads\/site-content\/00025960_1.jpg\" class=\"d-block w-100\" alt=\"...\"><\/div>\n<div class=\"carousel-item \">   <img decoding=\"async\" src=\"https:\/\/fabijan.si\/wp-content\/uploads\/site-content\/00025960.jpg\" class=\"d-block w-100\" alt=\"...\"><\/div>\n<\/p><\/div>\n<p>              <button class=\"carousel-control-prev\" type=\"button\" data-bs-target=\"#carouselExampleControls\" data-bs-slide=\"prev\"><br \/>\n                <span class=\"carousel-control-prev-icon\" aria-hidden=\"true\"><\/span><br \/>\n              <\/button><br \/>\n              <button class=\"carousel-control-next\" type=\"button\" data-bs-target=\"#carouselExampleControls\" data-bs-slide=\"next\"><br \/>\n                <span class=\"carousel-control-next-icon\" aria-hidden=\"true\"><\/span><br \/>\n              <\/button>\n            <\/div>\n<\/p><\/div>\n<div class=\"col-6 slo-name\">\n            Mulcher DRAGONE Serie VL 280 cm, Hydraulisch<\/p>\n<div class=\"brand\">Standardausr\u00fcstung:<br \/>\nUnfallverh\u00fctungsschutz EG<br \/>\nHeck-Anbau<br \/>\nEinstellbare Laufwalze<br \/>\nFreilauf im \u00dcbersetzungsgetriebe<br \/>\nMesser oder Hammer<br \/>\nDoppelte Anschl\u00fcsse (feste Ausf\u00fchrung)<br \/>\nHammer-Messe-Kurzh\u00e4ckselschiene<br \/>\nFlache Seitenw\u00e4nde<\/div>\n<p>\t\t\t<!-- \n\n<div class=\"price-container\">\n                \n\n<p class=\"price\">###PRICE###<\/p>\n\n --><br \/>\n                <!-- <button type=\"button\" class=\"btn btn-config btn-lg\">Pojdi na konfigurator<\/button> -->\n            <\/div>\n<\/p><\/div>\n<div class=\"menu\">\n<div class=\"btn-group d-flex justify-content-center\" id=\"menu-buttons\">\n              <button type=\"button\" onClick = \"showSpecs()\" class=\"btn menu-button menu-title active\">SPEZIFIKATIONEN<\/button><br \/>\n              <button type=\"button\" onClick = \"showDescription()\" class=\"btn menu-button menu-title\">BESCHREIBUNG<\/button><br \/>\n              <button type=\"button\" onClick = \"showMaterial()\" class=\"btn menu-button menu-title\">MATERIAL<\/button>\n            <\/div>\n<div id=\"specs\">\n<ul class=\"list-group\">\n                Standardausr\u00fcstung:<br \/>\nUnfallverh\u00fctungsschutz EG<br \/>\nHeck-Anbau<br \/>\nEinstellbare Laufwalze<br \/>\nFreilauf im \u00dcbersetzungsgetriebe<br \/>\nMesser oder Hammer<br \/>\nDoppelte Anschl\u00fcsse (feste Ausf\u00fchrung)<br \/>\nHammer-Messe-Kurzh\u00e4ckselschiene<br \/>\nFlache Seitenw\u00e4nde\n              <\/ul>\n<\/p><\/div>\n<div id=\"description\">\n              Gebrauch-Gras, Stroh, Mais Sto\u00dfdegen<br \/>\nBesonderheit- Maschine geeignet zu arbeiten auf sehr hoch Gras<br \/>\nund \u00e4hnlich Produkte f\u00fcr Traktoren bis 40 zu 80 PS\n            <\/div>\n<div id=\"material\">\n<div class=\"one-item\"><button onclick=\"window.open('https:\/\/fabijan.si\/wp-content\/uploads\/site-content\/dragone-vl.pdf')\" type=\"button\">Katalog herunterladen<\/button><\/div>\n<\/p><\/div>\n<\/p><\/div>\n<\/p><\/div>\n<\/p><\/div>\n","protected":false},"excerpt":{"rendered":"<p>Zuhause | Weinbau | Weinbaumaschinen | Mulcher | Mulcher DRAGONE | VL Serie Mulcher DRAGONE Serie VL 280 cm, Hydraulisch Standardausr\u00fcstung: Unfallverh\u00fctungsschutz EG Heck-Anbau Einstellbare Laufwalze Freilauf im \u00dcbersetzungsgetriebe Messer oder Hammer Doppelte Anschl\u00fcsse (feste Ausf\u00fchrung) Hammer-Messe-Kurzh\u00e4ckselschiene Flache Seitenw\u00e4nde SPEZIFIKATIONEN BESCHREIBUNG MATERIAL Standardausr\u00fcstung: Unfallverh\u00fctungsschutz EG Heck-Anbau Einstellbare Laufwalze Freilauf im \u00dcbersetzungsgetriebe Messer oder Hammer Doppelte [&hellip;]<\/p>\n","protected":false},"author":1,"featured_media":0,"parent":4576697,"menu_order":0,"comment_status":"closed","ping_status":"closed","template":"elementor_theme","meta":{"footnotes":""},"class_list":["post-4576721","page","type-page","status-publish","hentry"],"_links":{"self":[{"href":"https:\/\/fabijan.si\/de\/wp-json\/wp\/v2\/pages\/4576721","targetHints":{"allow":["GET"]}}],"collection":[{"href":"https:\/\/fabijan.si\/de\/wp-json\/wp\/v2\/pages"}],"about":[{"href":"https:\/\/fabijan.si\/de\/wp-json\/wp\/v2\/types\/page"}],"author":[{"embeddable":true,"href":"https:\/\/fabijan.si\/de\/wp-json\/wp\/v2\/users\/1"}],"replies":[{"embeddable":true,"href":"https:\/\/fabijan.si\/de\/wp-json\/wp\/v2\/comments?post=4576721"}],"version-history":[{"count":0,"href":"https:\/\/fabijan.si\/de\/wp-json\/wp\/v2\/pages\/4576721\/revisions"}],"up":[{"embeddable":true,"href":"https:\/\/fabijan.si\/de\/wp-json\/wp\/v2\/pages\/4576697"}],"wp:attachment":[{"href":"https:\/\/fabijan.si\/de\/wp-json\/wp\/v2\/media?parent=4576721"}],"curies":[{"name":"wp","href":"https:\/\/api.w.org\/{rel}","templated":true}]}}