{"id":4576727,"date":"2026-02-03T15:14:37","date_gmt":"2026-02-03T14:14:37","guid":{"rendered":"https:\/\/fabijan.si\/weinbau\/weinbaumaschinen\/mulcher\/mulcher-dragone\/road-serie\/mulcher-road-v-160\/"},"modified":"2026-02-03T15:14:37","modified_gmt":"2026-02-03T14:14:37","slug":"mulcher-road-v-160","status":"publish","type":"page","link":"https:\/\/fabijan.si\/de\/weinbau\/weinbaumaschinen\/mulcher\/mulcher-dragone\/road-serie\/mulcher-road-v-160\/","title":{"rendered":"mulcher-road-v-160"},"content":{"rendered":"\n<div class=\"container\">\n<div class=\"breadcrumb-container\"><span><br \/>\n<a href=\"https:\/\/fabijan.si\/de\/\">Zuhause<\/a> | <a href=\"https:\/\/fabijan.si\/de\/weinbau\/\">Weinbau<\/a> | <a href=\"https:\/\/fabijan.si\/de\/weinbau\/weinbaumaschinen\/\">Weinbaumaschinen<\/a> | <a href=\"https:\/\/fabijan.si\/de\/weinbau\/weinbaumaschinen\/mulcher\/\">Mulcher<\/a> | <a href=\"https:\/\/fabijan.si\/de\/weinbau\/weinbaumaschinen\/mulcher\/mulcher-dragone\/\">Mulcher DRAGONE<\/a> | <a href=\"https:\/\/fabijan.si\/de\/weinbau\/weinbaumaschinen\/mulcher\/mulcher-dragone\/road-serie\/\">ROAD Serie<\/a><\/span>\n<\/div>\n<div class=\"row\">\n<div class=\"col-6\">\n<div id=\"carouselExampleControls\" class=\"carousel slide carousel-container\" data-interval=\"false\">\n<div class=\"carousel-inner\">\n<div class=\"carousel-item active\">   <img decoding=\"async\" src=\"https:\/\/fabijan.si\/wp-content\/uploads\/site-content\/dragone-road.jpg\" class=\"d-block w-100\" alt=\"...\"><\/div>\n<\/p><\/div>\n<p>              <button class=\"carousel-control-prev\" type=\"button\" data-bs-target=\"#carouselExampleControls\" data-bs-slide=\"prev\"><br \/>\n                <span class=\"carousel-control-prev-icon\" aria-hidden=\"true\"><\/span><br \/>\n              <\/button><br \/>\n              <button class=\"carousel-control-next\" type=\"button\" data-bs-target=\"#carouselExampleControls\" data-bs-slide=\"next\"><br \/>\n                <span class=\"carousel-control-next-icon\" aria-hidden=\"true\"><\/span><br \/>\n              <\/button>\n            <\/div>\n<\/p><\/div>\n<div class=\"col-6 slo-name\">\n            Mulcher ROAD V 160<\/p>\n<div class=\"brand\">Verst\u00e4rkte Anbaukonstruktion f\u00fcr maximale Robustheit auch bei sehr weiter Auslage<br \/>\nDank durchgehender Rotorachse und DRAGONE-Spezialschlegeln, werden auch 100 mm dicke \u00c4ste problemlos verarbeitet<br \/>\nSehr gro\u00dfer Schwenkbereich bis 1750 mm<br \/>\nGro\u00dfe Neigungsverstellung von -65\u00b0 im Graben bis 90\u00b0 an Hecken<\/div>\n<p>\t\t\t<!-- \n\n<div class=\"price-container\">\n                \n\n<p class=\"price\">###PRICE###<\/p>\n\n --><br \/>\n                <!-- <button type=\"button\" class=\"btn btn-config btn-lg\">Pojdi na konfigurator<\/button> -->\n            <\/div>\n<\/p><\/div>\n<div class=\"menu\">\n<div class=\"btn-group d-flex justify-content-center\" id=\"menu-buttons\">\n              <button type=\"button\" onClick = \"showSpecs()\" class=\"btn menu-button menu-title active\">SPEZIFIKATIONEN<\/button><br \/>\n              <button type=\"button\" onClick = \"showDescription()\" class=\"btn menu-button menu-title\">BESCHREIBUNG<\/button><br \/>\n              <button type=\"button\" onClick = \"showMaterial()\" class=\"btn menu-button menu-title\">MATERIAL<\/button>\n            <\/div>\n<div id=\"specs\">\n<ul class=\"list-group\">\n                Verst\u00e4rkte Anbaukonstruktion f\u00fcr maximale Robustheit auch bei sehr weiter Auslage<br \/>\nDank durchgehender Rotorachse und DRAGONE-Spezialschlegeln, werden auch 100 mm dicke \u00c4ste problemlos verarbeitet<br \/>\nSehr gro\u00dfer Schwenkbereich bis 1750 mm<br \/>\nGro\u00dfe Neigungsverstellung von -65\u00b0 im Graben bis 90\u00b0 an Hecken\n              <\/ul>\n<\/p><\/div>\n<div id=\"description\">\n              Verst\u00e4rkte Anbaukonstruktion f\u00fcr maximale Robustheit auch bei sehr weiter Auslage<br \/>\nDank durchgehender Rotorachse und DRAGONE-Spezialschlegeln, werden auch 100 mm dicke \u00c4ste problemlos verarbeitet<br \/>\nSehr gro\u00dfer Schwenkbereich bis 1750 mm<br \/>\nGro\u00dfe Neigungsverstellung von -65\u00b0 im Graben bis 90\u00b0 an Hecken<br \/>\nDoppelt kugelgelagerte Parallelarmschwenkung<br \/>\nVariabel einsetzbar = seitlich oder hinter dem Schlepper<br \/>\nSerienm\u00e4\u00dfige mechanische und hydraulische Anfahrsicherung<br \/>\nZus\u00e4tzlicher Getriebe- und Riemenschutz f\u00fcr senkrechtes Arbeiten<br \/>\nHEAVY-DUTY-Getriebe und starker Riemenantrieb<br \/>\nMulchk\u00f6rper des ROAD V basiert auf der Serie V (schwere Ausf\u00fchrung)<br \/>\nSauberste Mulcharbeit durch Doppelspiralrotor<br \/>\nVerst\u00e4rktes, abgerundetes Mulchgeh\u00e4use (ab ROAD V-200 aus STRENX S700) erm\u00f6glicht komfortables Arbeiten ohne Besch\u00e4digungen an Hindernissen<br \/>\nJe nach Wunsch au\u00dfen- oder innenliegendes Getriebe mit Freilauf<br \/>\nWALTERSCHEID Gelenkwelle mit doppeltem Weitwinkelgelenk f\u00fcr Arbeiten in starker vertikaler Neigung empfehlenswert<br \/>\nSKF-Pendelkugellager (innenliegend)<br \/>\nOptimal geeignet f\u00fcr B\u00f6schungen, Gr\u00e4ben, Heckenschnitt, Feld- und Weger\u00e4nder, Forstwege\n            <\/div>\n<div id=\"material\">\n<div class=\"one-item\"><button onclick=\"window.open('https:\/\/fabijan.si\/wp-content\/uploads\/site-content\/dragone-road.pdf')\" type=\"button\">Katalog herunterladen<\/button><\/div>\n<\/p><\/div>\n<\/p><\/div>\n<\/p><\/div>\n<\/p><\/div>\n","protected":false},"excerpt":{"rendered":"<p>Zuhause | Weinbau | Weinbaumaschinen | Mulcher | Mulcher DRAGONE | ROAD Serie Mulcher ROAD V 160 Verst\u00e4rkte Anbaukonstruktion f\u00fcr maximale Robustheit auch bei sehr weiter Auslage Dank durchgehender Rotorachse und DRAGONE-Spezialschlegeln, werden auch 100 mm dicke \u00c4ste problemlos verarbeitet Sehr gro\u00dfer Schwenkbereich bis 1750 mm Gro\u00dfe Neigungsverstellung von -65\u00b0 im Graben bis 90\u00b0 an [&hellip;]<\/p>\n","protected":false},"author":1,"featured_media":0,"parent":4576724,"menu_order":0,"comment_status":"closed","ping_status":"closed","template":"elementor_theme","meta":{"footnotes":""},"class_list":["post-4576727","page","type-page","status-publish","hentry"],"_links":{"self":[{"href":"https:\/\/fabijan.si\/de\/wp-json\/wp\/v2\/pages\/4576727","targetHints":{"allow":["GET"]}}],"collection":[{"href":"https:\/\/fabijan.si\/de\/wp-json\/wp\/v2\/pages"}],"about":[{"href":"https:\/\/fabijan.si\/de\/wp-json\/wp\/v2\/types\/page"}],"author":[{"embeddable":true,"href":"https:\/\/fabijan.si\/de\/wp-json\/wp\/v2\/users\/1"}],"replies":[{"embeddable":true,"href":"https:\/\/fabijan.si\/de\/wp-json\/wp\/v2\/comments?post=4576727"}],"version-history":[{"count":0,"href":"https:\/\/fabijan.si\/de\/wp-json\/wp\/v2\/pages\/4576727\/revisions"}],"up":[{"embeddable":true,"href":"https:\/\/fabijan.si\/de\/wp-json\/wp\/v2\/pages\/4576724"}],"wp:attachment":[{"href":"https:\/\/fabijan.si\/de\/wp-json\/wp\/v2\/media?parent=4576727"}],"curies":[{"name":"wp","href":"https:\/\/api.w.org\/{rel}","templated":true}]}}