{"id":4576874,"date":"2026-02-03T15:15:25","date_gmt":"2026-02-03T14:15:25","guid":{"rendered":"https:\/\/fabijan.si\/weinbau\/weinbaumaschinen\/mulcher\/mulcher-fischer-frontanbau\/gl4-ft-gl5-ft-serie-frontanbau\/mulcher-fischer-gl4-60-160-260-fixer-frontanbau-mit-bediseit-feintastautomat\/"},"modified":"2026-02-03T15:15:25","modified_gmt":"2026-02-03T14:15:25","slug":"mulcher-fischer-gl4-60-160-260-fixer-frontanbau-mit-bediseit-feintastautomat","status":"publish","type":"page","link":"https:\/\/fabijan.si\/de\/weinbau\/weinbaumaschinen\/mulcher\/mulcher-fischer-frontanbau\/gl4-ft-gl5-ft-serie-frontanbau\/mulcher-fischer-gl4-60-160-260-fixer-frontanbau-mit-bediseit-feintastautomat\/","title":{"rendered":"mulcher-fischer-gl4-60-160-260-fixer-frontanbau-mit-bediseit-feintastautomat"},"content":{"rendered":"\n<div class=\"container\">\n<div class=\"breadcrumb-container\"><span><br \/>\n<a href=\"https:\/\/fabijan.si\/de\/\">Zuhause<\/a> | <a href=\"https:\/\/fabijan.si\/de\/weinbau\/\">Weinbau<\/a> | <a href=\"https:\/\/fabijan.si\/de\/weinbau\/weinbaumaschinen\/\">Weinbaumaschinen<\/a> | <a href=\"https:\/\/fabijan.si\/de\/weinbau\/weinbaumaschinen\/mulcher\/\">Mulcher<\/a> | <a href=\"https:\/\/fabijan.si\/de\/weinbau\/weinbaumaschinen\/mulcher\/mulcher-fischer-frontanbau\/\">Mulcher FISCHER Frontanbau<\/a> | <a href=\"https:\/\/fabijan.si\/de\/weinbau\/weinbaumaschinen\/mulcher\/mulcher-fischer-frontanbau\/gl4-ft-gl5-ft-serie-frontanbau\/\">GL4-FT \/ GL5-FT Serie Frontanbau<\/a><\/span>\n<\/div>\n<div class=\"row\">\n<div class=\"col-6\">\n<div id=\"carouselExampleControls\" class=\"carousel slide carousel-container\" data-interval=\"false\">\n<div class=\"carousel-inner\">\n<div class=\"carousel-item active\">   <img decoding=\"async\" src=\"https:\/\/fabijan.si\/wp-content\/uploads\/site-content\/mulcar-fischer-gl4-sprednji-priklop-z-avtomatiko-odmikovl-.jpg\" class=\"d-block w-100\" alt=\"...\"><\/div>\n<\/p><\/div>\n<p>              <button class=\"carousel-control-prev\" type=\"button\" data-bs-target=\"#carouselExampleControls\" data-bs-slide=\"prev\"><br \/>\n                <span class=\"carousel-control-prev-icon\" aria-hidden=\"true\"><\/span><br \/>\n              <\/button><br \/>\n              <button class=\"carousel-control-next\" type=\"button\" data-bs-target=\"#carouselExampleControls\" data-bs-slide=\"next\"><br \/>\n                <span class=\"carousel-control-next-icon\" aria-hidden=\"true\"><\/span><br \/>\n              <\/button>\n            <\/div>\n<\/p><\/div>\n<div class=\"col-6 slo-name\">\n            Mulcher Fischer GL4\/ 60 \/ 160-260 Fixer Frontanbau mit bediseit. Feintastautomat<\/p>\n<div class=\"brand\">Fixer Frontanbau mit beidseitiger FEINTASTAUTOMATIK<\/p>\n<p>F\u00fcr Serienausstattung auf Traktor notwendig:<br \/>\n 2 DW Steuerger\u00e4te f\u00fcr 2 Schwenkarmzylinder und einen<br \/>\nVor- und R\u00fccklauf f\u00fcr Taster\u00f6lkreislauf (25l\/min)<br \/>\n Feintastautomatik beidseitig f\u00fcr Schwenkarme<br \/>\n Zapfwelle 1000\/min in Fahrtricht. rechtsdrehend f\u00fcr Frontanbau<br \/>\n Laufwalze und Laufr\u00e4der h\u00f6henverstellbar (4-7cm)<br \/>\n Gegenl\u00e4ufiger Getriebeantrieb der Messerrotoren<br \/>\n 2 hydraulisch verstellbare Schwenkarme<br \/>\n Grasauswurfklappen beidseitig an den Schwenkscheiben<br \/>\n Gelagertes Gleitteller an den Schwenkscheiben<br \/>\n Gelenkwelle B&#038;P CE5 mit \u00dcberlastungskupplung und Freilauf<br \/>\n CE-Unfallschutz<br \/>\n Bewegliche Messer auf dem Grundger\u00e4t und den Schwenkarmen<\/p><\/div>\n<p>\t\t\t<!-- \n\n<div class=\"price-container\">\n                \n\n<p class=\"price\">###PRICE###<\/p>\n\n --><br \/>\n                <!-- <button type=\"button\" class=\"btn btn-config btn-lg\">Pojdi na konfigurator<\/button> -->\n            <\/div>\n<\/p><\/div>\n<div class=\"menu\">\n<div class=\"btn-group d-flex justify-content-center\" id=\"menu-buttons\">\n              <button type=\"button\" onClick = \"showSpecs()\" class=\"btn menu-button menu-title active\">SPEZIFIKATIONEN<\/button><br \/>\n              <button type=\"button\" onClick = \"showDescription()\" class=\"btn menu-button menu-title\">BESCHREIBUNG<\/button><br \/>\n              <button type=\"button\" onClick = \"showMaterial()\" class=\"btn menu-button menu-title\">MATERIAL<\/button>\n            <\/div>\n<div id=\"specs\">\n<ul class=\"list-group\">\n                Fixer Frontanbau mit beidseitiger FEINTASTAUTOMATIK<\/p>\n<p>F\u00fcr Serienausstattung auf Traktor notwendig:<br \/>\n 2 DW Steuerger\u00e4te f\u00fcr 2 Schwenkarmzylinder und einen<br \/>\nVor- und R\u00fccklauf f\u00fcr Taster\u00f6lkreislauf (25l\/min)<br \/>\n Feintastautomatik beidseitig f\u00fcr Schwenkarme<br \/>\n Zapfwelle 1000\/min in Fahrtricht. rechtsdrehend f\u00fcr Frontanbau<br \/>\n Laufwalze und Laufr\u00e4der h\u00f6henverstellbar (4-7cm)<br \/>\n Gegenl\u00e4ufiger Getriebeantrieb der Messerrotoren<br \/>\n 2 hydraulisch verstellbare Schwenkarme<br \/>\n Grasauswurfklappen beidseitig an den Schwenkscheiben<br \/>\n Gelagertes Gleitteller an den Schwenkscheiben<br \/>\n Gelenkwelle B&#038;P CE5 mit \u00dcberlastungskupplung und Freilauf<br \/>\n CE-Unfallschutz<br \/>\n Bewegliche Messer auf dem Grundger\u00e4t und den Schwenkarmen\n              <\/ul>\n<\/p><\/div>\n<div id=\"description\"><\/div>\n<div id=\"material\"><\/div>\n<\/p><\/div>\n<\/p><\/div>\n<\/p><\/div>\n","protected":false},"excerpt":{"rendered":"<p>Zuhause | Weinbau | Weinbaumaschinen | Mulcher | Mulcher FISCHER Frontanbau | GL4-FT \/ GL5-FT Serie Frontanbau Mulcher Fischer GL4\/ 60 \/ 160-260 Fixer Frontanbau mit bediseit. Feintastautomat Fixer Frontanbau mit beidseitiger FEINTASTAUTOMATIK F\u00fcr Serienausstattung auf Traktor notwendig: 2 DW Steuerger\u00e4te f\u00fcr 2 Schwenkarmzylinder und einen Vor- und R\u00fccklauf f\u00fcr Taster\u00f6lkreislauf (25l\/min) Feintastautomatik beidseitig f\u00fcr [&hellip;]<\/p>\n","protected":false},"author":1,"featured_media":0,"parent":4576853,"menu_order":0,"comment_status":"closed","ping_status":"closed","template":"elementor_theme","meta":{"footnotes":""},"class_list":["post-4576874","page","type-page","status-publish","hentry"],"_links":{"self":[{"href":"https:\/\/fabijan.si\/de\/wp-json\/wp\/v2\/pages\/4576874","targetHints":{"allow":["GET"]}}],"collection":[{"href":"https:\/\/fabijan.si\/de\/wp-json\/wp\/v2\/pages"}],"about":[{"href":"https:\/\/fabijan.si\/de\/wp-json\/wp\/v2\/types\/page"}],"author":[{"embeddable":true,"href":"https:\/\/fabijan.si\/de\/wp-json\/wp\/v2\/users\/1"}],"replies":[{"embeddable":true,"href":"https:\/\/fabijan.si\/de\/wp-json\/wp\/v2\/comments?post=4576874"}],"version-history":[{"count":0,"href":"https:\/\/fabijan.si\/de\/wp-json\/wp\/v2\/pages\/4576874\/revisions"}],"up":[{"embeddable":true,"href":"https:\/\/fabijan.si\/de\/wp-json\/wp\/v2\/pages\/4576853"}],"wp:attachment":[{"href":"https:\/\/fabijan.si\/de\/wp-json\/wp\/v2\/media?parent=4576874"}],"curies":[{"name":"wp","href":"https:\/\/api.w.org\/{rel}","templated":true}]}}