{"id":4576982,"date":"2026-02-03T15:15:54","date_gmt":"2026-02-03T14:15:54","guid":{"rendered":"https:\/\/fabijan.si\/weinbau\/weinbaumaschinen\/mulcher\/mulcher-fischer-heckanbau\/gl4-gl5-serie\/mulchgerat-gl-5-90-330-490-fixer-heckanbau\/"},"modified":"2026-02-03T15:15:54","modified_gmt":"2026-02-03T14:15:54","slug":"mulchgerat-gl-5-90-330-490-fixer-heckanbau","status":"publish","type":"page","link":"https:\/\/fabijan.si\/de\/weinbau\/weinbaumaschinen\/mulcher\/mulcher-fischer-heckanbau\/gl4-gl5-serie\/mulchgerat-gl-5-90-330-490-fixer-heckanbau\/","title":{"rendered":"mulchgerat-gl-5-90-330-490-fixer-heckanbau"},"content":{"rendered":"\n<div class=\"container\">\n<div class=\"breadcrumb-container\"><span><br \/>\n<a href=\"https:\/\/fabijan.si\/de\/\">Zuhause<\/a> | <a href=\"https:\/\/fabijan.si\/de\/weinbau\/\">Weinbau<\/a> | <a href=\"https:\/\/fabijan.si\/de\/weinbau\/weinbaumaschinen\/\">Weinbaumaschinen<\/a> | <a href=\"https:\/\/fabijan.si\/de\/weinbau\/weinbaumaschinen\/mulcher\/\">Mulcher<\/a> | <a href=\"https:\/\/fabijan.si\/de\/weinbau\/weinbaumaschinen\/mulcher\/mulcher-fischer-heckanbau\/\">Mulcher FISCHER Heckanbau<\/a> | <a href=\"https:\/\/fabijan.si\/de\/weinbau\/weinbaumaschinen\/mulcher\/mulcher-fischer-heckanbau\/gl4-gl5-serie\/\">GL4 \/ GL5 Serie<\/a><\/span>\n<\/div>\n<div class=\"row\">\n<div class=\"col-6\">\n<div id=\"carouselExampleControls\" class=\"carousel slide carousel-container\" data-interval=\"false\">\n<div class=\"carousel-inner\">\n<div class=\"carousel-item active\">   <img decoding=\"async\" src=\"https:\/\/fabijan.si\/wp-content\/uploads\/site-content\/00014383.jpg\" class=\"d-block w-100\" alt=\"...\"><\/div>\n<\/p><\/div>\n<p>              <button class=\"carousel-control-prev\" type=\"button\" data-bs-target=\"#carouselExampleControls\" data-bs-slide=\"prev\"><br \/>\n                <span class=\"carousel-control-prev-icon\" aria-hidden=\"true\"><\/span><br \/>\n              <\/button><br \/>\n              <button class=\"carousel-control-next\" type=\"button\" data-bs-target=\"#carouselExampleControls\" data-bs-slide=\"next\"><br \/>\n                <span class=\"carousel-control-next-icon\" aria-hidden=\"true\"><\/span><br \/>\n              <\/button>\n            <\/div>\n<\/p><\/div>\n<div class=\"col-6 slo-name\">\n            Mulchger\u00e4t GL\/5 90 330-490 Fixer Heckanbau<\/p>\n<div class=\"brand\">F\u00fcr Serienausstattung auf Traktor notwendig:<br \/>\n 2 DW Steuerger\u00e4te f\u00fcr 2 Schwenkarmzylinder und 1 freier<br \/>\nR\u00fccklauf f\u00fcr Anfahrsicherung<br \/>\n 1 DW Steuerger\u00e4t f\u00fcr hyd. Breitenverstellung synchron<br \/>\n Zapfwelle 540\/min in Fahrtrichtung rechtsdrehend f\u00fcr Heckanbau<br \/>\n Laufwalze und Laufr\u00e4der h\u00f6henverstellbar (4-7cm)<br \/>\n Gegenl\u00e4ufiger Getriebeantrieb der Messerrotoren<br \/>\n 2 hydraulisch verstellbare Schwenkarme mit zwei \u00dcberdruckventile<br \/>\n Grasauswurfklappen beidseitig an den Schwenkscheiben<br \/>\n Gelagertes Gleitteller an den Schwenkscheiben<br \/>\n Gelenkwelle B&#038;P CE5 mit \u00dcberlastungskupplung und Freilauf<br \/>\n CE-Unfallschutz<br \/>\n Bewegliche Messer auf dem Grundger\u00e4t und den Schwenkarmen<\/div>\n<p>\t\t\t<!-- \n\n<div class=\"price-container\">\n                \n\n<p class=\"price\">###PRICE###<\/p>\n\n --><br \/>\n                <!-- <button type=\"button\" class=\"btn btn-config btn-lg\">Pojdi na konfigurator<\/button> -->\n            <\/div>\n<\/p><\/div>\n<div class=\"menu\">\n<div class=\"btn-group d-flex justify-content-center\" id=\"menu-buttons\">\n              <button type=\"button\" onClick = \"showSpecs()\" class=\"btn menu-button menu-title active\">SPEZIFIKATIONEN<\/button><br \/>\n              <button type=\"button\" onClick = \"showDescription()\" class=\"btn menu-button menu-title\">BESCHREIBUNG<\/button><br \/>\n              <button type=\"button\" onClick = \"showMaterial()\" class=\"btn menu-button menu-title\">MATERIAL<\/button>\n            <\/div>\n<div id=\"specs\">\n<ul class=\"list-group\">\n                F\u00fcr Serienausstattung auf Traktor notwendig:<br \/>\n 2 DW Steuerger\u00e4te f\u00fcr 2 Schwenkarmzylinder und 1 freier<br \/>\nR\u00fccklauf f\u00fcr Anfahrsicherung<br \/>\n 1 DW Steuerger\u00e4t f\u00fcr hyd. Breitenverstellung synchron<br \/>\n Zapfwelle 540\/min in Fahrtrichtung rechtsdrehend f\u00fcr Heckanbau<br \/>\n Laufwalze und Laufr\u00e4der h\u00f6henverstellbar (4-7cm)<br \/>\n Gegenl\u00e4ufiger Getriebeantrieb der Messerrotoren<br \/>\n 2 hydraulisch verstellbare Schwenkarme mit zwei \u00dcberdruckventile<br \/>\n Grasauswurfklappen beidseitig an den Schwenkscheiben<br \/>\n Gelagertes Gleitteller an den Schwenkscheiben<br \/>\n Gelenkwelle B&#038;P CE5 mit \u00dcberlastungskupplung und Freilauf<br \/>\n CE-Unfallschutz<br \/>\n Bewegliche Messer auf dem Grundger\u00e4t und den Schwenkarmen\n              <\/ul>\n<\/p><\/div>\n<div id=\"description\"><\/div>\n<div id=\"material\"><\/div>\n<\/p><\/div>\n<\/p><\/div>\n<\/p><\/div>\n","protected":false},"excerpt":{"rendered":"<p>Zuhause | Weinbau | Weinbaumaschinen | Mulcher | Mulcher FISCHER Heckanbau | GL4 \/ GL5 Serie Mulchger\u00e4t GL\/5 90 330-490 Fixer Heckanbau F\u00fcr Serienausstattung auf Traktor notwendig: 2 DW Steuerger\u00e4te f\u00fcr 2 Schwenkarmzylinder und 1 freier R\u00fccklauf f\u00fcr Anfahrsicherung 1 DW Steuerger\u00e4t f\u00fcr hyd. Breitenverstellung synchron Zapfwelle 540\/min in Fahrtrichtung rechtsdrehend f\u00fcr Heckanbau Laufwalze und [&hellip;]<\/p>\n","protected":false},"author":1,"featured_media":0,"parent":4576928,"menu_order":0,"comment_status":"closed","ping_status":"closed","template":"elementor_theme","meta":{"footnotes":""},"class_list":["post-4576982","page","type-page","status-publish","hentry"],"_links":{"self":[{"href":"https:\/\/fabijan.si\/de\/wp-json\/wp\/v2\/pages\/4576982","targetHints":{"allow":["GET"]}}],"collection":[{"href":"https:\/\/fabijan.si\/de\/wp-json\/wp\/v2\/pages"}],"about":[{"href":"https:\/\/fabijan.si\/de\/wp-json\/wp\/v2\/types\/page"}],"author":[{"embeddable":true,"href":"https:\/\/fabijan.si\/de\/wp-json\/wp\/v2\/users\/1"}],"replies":[{"embeddable":true,"href":"https:\/\/fabijan.si\/de\/wp-json\/wp\/v2\/comments?post=4576982"}],"version-history":[{"count":0,"href":"https:\/\/fabijan.si\/de\/wp-json\/wp\/v2\/pages\/4576982\/revisions"}],"up":[{"embeddable":true,"href":"https:\/\/fabijan.si\/de\/wp-json\/wp\/v2\/pages\/4576928"}],"wp:attachment":[{"href":"https:\/\/fabijan.si\/de\/wp-json\/wp\/v2\/media?parent=4576982"}],"curies":[{"name":"wp","href":"https:\/\/api.w.org\/{rel}","templated":true}]}}