{"id":4577114,"date":"2026-02-03T15:16:28","date_gmt":"2026-02-03T14:16:28","guid":{"rendered":"https:\/\/fabijan.si\/weinbau\/weinbaumaschinen\/geblasespritze\/dragone-aufsattelspruhgerat\/k1-serie\/"},"modified":"2026-02-03T15:16:28","modified_gmt":"2026-02-03T14:16:28","slug":"k1-serie","status":"publish","type":"page","link":"https:\/\/fabijan.si\/de\/weinbau\/weinbaumaschinen\/geblasespritze\/dragone-aufsattelspruhgerat\/k1-serie\/","title":{"rendered":"k1-serie"},"content":{"rendered":"<div class=\"breadcrumb-container\"><span><br \/>\n<a href=\"https:\/\/fabijan.si\/de\/\">Zuhause<\/a> | <a href=\"https:\/\/fabijan.si\/de\/weinbau\/\">Weinbau<\/a> | <a href=\"https:\/\/fabijan.si\/de\/weinbau\/weinbaumaschinen\/\">Weinbaumaschinen<\/a> | <a href=\"https:\/\/fabijan.si\/de\/weinbau\/weinbaumaschinen\/geblasespritze\/\">Gebl\u00e4sespritze<\/a> | <a href=\"https:\/\/fabijan.si\/de\/weinbau\/weinbaumaschinen\/geblasespritze\/dragone-aufsattelspruhgerat\/\">DRAGONE Aufsattelspr\u00fchger\u00e4t<\/a><\/span>\n<\/div>\n<div class=\"category-title\" style=\"display: flex; justify-content: center;\">\n<h2>K1 Serie<\/h2>\n<\/div>\n<div class=\"mygallery\">\n<div class=\"row\">\n<div class=\"col-sm-3 galleryitem\">\n     <!-- order:1 --><\/p>\n<div class=\"one-item\">\n       <img decoding=\"async\" src=\"https:\/\/fabijan.si\/wp-content\/uploads\/site-content\/dragone-k1-noseni.jpg\" srcset=\" https:\/\/fabijan.si\/wp-content\/uploads\/site-content\/dragone-k1-noseni.jpg 300w, https:\/\/fabijan.si\/wp-content\/uploads\/site-content\/dragone-k1-noseni.jpg 150w \" \/><\/p>\n<h4>Spr\u00fchger\u00e4t K1 200\/600\/50<\/h4>\n<p>       <button onclick=\"window.location.href='spruhgerat-k1-200-600-50' \"type=\"button\">Weiterlesen<\/button>\n    <\/div>\n<\/p><\/div>\n<div class=\"col-sm-3 galleryitem\">\n     <!-- order:2 --><\/p>\n<div class=\"one-item\">\n       <img decoding=\"async\" src=\"https:\/\/fabijan.si\/wp-content\/uploads\/site-content\/dragone-k1-noseni.jpg\" srcset=\" https:\/\/fabijan.si\/wp-content\/uploads\/site-content\/dragone-k1-noseni.jpg 300w, https:\/\/fabijan.si\/wp-content\/uploads\/site-content\/dragone-k1-noseni.jpg 150w \" \/><\/p>\n<h4>Spr\u00fchger\u00e4t K1 200\/600\/70<\/h4>\n<p>       <button onclick=\"window.location.href='spruhgerat-k1-200-600-70' \"type=\"button\">Weiterlesen<\/button>\n    <\/div>\n<\/p><\/div>\n<div class=\"col-sm-3 galleryitem\">\n     <!-- order:3 --><\/p>\n<div class=\"one-item\">\n       <img decoding=\"async\" src=\"https:\/\/fabijan.si\/wp-content\/uploads\/site-content\/dragone-k1-noseni.jpg\" srcset=\" https:\/\/fabijan.si\/wp-content\/uploads\/site-content\/dragone-k1-noseni.jpg 300w, https:\/\/fabijan.si\/wp-content\/uploads\/site-content\/dragone-k1-noseni.jpg 150w \" \/><\/p>\n<h4>Spr\u00fchger\u00e4t K1 300\/600\/50<\/h4>\n<p>       <button onclick=\"window.location.href='spruhgerat-k1-300-600-50' \"type=\"button\">Weiterlesen<\/button>\n    <\/div>\n<\/p><\/div>\n<div class=\"col-sm-3 galleryitem\">\n     <!-- order:4 --><\/p>\n<div class=\"one-item\">\n       <img decoding=\"async\" src=\"https:\/\/fabijan.si\/wp-content\/uploads\/site-content\/dragone-k1-noseni.jpg\" srcset=\" https:\/\/fabijan.si\/wp-content\/uploads\/site-content\/dragone-k1-noseni.jpg 300w, https:\/\/fabijan.si\/wp-content\/uploads\/site-content\/dragone-k1-noseni.jpg 150w \" \/><\/p>\n<h4>Spr\u00fchger\u00e4t K1 300\/600\/70<\/h4>\n<p>       <button onclick=\"window.location.href='spruhgerat-k1-300-600-70' \"type=\"button\">Weiterlesen<\/button>\n    <\/div>\n<\/p><\/div>\n<\/div>\n<div class=\"row\">\n<div class=\"col-sm-3 galleryitem\">\n     <!-- order:5 --><\/p>\n<div class=\"one-item\">\n       <img decoding=\"async\" src=\"https:\/\/fabijan.si\/wp-content\/uploads\/site-content\/dragone-k1-noseni.jpg\" srcset=\" https:\/\/fabijan.si\/wp-content\/uploads\/site-content\/dragone-k1-noseni.jpg 300w, https:\/\/fabijan.si\/wp-content\/uploads\/site-content\/dragone-k1-noseni.jpg 150w \" \/><\/p>\n<h4>Spr\u00fchger\u00e4t K1 400\/600\/70<\/h4>\n<p>       <button onclick=\"window.location.href='spruhgerat-k1-400-600-70' \"type=\"button\">Weiterlesen<\/button>\n    <\/div>\n<\/p><\/div>\n<div class=\"col-sm-3 galleryitem\">\n     <!-- order:6 --><\/p>\n<div class=\"one-item\">\n       <img decoding=\"async\" src=\"https:\/\/fabijan.si\/wp-content\/uploads\/site-content\/dragone-k1-noseni.jpg\" srcset=\" https:\/\/fabijan.si\/wp-content\/uploads\/site-content\/dragone-k1-noseni.jpg 300w, https:\/\/fabijan.si\/wp-content\/uploads\/site-content\/dragone-k1-noseni.jpg 150w \" \/><\/p>\n<h4>Spr\u00fchger\u00e4t K1 400\/600\/100<\/h4>\n<p>       <button onclick=\"window.location.href='spruhgerat-k1-400-600-100' \"type=\"button\">Weiterlesen<\/button>\n    <\/div>\n<\/p><\/div>\n<div class=\"col-sm-3 galleryitem\">\n     <!-- order:7 --><\/p>\n<div class=\"one-item\">\n       <img decoding=\"async\" src=\"https:\/\/fabijan.si\/wp-content\/uploads\/site-content\/dragone-k1-noseni.jpg\" srcset=\" https:\/\/fabijan.si\/wp-content\/uploads\/site-content\/dragone-k1-noseni.jpg 300w, https:\/\/fabijan.si\/wp-content\/uploads\/site-content\/dragone-k1-noseni.jpg 150w \" \/><\/p>\n<h4>Spr\u00fchger\u00e4t K1 400\/700\/70<\/h4>\n<p>       <button onclick=\"window.location.href='spruhgerat-k1-400-700-70' \"type=\"button\">Weiterlesen<\/button>\n    <\/div>\n<\/p><\/div>\n<div class=\"col-sm-3 galleryitem\">\n     <!-- order:8 --><\/p>\n<div class=\"one-item\">\n       <img decoding=\"async\" src=\"https:\/\/fabijan.si\/wp-content\/uploads\/site-content\/dragone-k1-noseni.jpg\" srcset=\" https:\/\/fabijan.si\/wp-content\/uploads\/site-content\/dragone-k1-noseni.jpg 300w, https:\/\/fabijan.si\/wp-content\/uploads\/site-content\/dragone-k1-noseni.jpg 150w \" \/><\/p>\n<h4>Spr\u00fchger\u00e4t K1 400\/700\/100<\/h4>\n<p>       <button onclick=\"window.location.href='spruhgerat-k1-400-700-100' \"type=\"button\">Weiterlesen<\/button>\n    <\/div>\n<\/p><\/div>\n<\/div>\n<div class=\"row\">\n<div class=\"col-sm-3 galleryitem\">\n     <!-- order:9 --><\/p>\n<div class=\"one-item\">\n       <img decoding=\"async\" src=\"https:\/\/fabijan.si\/wp-content\/uploads\/site-content\/dragone-k1-noseni.jpg\" srcset=\" https:\/\/fabijan.si\/wp-content\/uploads\/site-content\/dragone-k1-noseni.jpg 300w, https:\/\/fabijan.si\/wp-content\/uploads\/site-content\/dragone-k1-noseni.jpg 150w \" \/><\/p>\n<h4>Spr\u00fchger\u00e4t K1 500\/600\/70<\/h4>\n<p>       <button onclick=\"window.location.href='spruhgerat-k1-500-600-70' \"type=\"button\">Weiterlesen<\/button>\n    <\/div>\n<\/p><\/div>\n<div class=\"col-sm-3 galleryitem\">\n     <!-- order:10 --><\/p>\n<div class=\"one-item\">\n       <img decoding=\"async\" src=\"https:\/\/fabijan.si\/wp-content\/uploads\/site-content\/dragone-k1-noseni.jpg\" srcset=\" https:\/\/fabijan.si\/wp-content\/uploads\/site-content\/dragone-k1-noseni.jpg 300w, https:\/\/fabijan.si\/wp-content\/uploads\/site-content\/dragone-k1-noseni.jpg 150w \" \/><\/p>\n<h4>Spr\u00fchger\u00e4t K1 500\/700\/70<\/h4>\n<p>       <button onclick=\"window.location.href='spruhgerat-k1-500-700-70' \"type=\"button\">Weiterlesen<\/button>\n    <\/div>\n<\/p><\/div>\n<div class=\"col-sm-3 galleryitem\">\n     <!-- order:11 --><\/p>\n<div class=\"one-item\">\n       <img decoding=\"async\" src=\"https:\/\/fabijan.si\/wp-content\/uploads\/site-content\/dragone-k1-noseni.jpg\" srcset=\" https:\/\/fabijan.si\/wp-content\/uploads\/site-content\/dragone-k1-noseni.jpg 300w, https:\/\/fabijan.si\/wp-content\/uploads\/site-content\/dragone-k1-noseni.jpg 150w \" \/><\/p>\n<h4>Spr\u00fchger\u00e4te DRAGONE K1 500\/700\/100<\/h4>\n<p>       <button onclick=\"window.location.href='spruhgerate-dragone-k1-500-700-100' \"type=\"button\">Weiterlesen<\/button>\n    <\/div>\n<\/p><\/div>\n<\/div>\n<\/div>\n","protected":false},"excerpt":{"rendered":"<p>Zuhause | Weinbau | Weinbaumaschinen | Gebl\u00e4sespritze | DRAGONE Aufsattelspr\u00fchger\u00e4t K1 Serie Spr\u00fchger\u00e4t K1 200\/600\/50 Weiterlesen Spr\u00fchger\u00e4t K1 200\/600\/70 Weiterlesen Spr\u00fchger\u00e4t K1 300\/600\/50 Weiterlesen Spr\u00fchger\u00e4t K1 300\/600\/70 Weiterlesen Spr\u00fchger\u00e4t K1 400\/600\/70 Weiterlesen Spr\u00fchger\u00e4t K1 400\/600\/100 Weiterlesen Spr\u00fchger\u00e4t K1 400\/700\/70 Weiterlesen Spr\u00fchger\u00e4t K1 400\/700\/100 Weiterlesen Spr\u00fchger\u00e4t K1 500\/600\/70 Weiterlesen Spr\u00fchger\u00e4t K1 500\/700\/70 Weiterlesen Spr\u00fchger\u00e4te DRAGONE K1 [&hellip;]<\/p>\n","protected":false},"author":1,"featured_media":0,"parent":4576385,"menu_order":0,"comment_status":"closed","ping_status":"closed","template":"elementor_theme","meta":{"footnotes":""},"class_list":["post-4577114","page","type-page","status-publish","hentry"],"_links":{"self":[{"href":"https:\/\/fabijan.si\/de\/wp-json\/wp\/v2\/pages\/4577114","targetHints":{"allow":["GET"]}}],"collection":[{"href":"https:\/\/fabijan.si\/de\/wp-json\/wp\/v2\/pages"}],"about":[{"href":"https:\/\/fabijan.si\/de\/wp-json\/wp\/v2\/types\/page"}],"author":[{"embeddable":true,"href":"https:\/\/fabijan.si\/de\/wp-json\/wp\/v2\/users\/1"}],"replies":[{"embeddable":true,"href":"https:\/\/fabijan.si\/de\/wp-json\/wp\/v2\/comments?post=4577114"}],"version-history":[{"count":0,"href":"https:\/\/fabijan.si\/de\/wp-json\/wp\/v2\/pages\/4577114\/revisions"}],"up":[{"embeddable":true,"href":"https:\/\/fabijan.si\/de\/wp-json\/wp\/v2\/pages\/4576385"}],"wp:attachment":[{"href":"https:\/\/fabijan.si\/de\/wp-json\/wp\/v2\/media?parent=4577114"}],"curies":[{"name":"wp","href":"https:\/\/api.w.org\/{rel}","templated":true}]}}