{"id":4577147,"date":"2026-02-03T15:16:38","date_gmt":"2026-02-03T14:16:38","guid":{"rendered":"https:\/\/fabijan.si\/weinbau\/weinbaumaschinen\/geblasespritze\/dragone-aufsattelspruhgerat\/k1-serie\/spruhgerate-dragone-k1-500-700-100\/"},"modified":"2026-02-03T15:16:38","modified_gmt":"2026-02-03T14:16:38","slug":"spruhgerate-dragone-k1-500-700-100","status":"publish","type":"page","link":"https:\/\/fabijan.si\/de\/weinbau\/weinbaumaschinen\/geblasespritze\/dragone-aufsattelspruhgerat\/k1-serie\/spruhgerate-dragone-k1-500-700-100\/","title":{"rendered":"spruhgerate-dragone-k1-500-700-100"},"content":{"rendered":"\n<div class=\"container\">\n<div class=\"breadcrumb-container\"><span><br \/>\n<a href=\"https:\/\/fabijan.si\/de\/\">Zuhause<\/a> | <a href=\"https:\/\/fabijan.si\/de\/weinbau\/\">Weinbau<\/a> | <a href=\"https:\/\/fabijan.si\/de\/weinbau\/weinbaumaschinen\/\">Weinbaumaschinen<\/a> | <a href=\"https:\/\/fabijan.si\/de\/weinbau\/weinbaumaschinen\/geblasespritze\/\">Gebl\u00e4sespritze<\/a> | <a href=\"https:\/\/fabijan.si\/de\/weinbau\/weinbaumaschinen\/geblasespritze\/dragone-aufsattelspruhgerat\/\">DRAGONE Aufsattelspr\u00fchger\u00e4t<\/a> | <a href=\"https:\/\/fabijan.si\/de\/weinbau\/weinbaumaschinen\/geblasespritze\/dragone-aufsattelspruhgerat\/k1-serie\/\">K1 Serie<\/a><\/span>\n<\/div>\n<div class=\"row\">\n<div class=\"col-6\">\n<div id=\"carouselExampleControls\" class=\"carousel slide carousel-container\" data-interval=\"false\">\n<div class=\"carousel-inner\">\n<div class=\"carousel-item active\">   <img decoding=\"async\" src=\"https:\/\/fabijan.si\/wp-content\/uploads\/site-content\/dragone-k1-noseni.jpg\" class=\"d-block w-100\" alt=\"...\"><\/div>\n<\/p><\/div>\n<p>              <button class=\"carousel-control-prev\" type=\"button\" data-bs-target=\"#carouselExampleControls\" data-bs-slide=\"prev\"><br \/>\n                <span class=\"carousel-control-prev-icon\" aria-hidden=\"true\"><\/span><br \/>\n              <\/button><br \/>\n              <button class=\"carousel-control-next\" type=\"button\" data-bs-target=\"#carouselExampleControls\" data-bs-slide=\"next\"><br \/>\n                <span class=\"carousel-control-next-icon\" aria-hidden=\"true\"><\/span><br \/>\n              <\/button>\n            <\/div>\n<\/p><\/div>\n<div class=\"col-6 slo-name\">\n            Spr\u00fchger\u00e4te DRAGONE K1 500\/700\/100<\/p>\n<div class=\"brand\">Standardausr\u00fcstung<\/p>\n<p>PE Tank,Tank-Auff\u00fcllset<br \/>\nGer\u00e4twaschewassertank, Handwaschb\u00ebhalter<br \/>\nHydraulische Anlage vom Typ 2,Hydraulisches R\u00fchrwerk<br \/>\nF\u00f6rderer aus Inox-Stahl<br \/>\n2-Gang-\u00fcbersetzunggetriebe und Auskupplung<br \/>\nFeuerverzinkter Rahmen<br \/>\nEinstellbares Fl\u00fcgelgebl\u00e4se<br \/>\nEinhebliger Druckregler<br \/>\nEinzeld\u00fcsen aus Messing, Tropfstopvorrichtung<br \/>\n2 selbstreinigendere Filter<br \/>\nGebrauch &#8211; Ideal f\u00fcr Weinberg und Obstbau<br \/>\nBesonderheit &#8211; 2 Gebl\u00e4seger\u00e4t mit Turmf\u00f6rderer<\/p><\/div>\n<p>\t\t\t<!-- \n\n<div class=\"price-container\">\n                \n\n<p class=\"price\">###PRICE###<\/p>\n\n --><br \/>\n                <!-- <button type=\"button\" class=\"btn btn-config btn-lg\">Pojdi na konfigurator<\/button> -->\n            <\/div>\n<\/p><\/div>\n<div class=\"menu\">\n<div class=\"btn-group d-flex justify-content-center\" id=\"menu-buttons\">\n              <button type=\"button\" onClick = \"showSpecs()\" class=\"btn menu-button menu-title active\">SPEZIFIKATIONEN<\/button><br \/>\n              <button type=\"button\" onClick = \"showDescription()\" class=\"btn menu-button menu-title\">BESCHREIBUNG<\/button><br \/>\n              <button type=\"button\" onClick = \"showMaterial()\" class=\"btn menu-button menu-title\">MATERIAL<\/button>\n            <\/div>\n<div id=\"specs\">\n<ul class=\"list-group\">\n                Standardausr\u00fcstung<\/p>\n<p>PE Tank,Tank-Auff\u00fcllset<br \/>\nGer\u00e4twaschewassertank, Handwaschb\u00ebhalter<br \/>\nHydraulische Anlage vom Typ 2,Hydraulisches R\u00fchrwerk<br \/>\nF\u00f6rderer aus Inox-Stahl<br \/>\n2-Gang-\u00fcbersetzunggetriebe und Auskupplung<br \/>\nFeuerverzinkter Rahmen<br \/>\nEinstellbares Fl\u00fcgelgebl\u00e4se<br \/>\nEinhebliger Druckregler<br \/>\nEinzeld\u00fcsen aus Messing, Tropfstopvorrichtung<br \/>\n2 selbstreinigendere Filter<br \/>\nGebrauch &#8211; Ideal f\u00fcr Weinberg und Obstbau<br \/>\nBesonderheit &#8211; 2 Gebl\u00e4seger\u00e4t mit Turmf\u00f6rderer\n              <\/ul>\n<\/p><\/div>\n<div id=\"description\"><\/div>\n<div id=\"material\"><\/div>\n<\/p><\/div>\n<\/p><\/div>\n<\/p><\/div>\n","protected":false},"excerpt":{"rendered":"<p>Zuhause | Weinbau | Weinbaumaschinen | Gebl\u00e4sespritze | DRAGONE Aufsattelspr\u00fchger\u00e4t | K1 Serie Spr\u00fchger\u00e4te DRAGONE K1 500\/700\/100 Standardausr\u00fcstung PE Tank,Tank-Auff\u00fcllset Ger\u00e4twaschewassertank, Handwaschb\u00ebhalter Hydraulische Anlage vom Typ 2,Hydraulisches R\u00fchrwerk F\u00f6rderer aus Inox-Stahl 2-Gang-\u00fcbersetzunggetriebe und Auskupplung Feuerverzinkter Rahmen Einstellbares Fl\u00fcgelgebl\u00e4se Einhebliger Druckregler Einzeld\u00fcsen aus Messing, Tropfstopvorrichtung 2 selbstreinigendere Filter Gebrauch &#8211; Ideal f\u00fcr Weinberg und Obstbau Besonderheit [&hellip;]<\/p>\n","protected":false},"author":1,"featured_media":0,"parent":4577114,"menu_order":0,"comment_status":"closed","ping_status":"closed","template":"elementor_theme","meta":{"footnotes":""},"class_list":["post-4577147","page","type-page","status-publish","hentry"],"_links":{"self":[{"href":"https:\/\/fabijan.si\/de\/wp-json\/wp\/v2\/pages\/4577147","targetHints":{"allow":["GET"]}}],"collection":[{"href":"https:\/\/fabijan.si\/de\/wp-json\/wp\/v2\/pages"}],"about":[{"href":"https:\/\/fabijan.si\/de\/wp-json\/wp\/v2\/types\/page"}],"author":[{"embeddable":true,"href":"https:\/\/fabijan.si\/de\/wp-json\/wp\/v2\/users\/1"}],"replies":[{"embeddable":true,"href":"https:\/\/fabijan.si\/de\/wp-json\/wp\/v2\/comments?post=4577147"}],"version-history":[{"count":0,"href":"https:\/\/fabijan.si\/de\/wp-json\/wp\/v2\/pages\/4577147\/revisions"}],"up":[{"embeddable":true,"href":"https:\/\/fabijan.si\/de\/wp-json\/wp\/v2\/pages\/4577114"}],"wp:attachment":[{"href":"https:\/\/fabijan.si\/de\/wp-json\/wp\/v2\/media?parent=4577147"}],"curies":[{"name":"wp","href":"https:\/\/api.w.org\/{rel}","templated":true}]}}