{"id":4577186,"date":"2026-02-03T15:16:50","date_gmt":"2026-02-03T14:16:50","guid":{"rendered":"https:\/\/fabijan.si\/weinbau\/weinbaumaschinen\/geblasespritze\/dragone-aufsattelspruhgerat\/az-lg-serie\/"},"modified":"2026-02-03T15:16:50","modified_gmt":"2026-02-03T14:16:50","slug":"az-lg-serie","status":"publish","type":"page","link":"https:\/\/fabijan.si\/de\/weinbau\/weinbaumaschinen\/geblasespritze\/dragone-aufsattelspruhgerat\/az-lg-serie\/","title":{"rendered":"az-lg-serie"},"content":{"rendered":"<div class=\"breadcrumb-container\"><span><br \/>\n<a href=\"https:\/\/fabijan.si\/de\/\">Zuhause<\/a> | <a href=\"https:\/\/fabijan.si\/de\/weinbau\/\">Weinbau<\/a> | <a href=\"https:\/\/fabijan.si\/de\/weinbau\/weinbaumaschinen\/\">Weinbaumaschinen<\/a> | <a href=\"https:\/\/fabijan.si\/de\/weinbau\/weinbaumaschinen\/geblasespritze\/\">Gebl\u00e4sespritze<\/a> | <a href=\"https:\/\/fabijan.si\/de\/weinbau\/weinbaumaschinen\/geblasespritze\/dragone-aufsattelspruhgerat\/\">DRAGONE Aufsattelspr\u00fchger\u00e4t<\/a><\/span>\n<\/div>\n<div class=\"category-title\" style=\"display: flex; justify-content: center;\">\n<h2>AZ, LG Serie<\/h2>\n<\/div>\n<div class=\"mygallery\">\n<div class=\"row\">\n<div class=\"col-sm-3 galleryitem\">\n     <!-- order:1 --><\/p>\n<div class=\"one-item\">\n       <img decoding=\"async\" src=\"https:\/\/fabijan.si\/wp-content\/uploads\/site-content\/00002348.jpg\" srcset=\" https:\/\/fabijan.si\/wp-content\/uploads\/site-content\/00002348.jpg 300w, https:\/\/fabijan.si\/wp-content\/uploads\/site-content\/00002348.jpg 150w \" \/><\/p>\n<h4>Aufsattelspr\u00fchger\u00e4t Dragone AZ 400L\/450\/100<\/h4>\n<p>       <button onclick=\"window.location.href='aufsattelspruhgerat-dragone-az-400l-450-100' \"type=\"button\">Weiterlesen<\/button>\n    <\/div>\n<\/p><\/div>\n<div class=\"col-sm-3 galleryitem\">\n     <!-- order:2 --><\/p>\n<div class=\"one-item\">\n       <img decoding=\"async\" src=\"https:\/\/fabijan.si\/wp-content\/uploads\/site-content\/00002348.jpg\" srcset=\" https:\/\/fabijan.si\/wp-content\/uploads\/site-content\/00002348.jpg 300w, https:\/\/fabijan.si\/wp-content\/uploads\/site-content\/00002348.jpg 150w \" \/><\/p>\n<h4>Ausattelspr\u00fchger\u00e4t DRAGONE AZ 500L\/450\/100<\/h4>\n<p>       <button onclick=\"window.location.href='ausattelspruhgerat-dragone-az-500l-450-100' \"type=\"button\">Weiterlesen<\/button>\n    <\/div>\n<\/p><\/div>\n<div class=\"col-sm-3 galleryitem\">\n     <!-- order:3 --><\/p>\n<div class=\"one-item\">\n       <img decoding=\"async\" src=\"https:\/\/fabijan.si\/wp-content\/uploads\/site-content\/00002348.jpg\" srcset=\" https:\/\/fabijan.si\/wp-content\/uploads\/site-content\/00002348.jpg 300w, https:\/\/fabijan.si\/wp-content\/uploads\/site-content\/00002348.jpg 150w \" \/><\/p>\n<h4>Spritze DRAGONE AZ 600L\/450\/100<\/h4>\n<p>       <button onclick=\"window.location.href='spritze-dragone-az-600l-450-100' \"type=\"button\">Weiterlesen<\/button>\n    <\/div>\n<\/p><\/div>\n<div class=\"col-sm-3 galleryitem\">\n     <!-- order:4 --><\/p>\n<div class=\"one-item\">\n       <img decoding=\"async\" src=\"https:\/\/fabijan.si\/wp-content\/uploads\/site-content\/dragone-lg.jpg\" srcset=\" https:\/\/fabijan.si\/wp-content\/uploads\/site-content\/dragone-lg.jpg 300w, https:\/\/fabijan.si\/wp-content\/uploads\/site-content\/dragone-lg.jpg 150w \" \/><\/p>\n<h4>Spr\u00fchger\u00e4t DRAGONE LG 400 l<\/h4>\n<p>       <button onclick=\"window.location.href='spruhgerat-dragone-lg-400-l' \"type=\"button\">Weiterlesen<\/button>\n    <\/div>\n<\/p><\/div>\n<\/div>\n<div class=\"row\">\n<div class=\"col-sm-3 galleryitem\">\n     <!-- order:5 --><\/p>\n<div class=\"one-item\">\n       <img decoding=\"async\" src=\"https:\/\/fabijan.si\/wp-content\/uploads\/site-content\/dragone-lg.jpg\" srcset=\" https:\/\/fabijan.si\/wp-content\/uploads\/site-content\/dragone-lg.jpg 300w, https:\/\/fabijan.si\/wp-content\/uploads\/site-content\/dragone-lg.jpg 150w \" \/><\/p>\n<h4>Aufsattelspr\u00fchger\u00e4t LG 500 l<\/h4>\n<p>       <button onclick=\"window.location.href='aufsattelspruhgerat-lg-500-l' \"type=\"button\">Weiterlesen<\/button>\n    <\/div>\n<\/p><\/div>\n<div class=\"col-sm-3 galleryitem\">\n     <!-- order:6 --><\/p>\n<div class=\"one-item\">\n       <img decoding=\"async\" src=\"https:\/\/fabijan.si\/wp-content\/uploads\/site-content\/dragone-lg.jpg\" srcset=\" https:\/\/fabijan.si\/wp-content\/uploads\/site-content\/dragone-lg.jpg 300w, https:\/\/fabijan.si\/wp-content\/uploads\/site-content\/dragone-lg.jpg 150w \" \/><\/p>\n<h4>Aufsattelspr\u00fchger\u00e4t LG 600l<\/h4>\n<p>       <button onclick=\"window.location.href='aufsattelspruhgerat-lg-600l' \"type=\"button\">Weiterlesen<\/button>\n    <\/div>\n<\/p><\/div>\n<div class=\"col-sm-3 galleryitem\">\n     <!-- order:7 --><\/p>\n<div class=\"one-item\">\n       <img decoding=\"async\" src=\"https:\/\/fabijan.si\/wp-content\/uploads\/site-content\/dragone-lg.jpg\" srcset=\" https:\/\/fabijan.si\/wp-content\/uploads\/site-content\/dragone-lg.jpg 300w, https:\/\/fabijan.si\/wp-content\/uploads\/site-content\/dragone-lg.jpg 150w \" \/><\/p>\n<h4>Spr\u00fchger\u00e4t DRAGONE LG 800 l<\/h4>\n<p>       <button onclick=\"window.location.href='spruhgerat-dragone-lg-800-l' \"type=\"button\">Weiterlesen<\/button>\n    <\/div>\n<\/p><\/div>\n<div class=\"col-sm-3 galleryitem\">\n     <!-- order:8 --><\/p>\n<div class=\"one-item\">\n       <img decoding=\"async\" src=\"https:\/\/fabijan.si\/wp-content\/uploads\/site-content\/prsilnik-dragone.jpg\" srcset=\" https:\/\/fabijan.si\/wp-content\/uploads\/site-content\/prsilnik-dragone.jpg 300w, https:\/\/fabijan.si\/wp-content\/uploads\/site-content\/prsilnik-dragone.jpg 150w \" \/><\/p>\n<h4>Aufsattelspr\u00fchger\u00e4t LG 1000 l<\/h4>\n<p>       <button onclick=\"window.location.href='aufsattelspruhgerat-lg-1000-l' \"type=\"button\">Weiterlesen<\/button>\n    <\/div>\n<\/p><\/div>\n<\/div>\n<\/div>\n","protected":false},"excerpt":{"rendered":"<p>Zuhause | Weinbau | Weinbaumaschinen | Gebl\u00e4sespritze | DRAGONE Aufsattelspr\u00fchger\u00e4t AZ, LG Serie Aufsattelspr\u00fchger\u00e4t Dragone AZ 400L\/450\/100 Weiterlesen Ausattelspr\u00fchger\u00e4t DRAGONE AZ 500L\/450\/100 Weiterlesen Spritze DRAGONE AZ 600L\/450\/100 Weiterlesen Spr\u00fchger\u00e4t DRAGONE LG 400 l Weiterlesen Aufsattelspr\u00fchger\u00e4t LG 500 l Weiterlesen Aufsattelspr\u00fchger\u00e4t LG 600l Weiterlesen Spr\u00fchger\u00e4t DRAGONE LG 800 l Weiterlesen Aufsattelspr\u00fchger\u00e4t LG 1000 l Weiterlesen<\/p>\n","protected":false},"author":1,"featured_media":0,"parent":4576385,"menu_order":0,"comment_status":"closed","ping_status":"closed","template":"elementor_theme","meta":{"footnotes":""},"class_list":["post-4577186","page","type-page","status-publish","hentry"],"_links":{"self":[{"href":"https:\/\/fabijan.si\/de\/wp-json\/wp\/v2\/pages\/4577186","targetHints":{"allow":["GET"]}}],"collection":[{"href":"https:\/\/fabijan.si\/de\/wp-json\/wp\/v2\/pages"}],"about":[{"href":"https:\/\/fabijan.si\/de\/wp-json\/wp\/v2\/types\/page"}],"author":[{"embeddable":true,"href":"https:\/\/fabijan.si\/de\/wp-json\/wp\/v2\/users\/1"}],"replies":[{"embeddable":true,"href":"https:\/\/fabijan.si\/de\/wp-json\/wp\/v2\/comments?post=4577186"}],"version-history":[{"count":0,"href":"https:\/\/fabijan.si\/de\/wp-json\/wp\/v2\/pages\/4577186\/revisions"}],"up":[{"embeddable":true,"href":"https:\/\/fabijan.si\/de\/wp-json\/wp\/v2\/pages\/4576385"}],"wp:attachment":[{"href":"https:\/\/fabijan.si\/de\/wp-json\/wp\/v2\/media?parent=4577186"}],"curies":[{"name":"wp","href":"https:\/\/api.w.org\/{rel}","templated":true}]}}