{"id":4577252,"date":"2026-02-03T15:17:16","date_gmt":"2026-02-03T14:17:16","guid":{"rendered":"https:\/\/fabijan.si\/weinbau\/weinbaumaschinen\/geblasespritze\/dragone-aufsattelspruhgerat\/doppio-ventaglio-serie\/"},"modified":"2026-02-03T15:17:16","modified_gmt":"2026-02-03T14:17:16","slug":"doppio-ventaglio-serie","status":"publish","type":"page","link":"https:\/\/fabijan.si\/de\/weinbau\/weinbaumaschinen\/geblasespritze\/dragone-aufsattelspruhgerat\/doppio-ventaglio-serie\/","title":{"rendered":"doppio-ventaglio-serie"},"content":{"rendered":"<div class=\"breadcrumb-container\"><span><br \/>\n<a href=\"https:\/\/fabijan.si\/de\/\">Zuhause<\/a> | <a href=\"https:\/\/fabijan.si\/de\/weinbau\/\">Weinbau<\/a> | <a href=\"https:\/\/fabijan.si\/de\/weinbau\/weinbaumaschinen\/\">Weinbaumaschinen<\/a> | <a href=\"https:\/\/fabijan.si\/de\/weinbau\/weinbaumaschinen\/geblasespritze\/\">Gebl\u00e4sespritze<\/a> | <a href=\"https:\/\/fabijan.si\/de\/weinbau\/weinbaumaschinen\/geblasespritze\/dragone-aufsattelspruhgerat\/\">DRAGONE Aufsattelspr\u00fchger\u00e4t<\/a><\/span>\n<\/div>\n<div class=\"category-title\" style=\"display: flex; justify-content: center;\">\n<h2>DOPPIO VENTAGLIO Serie<\/h2>\n<\/div>\n<div class=\"mygallery\">\n<div class=\"row\">\n<div class=\"col-sm-3 galleryitem\">\n     <!-- order:1 --><\/p>\n<div class=\"one-item\">\n       <img decoding=\"async\" src=\"https:\/\/fabijan.si\/wp-content\/uploads\/site-content\/00004452.jpg\" srcset=\" https:\/\/fabijan.si\/wp-content\/uploads\/site-content\/00004452.jpg 300w, https:\/\/fabijan.si\/wp-content\/uploads\/site-content\/00004452.jpg 150w \" \/><\/p>\n<h4><\/h4>\n<p>       <button onclick=\"window.location.href='prsilnik-nosen-dragone-doppio-ventaglio-300-l' \"type=\"button\">Weiterlesen<\/button>\n    <\/div>\n<\/p><\/div>\n<div class=\"col-sm-3 galleryitem\">\n     <!-- order:2 --><\/p>\n<div class=\"one-item\">\n       <img decoding=\"async\" src=\"https:\/\/fabijan.si\/wp-content\/uploads\/site-content\/00004452.jpg\" srcset=\" https:\/\/fabijan.si\/wp-content\/uploads\/site-content\/00004452.jpg 300w, https:\/\/fabijan.si\/wp-content\/uploads\/site-content\/00004452.jpg 150w \" \/><\/p>\n<h4><\/h4>\n<p>       <button onclick=\"window.location.href='prsilnik-nosen-dragone-doppio-ventaglio-400-l' \"type=\"button\">Weiterlesen<\/button>\n    <\/div>\n<\/p><\/div>\n<div class=\"col-sm-3 galleryitem\">\n     <!-- order:3 --><\/p>\n<div class=\"one-item\">\n       <img decoding=\"async\" src=\"https:\/\/fabijan.si\/wp-content\/uploads\/site-content\/00004452.jpg\" srcset=\" https:\/\/fabijan.si\/wp-content\/uploads\/site-content\/00004452.jpg 300w, https:\/\/fabijan.si\/wp-content\/uploads\/site-content\/00004452.jpg 150w \" \/><\/p>\n<h4><\/h4>\n<p>       <button onclick=\"window.location.href='prsilnik-nosen-dragone-doppio-ventaglio-500-l' \"type=\"button\">Weiterlesen<\/button>\n    <\/div>\n<\/p><\/div>\n<div class=\"col-sm-3 galleryitem\">\n     <!-- order:4 --><\/p>\n<div class=\"one-item\">\n       <img decoding=\"async\" src=\"https:\/\/fabijan.si\/wp-content\/uploads\/site-content\/00004452.jpg\" srcset=\" https:\/\/fabijan.si\/wp-content\/uploads\/site-content\/00004452.jpg 300w, https:\/\/fabijan.si\/wp-content\/uploads\/site-content\/00004452.jpg 150w \" \/><\/p>\n<h4><\/h4>\n<p>       <button onclick=\"window.location.href='prsilnik-nosen-dragone-doppio-ventaglio-600-l' \"type=\"button\">Weiterlesen<\/button>\n    <\/div>\n<\/p><\/div>\n<\/div>\n<\/div>\n","protected":false},"excerpt":{"rendered":"<p>Zuhause | Weinbau | Weinbaumaschinen | Gebl\u00e4sespritze | DRAGONE Aufsattelspr\u00fchger\u00e4t DOPPIO VENTAGLIO Serie Weiterlesen Weiterlesen Weiterlesen Weiterlesen<\/p>\n","protected":false},"author":1,"featured_media":0,"parent":4576385,"menu_order":0,"comment_status":"closed","ping_status":"closed","template":"elementor_theme","meta":{"footnotes":""},"class_list":["post-4577252","page","type-page","status-publish","hentry"],"_links":{"self":[{"href":"https:\/\/fabijan.si\/de\/wp-json\/wp\/v2\/pages\/4577252","targetHints":{"allow":["GET"]}}],"collection":[{"href":"https:\/\/fabijan.si\/de\/wp-json\/wp\/v2\/pages"}],"about":[{"href":"https:\/\/fabijan.si\/de\/wp-json\/wp\/v2\/types\/page"}],"author":[{"embeddable":true,"href":"https:\/\/fabijan.si\/de\/wp-json\/wp\/v2\/users\/1"}],"replies":[{"embeddable":true,"href":"https:\/\/fabijan.si\/de\/wp-json\/wp\/v2\/comments?post=4577252"}],"version-history":[{"count":0,"href":"https:\/\/fabijan.si\/de\/wp-json\/wp\/v2\/pages\/4577252\/revisions"}],"up":[{"embeddable":true,"href":"https:\/\/fabijan.si\/de\/wp-json\/wp\/v2\/pages\/4576385"}],"wp:attachment":[{"href":"https:\/\/fabijan.si\/de\/wp-json\/wp\/v2\/media?parent=4577252"}],"curies":[{"name":"wp","href":"https:\/\/api.w.org\/{rel}","templated":true}]}}