{"id":4577285,"date":"2026-02-03T15:17:25","date_gmt":"2026-02-03T14:17:25","guid":{"rendered":"https:\/\/fabijan.si\/weinbau\/weinbaumaschinen\/geblasespritze\/dragone-nachlaufspruhgerat\/athos-t-serie\/nachlaufspruhgerat-athos-t-800-700-100\/"},"modified":"2026-02-03T15:17:25","modified_gmt":"2026-02-03T14:17:25","slug":"nachlaufspruhgerat-athos-t-800-700-100","status":"publish","type":"page","link":"https:\/\/fabijan.si\/de\/weinbau\/weinbaumaschinen\/geblasespritze\/dragone-nachlaufspruhgerat\/athos-t-serie\/nachlaufspruhgerat-athos-t-800-700-100\/","title":{"rendered":"nachlaufspruhgerat-athos-t-800-700-100"},"content":{"rendered":"\n<div class=\"container\">\n<div class=\"breadcrumb-container\"><span><br \/>\n<a href=\"https:\/\/fabijan.si\/de\/\">Zuhause<\/a> | <a href=\"https:\/\/fabijan.si\/de\/weinbau\/\">Weinbau<\/a> | <a href=\"https:\/\/fabijan.si\/de\/weinbau\/weinbaumaschinen\/\">Weinbaumaschinen<\/a> | <a href=\"https:\/\/fabijan.si\/de\/weinbau\/weinbaumaschinen\/geblasespritze\/\">Gebl\u00e4sespritze<\/a> | <a href=\"https:\/\/fabijan.si\/de\/weinbau\/weinbaumaschinen\/geblasespritze\/dragone-nachlaufspruhgerat\/\">DRAGONE Nachlaufspr\u00fchger\u00e4t<\/a> | <a href=\"https:\/\/fabijan.si\/de\/weinbau\/weinbaumaschinen\/geblasespritze\/dragone-nachlaufspruhgerat\/athos-t-serie\/\">ATHOS T Serie<\/a><\/span>\n<\/div>\n<div class=\"row\">\n<div class=\"col-6\">\n<div id=\"carouselExampleControls\" class=\"carousel slide carousel-container\" data-interval=\"false\">\n<div class=\"carousel-inner\">\n<div class=\"carousel-item active\">   <img decoding=\"async\" src=\"https:\/\/fabijan.si\/wp-content\/uploads\/site-content\/00024880.jpg\" class=\"d-block w-100\" alt=\"...\"><\/div>\n<\/p><\/div>\n<p>              <button class=\"carousel-control-prev\" type=\"button\" data-bs-target=\"#carouselExampleControls\" data-bs-slide=\"prev\"><br \/>\n                <span class=\"carousel-control-prev-icon\" aria-hidden=\"true\"><\/span><br \/>\n              <\/button><br \/>\n              <button class=\"carousel-control-next\" type=\"button\" data-bs-target=\"#carouselExampleControls\" data-bs-slide=\"next\"><br \/>\n                <span class=\"carousel-control-next-icon\" aria-hidden=\"true\"><\/span><br \/>\n              <\/button>\n            <\/div>\n<\/p><\/div>\n<div class=\"col-6 slo-name\">\n            Nachlaufspr\u00fchger\u00e4t ATHOS T 800\/700\/100<\/p>\n<div class=\"brand\">Standardausr\u00fcstung<\/p>\n<p>PE Tank,Handwaschb\u00ebhalter<br \/>\n Ger\u00e4twaschewassertank<br \/>\n Hydraulische Anlage vom Typ 2<br \/>\n F\u00f6rderer aus Inox-Stahl und PE Turm<br \/>\n 1-Gang-\u00fcbersetzunggetriebe + Ausschaltung<br \/>\n Feuerverzinkter Rahmen<br \/>\n 1 Einstellbares Fl\u00fcgelgebl\u00e4se<br \/>\n Hydraulisches R\u00fchrwerk<br \/>\n Einhebliger Druckregler<br \/>\n Tank-Auff\u00fcllset<br \/>\n Einzeld\u00fcsen aus Messing<br \/>\n Tropfstopvorrichtung<br \/>\n Gebrauch \u2013 Spr\u00fchger\u00e4t f\u00fcr Weinberg und Obstbaum mit axial Gebl\u00e4se und Turm-F\u00f6rderer<\/p><\/div>\n<p>\t\t\t<!-- \n\n<div class=\"price-container\">\n                \n\n<p class=\"price\">###PRICE###<\/p>\n\n --><br \/>\n                <!-- <button type=\"button\" class=\"btn btn-config btn-lg\">Pojdi na konfigurator<\/button> -->\n            <\/div>\n<\/p><\/div>\n<div class=\"menu\">\n<div class=\"btn-group d-flex justify-content-center\" id=\"menu-buttons\">\n              <button type=\"button\" onClick = \"showSpecs()\" class=\"btn menu-button menu-title active\">SPEZIFIKATIONEN<\/button><br \/>\n              <button type=\"button\" onClick = \"showDescription()\" class=\"btn menu-button menu-title\">BESCHREIBUNG<\/button><br \/>\n              <button type=\"button\" onClick = \"showMaterial()\" class=\"btn menu-button menu-title\">MATERIAL<\/button>\n            <\/div>\n<div id=\"specs\">\n<ul class=\"list-group\">\n                Standardausr\u00fcstung<\/p>\n<p>PE Tank,Handwaschb\u00ebhalter<br \/>\n Ger\u00e4twaschewassertank<br \/>\n Hydraulische Anlage vom Typ 2<br \/>\n F\u00f6rderer aus Inox-Stahl und PE Turm<br \/>\n 1-Gang-\u00fcbersetzunggetriebe + Ausschaltung<br \/>\n Feuerverzinkter Rahmen<br \/>\n 1 Einstellbares Fl\u00fcgelgebl\u00e4se<br \/>\n Hydraulisches R\u00fchrwerk<br \/>\n Einhebliger Druckregler<br \/>\n Tank-Auff\u00fcllset<br \/>\n Einzeld\u00fcsen aus Messing<br \/>\n Tropfstopvorrichtung<br \/>\n Gebrauch \u2013 Spr\u00fchger\u00e4t f\u00fcr Weinberg und Obstbaum mit axial Gebl\u00e4se und Turm-F\u00f6rderer\n              <\/ul>\n<\/p><\/div>\n<div id=\"description\"><\/div>\n<div id=\"material\">\n<div class=\"one-item\"><button onclick=\"window.open('https:\/\/fabijan.si\/wp-content\/uploads\/site-content\/dragone-athos_t.pdf')\" type=\"button\">Katalog herunterladen<\/button><\/div>\n<\/p><\/div>\n<\/p><\/div>\n<\/p><\/div>\n<\/p><\/div>\n","protected":false},"excerpt":{"rendered":"<p>Zuhause | Weinbau | Weinbaumaschinen | Gebl\u00e4sespritze | DRAGONE Nachlaufspr\u00fchger\u00e4t | ATHOS T Serie Nachlaufspr\u00fchger\u00e4t ATHOS T 800\/700\/100 Standardausr\u00fcstung PE Tank,Handwaschb\u00ebhalter Ger\u00e4twaschewassertank Hydraulische Anlage vom Typ 2 F\u00f6rderer aus Inox-Stahl und PE Turm 1-Gang-\u00fcbersetzunggetriebe + Ausschaltung Feuerverzinkter Rahmen 1 Einstellbares Fl\u00fcgelgebl\u00e4se Hydraulisches R\u00fchrwerk Einhebliger Druckregler Tank-Auff\u00fcllset Einzeld\u00fcsen aus Messing Tropfstopvorrichtung Gebrauch \u2013 Spr\u00fchger\u00e4t f\u00fcr Weinberg [&hellip;]<\/p>\n","protected":false},"author":1,"featured_media":0,"parent":4577279,"menu_order":0,"comment_status":"closed","ping_status":"closed","template":"elementor_theme","meta":{"footnotes":""},"class_list":["post-4577285","page","type-page","status-publish","hentry"],"_links":{"self":[{"href":"https:\/\/fabijan.si\/de\/wp-json\/wp\/v2\/pages\/4577285","targetHints":{"allow":["GET"]}}],"collection":[{"href":"https:\/\/fabijan.si\/de\/wp-json\/wp\/v2\/pages"}],"about":[{"href":"https:\/\/fabijan.si\/de\/wp-json\/wp\/v2\/types\/page"}],"author":[{"embeddable":true,"href":"https:\/\/fabijan.si\/de\/wp-json\/wp\/v2\/users\/1"}],"replies":[{"embeddable":true,"href":"https:\/\/fabijan.si\/de\/wp-json\/wp\/v2\/comments?post=4577285"}],"version-history":[{"count":0,"href":"https:\/\/fabijan.si\/de\/wp-json\/wp\/v2\/pages\/4577285\/revisions"}],"up":[{"embeddable":true,"href":"https:\/\/fabijan.si\/de\/wp-json\/wp\/v2\/pages\/4577279"}],"wp:attachment":[{"href":"https:\/\/fabijan.si\/de\/wp-json\/wp\/v2\/media?parent=4577285"}],"curies":[{"name":"wp","href":"https:\/\/api.w.org\/{rel}","templated":true}]}}