{"id":4577291,"date":"2026-02-03T15:17:27","date_gmt":"2026-02-03T14:17:27","guid":{"rendered":"https:\/\/fabijan.si\/weinbau\/weinbaumaschinen\/geblasespritze\/dragone-nachlaufspruhgerat\/k1-serie\/"},"modified":"2026-02-03T15:17:27","modified_gmt":"2026-02-03T14:17:27","slug":"k1-serie","status":"publish","type":"page","link":"https:\/\/fabijan.si\/de\/weinbau\/weinbaumaschinen\/geblasespritze\/dragone-nachlaufspruhgerat\/k1-serie\/","title":{"rendered":"k1-serie"},"content":{"rendered":"<div class=\"breadcrumb-container\"><span><br \/>\n<a href=\"https:\/\/fabijan.si\/de\/\">Zuhause<\/a> | <a href=\"https:\/\/fabijan.si\/de\/weinbau\/\">Weinbau<\/a> | <a href=\"https:\/\/fabijan.si\/de\/weinbau\/weinbaumaschinen\/\">Weinbaumaschinen<\/a> | <a href=\"https:\/\/fabijan.si\/de\/weinbau\/weinbaumaschinen\/geblasespritze\/\">Gebl\u00e4sespritze<\/a> | <a href=\"https:\/\/fabijan.si\/de\/weinbau\/weinbaumaschinen\/geblasespritze\/dragone-nachlaufspruhgerat\/\">DRAGONE Nachlaufspr\u00fchger\u00e4t<\/a><\/span>\n<\/div>\n<div class=\"category-title\" style=\"display: flex; justify-content: center;\">\n<h2>K1 Serie<\/h2>\n<\/div>\n<div class=\"mygallery\">\n<div class=\"row\">\n<div class=\"col-sm-3 galleryitem\">\n     <!-- order:1 --><\/p>\n<div class=\"one-item\">\n       <img decoding=\"async\" src=\"https:\/\/fabijan.si\/wp-content\/uploads\/site-content\/prsilnik-dragone-vlecen-k1.jpg\" srcset=\" https:\/\/fabijan.si\/wp-content\/uploads\/site-content\/prsilnik-dragone-vlecen-k1.jpg 300w, https:\/\/fabijan.si\/wp-content\/uploads\/site-content\/prsilnik-dragone-vlecen-k1.jpg 150w \" \/><\/p>\n<h4>K1 600\/600\/100<\/h4>\n<p>       <button onclick=\"window.location.href='k1-600-600-100' \"type=\"button\">Weiterlesen<\/button>\n    <\/div>\n<\/p><\/div>\n<div class=\"col-sm-3 galleryitem\">\n     <!-- order:2 --><\/p>\n<div class=\"one-item\">\n       <img decoding=\"async\" src=\"https:\/\/fabijan.si\/wp-content\/uploads\/site-content\/prsilnik-dragone-vlecen-k1.jpg\" srcset=\" https:\/\/fabijan.si\/wp-content\/uploads\/site-content\/prsilnik-dragone-vlecen-k1.jpg 300w, https:\/\/fabijan.si\/wp-content\/uploads\/site-content\/prsilnik-dragone-vlecen-k1.jpg 150w \" \/><\/p>\n<h4>Nachlaufspr\u00fchger\u00e4t K1 600\/700\/100<\/h4>\n<p>       <button onclick=\"window.location.href='nachlaufspruhgerat-k1-600-700-100' \"type=\"button\">Weiterlesen<\/button>\n    <\/div>\n<\/p><\/div>\n<div class=\"col-sm-3 galleryitem\">\n     <!-- order:3 --><\/p>\n<div class=\"one-item\">\n       <img decoding=\"async\" src=\"https:\/\/fabijan.si\/wp-content\/uploads\/site-content\/prsilnik-dragone-vlecen-k1.jpg\" srcset=\" https:\/\/fabijan.si\/wp-content\/uploads\/site-content\/prsilnik-dragone-vlecen-k1.jpg 300w, https:\/\/fabijan.si\/wp-content\/uploads\/site-content\/prsilnik-dragone-vlecen-k1.jpg 150w \" \/><\/p>\n<h4>K1 800\/600\/100<\/h4>\n<p>       <button onclick=\"window.location.href='k1-800-600-100' \"type=\"button\">Weiterlesen<\/button>\n    <\/div>\n<\/p><\/div>\n<div class=\"col-sm-3 galleryitem\">\n     <!-- order:4 --><\/p>\n<div class=\"one-item\">\n       <img decoding=\"async\" src=\"https:\/\/fabijan.si\/wp-content\/uploads\/site-content\/prsilnik-dragone-vlecen-k1.jpg\" srcset=\" https:\/\/fabijan.si\/wp-content\/uploads\/site-content\/prsilnik-dragone-vlecen-k1.jpg 300w, https:\/\/fabijan.si\/wp-content\/uploads\/site-content\/prsilnik-dragone-vlecen-k1.jpg 150w \" \/><\/p>\n<h4>Nachlaufspr\u00fchger\u00e4t K1 800\/700\/100<\/h4>\n<p>       <button onclick=\"window.location.href='nachlaufspruhgerat-k1-800-700-100' \"type=\"button\">Weiterlesen<\/button>\n    <\/div>\n<\/p><\/div>\n<\/div>\n<div class=\"row\">\n<div class=\"col-sm-3 galleryitem\">\n     <!-- order:5 --><\/p>\n<div class=\"one-item\">\n       <img decoding=\"async\" src=\"https:\/\/fabijan.si\/wp-content\/uploads\/site-content\/prsilnik-dragone-vlecen-k1.jpg\" srcset=\" https:\/\/fabijan.si\/wp-content\/uploads\/site-content\/prsilnik-dragone-vlecen-k1.jpg 300w, https:\/\/fabijan.si\/wp-content\/uploads\/site-content\/prsilnik-dragone-vlecen-k1.jpg 150w \" \/><\/p>\n<h4>Nachlaufspr\u00fchger\u00e4t K1 1000\/700\/100<\/h4>\n<p>       <button onclick=\"window.location.href='nachlaufspruhgerat-k1-1000-700-100' \"type=\"button\">Weiterlesen<\/button>\n    <\/div>\n<\/p><\/div>\n<div class=\"col-sm-3 galleryitem\">\n     <!-- order:6 --><\/p>\n<div class=\"one-item\">\n       <img decoding=\"async\" src=\"https:\/\/fabijan.si\/wp-content\/uploads\/site-content\/prsilnik-dragone-vlecen-k1.jpg\" srcset=\" https:\/\/fabijan.si\/wp-content\/uploads\/site-content\/prsilnik-dragone-vlecen-k1.jpg 300w, https:\/\/fabijan.si\/wp-content\/uploads\/site-content\/prsilnik-dragone-vlecen-k1.jpg 150w \" \/><\/p>\n<h4>Nachl\u00e4uferspr\u00fchger\u00e4t DRAGONE K1 1000\/800\/100<\/h4>\n<p>       <button onclick=\"window.location.href='nachlauferspruhgerat-dragone-k1-1000-800-100' \"type=\"button\">Weiterlesen<\/button>\n    <\/div>\n<\/p><\/div>\n<div class=\"col-sm-3 galleryitem\">\n     <!-- order:7 --><\/p>\n<div class=\"one-item\">\n       <img decoding=\"async\" src=\"https:\/\/fabijan.si\/wp-content\/uploads\/site-content\/prsilnik-dragone-vlecen-k1.jpg\" srcset=\" https:\/\/fabijan.si\/wp-content\/uploads\/site-content\/prsilnik-dragone-vlecen-k1.jpg 300w, https:\/\/fabijan.si\/wp-content\/uploads\/site-content\/prsilnik-dragone-vlecen-k1.jpg 150w \" \/><\/p>\n<h4>Nachlaufspr\u00fchger\u00e4t K1 1500\/800\/110<\/h4>\n<p>       <button onclick=\"window.location.href='nachlaufspruhgerat-k1-1500-800-110' \"type=\"button\">Weiterlesen<\/button>\n    <\/div>\n<\/p><\/div>\n<div class=\"col-sm-3 galleryitem\">\n     <!-- order:8 --><\/p>\n<div class=\"one-item\">\n       <img decoding=\"async\" src=\"https:\/\/fabijan.si\/wp-content\/uploads\/site-content\/prsilnik-dragone-vlecen-k1.jpg\" srcset=\" https:\/\/fabijan.si\/wp-content\/uploads\/site-content\/prsilnik-dragone-vlecen-k1.jpg 300w, https:\/\/fabijan.si\/wp-content\/uploads\/site-content\/prsilnik-dragone-vlecen-k1.jpg 150w \" \/><\/p>\n<h4>Nachlaufspr\u00fchger\u00e4t K1 2000\/800\/150<\/h4>\n<p>       <button onclick=\"window.location.href='nachlaufspruhgerat-k1-2000-800-150' \"type=\"button\">Weiterlesen<\/button>\n    <\/div>\n<\/p><\/div>\n<\/div>\n<div class=\"row\">\n<div class=\"col-sm-3 galleryitem\">\n     <!-- order:9 --><\/p>\n<div class=\"one-item\">\n       <img decoding=\"async\" src=\"https:\/\/fabijan.si\/wp-content\/uploads\/site-content\/prsilnik-dragone-vlecen-k1.jpg\" srcset=\" https:\/\/fabijan.si\/wp-content\/uploads\/site-content\/prsilnik-dragone-vlecen-k1.jpg 300w, https:\/\/fabijan.si\/wp-content\/uploads\/site-content\/prsilnik-dragone-vlecen-k1.jpg 150w \" \/><\/p>\n<h4>Nachl\u00e4ufspr\u00fchger\u00e4t  K1 3000\/800\/150<\/h4>\n<p>       <button onclick=\"window.location.href='nachlaufspruhgerat-k1-3000-800-150' \"type=\"button\">Weiterlesen<\/button>\n    <\/div>\n<\/p><\/div>\n<\/div>\n<\/div>\n","protected":false},"excerpt":{"rendered":"<p>Zuhause | Weinbau | Weinbaumaschinen | Gebl\u00e4sespritze | DRAGONE Nachlaufspr\u00fchger\u00e4t K1 Serie K1 600\/600\/100 Weiterlesen Nachlaufspr\u00fchger\u00e4t K1 600\/700\/100 Weiterlesen K1 800\/600\/100 Weiterlesen Nachlaufspr\u00fchger\u00e4t K1 800\/700\/100 Weiterlesen Nachlaufspr\u00fchger\u00e4t K1 1000\/700\/100 Weiterlesen Nachl\u00e4uferspr\u00fchger\u00e4t DRAGONE K1 1000\/800\/100 Weiterlesen Nachlaufspr\u00fchger\u00e4t K1 1500\/800\/110 Weiterlesen Nachlaufspr\u00fchger\u00e4t K1 2000\/800\/150 Weiterlesen Nachl\u00e4ufspr\u00fchger\u00e4t K1 3000\/800\/150 Weiterlesen<\/p>\n","protected":false},"author":1,"featured_media":0,"parent":4576388,"menu_order":0,"comment_status":"closed","ping_status":"closed","template":"elementor_theme","meta":{"footnotes":""},"class_list":["post-4577291","page","type-page","status-publish","hentry"],"_links":{"self":[{"href":"https:\/\/fabijan.si\/de\/wp-json\/wp\/v2\/pages\/4577291","targetHints":{"allow":["GET"]}}],"collection":[{"href":"https:\/\/fabijan.si\/de\/wp-json\/wp\/v2\/pages"}],"about":[{"href":"https:\/\/fabijan.si\/de\/wp-json\/wp\/v2\/types\/page"}],"author":[{"embeddable":true,"href":"https:\/\/fabijan.si\/de\/wp-json\/wp\/v2\/users\/1"}],"replies":[{"embeddable":true,"href":"https:\/\/fabijan.si\/de\/wp-json\/wp\/v2\/comments?post=4577291"}],"version-history":[{"count":0,"href":"https:\/\/fabijan.si\/de\/wp-json\/wp\/v2\/pages\/4577291\/revisions"}],"up":[{"embeddable":true,"href":"https:\/\/fabijan.si\/de\/wp-json\/wp\/v2\/pages\/4576388"}],"wp:attachment":[{"href":"https:\/\/fabijan.si\/de\/wp-json\/wp\/v2\/media?parent=4577291"}],"curies":[{"name":"wp","href":"https:\/\/api.w.org\/{rel}","templated":true}]}}