{"id":4577375,"date":"2026-02-03T15:17:52","date_gmt":"2026-02-03T14:17:52","guid":{"rendered":"https:\/\/fabijan.si\/weinbau\/weinernte\/stapler\/hubstapler-pn10-1000kg-180cm\/"},"modified":"2026-02-03T15:17:52","modified_gmt":"2026-02-03T14:17:52","slug":"hubstapler-pn10-1000kg-180cm","status":"publish","type":"page","link":"https:\/\/fabijan.si\/de\/weinbau\/weinernte\/stapler\/hubstapler-pn10-1000kg-180cm\/","title":{"rendered":"hubstapler-pn10-1000kg-180cm"},"content":{"rendered":"\n<div class=\"container\">\n<div class=\"breadcrumb-container\"><span><br \/>\n<a href=\"https:\/\/fabijan.si\/de\/\">Zuhause<\/a> | <a href=\"https:\/\/fabijan.si\/de\/weinbau\/\">Weinbau<\/a> | <a href=\"https:\/\/fabijan.si\/de\/weinbau\/weinernte\/\">Weinernte<\/a> | <a href=\"https:\/\/fabijan.si\/de\/weinbau\/weinernte\/stapler\/\">Stapler <\/a><\/span>\n<\/div>\n<div class=\"row\">\n<div class=\"col-6\">\n<div id=\"carouselExampleControls\" class=\"carousel slide carousel-container\" data-interval=\"false\">\n<div class=\"carousel-inner\">\n<div class=\"carousel-item active\">   <img decoding=\"async\" src=\"https:\/\/fabijan.si\/wp-content\/uploads\/site-content\/00029775.jpg\" class=\"d-block w-100\" alt=\"...\"><\/div>\n<\/p><\/div>\n<p>              <button class=\"carousel-control-prev\" type=\"button\" data-bs-target=\"#carouselExampleControls\" data-bs-slide=\"prev\"><br \/>\n                <span class=\"carousel-control-prev-icon\" aria-hidden=\"true\"><\/span><br \/>\n              <\/button><br \/>\n              <button class=\"carousel-control-next\" type=\"button\" data-bs-target=\"#carouselExampleControls\" data-bs-slide=\"next\"><br \/>\n                <span class=\"carousel-control-next-icon\" aria-hidden=\"true\"><\/span><br \/>\n              <\/button>\n            <\/div>\n<\/p><\/div>\n<div class=\"col-6 slo-name\">\n            Hubstapler PN10 1000kg\/180cm<\/p>\n<div class=\"brand\">Universal-Hubstapler f\u00fcr kleine und Mittlere Schlepper mit 3 Bewegungen Serie<\/p>\n<p>SERIENMAESSIGE AUSSTATTUNG:<\/p>\n<p>IIIP hydraulisch Kat. I<br \/>\n Laufschienen mit geh\u00e4rteter Lagerf\u00fchrung ST53 (mit Doppeltem T-Profil)<br \/>\n DW Hubzylinder mit Sicherheitsventil<br \/>\n DW Seitenschubzylinder Serie +\/-100mm<br \/>\n DW Neigungszylinder Serie +\/-10\u00b0<br \/>\n 3-Hebel Steuerger\u00e4t<br \/>\n Hochklappbare Gabeln<br \/>\n Schutzvorrichtung (Netz)<br \/>\n CE Konformit\u00e4tserkl\u00e4rung<br \/>\n Stutzfuss<\/p><\/div>\n<p>\t\t\t<!-- \n\n<div class=\"price-container\">\n                \n\n<p class=\"price\">###PRICE###<\/p>\n\n --><br \/>\n                <!-- <button type=\"button\" class=\"btn btn-config btn-lg\">Pojdi na konfigurator<\/button> -->\n            <\/div>\n<\/p><\/div>\n<div class=\"menu\">\n<div class=\"btn-group d-flex justify-content-center\" id=\"menu-buttons\">\n              <button type=\"button\" onClick = \"showSpecs()\" class=\"btn menu-button menu-title active\">SPEZIFIKATIONEN<\/button><br \/>\n              <button type=\"button\" onClick = \"showDescription()\" class=\"btn menu-button menu-title\">BESCHREIBUNG<\/button><br \/>\n              <button type=\"button\" onClick = \"showMaterial()\" class=\"btn menu-button menu-title\">MATERIAL<\/button>\n            <\/div>\n<div id=\"specs\">\n<ul class=\"list-group\">\n                Universal-Hubstapler f\u00fcr kleine und Mittlere Schlepper mit 3 Bewegungen Serie<\/p>\n<p>SERIENMAESSIGE AUSSTATTUNG:<\/p>\n<p>IIIP hydraulisch Kat. I<br \/>\n Laufschienen mit geh\u00e4rteter Lagerf\u00fchrung ST53 (mit Doppeltem T-Profil)<br \/>\n DW Hubzylinder mit Sicherheitsventil<br \/>\n DW Seitenschubzylinder Serie +\/-100mm<br \/>\n DW Neigungszylinder Serie +\/-10\u00b0<br \/>\n 3-Hebel Steuerger\u00e4t<br \/>\n Hochklappbare Gabeln<br \/>\n Schutzvorrichtung (Netz)<br \/>\n CE Konformit\u00e4tserkl\u00e4rung<br \/>\n Stutzfuss\n              <\/ul>\n<\/p><\/div>\n<div id=\"description\"><\/div>\n<div id=\"material\"><\/div>\n<\/p><\/div>\n<\/p><\/div>\n<\/p><\/div>\n","protected":false},"excerpt":{"rendered":"<p>Zuhause | Weinbau | Weinernte | Stapler Hubstapler PN10 1000kg\/180cm Universal-Hubstapler f\u00fcr kleine und Mittlere Schlepper mit 3 Bewegungen Serie SERIENMAESSIGE AUSSTATTUNG: IIIP hydraulisch Kat. I Laufschienen mit geh\u00e4rteter Lagerf\u00fchrung ST53 (mit Doppeltem T-Profil) DW Hubzylinder mit Sicherheitsventil DW Seitenschubzylinder Serie +\/-100mm DW Neigungszylinder Serie +\/-10\u00b0 3-Hebel Steuerger\u00e4t Hochklappbare Gabeln Schutzvorrichtung (Netz) CE Konformit\u00e4tserkl\u00e4rung Stutzfuss [&hellip;]<\/p>\n","protected":false},"author":1,"featured_media":0,"parent":4577363,"menu_order":0,"comment_status":"closed","ping_status":"closed","template":"elementor_theme","meta":{"footnotes":""},"class_list":["post-4577375","page","type-page","status-publish","hentry"],"_links":{"self":[{"href":"https:\/\/fabijan.si\/de\/wp-json\/wp\/v2\/pages\/4577375","targetHints":{"allow":["GET"]}}],"collection":[{"href":"https:\/\/fabijan.si\/de\/wp-json\/wp\/v2\/pages"}],"about":[{"href":"https:\/\/fabijan.si\/de\/wp-json\/wp\/v2\/types\/page"}],"author":[{"embeddable":true,"href":"https:\/\/fabijan.si\/de\/wp-json\/wp\/v2\/users\/1"}],"replies":[{"embeddable":true,"href":"https:\/\/fabijan.si\/de\/wp-json\/wp\/v2\/comments?post=4577375"}],"version-history":[{"count":0,"href":"https:\/\/fabijan.si\/de\/wp-json\/wp\/v2\/pages\/4577375\/revisions"}],"up":[{"embeddable":true,"href":"https:\/\/fabijan.si\/de\/wp-json\/wp\/v2\/pages\/4577363"}],"wp:attachment":[{"href":"https:\/\/fabijan.si\/de\/wp-json\/wp\/v2\/media?parent=4577375"}],"curies":[{"name":"wp","href":"https:\/\/api.w.org\/{rel}","templated":true}]}}