{"id":4577501,"date":"2026-02-03T15:18:46","date_gmt":"2026-02-03T14:18:46","guid":{"rendered":"https:\/\/fabijan.si\/weinbau\/zubehor-zum-schneiden\/weingartenschere-felco-9-fur-linkshander\/"},"modified":"2026-02-03T15:18:46","modified_gmt":"2026-02-03T14:18:46","slug":"weingartenschere-felco-9-fur-linkshander","status":"publish","type":"page","link":"https:\/\/fabijan.si\/de\/weinbau\/zubehor-zum-schneiden\/weingartenschere-felco-9-fur-linkshander\/","title":{"rendered":"weingartenschere-felco-9-fur-linkshander"},"content":{"rendered":"\n<div class=\"container\">\n<div class=\"breadcrumb-container\"><span><br \/>\n<a href=\"https:\/\/fabijan.si\/de\/\">Zuhause<\/a> | <a href=\"https:\/\/fabijan.si\/de\/weinbau\/\">Weinbau<\/a> | <a href=\"https:\/\/fabijan.si\/de\/weinbau\/zubehor-zum-schneiden\/\">Zubeh\u00f6r zum Schneiden<\/a><\/span>\n<\/div>\n<div class=\"row\">\n<div class=\"col-6\">\n<div id=\"carouselExampleControls\" class=\"carousel slide carousel-container\" data-interval=\"false\">\n<div class=\"carousel-inner\">\n<div class=\"carousel-item active\">   <img decoding=\"async\" src=\"https:\/\/fabijan.si\/wp-content\/uploads\/site-content\/00000023.jpg\" class=\"d-block w-100\" alt=\"...\"><\/div>\n<div class=\"carousel-item \">   <img decoding=\"async\" src=\"https:\/\/fabijan.si\/wp-content\/uploads\/site-content\/rd-felco-9.jpg\" class=\"d-block w-100\" alt=\"...\"><\/div>\n<\/p><\/div>\n<p>              <button class=\"carousel-control-prev\" type=\"button\" data-bs-target=\"#carouselExampleControls\" data-bs-slide=\"prev\"><br \/>\n                <span class=\"carousel-control-prev-icon\" aria-hidden=\"true\"><\/span><br \/>\n              <\/button><br \/>\n              <button class=\"carousel-control-next\" type=\"button\" data-bs-target=\"#carouselExampleControls\" data-bs-slide=\"next\"><br \/>\n                <span class=\"carousel-control-next-icon\" aria-hidden=\"true\"><\/span><br \/>\n              <\/button>\n            <\/div>\n<\/p><\/div>\n<div class=\"col-6 slo-name\">\n            Weingartenschere FELCO 9 f\u00fcr Linksh\u00e4nder<\/p>\n<div class=\"brand\">* Schnittbreite 25.00mm\/0.98inch<br \/>\n* Gewicht 245g\/0.54lb<br \/>\n* L\u00e4nge 210.00mm\/8.27inch<br \/>\n* Handgr\u00f6\u00dfe Large hand<\/div>\n<p>\t\t\t<!-- \n\n<div class=\"price-container\">\n                \n\n<p class=\"price\">###PRICE###<\/p>\n\n --><br \/>\n                <!-- <button type=\"button\" class=\"btn btn-config btn-lg\">Pojdi na konfigurator<\/button> -->\n            <\/div>\n<\/p><\/div>\n<div class=\"menu\">\n<div class=\"btn-group d-flex justify-content-center\" id=\"menu-buttons\">\n              <button type=\"button\" onClick = \"showSpecs()\" class=\"btn menu-button menu-title active\">SPEZIFIKATIONEN<\/button><br \/>\n              <button type=\"button\" onClick = \"showDescription()\" class=\"btn menu-button menu-title\">BESCHREIBUNG<\/button><br \/>\n              <button type=\"button\" onClick = \"showMaterial()\" class=\"btn menu-button menu-title\">MATERIAL<\/button>\n            <\/div>\n<div id=\"specs\">\n<ul class=\"list-group\">\n                * Schnittbreite 25.00mm\/0.98inch<br \/>\n* Gewicht 245g\/0.54lb<br \/>\n* L\u00e4nge 210.00mm\/8.27inch<br \/>\n* Handgr\u00f6\u00dfe Large hand\n              <\/ul>\n<\/p><\/div>\n<div id=\"description\">\n              Diese leistungsstarke Baum-, Reb- und Gartenschere ist das ideale Werkzeug f\u00fcr Linksh\u00e4nder, die sich schwere Schneidarbeiten erleichtern wollen. In dem genialen Design spiegelt sich eine au\u00dfergew\u00f6hnliche Ergonomie wieder, die insbesondere f\u00fcr gr\u00f6\u00dfere H\u00e4nde geeignet ist, wobei die Schere einen festen und bequemen Griff bietet, mit dem Sie f\u00fcr anspruchsvolle Schneidarbeiten stets gewappnet sind. Die FELCO 9 bildet mit ihrem abgewinkelten Schneidkopf sofort eine nat\u00fcrliche Verl\u00e4ngerung zu Ihrer Hand, wodurch Sie effizienter von einer Schneidarbeit zur n\u00e4chsten wechseln k\u00f6nnen.\n            <\/div>\n<div id=\"material\"><\/div>\n<\/p><\/div>\n<\/p><\/div>\n<\/p><\/div>\n","protected":false},"excerpt":{"rendered":"<p>Zuhause | Weinbau | Zubeh\u00f6r zum Schneiden Weingartenschere FELCO 9 f\u00fcr Linksh\u00e4nder * Schnittbreite 25.00mm\/0.98inch * Gewicht 245g\/0.54lb * L\u00e4nge 210.00mm\/8.27inch * Handgr\u00f6\u00dfe Large hand SPEZIFIKATIONEN BESCHREIBUNG MATERIAL * Schnittbreite 25.00mm\/0.98inch * Gewicht 245g\/0.54lb * L\u00e4nge 210.00mm\/8.27inch * Handgr\u00f6\u00dfe Large hand Diese leistungsstarke Baum-, Reb- und Gartenschere ist das ideale Werkzeug f\u00fcr Linksh\u00e4nder, die sich [&hellip;]<\/p>\n","protected":false},"author":1,"featured_media":0,"parent":4577465,"menu_order":0,"comment_status":"closed","ping_status":"closed","template":"elementor_theme","meta":{"footnotes":""},"class_list":["post-4577501","page","type-page","status-publish","hentry"],"_links":{"self":[{"href":"https:\/\/fabijan.si\/de\/wp-json\/wp\/v2\/pages\/4577501","targetHints":{"allow":["GET"]}}],"collection":[{"href":"https:\/\/fabijan.si\/de\/wp-json\/wp\/v2\/pages"}],"about":[{"href":"https:\/\/fabijan.si\/de\/wp-json\/wp\/v2\/types\/page"}],"author":[{"embeddable":true,"href":"https:\/\/fabijan.si\/de\/wp-json\/wp\/v2\/users\/1"}],"replies":[{"embeddable":true,"href":"https:\/\/fabijan.si\/de\/wp-json\/wp\/v2\/comments?post=4577501"}],"version-history":[{"count":0,"href":"https:\/\/fabijan.si\/de\/wp-json\/wp\/v2\/pages\/4577501\/revisions"}],"up":[{"embeddable":true,"href":"https:\/\/fabijan.si\/de\/wp-json\/wp\/v2\/pages\/4577465"}],"wp:attachment":[{"href":"https:\/\/fabijan.si\/de\/wp-json\/wp\/v2\/media?parent=4577501"}],"curies":[{"name":"wp","href":"https:\/\/api.w.org\/{rel}","templated":true}]}}