{"id":4577516,"date":"2026-02-03T15:18:51","date_gmt":"2026-02-03T14:18:51","guid":{"rendered":"https:\/\/fabijan.si\/weinbau\/zubehor-zum-schneiden\/st-handsage-st-210-mit-gurthalter\/"},"modified":"2026-02-03T15:18:51","modified_gmt":"2026-02-03T14:18:51","slug":"st-handsage-st-210-mit-gurthalter","status":"publish","type":"page","link":"https:\/\/fabijan.si\/de\/weinbau\/zubehor-zum-schneiden\/st-handsage-st-210-mit-gurthalter\/","title":{"rendered":"st-handsage-st-210-mit-gurthalter"},"content":{"rendered":"\n<div class=\"container\">\n<div class=\"breadcrumb-container\"><span><br \/>\n<a href=\"https:\/\/fabijan.si\/de\/\">Zuhause<\/a> | <a href=\"https:\/\/fabijan.si\/de\/weinbau\/\">Weinbau<\/a> | <a href=\"https:\/\/fabijan.si\/de\/weinbau\/zubehor-zum-schneiden\/\">Zubeh\u00f6r zum Schneiden<\/a><\/span>\n<\/div>\n<div class=\"row\">\n<div class=\"col-6\">\n<div id=\"carouselExampleControls\" class=\"carousel slide carousel-container\" data-interval=\"false\">\n<div class=\"carousel-inner\">\n<div class=\"carousel-item active\">   <img decoding=\"async\" src=\"https:\/\/fabijan.si\/wp-content\/uploads\/site-content\/00019035.jpg\" class=\"d-block w-100\" alt=\"...\"><\/div>\n<\/p><\/div>\n<p>              <button class=\"carousel-control-prev\" type=\"button\" data-bs-target=\"#carouselExampleControls\" data-bs-slide=\"prev\"><br \/>\n                <span class=\"carousel-control-prev-icon\" aria-hidden=\"true\"><\/span><br \/>\n              <\/button><br \/>\n              <button class=\"carousel-control-next\" type=\"button\" data-bs-target=\"#carouselExampleControls\" data-bs-slide=\"next\"><br \/>\n                <span class=\"carousel-control-next-icon\" aria-hidden=\"true\"><\/span><br \/>\n              <\/button>\n            <\/div>\n<\/p><\/div>\n<div class=\"col-6 slo-name\">\n            ST-Hands\u00e4ge St 210 mit Gurthalter<\/p>\n<div class=\"brand\">Hands\u00e4ge mit gerader Klinge: das ideale Produkt f\u00fcr Landschaftsg\u00e4rtner, Obst- und Weinbauern.<br \/>\nDie impulsgeh\u00e4rteten Zahnspitzen sorgen f\u00fcr einen perfekten Schnitt und eine lange Lebensdauer der Klinge<\/div>\n<p>\t\t\t<!-- \n\n<div class=\"price-container\">\n                \n\n<p class=\"price\">###PRICE###<\/p>\n\n --><br \/>\n                <!-- <button type=\"button\" class=\"btn btn-config btn-lg\">Pojdi na konfigurator<\/button> -->\n            <\/div>\n<\/p><\/div>\n<div class=\"menu\">\n<div class=\"btn-group d-flex justify-content-center\" id=\"menu-buttons\">\n              <button type=\"button\" onClick = \"showSpecs()\" class=\"btn menu-button menu-title active\">SPEZIFIKATIONEN<\/button><br \/>\n              <button type=\"button\" onClick = \"showDescription()\" class=\"btn menu-button menu-title\">BESCHREIBUNG<\/button><br \/>\n              <button type=\"button\" onClick = \"showMaterial()\" class=\"btn menu-button menu-title\">MATERIAL<\/button>\n            <\/div>\n<div id=\"specs\">\n<ul class=\"list-group\">\n                Hands\u00e4ge mit gerader Klinge: das ideale Produkt f\u00fcr Landschaftsg\u00e4rtner, Obst- und Weinbauern.<br \/>\nDie impulsgeh\u00e4rteten Zahnspitzen sorgen f\u00fcr einen perfekten Schnitt und eine lange Lebensdauer der Klinge\n              <\/ul>\n<\/p><\/div>\n<div id=\"description\">\n              Impuls geh\u00e4rtete Zahnspitzen<br \/>\n Hard-Chrome S\u00e4geblatt<br \/>\n Ergonomisch geformter Griff (PP Material) aus rutschfestem Kunststoff (TPA Material)<br \/>\n Ersatzteile erh\u00e4ltlich, einfach auswechselbar<br \/>\n Mit praktischem G\u00fcrtelk\u00f6cher ausgestattet<br \/>\n L\u00e4nge Klinge: 21 cm<br \/>\n Gewicht: 165 g\n            <\/div>\n<div id=\"material\"><\/div>\n<\/p><\/div>\n<\/p><\/div>\n<\/p><\/div>\n","protected":false},"excerpt":{"rendered":"<p>Zuhause | Weinbau | Zubeh\u00f6r zum Schneiden ST-Hands\u00e4ge St 210 mit Gurthalter Hands\u00e4ge mit gerader Klinge: das ideale Produkt f\u00fcr Landschaftsg\u00e4rtner, Obst- und Weinbauern. Die impulsgeh\u00e4rteten Zahnspitzen sorgen f\u00fcr einen perfekten Schnitt und eine lange Lebensdauer der Klinge SPEZIFIKATIONEN BESCHREIBUNG MATERIAL Hands\u00e4ge mit gerader Klinge: das ideale Produkt f\u00fcr Landschaftsg\u00e4rtner, Obst- und Weinbauern. Die impulsgeh\u00e4rteten [&hellip;]<\/p>\n","protected":false},"author":1,"featured_media":0,"parent":4577465,"menu_order":0,"comment_status":"closed","ping_status":"closed","template":"elementor_theme","meta":{"footnotes":""},"class_list":["post-4577516","page","type-page","status-publish","hentry"],"_links":{"self":[{"href":"https:\/\/fabijan.si\/de\/wp-json\/wp\/v2\/pages\/4577516","targetHints":{"allow":["GET"]}}],"collection":[{"href":"https:\/\/fabijan.si\/de\/wp-json\/wp\/v2\/pages"}],"about":[{"href":"https:\/\/fabijan.si\/de\/wp-json\/wp\/v2\/types\/page"}],"author":[{"embeddable":true,"href":"https:\/\/fabijan.si\/de\/wp-json\/wp\/v2\/users\/1"}],"replies":[{"embeddable":true,"href":"https:\/\/fabijan.si\/de\/wp-json\/wp\/v2\/comments?post=4577516"}],"version-history":[{"count":0,"href":"https:\/\/fabijan.si\/de\/wp-json\/wp\/v2\/pages\/4577516\/revisions"}],"up":[{"embeddable":true,"href":"https:\/\/fabijan.si\/de\/wp-json\/wp\/v2\/pages\/4577465"}],"wp:attachment":[{"href":"https:\/\/fabijan.si\/de\/wp-json\/wp\/v2\/media?parent=4577516"}],"curies":[{"name":"wp","href":"https:\/\/api.w.org\/{rel}","templated":true}]}}