{"id":4577564,"date":"2026-02-03T15:19:07","date_gmt":"2026-02-03T14:19:07","guid":{"rendered":"https:\/\/fabijan.si\/weinbau\/zubehor-zum-binden\/bindex-bindegummi-6-7cm-ca-740-stk-1kg\/"},"modified":"2026-02-03T15:19:07","modified_gmt":"2026-02-03T14:19:07","slug":"bindex-bindegummi-6-7cm-ca-740-stk-1kg","status":"publish","type":"page","link":"https:\/\/fabijan.si\/de\/weinbau\/zubehor-zum-binden\/bindex-bindegummi-6-7cm-ca-740-stk-1kg\/","title":{"rendered":"bindex-bindegummi-6-7cm-ca-740-stk-1kg"},"content":{"rendered":"\n<div class=\"container\">\n<div class=\"breadcrumb-container\"><span><br \/>\n<a href=\"https:\/\/fabijan.si\/de\/\">Zuhause<\/a> | <a href=\"https:\/\/fabijan.si\/de\/weinbau\/\">Weinbau<\/a> | <a href=\"https:\/\/fabijan.si\/de\/weinbau\/zubehor-zum-binden\/\">Zubeh\u00f6r zum Binden<\/a><\/span>\n<\/div>\n<div class=\"row\">\n<div class=\"col-6\">\n<div id=\"carouselExampleControls\" class=\"carousel slide carousel-container\" data-interval=\"false\">\n<div class=\"carousel-inner\">\n<div class=\"carousel-item active\">   <img decoding=\"async\" src=\"https:\/\/fabijan.si\/wp-content\/uploads\/site-content\/slika-gumi-sponka-za-mladice-6.jpg\" class=\"d-block w-100\" alt=\"...\"><\/div>\n<\/p><\/div>\n<p>              <button class=\"carousel-control-prev\" type=\"button\" data-bs-target=\"#carouselExampleControls\" data-bs-slide=\"prev\"><br \/>\n                <span class=\"carousel-control-prev-icon\" aria-hidden=\"true\"><\/span><br \/>\n              <\/button><br \/>\n              <button class=\"carousel-control-next\" type=\"button\" data-bs-target=\"#carouselExampleControls\" data-bs-slide=\"next\"><br \/>\n                <span class=\"carousel-control-next-icon\" aria-hidden=\"true\"><\/span><br \/>\n              <\/button>\n            <\/div>\n<\/p><\/div>\n<div class=\"col-6 slo-name\">\n            Bindex-Bindegummi  6-7cm ca. 740 Stk. 1kg<\/p>\n<div class=\"brand\">Versandeinheit: Packung zu 1 kg<br \/>\nverbesserte Ausf\u00fchrung: starker Anker f\u00fcr noch einfacheres schlie\u00dfen<br \/>\nblitzschnell und leicht zu schlie\u00dfen, zu fixieren, zu \u00f6ffnen und dadurch leicht wiederverwendbar<br \/>\nextrem Dehnbar (ca. 10\u201350 %)<br \/>\ndurch das breite Gummiband w\u00e4chst der Ankergummi nicht ein<br \/>\nkeine Beeintr\u00e4chtigung des Wachstums der Pflanzen<br \/>\nsehr preisg\u00fcnstig<br \/>\nAnkergummi k\u00f6nnen auch zu einer Kette verbunden werden, somit erh\u00e4lt man einen weiteren Umfang.<br \/>\nauch f\u00fcr vielseitige Bindearbeiten im Obst- und Gartenbau einsetzbar.<br \/>\nUV-stabil &#8211; lange Haltbarkeit<br \/>\nFarbe: schwarz<\/p>\n<p>6-7cm ca. 740 Stk. 1kg<\/p><\/div>\n<p>\t\t\t<!-- \n\n<div class=\"price-container\">\n                \n\n<p class=\"price\">###PRICE###<\/p>\n\n --><br \/>\n                <!-- <button type=\"button\" class=\"btn btn-config btn-lg\">Pojdi na konfigurator<\/button> -->\n            <\/div>\n<\/p><\/div>\n<div class=\"menu\">\n<div class=\"btn-group d-flex justify-content-center\" id=\"menu-buttons\">\n              <button type=\"button\" onClick = \"showSpecs()\" class=\"btn menu-button menu-title active\">SPEZIFIKATIONEN<\/button><br \/>\n              <button type=\"button\" onClick = \"showDescription()\" class=\"btn menu-button menu-title\">BESCHREIBUNG<\/button><br \/>\n              <button type=\"button\" onClick = \"showMaterial()\" class=\"btn menu-button menu-title\">MATERIAL<\/button>\n            <\/div>\n<div id=\"specs\">\n<ul class=\"list-group\">\n                Versandeinheit: Packung zu 1 kg<br \/>\nverbesserte Ausf\u00fchrung: starker Anker f\u00fcr noch einfacheres schlie\u00dfen<br \/>\nblitzschnell und leicht zu schlie\u00dfen, zu fixieren, zu \u00f6ffnen und dadurch leicht wiederverwendbar<br \/>\nextrem Dehnbar (ca. 10\u201350 %)<br \/>\ndurch das breite Gummiband w\u00e4chst der Ankergummi nicht ein<br \/>\nkeine Beeintr\u00e4chtigung des Wachstums der Pflanzen<br \/>\nsehr preisg\u00fcnstig<br \/>\nAnkergummi k\u00f6nnen auch zu einer Kette verbunden werden, somit erh\u00e4lt man einen weiteren Umfang.<br \/>\nauch f\u00fcr vielseitige Bindearbeiten im Obst- und Gartenbau einsetzbar.<br \/>\nUV-stabil &#8211; lange Haltbarkeit<br \/>\nFarbe: schwarz<\/p>\n<p>6-7cm ca. 740 Stk. 1kg\n              <\/ul>\n<\/p><\/div>\n<div id=\"description\"><\/div>\n<div id=\"material\"><\/div>\n<\/p><\/div>\n<\/p><\/div>\n<\/p><\/div>\n","protected":false},"excerpt":{"rendered":"<p>Zuhause | Weinbau | Zubeh\u00f6r zum Binden Bindex-Bindegummi 6-7cm ca. 740 Stk. 1kg Versandeinheit: Packung zu 1 kg verbesserte Ausf\u00fchrung: starker Anker f\u00fcr noch einfacheres schlie\u00dfen blitzschnell und leicht zu schlie\u00dfen, zu fixieren, zu \u00f6ffnen und dadurch leicht wiederverwendbar extrem Dehnbar (ca. 10\u201350 %) durch das breite Gummiband w\u00e4chst der Ankergummi nicht ein keine Beeintr\u00e4chtigung [&hellip;]<\/p>\n","protected":false},"author":1,"featured_media":0,"parent":4577528,"menu_order":0,"comment_status":"closed","ping_status":"closed","template":"elementor_theme","meta":{"footnotes":""},"class_list":["post-4577564","page","type-page","status-publish","hentry"],"_links":{"self":[{"href":"https:\/\/fabijan.si\/de\/wp-json\/wp\/v2\/pages\/4577564","targetHints":{"allow":["GET"]}}],"collection":[{"href":"https:\/\/fabijan.si\/de\/wp-json\/wp\/v2\/pages"}],"about":[{"href":"https:\/\/fabijan.si\/de\/wp-json\/wp\/v2\/types\/page"}],"author":[{"embeddable":true,"href":"https:\/\/fabijan.si\/de\/wp-json\/wp\/v2\/users\/1"}],"replies":[{"embeddable":true,"href":"https:\/\/fabijan.si\/de\/wp-json\/wp\/v2\/comments?post=4577564"}],"version-history":[{"count":0,"href":"https:\/\/fabijan.si\/de\/wp-json\/wp\/v2\/pages\/4577564\/revisions"}],"up":[{"embeddable":true,"href":"https:\/\/fabijan.si\/de\/wp-json\/wp\/v2\/pages\/4577528"}],"wp:attachment":[{"href":"https:\/\/fabijan.si\/de\/wp-json\/wp\/v2\/media?parent=4577564"}],"curies":[{"name":"wp","href":"https:\/\/api.w.org\/{rel}","templated":true}]}}