{"id":4577588,"date":"2026-02-03T15:19:13","date_gmt":"2026-02-03T14:19:13","guid":{"rendered":"https:\/\/fabijan.si\/weinbau\/zubehor-zum-binden\/drahtduo-fur-draht-fi-12-16\/"},"modified":"2026-02-03T15:19:13","modified_gmt":"2026-02-03T14:19:13","slug":"drahtduo-fur-draht-fi-12-16","status":"publish","type":"page","link":"https:\/\/fabijan.si\/de\/weinbau\/zubehor-zum-binden\/drahtduo-fur-draht-fi-12-16\/","title":{"rendered":"drahtduo-fur-draht-fi-12-16"},"content":{"rendered":"\n<div class=\"container\">\n<div class=\"breadcrumb-container\"><span><br \/>\n<a href=\"https:\/\/fabijan.si\/de\/\">Zuhause<\/a> | <a href=\"https:\/\/fabijan.si\/de\/weinbau\/\">Weinbau<\/a> | <a href=\"https:\/\/fabijan.si\/de\/weinbau\/zubehor-zum-binden\/\">Zubeh\u00f6r zum Binden<\/a><\/span>\n<\/div>\n<div class=\"row\">\n<div class=\"col-6\">\n<div id=\"carouselExampleControls\" class=\"carousel slide carousel-container\" data-interval=\"false\">\n<div class=\"carousel-inner\">\n<div class=\"carousel-item active\">   <img decoding=\"async\" src=\"https:\/\/fabijan.si\/wp-content\/uploads\/site-content\/00051024.jpg\" class=\"d-block w-100\" alt=\"...\"><\/div>\n<\/p><\/div>\n<p>              <button class=\"carousel-control-prev\" type=\"button\" data-bs-target=\"#carouselExampleControls\" data-bs-slide=\"prev\"><br \/>\n                <span class=\"carousel-control-prev-icon\" aria-hidden=\"true\"><\/span><br \/>\n              <\/button><br \/>\n              <button class=\"carousel-control-next\" type=\"button\" data-bs-target=\"#carouselExampleControls\" data-bs-slide=\"next\"><br \/>\n                <span class=\"carousel-control-next-icon\" aria-hidden=\"true\"><\/span><br \/>\n              <\/button>\n            <\/div>\n<\/p><\/div>\n<div class=\"col-6 slo-name\">\n            DRAHTDUO f\u00fcr Draht fi 1,2-1,6<\/p>\n<div class=\"brand\">Drahtduo, Drahtex 0 und Drahtex 1 werden zum Zusammenhalten der Doppeldr\u00e4hte bei der Heftarbeit verwendet.<br \/>\nDrahtduo und Drahtex klemmen sich auf dem Draht fest, dadurch wird ein Abrutschen in Steillagen verhindert.<\/p>\n<p>Drahtduo f\u00fcr Edelstahldr\u00e4hte von 1,2 -1,6 mm und Drahtabstand 27 mm.<br \/>\nVerpackungseinheiten Drahtduo: Beutel 1000 Stk<br \/>\nGewicht: 0,704 kg<\/p><\/div>\n<p>\t\t\t<!-- \n\n<div class=\"price-container\">\n                \n\n<p class=\"price\">###PRICE###<\/p>\n\n --><br \/>\n                <!-- <button type=\"button\" class=\"btn btn-config btn-lg\">Pojdi na konfigurator<\/button> -->\n            <\/div>\n<\/p><\/div>\n<div class=\"menu\">\n<div class=\"btn-group d-flex justify-content-center\" id=\"menu-buttons\">\n              <button type=\"button\" onClick = \"showSpecs()\" class=\"btn menu-button menu-title active\">SPEZIFIKATIONEN<\/button><br \/>\n              <button type=\"button\" onClick = \"showDescription()\" class=\"btn menu-button menu-title\">BESCHREIBUNG<\/button><br \/>\n              <button type=\"button\" onClick = \"showMaterial()\" class=\"btn menu-button menu-title\">MATERIAL<\/button>\n            <\/div>\n<div id=\"specs\">\n<ul class=\"list-group\">\n                Drahtduo, Drahtex 0 und Drahtex 1 werden zum Zusammenhalten der Doppeldr\u00e4hte bei der Heftarbeit verwendet.<br \/>\nDrahtduo und Drahtex klemmen sich auf dem Draht fest, dadurch wird ein Abrutschen in Steillagen verhindert.<\/p>\n<p>Drahtduo f\u00fcr Edelstahldr\u00e4hte von 1,2 -1,6 mm und Drahtabstand 27 mm.<br \/>\nVerpackungseinheiten Drahtduo: Beutel 1000 Stk<br \/>\nGewicht: 0,704 kg\n              <\/ul>\n<\/p><\/div>\n<div id=\"description\"><\/div>\n<div id=\"material\"><\/div>\n<\/p><\/div>\n<\/p><\/div>\n<\/p><\/div>\n","protected":false},"excerpt":{"rendered":"<p>Zuhause | Weinbau | Zubeh\u00f6r zum Binden DRAHTDUO f\u00fcr Draht fi 1,2-1,6 Drahtduo, Drahtex 0 und Drahtex 1 werden zum Zusammenhalten der Doppeldr\u00e4hte bei der Heftarbeit verwendet. Drahtduo und Drahtex klemmen sich auf dem Draht fest, dadurch wird ein Abrutschen in Steillagen verhindert. Drahtduo f\u00fcr Edelstahldr\u00e4hte von 1,2 -1,6 mm und Drahtabstand 27 mm. Verpackungseinheiten [&hellip;]<\/p>\n","protected":false},"author":1,"featured_media":0,"parent":4577528,"menu_order":0,"comment_status":"closed","ping_status":"closed","template":"elementor_theme","meta":{"footnotes":""},"class_list":["post-4577588","page","type-page","status-publish","hentry"],"_links":{"self":[{"href":"https:\/\/fabijan.si\/de\/wp-json\/wp\/v2\/pages\/4577588","targetHints":{"allow":["GET"]}}],"collection":[{"href":"https:\/\/fabijan.si\/de\/wp-json\/wp\/v2\/pages"}],"about":[{"href":"https:\/\/fabijan.si\/de\/wp-json\/wp\/v2\/types\/page"}],"author":[{"embeddable":true,"href":"https:\/\/fabijan.si\/de\/wp-json\/wp\/v2\/users\/1"}],"replies":[{"embeddable":true,"href":"https:\/\/fabijan.si\/de\/wp-json\/wp\/v2\/comments?post=4577588"}],"version-history":[{"count":0,"href":"https:\/\/fabijan.si\/de\/wp-json\/wp\/v2\/pages\/4577588\/revisions"}],"up":[{"embeddable":true,"href":"https:\/\/fabijan.si\/de\/wp-json\/wp\/v2\/pages\/4577528"}],"wp:attachment":[{"href":"https:\/\/fabijan.si\/de\/wp-json\/wp\/v2\/media?parent=4577588"}],"curies":[{"name":"wp","href":"https:\/\/api.w.org\/{rel}","templated":true}]}}