{"id":4577636,"date":"2026-02-03T15:27:23","date_gmt":"2026-02-03T14:27:23","guid":{"rendered":"https:\/\/fabijan.si\/kellerei\/"},"modified":"2026-02-03T15:27:23","modified_gmt":"2026-02-03T14:27:23","slug":"kellerei","status":"publish","type":"page","link":"https:\/\/fabijan.si\/de\/kellerei\/","title":{"rendered":"kellerei"},"content":{"rendered":"<div class=\"breadcrumb-container\"><span><a href=\"https:\/\/fabijan.si\/de\/\">Zuhause<\/a><\/span><\/div>\n<div class=\"category-title\" style=\"display: flex; justify-content: center;\">\n<h2>Kellerei<\/h2>\n<\/div>\n<div class=\"mygallery\">\n<div class=\"row\">\n<div class=\"col-sm-3 galleryitem\">\n  <!-- order:1 --><\/p>\n<div class=\"one-item\">\n      <a href=\"https:\/\/fabijan.si\/de\/kellerei\/behandlungsmaterialien\/\"><img decoding=\"async\"\n        src=\"https:\/\/fabijan.si\/wp-content\/uploads\/site-content\/enoloska-sredstva.jpg\"\n        srcset=\"          https:\/\/fabijan.si\/wp-content\/uploads\/site-content\/enoloska-sredstva.jpg 300w,\n          https:\/\/fabijan.si\/wp-content\/uploads\/site-content\/enoloska-sredstva.jpg 150w\n        \"\n      \/><\/a><\/p>\n<h4>Behandlungsmaterialien<\/h4>\n<\/p><\/div>\n<\/p><\/div>\n<div class=\"col-sm-3 galleryitem\">\n  <!-- order:2 --><\/p>\n<div class=\"one-item\">\n      <a href=\"https:\/\/fabijan.si\/de\/kellerei\/reagenzen\/\"><img decoding=\"async\"\n        src=\"https:\/\/fabijan.si\/wp-content\/uploads\/site-content\/enologija.jpg\"\n        srcset=\"          https:\/\/fabijan.si\/wp-content\/uploads\/site-content\/enologija.jpg 300w,\n          https:\/\/fabijan.si\/wp-content\/uploads\/site-content\/enologija.jpg 150w\n        \"\n      \/><\/a><\/p>\n<h4>Reagenzen<\/h4>\n<\/p><\/div>\n<\/p><\/div>\n<div class=\"col-sm-3 galleryitem\">\n  <!-- order:3 --><\/p>\n<div class=\"one-item\">\n      <a href=\"https:\/\/fabijan.si\/de\/kellerei\/pumpen\/\"><img decoding=\"async\"\n        src=\"https:\/\/fabijan.si\/wp-content\/uploads\/site-content\/crpalke-razlicne.jpg\"\n        srcset=\"          https:\/\/fabijan.si\/wp-content\/uploads\/site-content\/crpalke-razlicne.jpg 300w,\n          https:\/\/fabijan.si\/wp-content\/uploads\/site-content\/crpalke-razlicne.jpg 150w\n        \"\n      \/><\/a><\/p>\n<h4>Pumpen<\/h4>\n<\/p><\/div>\n<\/p><\/div>\n<\/div>\n<div class=\"row\">\n<div class=\"col-sm-3 galleryitem\">\n  <!-- order:4 --><\/p>\n<div class=\"one-item\">\n      <a href=\"https:\/\/fabijan.si\/de\/kellerei\/filter\/\"><img decoding=\"async\"\n        src=\"https:\/\/fabijan.si\/wp-content\/uploads\/site-content\/filtri-razlicni.jpg\"\n        srcset=\"          https:\/\/fabijan.si\/wp-content\/uploads\/site-content\/filtri-razlicni.jpg 300w,\n          https:\/\/fabijan.si\/wp-content\/uploads\/site-content\/filtri-razlicni.jpg 150w\n        \"\n      \/><\/a><\/p>\n<h4>Filter<\/h4>\n<\/p><\/div>\n<\/p><\/div>\n<div class=\"col-sm-3 galleryitem\">\n  <!-- order:5 --><\/p>\n<div class=\"one-item\">\n      <a href=\"https:\/\/fabijan.si\/de\/kellerei\/filtrieren\/\"><img decoding=\"async\"\n        src=\"https:\/\/fabijan.si\/wp-content\/uploads\/site-content\/00006642.jpg\"\n        srcset=\"          https:\/\/fabijan.si\/wp-content\/uploads\/site-content\/00006642.jpg 300w,\n          https:\/\/fabijan.si\/wp-content\/uploads\/site-content\/00006642.jpg 150w\n        \"\n      \/><\/a><\/p>\n<h4>Filtrieren<\/h4>\n<\/p><\/div>\n<\/p><\/div>\n<div class=\"col-sm-3 galleryitem\">\n  <!-- order:6 --><\/p>\n<div class=\"one-item\">\n      <a href=\"https:\/\/fabijan.si\/de\/kellerei\/verschlussmachinen\/\"><img decoding=\"async\"\n        src=\"https:\/\/fabijan.si\/wp-content\/uploads\/site-content\/zapiralci.jpg\"\n        srcset=\"          https:\/\/fabijan.si\/wp-content\/uploads\/site-content\/zapiralci.jpg 300w,\n          https:\/\/fabijan.si\/wp-content\/uploads\/site-content\/zapiralci.jpg 150w\n        \"\n      \/><\/a><\/p>\n<h4>Verschlussmachinen<\/h4>\n<\/p><\/div>\n<\/p><\/div>\n<\/div>\n<div class=\"row\">\n<div class=\"col-sm-3 galleryitem\">\n  <!-- order:7 --><\/p>\n<div class=\"one-item\">\n      <a href=\"https:\/\/fabijan.si\/de\/kellerei\/ruhrgerate\/\"><img decoding=\"async\"\n        src=\"https:\/\/fabijan.si\/wp-content\/uploads\/site-content\/mesala-za-vino.jpg\"\n        srcset=\"          https:\/\/fabijan.si\/wp-content\/uploads\/site-content\/mesala-za-vino.jpg 300w,\n          https:\/\/fabijan.si\/wp-content\/uploads\/site-content\/mesala-za-vino.jpg 150w\n        \"\n      \/><\/a><\/p>\n<h4>R\u00fchrger\u00e4te<\/h4>\n<\/p><\/div>\n<\/p><\/div>\n<div class=\"col-sm-3 galleryitem\">\n  <!-- order:8 --><\/p>\n<div class=\"one-item\">\n      <a href=\"https:\/\/fabijan.si\/de\/kellerei\/fullgerate\/\"><img decoding=\"async\"\n        src=\"https:\/\/fabijan.si\/wp-content\/uploads\/site-content\/polnilni-stroji.jpg\"\n        srcset=\"          https:\/\/fabijan.si\/wp-content\/uploads\/site-content\/polnilni-stroji.jpg 300w,\n          https:\/\/fabijan.si\/wp-content\/uploads\/site-content\/polnilni-stroji.jpg 150w\n        \"\n      \/><\/a><\/p>\n<h4>F\u00fcllger\u00e4te<\/h4>\n<\/p><\/div>\n<\/p><\/div>\n<div class=\"col-sm-3 galleryitem\">\n  <!-- order:9 --><\/p>\n<div class=\"one-item\">\n      <a href=\"https:\/\/fabijan.si\/de\/kellerei\/dampfer\/\"><img decoding=\"async\"\n        src=\"https:\/\/fabijan.si\/wp-content\/uploads\/site-content\/00054290.jpg\"\n        srcset=\"          https:\/\/fabijan.si\/wp-content\/uploads\/site-content\/00054290.jpg 300w,\n          https:\/\/fabijan.si\/wp-content\/uploads\/site-content\/00054290.jpg 150w\n        \"\n      \/><\/a><\/p>\n<h4>D\u00e4mpfer<\/h4>\n<\/p><\/div>\n<\/p><\/div>\n<\/div>\n<div class=\"row\">\n<div class=\"col-sm-3 galleryitem\">\n  <!-- order:10 --><\/p>\n<div class=\"one-item\">\n      <a href=\"https:\/\/fabijan.si\/de\/kellerei\/rinser\/\"><img decoding=\"async\"\n        src=\"https:\/\/fabijan.si\/wp-content\/uploads\/site-content\/sterilizatorji.jpg\"\n        srcset=\"          https:\/\/fabijan.si\/wp-content\/uploads\/site-content\/sterilizatorji.jpg 300w,\n          https:\/\/fabijan.si\/wp-content\/uploads\/site-content\/sterilizatorji.jpg 150w\n        \"\n      \/><\/a><\/p>\n<h4>Rinser<\/h4>\n<\/p><\/div>\n<\/p><\/div>\n<div class=\"col-sm-3 galleryitem\">\n  <!-- order:11 --><\/p>\n<div class=\"one-item\">\n      <a href=\"https:\/\/fabijan.si\/de\/kellerei\/ausenreiniger\/\"><img decoding=\"async\"\n        src=\"https:\/\/fabijan.si\/wp-content\/uploads\/site-content\/costral-hydra.jpg\"\n        srcset=\"          https:\/\/fabijan.si\/wp-content\/uploads\/site-content\/costral-hydra.jpg 300w,\n          https:\/\/fabijan.si\/wp-content\/uploads\/site-content\/costral-hydra.jpg 150w\n        \"\n      \/><\/a><\/p>\n<h4>Ausenreiniger<\/h4>\n<\/p><\/div>\n<\/p><\/div>\n<div class=\"col-sm-3 galleryitem\">\n  <!-- order:12 --><\/p>\n<div class=\"one-item\">\n      <a href=\"https:\/\/fabijan.si\/de\/kellerei\/etiketiermachinen\/\"><img decoding=\"async\"\n        src=\"https:\/\/fabijan.si\/wp-content\/uploads\/site-content\/etiketirni-stroji-avtomatski-polavtomatski-naslovna-stran.jpg\"\n        srcset=\"          https:\/\/fabijan.si\/wp-content\/uploads\/site-content\/etiketirni-stroji-avtomatski-polavtomatski-naslovna-stran.jpg 300w,\n          https:\/\/fabijan.si\/wp-content\/uploads\/site-content\/etiketirni-stroji-avtomatski-polavtomatski-naslovna-stran.jpg 150w\n        \"\n      \/><\/a><\/p>\n<h4>Etiketiermachinen<\/h4>\n<\/p><\/div>\n<\/p><\/div>\n<\/div>\n<div class=\"row\">\n<div class=\"col-sm-3 galleryitem\">\n  <!-- order:13 --><\/p>\n<div class=\"one-item\">\n      <a href=\"https:\/\/fabijan.si\/de\/kellerei\/immervolltanks\/\"><img decoding=\"async\"\n        src=\"https:\/\/fabijan.si\/wp-content\/uploads\/site-content\/posoda-e.jpeg\"\n        srcset=\"          https:\/\/fabijan.si\/wp-content\/uploads\/site-content\/posoda-e.jpeg 300w,\n          https:\/\/fabijan.si\/wp-content\/uploads\/site-content\/posoda-e.jpeg 150w\n        \"\n      \/><\/a><\/p>\n<h4>Immervolltanks<\/h4>\n<\/p><\/div>\n<\/p><\/div>\n<div class=\"col-sm-3 galleryitem\">\n  <!-- order:14 --><\/p>\n<div class=\"one-item\">\n      <a href=\"https:\/\/fabijan.si\/de\/kellerei\/rinnensysteme-edelstahl-skrlj\/\"><img decoding=\"async\"\n        src=\"https:\/\/fabijan.si\/wp-content\/uploads\/site-content\/skrlj-kanali-in-sifoni.jpg\"\n        srcset=\"          https:\/\/fabijan.si\/wp-content\/uploads\/site-content\/skrlj-kanali-in-sifoni.jpg 300w,\n          https:\/\/fabijan.si\/wp-content\/uploads\/site-content\/skrlj-kanali-in-sifoni.jpg 150w\n        \"\n      \/><\/a><\/p>\n<h4>Rinnensysteme Edelstahl \u0160KRLJ<\/h4>\n<\/p><\/div>\n<\/p><\/div>\n<div class=\"col-sm-3 galleryitem\">\n  <!-- order:15 --><\/p>\n<div class=\"one-item\">\n      <a href=\"https:\/\/fabijan.si\/de\/kellerei\/flaschen\/\"><img decoding=\"async\"\n        src=\"https:\/\/fabijan.si\/wp-content\/uploads\/site-content\/slika-druga-oblika-steklenice.jpg\"\n        srcset=\"          https:\/\/fabijan.si\/wp-content\/uploads\/site-content\/slika-druga-oblika-steklenice.jpg 300w,\n          https:\/\/fabijan.si\/wp-content\/uploads\/site-content\/slika-druga-oblika-steklenice.jpg 150w\n        \"\n      \/><\/a><\/p>\n<h4>Flaschen<\/h4>\n<\/p><\/div>\n<\/p><\/div>\n<\/div>\n<div class=\"row\">\n<div class=\"col-sm-3 galleryitem\">\n  <!-- order:16 --><\/p>\n<div class=\"one-item\">\n      <a href=\"https:\/\/fabijan.si\/de\/kellerei\/verschlusse\/\"><img decoding=\"async\"\n        src=\"https:\/\/fabijan.si\/wp-content\/uploads\/site-content\/navojni.jpg\"\n        srcset=\"          https:\/\/fabijan.si\/wp-content\/uploads\/site-content\/navojni.jpg 300w,\n          https:\/\/fabijan.si\/wp-content\/uploads\/site-content\/navojni.jpg 150w\n        \"\n      \/><\/a><\/p>\n<h4>Verschl\u00fcsse<\/h4>\n<\/p><\/div>\n<\/p><\/div>\n<div class=\"col-sm-3 galleryitem\">\n  <!-- order:17 --><\/p>\n<div class=\"one-item\">\n      <a href=\"https:\/\/fabijan.si\/de\/kellerei\/dekorative-hulsen-und-drahte\/\"><img decoding=\"async\"\n        src=\"https:\/\/fabijan.si\/wp-content\/uploads\/site-content\/00045212.jpg\"\n        srcset=\"          https:\/\/fabijan.si\/wp-content\/uploads\/site-content\/00045212.jpg 300w,\n          https:\/\/fabijan.si\/wp-content\/uploads\/site-content\/00045212.jpg 150w\n        \"\n      \/><\/a><\/p>\n<h4>Dekorative H\u00fclsen und Dr\u00e4hte<\/h4>\n<\/p><\/div>\n<\/p><\/div>\n<div class=\"col-sm-3 galleryitem\">\n  <!-- order:18 --><\/p>\n<div class=\"one-item\">\n      <a href=\"https:\/\/fabijan.si\/de\/kellerei\/halbautomatischer-flaschenhalsfrierer\/\"><img decoding=\"async\"\n        src=\"https:\/\/fabijan.si\/wp-content\/uploads\/site-content\/pg-89.jpg\"\n        srcset=\"          https:\/\/fabijan.si\/wp-content\/uploads\/site-content\/pg-89.jpg 300w,\n          https:\/\/fabijan.si\/wp-content\/uploads\/site-content\/pg-89.jpg 150w\n        \"\n      \/><\/a><\/p>\n<h4>Halbautomatischer Flaschenhalsfrierer<\/h4>\n<\/p><\/div>\n<\/p><\/div>\n<\/div>\n<div class=\"row\">\n<div class=\"col-sm-3 galleryitem\">\n  <!-- order:19 --><\/p>\n<div class=\"one-item\">\n      <a href=\"https:\/\/fabijan.si\/de\/kellerei\/spiralschlauch-bacco\/\"><img decoding=\"async\"\n        src=\"https:\/\/fabijan.si\/wp-content\/uploads\/site-content\/sl760032.jpg\"\n        srcset=\"          https:\/\/fabijan.si\/wp-content\/uploads\/site-content\/sl760032.jpg 300w,\n          https:\/\/fabijan.si\/wp-content\/uploads\/site-content\/sl760032.jpg 150w\n        \"\n      \/><\/a><\/p>\n<h4>Spiralschlauch (BACCO)<\/h4>\n<\/p><\/div>\n<\/p><\/div>\n<div class=\"col-sm-3 galleryitem\">\n  <!-- order:20 --><\/p>\n<div class=\"one-item\">\n      <a href=\"https:\/\/fabijan.si\/de\/kellerei\/fittings-und-rohrfittings\/\"><img decoding=\"async\"\n        src=\"https:\/\/fabijan.si\/wp-content\/uploads\/site-content\/armature-in-cevni-nastavki.jpg\"\n        srcset=\"          https:\/\/fabijan.si\/wp-content\/uploads\/site-content\/armature-in-cevni-nastavki.jpg 300w,\n          https:\/\/fabijan.si\/wp-content\/uploads\/site-content\/armature-in-cevni-nastavki.jpg 150w\n        \"\n      \/><\/a><\/p>\n<h4>Fittings und Rohrfittings<\/h4>\n<\/p><\/div>\n<\/p><\/div>\n<div class=\"col-sm-3 galleryitem\">\n  <!-- order:21 --><\/p>\n<div class=\"one-item\">\n      <a href=\"https:\/\/fabijan.si\/de\/kellerei\/weinlagerung-und-handhabung\/\"><img decoding=\"async\"\n        src=\"https:\/\/fabijan.si\/wp-content\/uploads\/site-content\/00032498_1.jpg\"\n        srcset=\"          https:\/\/fabijan.si\/wp-content\/uploads\/site-content\/00032498_1.jpg 300w,\n          https:\/\/fabijan.si\/wp-content\/uploads\/site-content\/00032498_1.jpg 150w\n        \"\n      \/><\/a><\/p>\n<h4>Weinlagerung und -handhabung<\/h4>\n<\/p><\/div>\n<\/p><\/div>\n<\/div>\n<\/div>\n","protected":false},"excerpt":{"rendered":"<p>Zuhause Kellerei Behandlungsmaterialien Reagenzen Pumpen Filter Filtrieren Verschlussmachinen R\u00fchrger\u00e4te F\u00fcllger\u00e4te D\u00e4mpfer Rinser Ausenreiniger Etiketiermachinen Immervolltanks Rinnensysteme Edelstahl \u0160KRLJ Flaschen Verschl\u00fcsse Dekorative H\u00fclsen und Dr\u00e4hte Halbautomatischer Flaschenhalsfrierer Spiralschlauch (BACCO) Fittings und Rohrfittings Weinlagerung und -handhabung<\/p>\n","protected":false},"author":1,"featured_media":0,"parent":0,"menu_order":0,"comment_status":"closed","ping_status":"closed","template":"elementor_theme","meta":{"footnotes":""},"class_list":["post-4577636","page","type-page","status-publish","hentry"],"_links":{"self":[{"href":"https:\/\/fabijan.si\/de\/wp-json\/wp\/v2\/pages\/4577636","targetHints":{"allow":["GET"]}}],"collection":[{"href":"https:\/\/fabijan.si\/de\/wp-json\/wp\/v2\/pages"}],"about":[{"href":"https:\/\/fabijan.si\/de\/wp-json\/wp\/v2\/types\/page"}],"author":[{"embeddable":true,"href":"https:\/\/fabijan.si\/de\/wp-json\/wp\/v2\/users\/1"}],"replies":[{"embeddable":true,"href":"https:\/\/fabijan.si\/de\/wp-json\/wp\/v2\/comments?post=4577636"}],"version-history":[{"count":0,"href":"https:\/\/fabijan.si\/de\/wp-json\/wp\/v2\/pages\/4577636\/revisions"}],"wp:attachment":[{"href":"https:\/\/fabijan.si\/de\/wp-json\/wp\/v2\/media?parent=4577636"}],"curies":[{"name":"wp","href":"https:\/\/api.w.org\/{rel}","templated":true}]}}