{"id":4577660,"date":"2026-02-03T15:27:41","date_gmt":"2026-02-03T14:27:41","guid":{"rendered":"https:\/\/fabijan.si\/kellerei\/fullgerate\/automatische-abfullanlagen\/"},"modified":"2026-02-03T15:27:41","modified_gmt":"2026-02-03T14:27:41","slug":"automatische-abfullanlagen","status":"publish","type":"page","link":"https:\/\/fabijan.si\/de\/kellerei\/fullgerate\/automatische-abfullanlagen\/","title":{"rendered":"automatische-abfullanlagen"},"content":{"rendered":"<p><!-- product id: 282 --><\/p>\n<div class=\"mygallery\">\n<div class=\"breadcrumb-container\"><span><br \/>\n<a href=\"https:\/\/fabijan.si\/de\/\">Zuhause<\/a> | <a href=\"https:\/\/fabijan.si\/de\/kellerei\/\">Kellerei<\/a> | <a href=\"https:\/\/fabijan.si\/de\/kellerei\/fullgerate\/\">F\u00fcllger\u00e4te<\/a><\/span>\n<\/div>\n<div class=\"category-title\" style=\"display: flex; justify-content: center;\">\n<h2>Automatische Abf\u00fcllanlagen<\/h2>\n<\/div>\n<div class=\"row\">\n<div class=\"col-sm-3 galleryitem\">\n<div class=\"one-item\">\n  <!-- order:1 --><br \/>\n      <a href=\".\/costral\"><img decoding=\"async\"\n        src=\"https:\/\/fabijan.si\/wp-content\/uploads\/site-content\/polnilna-linija-costral.jpg\"\n        srcset=\"          https:\/\/fabijan.si\/wp-content\/uploads\/site-content\/polnilna-linija-costral.jpg  300w,\n         https:\/\/fabijan.si\/wp-content\/uploads\/site-content\/polnilna-linija-costral.jpg   150w\n        \"\n      \/><\/a><\/p>\n<h4>COSTRAL<\/h4>\n<\/p><\/div>\n<\/p><\/div>\n<div class=\"col-sm-3 galleryitem\">\n<div class=\"one-item\">\n  <!-- order:2 --><br \/>\n      <a href=\".\/borelli\"><img decoding=\"async\"\n        src=\"https:\/\/fabijan.si\/wp-content\/uploads\/site-content\/polnilna-linija-borelli.jpg\"\n        srcset=\"          https:\/\/fabijan.si\/wp-content\/uploads\/site-content\/polnilna-linija-borelli.jpg  300w,\n         https:\/\/fabijan.si\/wp-content\/uploads\/site-content\/polnilna-linija-borelli.jpg   150w\n        \"\n      \/><\/a><\/p>\n<h4>BORELLI<\/h4>\n<\/p><\/div>\n<\/p><\/div>\n<\/div>\n<\/div>\n","protected":false},"excerpt":{"rendered":"<p>Zuhause | Kellerei | F\u00fcllger\u00e4te Automatische Abf\u00fcllanlagen COSTRAL BORELLI<\/p>\n","protected":false},"author":1,"featured_media":0,"parent":4577657,"menu_order":0,"comment_status":"closed","ping_status":"closed","template":"elementor_theme","meta":{"footnotes":""},"class_list":["post-4577660","page","type-page","status-publish","hentry"],"_links":{"self":[{"href":"https:\/\/fabijan.si\/de\/wp-json\/wp\/v2\/pages\/4577660","targetHints":{"allow":["GET"]}}],"collection":[{"href":"https:\/\/fabijan.si\/de\/wp-json\/wp\/v2\/pages"}],"about":[{"href":"https:\/\/fabijan.si\/de\/wp-json\/wp\/v2\/types\/page"}],"author":[{"embeddable":true,"href":"https:\/\/fabijan.si\/de\/wp-json\/wp\/v2\/users\/1"}],"replies":[{"embeddable":true,"href":"https:\/\/fabijan.si\/de\/wp-json\/wp\/v2\/comments?post=4577660"}],"version-history":[{"count":0,"href":"https:\/\/fabijan.si\/de\/wp-json\/wp\/v2\/pages\/4577660\/revisions"}],"up":[{"embeddable":true,"href":"https:\/\/fabijan.si\/de\/wp-json\/wp\/v2\/pages\/4577657"}],"wp:attachment":[{"href":"https:\/\/fabijan.si\/de\/wp-json\/wp\/v2\/media?parent=4577660"}],"curies":[{"name":"wp","href":"https:\/\/api.w.org\/{rel}","templated":true}]}}