{"id":4577708,"date":"2026-02-03T15:28:00","date_gmt":"2026-02-03T14:28:00","guid":{"rendered":"https:\/\/fabijan.si\/kellerei\/behandlungsmaterialien\/hefen\/hefe-zymaflore-vl2-500-g-burgunder\/"},"modified":"2026-02-03T15:28:00","modified_gmt":"2026-02-03T14:28:00","slug":"hefe-zymaflore-vl2-500-g-burgunder","status":"publish","type":"page","link":"https:\/\/fabijan.si\/de\/kellerei\/behandlungsmaterialien\/hefen\/hefe-zymaflore-vl2-500-g-burgunder\/","title":{"rendered":"hefe-zymaflore-vl2-500-g-burgunder"},"content":{"rendered":"\n<div class=\"container\">\n<div class=\"breadcrumb-container\"><span><br \/>\n<a href=\"https:\/\/fabijan.si\/de\/\">Zuhause<\/a> | <a href=\"https:\/\/fabijan.si\/de\/kellerei\/\">Kellerei<\/a> | <a href=\"https:\/\/fabijan.si\/de\/kellerei\/behandlungsmaterialien\/\">Behandlungsmaterialien<\/a> | <a href=\"https:\/\/fabijan.si\/de\/kellerei\/behandlungsmaterialien\/hefen\/\">Hefen<\/a><\/span>\n<\/div>\n<div class=\"row\">\n<div class=\"col-6\">\n<div id=\"carouselExampleControls\" class=\"carousel slide carousel-container\" data-interval=\"false\">\n<div class=\"carousel-inner\">\n<div class=\"carousel-item active\">   <img decoding=\"async\" src=\"https:\/\/fabijan.si\/wp-content\/uploads\/site-content\/00013142.jpg\" class=\"d-block w-100\" alt=\"...\"><\/div>\n<\/p><\/div>\n<p>              <button class=\"carousel-control-prev\" type=\"button\" data-bs-target=\"#carouselExampleControls\" data-bs-slide=\"prev\"><br \/>\n                <span class=\"carousel-control-prev-icon\" aria-hidden=\"true\"><\/span><br \/>\n              <\/button><br \/>\n              <button class=\"carousel-control-next\" type=\"button\" data-bs-target=\"#carouselExampleControls\" data-bs-slide=\"next\"><br \/>\n                <span class=\"carousel-control-next-icon\" aria-hidden=\"true\"><\/span><br \/>\n              <\/button>\n            <\/div>\n<\/p><\/div>\n<div class=\"col-6 slo-name\">\n            Hefe ZYMAFLORE VL2 500 g (Burgunder)<\/p>\n<div class=\"brand\">Hefestamm zur Herstellung komplexer und vollmundiger Wei\u00dfweine (Bildung von Polysacchariden) unter Ber\u00fccksichtigung<br \/>\nvon Sortentyp und Terroir (Chardonnay, S\u00e9millon, Viognier). Pof-negativ zur Erzielung eines feinen und klaren Aromaprofils.<br \/>\nHervorragend geeignet zum Ausbau im Barrique und zur Ausarbeitung sortentypischer, eleganter Wei\u00dfweine (SuperPremium und Ultra-Premium).<br \/>\nDieser Stamm ging aus einer Terroir-Selektion im Burgund hervor.<\/div>\n<p>\t\t\t<!-- \n\n<div class=\"price-container\">\n                \n\n<p class=\"price\">###PRICE###<\/p>\n\n --><br \/>\n                <!-- <button type=\"button\" class=\"btn btn-config btn-lg\">Pojdi na konfigurator<\/button> -->\n            <\/div>\n<\/p><\/div>\n<div class=\"menu\">\n<div class=\"btn-group d-flex justify-content-center\" id=\"menu-buttons\">\n              <button type=\"button\" onClick = \"showSpecs()\" class=\"btn menu-button menu-title active\">SPEZIFIKATIONEN<\/button><br \/>\n              <button type=\"button\" onClick = \"showDescription()\" class=\"btn menu-button menu-title\">BESCHREIBUNG<\/button><br \/>\n              <button type=\"button\" onClick = \"showMaterial()\" class=\"btn menu-button menu-title\">MATERIAL<\/button>\n            <\/div>\n<div id=\"specs\">\n<ul class=\"list-group\">\n                Hefestamm zur Herstellung komplexer und vollmundiger Wei\u00dfweine (Bildung von Polysacchariden) unter Ber\u00fccksichtigung<br \/>\nvon Sortentyp und Terroir (Chardonnay, S\u00e9millon, Viognier). Pof-negativ zur Erzielung eines feinen und klaren Aromaprofils.<br \/>\nHervorragend geeignet zum Ausbau im Barrique und zur Ausarbeitung sortentypischer, eleganter Wei\u00dfweine (SuperPremium und Ultra-Premium).<br \/>\nDieser Stamm ging aus einer Terroir-Selektion im Burgund hervor.\n              <\/ul>\n<\/p><\/div>\n<div id=\"description\">\n              erroir-Selektion<\/p>\n<p>Stamm im Burgund selektiert.<br \/>\nKeine Bildung von Vinyl-Phenol (POF-), erzeugt ein zartes, reines Weinprofil.<br \/>\nHohe Produktion von Polysacchariden (tragen zu weichem Mundgef\u00fchl bei).<br \/>\nEmpfohlen f\u00fcr:<br \/>\nAusgezeichnetes Mundgef\u00fchl.<br \/>\nVerg\u00e4rung im Fass.<\/p>\n<p>Kvasovka za Chardonnay, Beli Pinot in pozne trgatve.<br \/>\nSev je selekcionirani v Burgundiji.<br \/>\nPof (-) zna\u010daj (ni nastanka vinil fenola), ustvarja delikaten in \u010dist vinski profil.<br \/>\nVisoka produkcija polisaharidov-odli\u010den, poln okus v ustih.<br \/>\nZelo primerna kvasovka za fermentacijo v lesenem sodu.<br \/>\nDOZIRANJE: 20 &#8211; 30 g\/hl<br \/>\nHRAMBA: Hranimo v orginalno zaprti embala\u017ei v hladnem in suhem prostoru.<br \/>\nRok uporabe na embala\u017ei.<br \/>\nSelekcionirane aktivne suhe kvasovke.<br \/>\nBrez gensko spremenjenih organizmov.<br \/>\nZa uporabo v \u017eivilski industriji.<br \/>\nPotrjeno s strani Mednarodnega enolo\u0161kega kodeksa.<br \/>\nZA ENOLO\u0160KO UPORABO.\n            <\/p><\/div>\n<div id=\"material\"><\/div>\n<\/p><\/div>\n<\/p><\/div>\n<\/p><\/div>\n","protected":false},"excerpt":{"rendered":"<p>Zuhause | Kellerei | Behandlungsmaterialien | Hefen Hefe ZYMAFLORE VL2 500 g (Burgunder) Hefestamm zur Herstellung komplexer und vollmundiger Wei\u00dfweine (Bildung von Polysacchariden) unter Ber\u00fccksichtigung von Sortentyp und Terroir (Chardonnay, S\u00e9millon, Viognier). Pof-negativ zur Erzielung eines feinen und klaren Aromaprofils. Hervorragend geeignet zum Ausbau im Barrique und zur Ausarbeitung sortentypischer, eleganter Wei\u00dfweine (SuperPremium und Ultra-Premium). [&hellip;]<\/p>\n","protected":false},"author":1,"featured_media":0,"parent":4577693,"menu_order":0,"comment_status":"closed","ping_status":"closed","template":"elementor_theme","meta":{"footnotes":""},"class_list":["post-4577708","page","type-page","status-publish","hentry"],"_links":{"self":[{"href":"https:\/\/fabijan.si\/de\/wp-json\/wp\/v2\/pages\/4577708","targetHints":{"allow":["GET"]}}],"collection":[{"href":"https:\/\/fabijan.si\/de\/wp-json\/wp\/v2\/pages"}],"about":[{"href":"https:\/\/fabijan.si\/de\/wp-json\/wp\/v2\/types\/page"}],"author":[{"embeddable":true,"href":"https:\/\/fabijan.si\/de\/wp-json\/wp\/v2\/users\/1"}],"replies":[{"embeddable":true,"href":"https:\/\/fabijan.si\/de\/wp-json\/wp\/v2\/comments?post=4577708"}],"version-history":[{"count":0,"href":"https:\/\/fabijan.si\/de\/wp-json\/wp\/v2\/pages\/4577708\/revisions"}],"up":[{"embeddable":true,"href":"https:\/\/fabijan.si\/de\/wp-json\/wp\/v2\/pages\/4577693"}],"wp:attachment":[{"href":"https:\/\/fabijan.si\/de\/wp-json\/wp\/v2\/media?parent=4577708"}],"curies":[{"name":"wp","href":"https:\/\/api.w.org\/{rel}","templated":true}]}}