{"id":4577711,"date":"2026-02-03T15:28:01","date_gmt":"2026-02-03T14:28:01","guid":{"rendered":"https:\/\/fabijan.si\/kellerei\/behandlungsmaterialien\/hefen\/hefe-zymaflore-vl3-500-g-sauvignon-blanc\/"},"modified":"2026-02-03T15:28:01","modified_gmt":"2026-02-03T14:28:01","slug":"hefe-zymaflore-vl3-500-g-sauvignon-blanc","status":"publish","type":"page","link":"https:\/\/fabijan.si\/de\/kellerei\/behandlungsmaterialien\/hefen\/hefe-zymaflore-vl3-500-g-sauvignon-blanc\/","title":{"rendered":"hefe-zymaflore-vl3-500-g-sauvignon-blanc"},"content":{"rendered":"\n<div class=\"container\">\n<div class=\"breadcrumb-container\"><span><br \/>\n<a href=\"https:\/\/fabijan.si\/de\/\">Zuhause<\/a> | <a href=\"https:\/\/fabijan.si\/de\/kellerei\/\">Kellerei<\/a> | <a href=\"https:\/\/fabijan.si\/de\/kellerei\/behandlungsmaterialien\/\">Behandlungsmaterialien<\/a> | <a href=\"https:\/\/fabijan.si\/de\/kellerei\/behandlungsmaterialien\/hefen\/\">Hefen<\/a><\/span>\n<\/div>\n<div class=\"row\">\n<div class=\"col-6\">\n<div id=\"carouselExampleControls\" class=\"carousel slide carousel-container\" data-interval=\"false\">\n<div class=\"carousel-inner\">\n<div class=\"carousel-item active\">   <img decoding=\"async\" src=\"https:\/\/fabijan.si\/wp-content\/uploads\/site-content\/00013144.jpg\" class=\"d-block w-100\" alt=\"...\"><\/div>\n<\/p><\/div>\n<p>              <button class=\"carousel-control-prev\" type=\"button\" data-bs-target=\"#carouselExampleControls\" data-bs-slide=\"prev\"><br \/>\n                <span class=\"carousel-control-prev-icon\" aria-hidden=\"true\"><\/span><br \/>\n              <\/button><br \/>\n              <button class=\"carousel-control-next\" type=\"button\" data-bs-target=\"#carouselExampleControls\" data-bs-slide=\"next\"><br \/>\n                <span class=\"carousel-control-next-icon\" aria-hidden=\"true\"><\/span><br \/>\n              <\/button>\n            <\/div>\n<\/p><\/div>\n<div class=\"col-6 slo-name\">\n            Hefe ZYMAFLORE VL3 500 g (Sauvignon Blanc)<\/p>\n<div class=\"brand\">TERROIR-SELEKTION<br \/>\nIsoliert aus den besten Sauvignon Blanc Weinbergen des Bordeaux.<br \/>\nGute F\u00e4higkeit, die aus dem Most sortentypischen geruchlosen Aromavorstufen in der<br \/>\nG\u00e4rung zu bilden.<br \/>\nMundgef\u00fchl: volumin\u00f6s und rund.<br \/>\nEmpfohlen f\u00fcr:<br \/>\nWeine mit Finesse und Eleganz.<br \/>\nWeine mit einem klassischen sortentypischen Aromaprofil.<\/div>\n<p>\t\t\t<!-- \n\n<div class=\"price-container\">\n                \n\n<p class=\"price\">###PRICE###<\/p>\n\n --><br \/>\n                <!-- <button type=\"button\" class=\"btn btn-config btn-lg\">Pojdi na konfigurator<\/button> -->\n            <\/div>\n<\/p><\/div>\n<div class=\"menu\">\n<div class=\"btn-group d-flex justify-content-center\" id=\"menu-buttons\">\n              <button type=\"button\" onClick = \"showSpecs()\" class=\"btn menu-button menu-title active\">SPEZIFIKATIONEN<\/button><br \/>\n              <button type=\"button\" onClick = \"showDescription()\" class=\"btn menu-button menu-title\">BESCHREIBUNG<\/button><br \/>\n              <button type=\"button\" onClick = \"showMaterial()\" class=\"btn menu-button menu-title\">MATERIAL<\/button>\n            <\/div>\n<div id=\"specs\">\n<ul class=\"list-group\">\n                TERROIR-SELEKTION<br \/>\nIsoliert aus den besten Sauvignon Blanc Weinbergen des Bordeaux.<br \/>\nGute F\u00e4higkeit, die aus dem Most sortentypischen geruchlosen Aromavorstufen in der<br \/>\nG\u00e4rung zu bilden.<br \/>\nMundgef\u00fchl: volumin\u00f6s und rund.<br \/>\nEmpfohlen f\u00fcr:<br \/>\nWeine mit Finesse und Eleganz.<br \/>\nWeine mit einem klassischen sortentypischen Aromaprofil.\n              <\/ul>\n<\/p><\/div>\n<div id=\"description\">\n              TERROIR-SELEKTION<br \/>\nIsoliert aus den besten Sauvignon Blanc Weinbergen des Bordeaux.<br \/>\nGute F\u00e4higkeit, die aus dem Most sortentypischen geruchlosen Aromavorstufen in der<br \/>\nG\u00e4rung zu bilden.<br \/>\nMundgef\u00fchl: volumin\u00f6s und rund.<br \/>\nEmpfohlen f\u00fcr:<br \/>\nWeine mit Finesse und Eleganz.<br \/>\nWeine mit einem klassischen sortentypischen Aromaprofil.\n            <\/div>\n<div id=\"material\"><\/div>\n<\/p><\/div>\n<\/p><\/div>\n<\/p><\/div>\n","protected":false},"excerpt":{"rendered":"<p>Zuhause | Kellerei | Behandlungsmaterialien | Hefen Hefe ZYMAFLORE VL3 500 g (Sauvignon Blanc) TERROIR-SELEKTION Isoliert aus den besten Sauvignon Blanc Weinbergen des Bordeaux. Gute F\u00e4higkeit, die aus dem Most sortentypischen geruchlosen Aromavorstufen in der G\u00e4rung zu bilden. Mundgef\u00fchl: volumin\u00f6s und rund. Empfohlen f\u00fcr: Weine mit Finesse und Eleganz. Weine mit einem klassischen sortentypischen Aromaprofil. [&hellip;]<\/p>\n","protected":false},"author":1,"featured_media":0,"parent":4577693,"menu_order":0,"comment_status":"closed","ping_status":"closed","template":"elementor_theme","meta":{"footnotes":""},"class_list":["post-4577711","page","type-page","status-publish","hentry"],"_links":{"self":[{"href":"https:\/\/fabijan.si\/de\/wp-json\/wp\/v2\/pages\/4577711","targetHints":{"allow":["GET"]}}],"collection":[{"href":"https:\/\/fabijan.si\/de\/wp-json\/wp\/v2\/pages"}],"about":[{"href":"https:\/\/fabijan.si\/de\/wp-json\/wp\/v2\/types\/page"}],"author":[{"embeddable":true,"href":"https:\/\/fabijan.si\/de\/wp-json\/wp\/v2\/users\/1"}],"replies":[{"embeddable":true,"href":"https:\/\/fabijan.si\/de\/wp-json\/wp\/v2\/comments?post=4577711"}],"version-history":[{"count":0,"href":"https:\/\/fabijan.si\/de\/wp-json\/wp\/v2\/pages\/4577711\/revisions"}],"up":[{"embeddable":true,"href":"https:\/\/fabijan.si\/de\/wp-json\/wp\/v2\/pages\/4577693"}],"wp:attachment":[{"href":"https:\/\/fabijan.si\/de\/wp-json\/wp\/v2\/media?parent=4577711"}],"curies":[{"name":"wp","href":"https:\/\/api.w.org\/{rel}","templated":true}]}}