{"id":4577771,"date":"2026-02-03T15:28:15","date_gmt":"2026-02-03T14:28:15","guid":{"rendered":"https:\/\/fabijan.si\/kellerei\/behandlungsmaterialien\/enzyme\/enzym-extraclear-1-l\/"},"modified":"2026-02-03T15:28:15","modified_gmt":"2026-02-03T14:28:15","slug":"enzym-extraclear-1-l","status":"publish","type":"page","link":"https:\/\/fabijan.si\/de\/kellerei\/behandlungsmaterialien\/enzyme\/enzym-extraclear-1-l\/","title":{"rendered":"enzym-extraclear-1-l"},"content":{"rendered":"\n<div class=\"container\">\n<div class=\"breadcrumb-container\"><span><br \/>\n<a href=\"https:\/\/fabijan.si\/de\/\">Zuhause<\/a> | <a href=\"https:\/\/fabijan.si\/de\/kellerei\/\">Kellerei<\/a> | <a href=\"https:\/\/fabijan.si\/de\/kellerei\/behandlungsmaterialien\/\">Behandlungsmaterialien<\/a> | <a href=\"https:\/\/fabijan.si\/de\/kellerei\/behandlungsmaterialien\/enzyme\/\">Enzyme<\/a><\/span>\n<\/div>\n<div class=\"row\">\n<div class=\"col-6\">\n<div id=\"carouselExampleControls\" class=\"carousel slide carousel-container\" data-interval=\"false\">\n<div class=\"carousel-inner\">\n<div class=\"carousel-item active\">   <img decoding=\"async\" src=\"https:\/\/fabijan.si\/wp-content\/uploads\/site-content\/00055514.jpg\" class=\"d-block w-100\" alt=\"...\"><\/div>\n<\/p><\/div>\n<p>              <button class=\"carousel-control-prev\" type=\"button\" data-bs-target=\"#carouselExampleControls\" data-bs-slide=\"prev\"><br \/>\n                <span class=\"carousel-control-prev-icon\" aria-hidden=\"true\"><\/span><br \/>\n              <\/button><br \/>\n              <button class=\"carousel-control-next\" type=\"button\" data-bs-target=\"#carouselExampleControls\" data-bs-slide=\"next\"><br \/>\n                <span class=\"carousel-control-next-icon\" aria-hidden=\"true\"><\/span><br \/>\n              <\/button>\n            <\/div>\n<\/p><\/div>\n<div class=\"col-6 slo-name\">\n            Enzym EXTRACLEAR 1 l<\/p>\n<div class=\"brand\"><\/div>\n<p>\t\t\t<!-- \n\n<div class=\"price-container\">\n                \n\n<p class=\"price\">###PRICE###<\/p>\n\n --><br \/>\n                <!-- <button type=\"button\" class=\"btn btn-config btn-lg\">Pojdi na konfigurator<\/button> -->\n            <\/div>\n<\/p><\/div>\n<div class=\"menu\">\n<div class=\"btn-group d-flex justify-content-center\" id=\"menu-buttons\">\n              <button type=\"button\" onClick = \"showSpecs()\" class=\"btn menu-button menu-title active\">SPEZIFIKATIONEN<\/button><br \/>\n              <button type=\"button\" onClick = \"showDescription()\" class=\"btn menu-button menu-title\">BESCHREIBUNG<\/button><br \/>\n              <button type=\"button\" onClick = \"showMaterial()\" class=\"btn menu-button menu-title\">MATERIAL<\/button>\n            <\/div>\n<div id=\"specs\">\n<ul class=\"list-group\">\n<\/ul><\/div>\n<div id=\"description\">\n              Granulirana in koncentrirana me\u0161anica pektinaz in beta glukozidaz za optimiziranje zorenja vina na dro\u017eeh.<br \/>\nPripravek pektinaze in beta (1-3; 1-6) glukanaze, specifi\u010den za zorenje na dro\u017eeh.<br \/>\nPospe\u0161uje ekstrakcijo med avtolizo kvasovk in spro\u0161\u010da ve\u010dje koli\u010dine molekul iz kvasovk, ki zagotavljajo zaokro\u017eenost in mehkobo.<br \/>\nOmogo\u010da zmanj\u0161anje koli\u010dine mikroorganizmov v \u010dasu zorenja.<br \/>\nIzbolj\u0161a filtracijsko sposobnost.<br \/>\nPriporo\u010dljiva uporaba po koncu fermentacije.<br \/>\nDoziranje: 60 do 100 ppm &#8211; 6 do 10 g\/hL.<br \/>\nHRAMBA: Hranimo v orginalno zaprti embala\u017ei pri sobni temperaturi. Rok uporabe na embala\u017ei.<br \/>\nZA ENOLO\u0160KO UPORABO.\n            <\/div>\n<div id=\"material\"><\/div>\n<\/p><\/div>\n<\/p><\/div>\n<\/p><\/div>\n","protected":false},"excerpt":{"rendered":"<p>Zuhause | Kellerei | Behandlungsmaterialien | Enzyme Enzym EXTRACLEAR 1 l SPEZIFIKATIONEN BESCHREIBUNG MATERIAL Granulirana in koncentrirana me\u0161anica pektinaz in beta glukozidaz za optimiziranje zorenja vina na dro\u017eeh. Pripravek pektinaze in beta (1-3; 1-6) glukanaze, specifi\u010den za zorenje na dro\u017eeh. Pospe\u0161uje ekstrakcijo med avtolizo kvasovk in spro\u0161\u010da ve\u010dje koli\u010dine molekul iz kvasovk, ki zagotavljajo zaokro\u017eenost [&hellip;]<\/p>\n","protected":false},"author":1,"featured_media":0,"parent":4577768,"menu_order":0,"comment_status":"closed","ping_status":"closed","template":"elementor_theme","meta":{"footnotes":""},"class_list":["post-4577771","page","type-page","status-publish","hentry"],"_links":{"self":[{"href":"https:\/\/fabijan.si\/de\/wp-json\/wp\/v2\/pages\/4577771","targetHints":{"allow":["GET"]}}],"collection":[{"href":"https:\/\/fabijan.si\/de\/wp-json\/wp\/v2\/pages"}],"about":[{"href":"https:\/\/fabijan.si\/de\/wp-json\/wp\/v2\/types\/page"}],"author":[{"embeddable":true,"href":"https:\/\/fabijan.si\/de\/wp-json\/wp\/v2\/users\/1"}],"replies":[{"embeddable":true,"href":"https:\/\/fabijan.si\/de\/wp-json\/wp\/v2\/comments?post=4577771"}],"version-history":[{"count":0,"href":"https:\/\/fabijan.si\/de\/wp-json\/wp\/v2\/pages\/4577771\/revisions"}],"up":[{"embeddable":true,"href":"https:\/\/fabijan.si\/de\/wp-json\/wp\/v2\/pages\/4577768"}],"wp:attachment":[{"href":"https:\/\/fabijan.si\/de\/wp-json\/wp\/v2\/media?parent=4577771"}],"curies":[{"name":"wp","href":"https:\/\/api.w.org\/{rel}","templated":true}]}}