{"id":4577813,"date":"2026-02-03T15:28:26","date_gmt":"2026-02-03T14:28:26","guid":{"rendered":"https:\/\/fabijan.si\/kellerei\/behandlungsmaterialien\/hefenahrstoff\/"},"modified":"2026-02-03T15:28:26","modified_gmt":"2026-02-03T14:28:26","slug":"hefenahrstoff","status":"publish","type":"page","link":"https:\/\/fabijan.si\/de\/kellerei\/behandlungsmaterialien\/hefenahrstoff\/","title":{"rendered":"hefenahrstoff"},"content":{"rendered":"<div class=\"breadcrumb-container\"><span><br \/>\n<a href=\"https:\/\/fabijan.si\/de\/\">Zuhause<\/a> | <a href=\"https:\/\/fabijan.si\/de\/kellerei\/\">Kellerei<\/a> | <a href=\"https:\/\/fabijan.si\/de\/kellerei\/behandlungsmaterialien\/\">Behandlungsmaterialien<\/a><\/span>\n<\/div>\n<div class=\"category-title\" style=\"display: flex; justify-content: center;\">\n<h2>Hefen\u00e4hrstoff<\/h2>\n<\/div>\n<div class=\"mygallery\">\n<div class=\"row\">\n<div class=\"col-sm-3 galleryitem\">\n     <!-- order:2 --><\/p>\n<div class=\"one-item\">\n       <img decoding=\"async\" src=\"https:\/\/fabijan.si\/wp-content\/uploads\/site-content\/superstart-blanc.jpg\" srcset=\" https:\/\/fabijan.si\/wp-content\/uploads\/site-content\/superstart-blanc.jpg 300w, https:\/\/fabijan.si\/wp-content\/uploads\/site-content\/superstart-blanc.jpg 150w \" \/><\/p>\n<h4>Hefen\u00e4hrstoff SUPERSTART BLANC 1 kg<\/h4>\n<p>       <button onclick=\"window.location.href='hefenahrstoff-superstart-blanc-1-kg' \"type=\"button\">Weiterlesen<\/button>\n    <\/div>\n<\/p><\/div>\n<div class=\"col-sm-3 galleryitem\">\n     <!-- order:4 --><\/p>\n<div class=\"one-item\">\n       <img decoding=\"async\" src=\"https:\/\/fabijan.si\/wp-content\/uploads\/site-content\/superstart-blanc.jpg\" srcset=\" https:\/\/fabijan.si\/wp-content\/uploads\/site-content\/superstart-blanc.jpg 300w, https:\/\/fabijan.si\/wp-content\/uploads\/site-content\/superstart-blanc.jpg 150w \" \/><\/p>\n<h4>Hefen\u00e4hrstoff SUPERSTART BLANC 5 kg<\/h4>\n<p>       <button onclick=\"window.location.href='hefenahrstoff-superstart-blanc-5-kg' \"type=\"button\">Weiterlesen<\/button>\n    <\/div>\n<\/p><\/div>\n<div class=\"col-sm-3 galleryitem\">\n     <!-- order:5 --><\/p>\n<div class=\"one-item\">\n       <img decoding=\"async\" src=\"https:\/\/fabijan.si\/wp-content\/uploads\/site-content\/superstart-rouge.jpg\" srcset=\" https:\/\/fabijan.si\/wp-content\/uploads\/site-content\/superstart-rouge.jpg 300w, https:\/\/fabijan.si\/wp-content\/uploads\/site-content\/superstart-rouge.jpg 150w \" \/><\/p>\n<h4>Hefen\u00e4hrstoff SUPERSTART ROUGE 1kg<\/h4>\n<p>       <button onclick=\"window.location.href='hefenahrstoff-superstart-rouge-1kg' \"type=\"button\">Weiterlesen<\/button>\n    <\/div>\n<\/p><\/div>\n<div class=\"col-sm-3 galleryitem\">\n     <!-- order:7 --><\/p>\n<div class=\"one-item\">\n       <img decoding=\"async\" src=\"https:\/\/fabijan.si\/wp-content\/uploads\/site-content\/superstart-rouge.jpg\" srcset=\" https:\/\/fabijan.si\/wp-content\/uploads\/site-content\/superstart-rouge.jpg 300w, https:\/\/fabijan.si\/wp-content\/uploads\/site-content\/superstart-rouge.jpg 150w \" \/><\/p>\n<h4>Hefen\u00e4hrstoff SUPERSTART ROUGE 5kg<\/h4>\n<p>       <button onclick=\"window.location.href='hefenahrstoff-superstart-rouge-5kg' \"type=\"button\">Weiterlesen<\/button>\n    <\/div>\n<\/p><\/div>\n<\/div>\n<div class=\"row\">\n<div class=\"col-sm-3 galleryitem\">\n     <!-- order:8 --><\/p>\n<div class=\"one-item\">\n       <img decoding=\"async\" src=\"https:\/\/fabijan.si\/wp-content\/uploads\/site-content\/superstart-spark.jpg\" srcset=\" https:\/\/fabijan.si\/wp-content\/uploads\/site-content\/superstart-spark.jpg 300w, https:\/\/fabijan.si\/wp-content\/uploads\/site-content\/superstart-spark.jpg 150w \" \/><\/p>\n<h4>SUPERSTART SPARK 1 kg<\/h4>\n<p>       <button onclick=\"window.location.href='superstart-spark-1-kg' \"type=\"button\">Weiterlesen<\/button>\n    <\/div>\n<\/p><\/div>\n<div class=\"col-sm-3 galleryitem\">\n     <!-- order:12 --><\/p>\n<div class=\"one-item\">\n       <img decoding=\"async\" src=\"https:\/\/fabijan.si\/wp-content\/uploads\/site-content\/00013190.jpeg\" srcset=\" https:\/\/fabijan.si\/wp-content\/uploads\/site-content\/00013190.jpeg 300w, https:\/\/fabijan.si\/wp-content\/uploads\/site-content\/00013190.jpeg 150w \" \/><\/p>\n<h4>Hefen\u00e4hrstoff NUTRISTART 1 kg<\/h4>\n<p>       <button onclick=\"window.location.href='hefenahrstoff-nutristart-1-kg' \"type=\"button\">Weiterlesen<\/button>\n    <\/div>\n<\/p><\/div>\n<div class=\"col-sm-3 galleryitem\">\n     <!-- order:14 --><\/p>\n<div class=\"one-item\">\n       <img decoding=\"async\" src=\"https:\/\/fabijan.si\/wp-content\/uploads\/site-content\/00013190.jpeg\" srcset=\" https:\/\/fabijan.si\/wp-content\/uploads\/site-content\/00013190.jpeg 300w, https:\/\/fabijan.si\/wp-content\/uploads\/site-content\/00013190.jpeg 150w \" \/><\/p>\n<h4>Hefen\u00e4hrstoff NUTRISTART 5KG<\/h4>\n<p>       <button onclick=\"window.location.href='hefenahrstoff-nutristart-5kg' \"type=\"button\">Weiterlesen<\/button>\n    <\/div>\n<\/p><\/div>\n<div class=\"col-sm-3 galleryitem\">\n     <!-- order:22 --><\/p>\n<div class=\"one-item\">\n       <img decoding=\"async\" src=\"https:\/\/fabijan.si\/wp-content\/uploads\/site-content\/00013186.jpg\" srcset=\" https:\/\/fabijan.si\/wp-content\/uploads\/site-content\/00013186.jpg 300w, https:\/\/fabijan.si\/wp-content\/uploads\/site-content\/00013186.jpg 150w \" \/><\/p>\n<h4>Hefen\u00e4hrstoff NUTRISTAROM1 1 kg<\/h4>\n<p>       <button onclick=\"window.location.href='hefenahrstoff-nutristarom1-1-kg' \"type=\"button\">Weiterlesen<\/button>\n    <\/div>\n<\/p><\/div>\n<\/div>\n<div class=\"row\">\n<div class=\"col-sm-3 galleryitem\">\n     <!-- order:26 --><\/p>\n<div class=\"one-item\">\n       <img decoding=\"async\" src=\"https:\/\/fabijan.si\/wp-content\/uploads\/site-content\/00013192.jpg\" srcset=\" https:\/\/fabijan.si\/wp-content\/uploads\/site-content\/00013192.jpg 300w, https:\/\/fabijan.si\/wp-content\/uploads\/site-content\/00013192.jpg 150w \" \/><\/p>\n<h4>Hefen\u00e4hrstoff NUTRISTART OrganiQ 1 kg<\/h4>\n<p>       <button onclick=\"window.location.href='hefenahrstoff-nutristart-organiq-1-kg' \"type=\"button\">Weiterlesen<\/button>\n    <\/div>\n<\/p><\/div>\n<div class=\"col-sm-3 galleryitem\">\n     <!-- order:32 --><\/p>\n<div class=\"one-item\">\n       <img decoding=\"async\" src=\"https:\/\/fabijan.si\/wp-content\/uploads\/site-content\/00013197.jpeg\" srcset=\" https:\/\/fabijan.si\/wp-content\/uploads\/site-content\/00013197.jpeg 300w, https:\/\/fabijan.si\/wp-content\/uploads\/site-content\/00013197.jpeg 150w \" \/><\/p>\n<h4>Hefen\u00e4hrstoff THIAZOTE PH 1 kg<\/h4>\n<p>       <button onclick=\"window.location.href='hefenahrstoff-thiazote-ph-1-kg' \"type=\"button\">Weiterlesen<\/button>\n    <\/div>\n<\/p><\/div>\n<div class=\"col-sm-3 galleryitem\">\n     <!-- order:33 --><\/p>\n<div class=\"one-item\">\n       <img decoding=\"async\" src=\"https:\/\/fabijan.si\/wp-content\/uploads\/site-content\/00013185.jpeg\" srcset=\" https:\/\/fabijan.si\/wp-content\/uploads\/site-content\/00013185.jpeg 300w, https:\/\/fabijan.si\/wp-content\/uploads\/site-content\/00013185.jpeg 150w \" \/><\/p>\n<h4>Hefen\u00e4hrstoff BIOACTIV 1 kg<\/h4>\n<p>       <button onclick=\"window.location.href='hefenahrstoff-bioactiv-1-kg' \"type=\"button\">Weiterlesen<\/button>\n    <\/div>\n<\/p><\/div>\n<div class=\"col-sm-3 galleryitem\">\n     <!-- order:35 --><\/p>\n<div class=\"one-item\">\n       <img decoding=\"async\" src=\"https:\/\/fabijan.si\/wp-content\/uploads\/site-content\/turbicel.jpg\" srcset=\" https:\/\/fabijan.si\/wp-content\/uploads\/site-content\/turbicel.jpg 300w, https:\/\/fabijan.si\/wp-content\/uploads\/site-content\/turbicel.jpg 150w \" \/><\/p>\n<h4>Turbicel 5kg zu Unterst\u00fctzung der G\u00e4rung<\/h4>\n<p>       <button onclick=\"window.location.href='turbicel-5kg-zu-unterstutzung-der-garung' \"type=\"button\">Weiterlesen<\/button>\n    <\/div>\n<\/p><\/div>\n<\/div>\n<div class=\"row\">\n<div class=\"col-sm-3 galleryitem\">\n     <!-- order:36 --><\/p>\n<div class=\"one-item\">\n       <img decoding=\"async\" src=\"https:\/\/fabijan.si\/wp-content\/uploads\/site-content\/thiamine.jpg\" srcset=\" https:\/\/fabijan.si\/wp-content\/uploads\/site-content\/thiamine.jpg 300w, https:\/\/fabijan.si\/wp-content\/uploads\/site-content\/thiamine.jpg 150w \" \/><\/p>\n<h4>Hefen\u00e4hrstoff THIAMINE 20 g<\/h4>\n<p>       <button onclick=\"window.location.href='hefenahrstoff-thiamine-20-g' \"type=\"button\">Weiterlesen<\/button>\n    <\/div>\n<\/p><\/div>\n<div class=\"col-sm-3 galleryitem\">\n     <!-- order:37 --><\/p>\n<div class=\"one-item\">\n       <img decoding=\"async\" src=\"https:\/\/fabijan.si\/wp-content\/uploads\/site-content\/thiamine.jpg\" srcset=\" https:\/\/fabijan.si\/wp-content\/uploads\/site-content\/thiamine.jpg 300w, https:\/\/fabijan.si\/wp-content\/uploads\/site-content\/thiamine.jpg 150w \" \/><\/p>\n<h4>Hefen\u00e4hrstoff THIAMINE 1kg<\/h4>\n<p>       <button onclick=\"window.location.href='hefenahrstoff-thiamine-1kg' \"type=\"button\">Weiterlesen<\/button>\n    <\/div>\n<\/p><\/div>\n<\/div>\n<\/div>\n","protected":false},"excerpt":{"rendered":"<p>Zuhause | Kellerei | Behandlungsmaterialien Hefen\u00e4hrstoff Hefen\u00e4hrstoff SUPERSTART BLANC 1 kg Weiterlesen Hefen\u00e4hrstoff SUPERSTART BLANC 5 kg Weiterlesen Hefen\u00e4hrstoff SUPERSTART ROUGE 1kg Weiterlesen Hefen\u00e4hrstoff SUPERSTART ROUGE 5kg Weiterlesen SUPERSTART SPARK 1 kg Weiterlesen Hefen\u00e4hrstoff NUTRISTART 1 kg Weiterlesen Hefen\u00e4hrstoff NUTRISTART 5KG Weiterlesen Hefen\u00e4hrstoff NUTRISTAROM1 1 kg Weiterlesen Hefen\u00e4hrstoff NUTRISTART OrganiQ 1 kg Weiterlesen Hefen\u00e4hrstoff THIAZOTE [&hellip;]<\/p>\n","protected":false},"author":1,"featured_media":0,"parent":4577639,"menu_order":0,"comment_status":"closed","ping_status":"closed","template":"elementor_theme","meta":{"footnotes":""},"class_list":["post-4577813","page","type-page","status-publish","hentry"],"_links":{"self":[{"href":"https:\/\/fabijan.si\/de\/wp-json\/wp\/v2\/pages\/4577813","targetHints":{"allow":["GET"]}}],"collection":[{"href":"https:\/\/fabijan.si\/de\/wp-json\/wp\/v2\/pages"}],"about":[{"href":"https:\/\/fabijan.si\/de\/wp-json\/wp\/v2\/types\/page"}],"author":[{"embeddable":true,"href":"https:\/\/fabijan.si\/de\/wp-json\/wp\/v2\/users\/1"}],"replies":[{"embeddable":true,"href":"https:\/\/fabijan.si\/de\/wp-json\/wp\/v2\/comments?post=4577813"}],"version-history":[{"count":0,"href":"https:\/\/fabijan.si\/de\/wp-json\/wp\/v2\/pages\/4577813\/revisions"}],"up":[{"embeddable":true,"href":"https:\/\/fabijan.si\/de\/wp-json\/wp\/v2\/pages\/4577639"}],"wp:attachment":[{"href":"https:\/\/fabijan.si\/de\/wp-json\/wp\/v2\/media?parent=4577813"}],"curies":[{"name":"wp","href":"https:\/\/api.w.org\/{rel}","templated":true}]}}