{"id":4577825,"date":"2026-02-03T15:28:29","date_gmt":"2026-02-03T14:28:29","guid":{"rendered":"https:\/\/fabijan.si\/kellerei\/behandlungsmaterialien\/hefenahrstoff\/hefenahrstoff-superstart-rouge-5kg\/"},"modified":"2026-02-03T15:28:29","modified_gmt":"2026-02-03T14:28:29","slug":"hefenahrstoff-superstart-rouge-5kg","status":"publish","type":"page","link":"https:\/\/fabijan.si\/de\/kellerei\/behandlungsmaterialien\/hefenahrstoff\/hefenahrstoff-superstart-rouge-5kg\/","title":{"rendered":"hefenahrstoff-superstart-rouge-5kg"},"content":{"rendered":"\n<div class=\"container\">\n<div class=\"breadcrumb-container\"><span><br \/>\n<a href=\"https:\/\/fabijan.si\/de\/\">Zuhause<\/a> | <a href=\"https:\/\/fabijan.si\/de\/kellerei\/\">Kellerei<\/a> | <a href=\"https:\/\/fabijan.si\/de\/kellerei\/behandlungsmaterialien\/\">Behandlungsmaterialien<\/a> | <a href=\"https:\/\/fabijan.si\/de\/kellerei\/behandlungsmaterialien\/hefenahrstoff\/\">Hefen\u00e4hrstoff<\/a><\/span>\n<\/div>\n<div class=\"row\">\n<div class=\"col-6\">\n<div id=\"carouselExampleControls\" class=\"carousel slide carousel-container\" data-interval=\"false\">\n<div class=\"carousel-inner\">\n<div class=\"carousel-item active\">   <img decoding=\"async\" src=\"https:\/\/fabijan.si\/wp-content\/uploads\/site-content\/superstart-rouge.jpg\" class=\"d-block w-100\" alt=\"...\"><\/div>\n<\/p><\/div>\n<p>              <button class=\"carousel-control-prev\" type=\"button\" data-bs-target=\"#carouselExampleControls\" data-bs-slide=\"prev\"><br \/>\n                <span class=\"carousel-control-prev-icon\" aria-hidden=\"true\"><\/span><br \/>\n              <\/button><br \/>\n              <button class=\"carousel-control-next\" type=\"button\" data-bs-target=\"#carouselExampleControls\" data-bs-slide=\"next\"><br \/>\n                <span class=\"carousel-control-next-icon\" aria-hidden=\"true\"><\/span><br \/>\n              <\/button>\n            <\/div>\n<\/p><\/div>\n<div class=\"col-6 slo-name\">\n            Hefen\u00e4hrstoff SUPERSTART ROUGE 5kg<\/p>\n<div class=\"brand\">Das Forschungs- und Entwicklungsteam von LAFFORT\u00ae beobachtet st\u00e4ndig die Entwicklung des globalen Marktes,<br \/>\nEinflussfaktoren der Weinbereitung und die klimatischen \u00c4nderungen mit ihren Auswirkungen auf die Zusammensetzung von<br \/>\nSaft. Als Reaktion entwickelt und produziert LAFFORT\u00ae ein gesamtes Angebot von spezifischen N\u00e4hrstoffen, von denen einige<br \/>\npatentiert sind (SUPERSTART\u00ae), f\u00fcr den Schutz und die Ern\u00e4hrung von Hefen.<\/div>\n<p>\t\t\t<!-- \n\n<div class=\"price-container\">\n                \n\n<p class=\"price\">###PRICE###<\/p>\n\n --><br \/>\n                <!-- <button type=\"button\" class=\"btn btn-config btn-lg\">Pojdi na konfigurator<\/button> -->\n            <\/div>\n<\/p><\/div>\n<div class=\"menu\">\n<div class=\"btn-group d-flex justify-content-center\" id=\"menu-buttons\">\n              <button type=\"button\" onClick = \"showSpecs()\" class=\"btn menu-button menu-title active\">SPEZIFIKATIONEN<\/button><br \/>\n              <button type=\"button\" onClick = \"showDescription()\" class=\"btn menu-button menu-title\">BESCHREIBUNG<\/button><br \/>\n              <button type=\"button\" onClick = \"showMaterial()\" class=\"btn menu-button menu-title\">MATERIAL<\/button>\n            <\/div>\n<div id=\"specs\">\n<ul class=\"list-group\">\n                Das Forschungs- und Entwicklungsteam von LAFFORT\u00ae beobachtet st\u00e4ndig die Entwicklung des globalen Marktes,<br \/>\nEinflussfaktoren der Weinbereitung und die klimatischen \u00c4nderungen mit ihren Auswirkungen auf die Zusammensetzung von<br \/>\nSaft. Als Reaktion entwickelt und produziert LAFFORT\u00ae ein gesamtes Angebot von spezifischen N\u00e4hrstoffen, von denen einige<br \/>\npatentiert sind (SUPERSTART\u00ae), f\u00fcr den Schutz und die Ern\u00e4hrung von Hefen.\n              <\/ul>\n<\/p><\/div>\n<div id=\"description\">\n              Das Forschungs- und Entwicklungsteam von LAFFORT\u00ae beobachtet st\u00e4ndig die Entwicklung des globalen Marktes,<br \/>\nEinflussfaktoren der Weinbereitung und die klimatischen \u00c4nderungen mit ihren Auswirkungen auf die Zusammensetzung von<br \/>\nSaft. Als Reaktion entwickelt und produziert LAFFORT\u00ae ein gesamtes Angebot von spezifischen N\u00e4hrstoffen, von denen einige<br \/>\npatentiert sind (SUPERSTART\u00ae), f\u00fcr den Schutz und die Ern\u00e4hrung von Hefen.<br \/>\n\u2022 Es unterst\u00fctzt die Lebensf\u00e4higkeit und den allgemeinen Stoffwechsel der Hefe. Daraus ergibt sich:<br \/>\n\u2022 eine signifikante Verbesserung der Alkoholresistenz,<br \/>\n\u2022 eine Vermeidung erh\u00f6hter Gehalte an fl\u00fcchtiger S\u00e4ure,<br \/>\n\u2022 eine Verst\u00e4rkung der aromatischen Auspr\u00e4gung,<br \/>\n\u2022 begrenzung der Bildung von negativen schwefligen Komponenten,<br \/>\n\u2022 eine erh\u00f6hte Effizienz von G\u00e4rans\u00e4tzen bei Neubeimpfung.<br \/>\nSUPERSTART\u00ae Rouge<br \/>\nHefen\u00e4hrstoff mit besonders hohem Gehalt an Ergosterol<br \/>\nf\u00fcr garantiert reint\u00f6nige und saubere Endverg\u00e4rungen.<br \/>\nOptimierte Formulierung speziell f\u00fcr die Bedingungen,<br \/>\ndie bei der Verg\u00e4rung von Rotweinen vorherrschen.\n            <\/div>\n<div id=\"material\"><\/div>\n<\/p><\/div>\n<\/p><\/div>\n<\/p><\/div>\n","protected":false},"excerpt":{"rendered":"<p>Zuhause | Kellerei | Behandlungsmaterialien | Hefen\u00e4hrstoff Hefen\u00e4hrstoff SUPERSTART ROUGE 5kg Das Forschungs- und Entwicklungsteam von LAFFORT\u00ae beobachtet st\u00e4ndig die Entwicklung des globalen Marktes, Einflussfaktoren der Weinbereitung und die klimatischen \u00c4nderungen mit ihren Auswirkungen auf die Zusammensetzung von Saft. Als Reaktion entwickelt und produziert LAFFORT\u00ae ein gesamtes Angebot von spezifischen N\u00e4hrstoffen, von denen einige patentiert [&hellip;]<\/p>\n","protected":false},"author":1,"featured_media":0,"parent":4577813,"menu_order":0,"comment_status":"closed","ping_status":"closed","template":"elementor_theme","meta":{"footnotes":""},"class_list":["post-4577825","page","type-page","status-publish","hentry"],"_links":{"self":[{"href":"https:\/\/fabijan.si\/de\/wp-json\/wp\/v2\/pages\/4577825","targetHints":{"allow":["GET"]}}],"collection":[{"href":"https:\/\/fabijan.si\/de\/wp-json\/wp\/v2\/pages"}],"about":[{"href":"https:\/\/fabijan.si\/de\/wp-json\/wp\/v2\/types\/page"}],"author":[{"embeddable":true,"href":"https:\/\/fabijan.si\/de\/wp-json\/wp\/v2\/users\/1"}],"replies":[{"embeddable":true,"href":"https:\/\/fabijan.si\/de\/wp-json\/wp\/v2\/comments?post=4577825"}],"version-history":[{"count":0,"href":"https:\/\/fabijan.si\/de\/wp-json\/wp\/v2\/pages\/4577825\/revisions"}],"up":[{"embeddable":true,"href":"https:\/\/fabijan.si\/de\/wp-json\/wp\/v2\/pages\/4577813"}],"wp:attachment":[{"href":"https:\/\/fabijan.si\/de\/wp-json\/wp\/v2\/media?parent=4577825"}],"curies":[{"name":"wp","href":"https:\/\/api.w.org\/{rel}","templated":true}]}}