{"id":4577828,"date":"2026-02-03T15:28:29","date_gmt":"2026-02-03T14:28:29","guid":{"rendered":"https:\/\/fabijan.si\/kellerei\/behandlungsmaterialien\/hefenahrstoff\/superstart-spark-1-kg\/"},"modified":"2026-02-03T15:28:29","modified_gmt":"2026-02-03T14:28:29","slug":"superstart-spark-1-kg","status":"publish","type":"page","link":"https:\/\/fabijan.si\/de\/kellerei\/behandlungsmaterialien\/hefenahrstoff\/superstart-spark-1-kg\/","title":{"rendered":"superstart-spark-1-kg"},"content":{"rendered":"\n<div class=\"container\">\n<div class=\"breadcrumb-container\"><span><br \/>\n<a href=\"https:\/\/fabijan.si\/de\/\">Zuhause<\/a> | <a href=\"https:\/\/fabijan.si\/de\/kellerei\/\">Kellerei<\/a> | <a href=\"https:\/\/fabijan.si\/de\/kellerei\/behandlungsmaterialien\/\">Behandlungsmaterialien<\/a> | <a href=\"https:\/\/fabijan.si\/de\/kellerei\/behandlungsmaterialien\/hefenahrstoff\/\">Hefen\u00e4hrstoff<\/a><\/span>\n<\/div>\n<div class=\"row\">\n<div class=\"col-6\">\n<div id=\"carouselExampleControls\" class=\"carousel slide carousel-container\" data-interval=\"false\">\n<div class=\"carousel-inner\">\n<div class=\"carousel-item active\">   <img decoding=\"async\" src=\"https:\/\/fabijan.si\/wp-content\/uploads\/site-content\/superstart-spark.jpg\" class=\"d-block w-100\" alt=\"...\"><\/div>\n<\/p><\/div>\n<p>              <button class=\"carousel-control-prev\" type=\"button\" data-bs-target=\"#carouselExampleControls\" data-bs-slide=\"prev\"><br \/>\n                <span class=\"carousel-control-prev-icon\" aria-hidden=\"true\"><\/span><br \/>\n              <\/button><br \/>\n              <button class=\"carousel-control-next\" type=\"button\" data-bs-target=\"#carouselExampleControls\" data-bs-slide=\"next\"><br \/>\n                <span class=\"carousel-control-next-icon\" aria-hidden=\"true\"><\/span><br \/>\n              <\/button>\n            <\/div>\n<\/p><\/div>\n<div class=\"col-6 slo-name\">\n            SUPERSTART SPARK 1 kg<\/p>\n<div class=\"brand\">Hefen\u00e4hrstoff f\u00fcr die schwierigen Bedingungen, die bei der Schaumweinherstellung herrschend, und f\u00fcr G\u00e4rneustarts.<\/div>\n<p>\t\t\t<!-- \n\n<div class=\"price-container\">\n                \n\n<p class=\"price\">###PRICE###<\/p>\n\n --><br \/>\n                <!-- <button type=\"button\" class=\"btn btn-config btn-lg\">Pojdi na konfigurator<\/button> -->\n            <\/div>\n<\/p><\/div>\n<div class=\"menu\">\n<div class=\"btn-group d-flex justify-content-center\" id=\"menu-buttons\">\n              <button type=\"button\" onClick = \"showSpecs()\" class=\"btn menu-button menu-title active\">SPEZIFIKATIONEN<\/button><br \/>\n              <button type=\"button\" onClick = \"showDescription()\" class=\"btn menu-button menu-title\">BESCHREIBUNG<\/button><br \/>\n              <button type=\"button\" onClick = \"showMaterial()\" class=\"btn menu-button menu-title\">MATERIAL<\/button>\n            <\/div>\n<div id=\"specs\">\n<ul class=\"list-group\">\n                Hefen\u00e4hrstoff f\u00fcr die schwierigen Bedingungen, die bei der Schaumweinherstellung herrschend, und f\u00fcr G\u00e4rneustarts.\n              <\/ul>\n<\/p><\/div>\n<div id=\"description\">\n              Hefen\u00e4hrstoff f\u00fcr die schwierigen Bedingungen, die bei der Schaumweinherstellung herrschend, und f\u00fcr G\u00e4rneustarts.<br \/>\nEine signifikant erh\u00f6hte Ethanolresistenz.<br \/>\nEine erh\u00f6hte Wirksamkeit des G\u00e4ransatzes.<br \/>\nEinen Schutz gegen die Bildung negativer Schwefelverbindungen (H2S).<br \/>\nEine verminderte Bildung fl\u00fcchtiger S\u00e4ure.\n            <\/div>\n<div id=\"material\"><\/div>\n<\/p><\/div>\n<\/p><\/div>\n<\/p><\/div>\n","protected":false},"excerpt":{"rendered":"<p>Zuhause | Kellerei | Behandlungsmaterialien | Hefen\u00e4hrstoff SUPERSTART SPARK 1 kg Hefen\u00e4hrstoff f\u00fcr die schwierigen Bedingungen, die bei der Schaumweinherstellung herrschend, und f\u00fcr G\u00e4rneustarts. SPEZIFIKATIONEN BESCHREIBUNG MATERIAL Hefen\u00e4hrstoff f\u00fcr die schwierigen Bedingungen, die bei der Schaumweinherstellung herrschend, und f\u00fcr G\u00e4rneustarts. Hefen\u00e4hrstoff f\u00fcr die schwierigen Bedingungen, die bei der Schaumweinherstellung herrschend, und f\u00fcr G\u00e4rneustarts. Eine signifikant [&hellip;]<\/p>\n","protected":false},"author":1,"featured_media":0,"parent":4577813,"menu_order":0,"comment_status":"closed","ping_status":"closed","template":"elementor_theme","meta":{"footnotes":""},"class_list":["post-4577828","page","type-page","status-publish","hentry"],"_links":{"self":[{"href":"https:\/\/fabijan.si\/de\/wp-json\/wp\/v2\/pages\/4577828","targetHints":{"allow":["GET"]}}],"collection":[{"href":"https:\/\/fabijan.si\/de\/wp-json\/wp\/v2\/pages"}],"about":[{"href":"https:\/\/fabijan.si\/de\/wp-json\/wp\/v2\/types\/page"}],"author":[{"embeddable":true,"href":"https:\/\/fabijan.si\/de\/wp-json\/wp\/v2\/users\/1"}],"replies":[{"embeddable":true,"href":"https:\/\/fabijan.si\/de\/wp-json\/wp\/v2\/comments?post=4577828"}],"version-history":[{"count":0,"href":"https:\/\/fabijan.si\/de\/wp-json\/wp\/v2\/pages\/4577828\/revisions"}],"up":[{"embeddable":true,"href":"https:\/\/fabijan.si\/de\/wp-json\/wp\/v2\/pages\/4577813"}],"wp:attachment":[{"href":"https:\/\/fabijan.si\/de\/wp-json\/wp\/v2\/media?parent=4577828"}],"curies":[{"name":"wp","href":"https:\/\/api.w.org\/{rel}","templated":true}]}}