{"id":4577840,"date":"2026-02-03T15:28:32","date_gmt":"2026-02-03T14:28:32","guid":{"rendered":"https:\/\/fabijan.si\/kellerei\/behandlungsmaterialien\/hefenahrstoff\/hefenahrstoff-nutristart-organiq-1-kg\/"},"modified":"2026-02-03T15:28:32","modified_gmt":"2026-02-03T14:28:32","slug":"hefenahrstoff-nutristart-organiq-1-kg","status":"publish","type":"page","link":"https:\/\/fabijan.si\/de\/kellerei\/behandlungsmaterialien\/hefenahrstoff\/hefenahrstoff-nutristart-organiq-1-kg\/","title":{"rendered":"hefenahrstoff-nutristart-organiq-1-kg"},"content":{"rendered":"\n<div class=\"container\">\n<div class=\"breadcrumb-container\"><span><br \/>\n<a href=\"https:\/\/fabijan.si\/de\/\">Zuhause<\/a> | <a href=\"https:\/\/fabijan.si\/de\/kellerei\/\">Kellerei<\/a> | <a href=\"https:\/\/fabijan.si\/de\/kellerei\/behandlungsmaterialien\/\">Behandlungsmaterialien<\/a> | <a href=\"https:\/\/fabijan.si\/de\/kellerei\/behandlungsmaterialien\/hefenahrstoff\/\">Hefen\u00e4hrstoff<\/a><\/span>\n<\/div>\n<div class=\"row\">\n<div class=\"col-6\">\n<div id=\"carouselExampleControls\" class=\"carousel slide carousel-container\" data-interval=\"false\">\n<div class=\"carousel-inner\">\n<div class=\"carousel-item active\">   <img decoding=\"async\" src=\"https:\/\/fabijan.si\/wp-content\/uploads\/site-content\/00013192.jpg\" class=\"d-block w-100\" alt=\"...\"><\/div>\n<\/p><\/div>\n<p>              <button class=\"carousel-control-prev\" type=\"button\" data-bs-target=\"#carouselExampleControls\" data-bs-slide=\"prev\"><br \/>\n                <span class=\"carousel-control-prev-icon\" aria-hidden=\"true\"><\/span><br \/>\n              <\/button><br \/>\n              <button class=\"carousel-control-next\" type=\"button\" data-bs-target=\"#carouselExampleControls\" data-bs-slide=\"next\"><br \/>\n                <span class=\"carousel-control-next-icon\" aria-hidden=\"true\"><\/span><br \/>\n              <\/button>\n            <\/div>\n<\/p><\/div>\n<div class=\"col-6 slo-name\">\n            Hefen\u00e4hrstoff NUTRISTART OrganiQ 1 kg<\/p>\n<div class=\"brand\">Komplexer, g\u00e4nzlich aus Hefe gewonnener N\u00e4hrstoff mit einem hohen Gehalt an Aminos\u00e4uren,<br \/>\nVitaminen (insbesondere an Pantothens\u00e4ure), Mineralstoffen und Spurenelementen (Magnesium,<br \/>\nMangan, Zink, Eisen, etc.), welche die Zellvermehrung f\u00f6rdern.<br \/>\n\u2022 Gew\u00e4hrleistet vollst\u00e4ndiges Durchg\u00e4ren bei m\u00e4\u00dfig versorgten Mosten.<br \/>\n\u2022 Minimiert die Bildung unerw\u00fcnschter Nebenprodukte (negative Schwefelverbindungen&#8230;).<br \/>\n\u2022 Im Fall von stark unterversorgten Mosten und\/oder hohen potentiellen Alkoholgehalten verwenden<br \/>\nSie NUTRISTART\u00ae ORG zusammen mit einer zus\u00e4tzlichen Stickstoffquelle, um eine ausgewogene<br \/>\nN\u00e4hrstoffversorgung der Hefe zu gew\u00e4hrleisten.<br \/>\n\u2022 30 g\/hL NUTRISTART\u00ae ORG entsprechen durchschnittlich 20 mg\/L hefeverwertbarem Stickstoff.<br \/>\nOMRI: Produkt registriert f\u00fcr die Produktion nach NOP (National Organic Program).<br \/>\nDosierung: 30 &#8211; 60 g\/hL je nach Stickstoffbedarf und gesetzlichen Regelungen.<br \/>\nZugabe direkt zum Most w\u00e4hrend dem ersten Drittel der G\u00e4rung.<\/div>\n<p>\t\t\t<!-- \n\n<div class=\"price-container\">\n                \n\n<p class=\"price\">###PRICE###<\/p>\n\n --><br \/>\n                <!-- <button type=\"button\" class=\"btn btn-config btn-lg\">Pojdi na konfigurator<\/button> -->\n            <\/div>\n<\/p><\/div>\n<div class=\"menu\">\n<div class=\"btn-group d-flex justify-content-center\" id=\"menu-buttons\">\n              <button type=\"button\" onClick = \"showSpecs()\" class=\"btn menu-button menu-title active\">SPEZIFIKATIONEN<\/button><br \/>\n              <button type=\"button\" onClick = \"showDescription()\" class=\"btn menu-button menu-title\">BESCHREIBUNG<\/button><br \/>\n              <button type=\"button\" onClick = \"showMaterial()\" class=\"btn menu-button menu-title\">MATERIAL<\/button>\n            <\/div>\n<div id=\"specs\">\n<ul class=\"list-group\">\n                Komplexer, g\u00e4nzlich aus Hefe gewonnener N\u00e4hrstoff mit einem hohen Gehalt an Aminos\u00e4uren,<br \/>\nVitaminen (insbesondere an Pantothens\u00e4ure), Mineralstoffen und Spurenelementen (Magnesium,<br \/>\nMangan, Zink, Eisen, etc.), welche die Zellvermehrung f\u00f6rdern.<br \/>\n\u2022 Gew\u00e4hrleistet vollst\u00e4ndiges Durchg\u00e4ren bei m\u00e4\u00dfig versorgten Mosten.<br \/>\n\u2022 Minimiert die Bildung unerw\u00fcnschter Nebenprodukte (negative Schwefelverbindungen&#8230;).<br \/>\n\u2022 Im Fall von stark unterversorgten Mosten und\/oder hohen potentiellen Alkoholgehalten verwenden<br \/>\nSie NUTRISTART\u00ae ORG zusammen mit einer zus\u00e4tzlichen Stickstoffquelle, um eine ausgewogene<br \/>\nN\u00e4hrstoffversorgung der Hefe zu gew\u00e4hrleisten.<br \/>\n\u2022 30 g\/hL NUTRISTART\u00ae ORG entsprechen durchschnittlich 20 mg\/L hefeverwertbarem Stickstoff.<br \/>\nOMRI: Produkt registriert f\u00fcr die Produktion nach NOP (National Organic Program).<br \/>\nDosierung: 30 &#8211; 60 g\/hL je nach Stickstoffbedarf und gesetzlichen Regelungen.<br \/>\nZugabe direkt zum Most w\u00e4hrend dem ersten Drittel der G\u00e4rung.\n              <\/ul>\n<\/p><\/div>\n<div id=\"description\">\n              Komplexer, g\u00e4nzlich aus Hefe gewonnener N\u00e4hrstoff mit einem hohen Gehalt an Aminos\u00e4uren,<br \/>\nVitaminen (insbesondere an Pantothens\u00e4ure), Mineralstoffen und Spurenelementen (Magnesium,<br \/>\nMangan, Zink, Eisen, etc.), welche die Zellvermehrung f\u00f6rdern.<br \/>\n\u2022 Gew\u00e4hrleistet vollst\u00e4ndiges Durchg\u00e4ren bei m\u00e4\u00dfig versorgten Mosten.<br \/>\n\u2022 Minimiert die Bildung unerw\u00fcnschter Nebenprodukte (negative Schwefelverbindungen&#8230;).<br \/>\n\u2022 Im Fall von stark unterversorgten Mosten und\/oder hohen potentiellen Alkoholgehalten verwenden<br \/>\nSie NUTRISTART\u00ae ORG zusammen mit einer zus\u00e4tzlichen Stickstoffquelle, um eine ausgewogene<br \/>\nN\u00e4hrstoffversorgung der Hefe zu gew\u00e4hrleisten.<br \/>\n\u2022 30 g\/hL NUTRISTART\u00ae ORG entsprechen durchschnittlich 20 mg\/L hefeverwertbarem Stickstoff.<br \/>\nOMRI: Produkt registriert f\u00fcr die Produktion nach NOP (National Organic Program).<br \/>\nDosierung: 30 &#8211; 60 g\/hL je nach Stickstoffbedarf und gesetzlichen Regelungen.<br \/>\nZugabe direkt zum Most w\u00e4hrend dem ersten Drittel der G\u00e4rung.\n            <\/div>\n<div id=\"material\"><\/div>\n<\/p><\/div>\n<\/p><\/div>\n<\/p><\/div>\n","protected":false},"excerpt":{"rendered":"<p>Zuhause | Kellerei | Behandlungsmaterialien | Hefen\u00e4hrstoff Hefen\u00e4hrstoff NUTRISTART OrganiQ 1 kg Komplexer, g\u00e4nzlich aus Hefe gewonnener N\u00e4hrstoff mit einem hohen Gehalt an Aminos\u00e4uren, Vitaminen (insbesondere an Pantothens\u00e4ure), Mineralstoffen und Spurenelementen (Magnesium, Mangan, Zink, Eisen, etc.), welche die Zellvermehrung f\u00f6rdern. \u2022 Gew\u00e4hrleistet vollst\u00e4ndiges Durchg\u00e4ren bei m\u00e4\u00dfig versorgten Mosten. \u2022 Minimiert die Bildung unerw\u00fcnschter Nebenprodukte (negative [&hellip;]<\/p>\n","protected":false},"author":1,"featured_media":0,"parent":4577813,"menu_order":0,"comment_status":"closed","ping_status":"closed","template":"elementor_theme","meta":{"footnotes":""},"class_list":["post-4577840","page","type-page","status-publish","hentry"],"_links":{"self":[{"href":"https:\/\/fabijan.si\/de\/wp-json\/wp\/v2\/pages\/4577840","targetHints":{"allow":["GET"]}}],"collection":[{"href":"https:\/\/fabijan.si\/de\/wp-json\/wp\/v2\/pages"}],"about":[{"href":"https:\/\/fabijan.si\/de\/wp-json\/wp\/v2\/types\/page"}],"author":[{"embeddable":true,"href":"https:\/\/fabijan.si\/de\/wp-json\/wp\/v2\/users\/1"}],"replies":[{"embeddable":true,"href":"https:\/\/fabijan.si\/de\/wp-json\/wp\/v2\/comments?post=4577840"}],"version-history":[{"count":0,"href":"https:\/\/fabijan.si\/de\/wp-json\/wp\/v2\/pages\/4577840\/revisions"}],"up":[{"embeddable":true,"href":"https:\/\/fabijan.si\/de\/wp-json\/wp\/v2\/pages\/4577813"}],"wp:attachment":[{"href":"https:\/\/fabijan.si\/de\/wp-json\/wp\/v2\/media?parent=4577840"}],"curies":[{"name":"wp","href":"https:\/\/api.w.org\/{rel}","templated":true}]}}