{"id":4577843,"date":"2026-02-03T15:28:33","date_gmt":"2026-02-03T14:28:33","guid":{"rendered":"https:\/\/fabijan.si\/kellerei\/behandlungsmaterialien\/hefenahrstoff\/hefenahrstoff-thiazote-ph-1-kg\/"},"modified":"2026-02-03T15:28:33","modified_gmt":"2026-02-03T14:28:33","slug":"hefenahrstoff-thiazote-ph-1-kg","status":"publish","type":"page","link":"https:\/\/fabijan.si\/de\/kellerei\/behandlungsmaterialien\/hefenahrstoff\/hefenahrstoff-thiazote-ph-1-kg\/","title":{"rendered":"hefenahrstoff-thiazote-ph-1-kg"},"content":{"rendered":"\n<div class=\"container\">\n<div class=\"breadcrumb-container\"><span><br \/>\n<a href=\"https:\/\/fabijan.si\/de\/\">Zuhause<\/a> | <a href=\"https:\/\/fabijan.si\/de\/kellerei\/\">Kellerei<\/a> | <a href=\"https:\/\/fabijan.si\/de\/kellerei\/behandlungsmaterialien\/\">Behandlungsmaterialien<\/a> | <a href=\"https:\/\/fabijan.si\/de\/kellerei\/behandlungsmaterialien\/hefenahrstoff\/\">Hefen\u00e4hrstoff<\/a><\/span>\n<\/div>\n<div class=\"row\">\n<div class=\"col-6\">\n<div id=\"carouselExampleControls\" class=\"carousel slide carousel-container\" data-interval=\"false\">\n<div class=\"carousel-inner\">\n<div class=\"carousel-item active\">   <img decoding=\"async\" src=\"https:\/\/fabijan.si\/wp-content\/uploads\/site-content\/00013197.jpeg\" class=\"d-block w-100\" alt=\"...\"><\/div>\n<\/p><\/div>\n<p>              <button class=\"carousel-control-prev\" type=\"button\" data-bs-target=\"#carouselExampleControls\" data-bs-slide=\"prev\"><br \/>\n                <span class=\"carousel-control-prev-icon\" aria-hidden=\"true\"><\/span><br \/>\n              <\/button><br \/>\n              <button class=\"carousel-control-next\" type=\"button\" data-bs-target=\"#carouselExampleControls\" data-bs-slide=\"next\"><br \/>\n                <span class=\"carousel-control-next-icon\" aria-hidden=\"true\"><\/span><br \/>\n              <\/button>\n            <\/div>\n<\/p><\/div>\n<div class=\"col-6 slo-name\">\n            Hefen\u00e4hrstoff THIAZOTE PH 1 kg<\/p>\n<div class=\"brand\">Aktivator der alkoholischen G\u00e4rung (DAP und Thiamin).<br \/>\nTHIAZOTE\u00ae PH: Ammoniumphosphat +Thiamin.<br \/>\n10 g\/hL THIAZOTE\u00ae f\u00fchren dem Most durchschnittlich 21 mg\/L hefeverwertbaren Stickstoff zu.<br \/>\nDosierung: abh\u00e4ngig vom anf\u00e4nglichen Stickstoffgehalt des Mostes, potentiellen Alkoholgehalt und<br \/>\nTr\u00fcbung.<br \/>\nF\u00fcr die Dosierung beachten Sie das Produktdatenblatt und die maximal gesetzlich zul\u00e4ssigen<br \/>\nH\u00f6chstmengen.<\/div>\n<p>\t\t\t<!-- \n\n<div class=\"price-container\">\n                \n\n<p class=\"price\">###PRICE###<\/p>\n\n --><br \/>\n                <!-- <button type=\"button\" class=\"btn btn-config btn-lg\">Pojdi na konfigurator<\/button> -->\n            <\/div>\n<\/p><\/div>\n<div class=\"menu\">\n<div class=\"btn-group d-flex justify-content-center\" id=\"menu-buttons\">\n              <button type=\"button\" onClick = \"showSpecs()\" class=\"btn menu-button menu-title active\">SPEZIFIKATIONEN<\/button><br \/>\n              <button type=\"button\" onClick = \"showDescription()\" class=\"btn menu-button menu-title\">BESCHREIBUNG<\/button><br \/>\n              <button type=\"button\" onClick = \"showMaterial()\" class=\"btn menu-button menu-title\">MATERIAL<\/button>\n            <\/div>\n<div id=\"specs\">\n<ul class=\"list-group\">\n                Aktivator der alkoholischen G\u00e4rung (DAP und Thiamin).<br \/>\nTHIAZOTE\u00ae PH: Ammoniumphosphat +Thiamin.<br \/>\n10 g\/hL THIAZOTE\u00ae f\u00fchren dem Most durchschnittlich 21 mg\/L hefeverwertbaren Stickstoff zu.<br \/>\nDosierung: abh\u00e4ngig vom anf\u00e4nglichen Stickstoffgehalt des Mostes, potentiellen Alkoholgehalt und<br \/>\nTr\u00fcbung.<br \/>\nF\u00fcr die Dosierung beachten Sie das Produktdatenblatt und die maximal gesetzlich zul\u00e4ssigen<br \/>\nH\u00f6chstmengen.\n              <\/ul>\n<\/p><\/div>\n<div id=\"description\"><\/div>\n<div id=\"material\"><\/div>\n<\/p><\/div>\n<\/p><\/div>\n<\/p><\/div>\n","protected":false},"excerpt":{"rendered":"<p>Zuhause | Kellerei | Behandlungsmaterialien | Hefen\u00e4hrstoff Hefen\u00e4hrstoff THIAZOTE PH 1 kg Aktivator der alkoholischen G\u00e4rung (DAP und Thiamin). THIAZOTE\u00ae PH: Ammoniumphosphat +Thiamin. 10 g\/hL THIAZOTE\u00ae f\u00fchren dem Most durchschnittlich 21 mg\/L hefeverwertbaren Stickstoff zu. Dosierung: abh\u00e4ngig vom anf\u00e4nglichen Stickstoffgehalt des Mostes, potentiellen Alkoholgehalt und Tr\u00fcbung. F\u00fcr die Dosierung beachten Sie das Produktdatenblatt und die [&hellip;]<\/p>\n","protected":false},"author":1,"featured_media":0,"parent":4577813,"menu_order":0,"comment_status":"closed","ping_status":"closed","template":"elementor_theme","meta":{"footnotes":""},"class_list":["post-4577843","page","type-page","status-publish","hentry"],"_links":{"self":[{"href":"https:\/\/fabijan.si\/de\/wp-json\/wp\/v2\/pages\/4577843","targetHints":{"allow":["GET"]}}],"collection":[{"href":"https:\/\/fabijan.si\/de\/wp-json\/wp\/v2\/pages"}],"about":[{"href":"https:\/\/fabijan.si\/de\/wp-json\/wp\/v2\/types\/page"}],"author":[{"embeddable":true,"href":"https:\/\/fabijan.si\/de\/wp-json\/wp\/v2\/users\/1"}],"replies":[{"embeddable":true,"href":"https:\/\/fabijan.si\/de\/wp-json\/wp\/v2\/comments?post=4577843"}],"version-history":[{"count":0,"href":"https:\/\/fabijan.si\/de\/wp-json\/wp\/v2\/pages\/4577843\/revisions"}],"up":[{"embeddable":true,"href":"https:\/\/fabijan.si\/de\/wp-json\/wp\/v2\/pages\/4577813"}],"wp:attachment":[{"href":"https:\/\/fabijan.si\/de\/wp-json\/wp\/v2\/media?parent=4577843"}],"curies":[{"name":"wp","href":"https:\/\/api.w.org\/{rel}","templated":true}]}}