{"id":4577849,"date":"2026-02-03T15:28:34","date_gmt":"2026-02-03T14:28:34","guid":{"rendered":"https:\/\/fabijan.si\/kellerei\/behandlungsmaterialien\/hefenahrstoff\/turbicel-5kg-zu-unterstutzung-der-garung\/"},"modified":"2026-02-03T15:28:34","modified_gmt":"2026-02-03T14:28:34","slug":"turbicel-5kg-zu-unterstutzung-der-garung","status":"publish","type":"page","link":"https:\/\/fabijan.si\/de\/kellerei\/behandlungsmaterialien\/hefenahrstoff\/turbicel-5kg-zu-unterstutzung-der-garung\/","title":{"rendered":"turbicel-5kg-zu-unterstutzung-der-garung"},"content":{"rendered":"\n<div class=\"container\">\n<div class=\"breadcrumb-container\"><span><br \/>\n<a href=\"https:\/\/fabijan.si\/de\/\">Zuhause<\/a> | <a href=\"https:\/\/fabijan.si\/de\/kellerei\/\">Kellerei<\/a> | <a href=\"https:\/\/fabijan.si\/de\/kellerei\/behandlungsmaterialien\/\">Behandlungsmaterialien<\/a> | <a href=\"https:\/\/fabijan.si\/de\/kellerei\/behandlungsmaterialien\/hefenahrstoff\/\">Hefen\u00e4hrstoff<\/a><\/span>\n<\/div>\n<div class=\"row\">\n<div class=\"col-6\">\n<div id=\"carouselExampleControls\" class=\"carousel slide carousel-container\" data-interval=\"false\">\n<div class=\"carousel-inner\">\n<div class=\"carousel-item active\">   <img decoding=\"async\" src=\"https:\/\/fabijan.si\/wp-content\/uploads\/site-content\/turbicel.jpg\" class=\"d-block w-100\" alt=\"...\"><\/div>\n<\/p><\/div>\n<p>              <button class=\"carousel-control-prev\" type=\"button\" data-bs-target=\"#carouselExampleControls\" data-bs-slide=\"prev\"><br \/>\n                <span class=\"carousel-control-prev-icon\" aria-hidden=\"true\"><\/span><br \/>\n              <\/button><br \/>\n              <button class=\"carousel-control-next\" type=\"button\" data-bs-target=\"#carouselExampleControls\" data-bs-slide=\"next\"><br \/>\n                <span class=\"carousel-control-next-icon\" aria-hidden=\"true\"><\/span><br \/>\n              <\/button>\n            <\/div>\n<\/p><\/div>\n<div class=\"col-6 slo-name\">\n            Turbicel 5kg zu Unterst\u00fctzung der G\u00e4rung<\/p>\n<div class=\"brand\">Cellulosepulver fur extrem blanke Moste.<br \/>\nKompensiert zu scharfes Vorklaren bei Weis- und Rosemosten durch Erhohung des Feststoffgehalts,<br \/>\num die innere Oberflache zu vergrosern und die Hefe in Suspension zu halten.<br \/>\nDosierung: 10g\/hL = 20 NTU.<\/div>\n<p>\t\t\t<!-- \n\n<div class=\"price-container\">\n                \n\n<p class=\"price\">###PRICE###<\/p>\n\n --><br \/>\n                <!-- <button type=\"button\" class=\"btn btn-config btn-lg\">Pojdi na konfigurator<\/button> -->\n            <\/div>\n<\/p><\/div>\n<div class=\"menu\">\n<div class=\"btn-group d-flex justify-content-center\" id=\"menu-buttons\">\n              <button type=\"button\" onClick = \"showSpecs()\" class=\"btn menu-button menu-title active\">SPEZIFIKATIONEN<\/button><br \/>\n              <button type=\"button\" onClick = \"showDescription()\" class=\"btn menu-button menu-title\">BESCHREIBUNG<\/button><br \/>\n              <button type=\"button\" onClick = \"showMaterial()\" class=\"btn menu-button menu-title\">MATERIAL<\/button>\n            <\/div>\n<div id=\"specs\">\n<ul class=\"list-group\">\n                Cellulosepulver fur extrem blanke Moste.<br \/>\nKompensiert zu scharfes Vorklaren bei Weis- und Rosemosten durch Erhohung des Feststoffgehalts,<br \/>\num die innere Oberflache zu vergrosern und die Hefe in Suspension zu halten.<br \/>\nDosierung: 10g\/hL = 20 NTU.\n              <\/ul>\n<\/p><\/div>\n<div id=\"description\">\n              Cellulosepulver fur extrem blanke Moste.<br \/>\nKompensiert zu scharfes Vorklaren bei Weis- und Rosemosten durch Erhohung des Feststoffgehalts,<br \/>\num die innere Oberflache zu vergrosern und die Hefe in Suspension zu halten.<br \/>\nDosierung: 10g\/hL = 20 NTU.\n            <\/div>\n<div id=\"material\"><\/div>\n<\/p><\/div>\n<\/p><\/div>\n<\/p><\/div>\n","protected":false},"excerpt":{"rendered":"<p>Zuhause | Kellerei | Behandlungsmaterialien | Hefen\u00e4hrstoff Turbicel 5kg zu Unterst\u00fctzung der G\u00e4rung Cellulosepulver fur extrem blanke Moste. Kompensiert zu scharfes Vorklaren bei Weis- und Rosemosten durch Erhohung des Feststoffgehalts, um die innere Oberflache zu vergrosern und die Hefe in Suspension zu halten. Dosierung: 10g\/hL = 20 NTU. SPEZIFIKATIONEN BESCHREIBUNG MATERIAL Cellulosepulver fur extrem blanke [&hellip;]<\/p>\n","protected":false},"author":1,"featured_media":0,"parent":4577813,"menu_order":0,"comment_status":"closed","ping_status":"closed","template":"elementor_theme","meta":{"footnotes":""},"class_list":["post-4577849","page","type-page","status-publish","hentry"],"_links":{"self":[{"href":"https:\/\/fabijan.si\/de\/wp-json\/wp\/v2\/pages\/4577849","targetHints":{"allow":["GET"]}}],"collection":[{"href":"https:\/\/fabijan.si\/de\/wp-json\/wp\/v2\/pages"}],"about":[{"href":"https:\/\/fabijan.si\/de\/wp-json\/wp\/v2\/types\/page"}],"author":[{"embeddable":true,"href":"https:\/\/fabijan.si\/de\/wp-json\/wp\/v2\/users\/1"}],"replies":[{"embeddable":true,"href":"https:\/\/fabijan.si\/de\/wp-json\/wp\/v2\/comments?post=4577849"}],"version-history":[{"count":0,"href":"https:\/\/fabijan.si\/de\/wp-json\/wp\/v2\/pages\/4577849\/revisions"}],"up":[{"embeddable":true,"href":"https:\/\/fabijan.si\/de\/wp-json\/wp\/v2\/pages\/4577813"}],"wp:attachment":[{"href":"https:\/\/fabijan.si\/de\/wp-json\/wp\/v2\/media?parent=4577849"}],"curies":[{"name":"wp","href":"https:\/\/api.w.org\/{rel}","templated":true}]}}