{"id":4577867,"date":"2026-02-03T15:28:40","date_gmt":"2026-02-03T14:28:40","guid":{"rendered":"https:\/\/fabijan.si\/kellerei\/behandlungsmaterialien\/bsa-bakterien\/bakterie-lactoenos-b7-direct-25-hl\/"},"modified":"2026-02-03T15:28:40","modified_gmt":"2026-02-03T14:28:40","slug":"bakterie-lactoenos-b7-direct-25-hl","status":"publish","type":"page","link":"https:\/\/fabijan.si\/de\/kellerei\/behandlungsmaterialien\/bsa-bakterien\/bakterie-lactoenos-b7-direct-25-hl\/","title":{"rendered":"bakterie-lactoenos-b7-direct-25-hl"},"content":{"rendered":"\n<div class=\"container\">\n<div class=\"breadcrumb-container\"><span><br \/>\n<a href=\"https:\/\/fabijan.si\/de\/\">Zuhause<\/a> | <a href=\"https:\/\/fabijan.si\/de\/kellerei\/\">Kellerei<\/a> | <a href=\"https:\/\/fabijan.si\/de\/kellerei\/behandlungsmaterialien\/\">Behandlungsmaterialien<\/a> | <a href=\"https:\/\/fabijan.si\/de\/kellerei\/behandlungsmaterialien\/bsa-bakterien\/\">BSA Bakterien<\/a><\/span>\n<\/div>\n<div class=\"row\">\n<div class=\"col-6\">\n<div id=\"carouselExampleControls\" class=\"carousel slide carousel-container\" data-interval=\"false\">\n<div class=\"carousel-inner\">\n<div class=\"carousel-item active\">   <img decoding=\"async\" src=\"https:\/\/fabijan.si\/wp-content\/uploads\/site-content\/00048427.jpg\" class=\"d-block w-100\" alt=\"...\"><\/div>\n<\/p><\/div>\n<p>              <button class=\"carousel-control-prev\" type=\"button\" data-bs-target=\"#carouselExampleControls\" data-bs-slide=\"prev\"><br \/>\n                <span class=\"carousel-control-prev-icon\" aria-hidden=\"true\"><\/span><br \/>\n              <\/button><br \/>\n              <button class=\"carousel-control-next\" type=\"button\" data-bs-target=\"#carouselExampleControls\" data-bs-slide=\"next\"><br \/>\n                <span class=\"carousel-control-next-icon\" aria-hidden=\"true\"><\/span><br \/>\n              <\/button>\n            <\/div>\n<\/p><\/div>\n<div class=\"col-6 slo-name\">\n            Bakterie LACTOENOS B7 DIRECT- 2,5 hL<\/p>\n<div class=\"brand\">Leistungsstarker Stamm f\u00fcr Rot-, Wei\u00df- und Ros\u00e9weine,<br \/>\nbei einer breiten Palette an pH-Werten, Alkoholgehalten,<br \/>\nSO2-Gehalten, Temperaturen und Tanninstrukturen.<\/div>\n<p>\t\t\t<!-- \n\n<div class=\"price-container\">\n                \n\n<p class=\"price\">###PRICE###<\/p>\n\n --><br \/>\n                <!-- <button type=\"button\" class=\"btn btn-config btn-lg\">Pojdi na konfigurator<\/button> -->\n            <\/div>\n<\/p><\/div>\n<div class=\"menu\">\n<div class=\"btn-group d-flex justify-content-center\" id=\"menu-buttons\">\n              <button type=\"button\" onClick = \"showSpecs()\" class=\"btn menu-button menu-title active\">SPEZIFIKATIONEN<\/button><br \/>\n              <button type=\"button\" onClick = \"showDescription()\" class=\"btn menu-button menu-title\">BESCHREIBUNG<\/button><br \/>\n              <button type=\"button\" onClick = \"showMaterial()\" class=\"btn menu-button menu-title\">MATERIAL<\/button>\n            <\/div>\n<div id=\"specs\">\n<ul class=\"list-group\">\n                Leistungsstarker Stamm f\u00fcr Rot-, Wei\u00df- und Ros\u00e9weine,<br \/>\nbei einer breiten Palette an pH-Werten, Alkoholgehalten,<br \/>\nSO2-Gehalten, Temperaturen und Tanninstrukturen.\n              <\/ul>\n<\/p><\/div>\n<div id=\"description\"><\/div>\n<div id=\"material\"><\/div>\n<\/p><\/div>\n<\/p><\/div>\n<\/p><\/div>\n","protected":false},"excerpt":{"rendered":"<p>Zuhause | Kellerei | Behandlungsmaterialien | BSA Bakterien Bakterie LACTOENOS B7 DIRECT- 2,5 hL Leistungsstarker Stamm f\u00fcr Rot-, Wei\u00df- und Ros\u00e9weine, bei einer breiten Palette an pH-Werten, Alkoholgehalten, SO2-Gehalten, Temperaturen und Tanninstrukturen. SPEZIFIKATIONEN BESCHREIBUNG MATERIAL Leistungsstarker Stamm f\u00fcr Rot-, Wei\u00df- und Ros\u00e9weine, bei einer breiten Palette an pH-Werten, Alkoholgehalten, SO2-Gehalten, Temperaturen und Tanninstrukturen.<\/p>\n","protected":false},"author":1,"featured_media":0,"parent":4577858,"menu_order":0,"comment_status":"closed","ping_status":"closed","template":"elementor_theme","meta":{"footnotes":""},"class_list":["post-4577867","page","type-page","status-publish","hentry"],"_links":{"self":[{"href":"https:\/\/fabijan.si\/de\/wp-json\/wp\/v2\/pages\/4577867","targetHints":{"allow":["GET"]}}],"collection":[{"href":"https:\/\/fabijan.si\/de\/wp-json\/wp\/v2\/pages"}],"about":[{"href":"https:\/\/fabijan.si\/de\/wp-json\/wp\/v2\/types\/page"}],"author":[{"embeddable":true,"href":"https:\/\/fabijan.si\/de\/wp-json\/wp\/v2\/users\/1"}],"replies":[{"embeddable":true,"href":"https:\/\/fabijan.si\/de\/wp-json\/wp\/v2\/comments?post=4577867"}],"version-history":[{"count":0,"href":"https:\/\/fabijan.si\/de\/wp-json\/wp\/v2\/pages\/4577867\/revisions"}],"up":[{"embeddable":true,"href":"https:\/\/fabijan.si\/de\/wp-json\/wp\/v2\/pages\/4577858"}],"wp:attachment":[{"href":"https:\/\/fabijan.si\/de\/wp-json\/wp\/v2\/media?parent=4577867"}],"curies":[{"name":"wp","href":"https:\/\/api.w.org\/{rel}","templated":true}]}}