{"id":4577894,"date":"2026-02-03T15:28:51","date_gmt":"2026-02-03T14:28:51","guid":{"rendered":"https:\/\/fabijan.si\/kellerei\/behandlungsmaterialien\/tanine\/tanin-vr-supra-5-kg\/"},"modified":"2026-02-03T15:28:51","modified_gmt":"2026-02-03T14:28:51","slug":"tanin-vr-supra-5-kg","status":"publish","type":"page","link":"https:\/\/fabijan.si\/de\/kellerei\/behandlungsmaterialien\/tanine\/tanin-vr-supra-5-kg\/","title":{"rendered":"tanin-vr-supra-5-kg"},"content":{"rendered":"\n<div class=\"container\">\n<div class=\"breadcrumb-container\"><span><br \/>\n<a href=\"https:\/\/fabijan.si\/de\/\">Zuhause<\/a> | <a href=\"https:\/\/fabijan.si\/de\/kellerei\/\">Kellerei<\/a> | <a href=\"https:\/\/fabijan.si\/de\/kellerei\/behandlungsmaterialien\/\">Behandlungsmaterialien<\/a> | <a href=\"https:\/\/fabijan.si\/de\/kellerei\/behandlungsmaterialien\/tanine\/\">Tanine<\/a><\/span>\n<\/div>\n<div class=\"row\">\n<div class=\"col-6\">\n<div id=\"carouselExampleControls\" class=\"carousel slide carousel-container\" data-interval=\"false\">\n<div class=\"carousel-inner\">\n<div class=\"carousel-item active\">   <img decoding=\"async\" src=\"https:\/\/fabijan.si\/wp-content\/uploads\/site-content\/tanin-vr-supra.jpg\" class=\"d-block w-100\" alt=\"...\"><\/div>\n<\/p><\/div>\n<p>              <button class=\"carousel-control-prev\" type=\"button\" data-bs-target=\"#carouselExampleControls\" data-bs-slide=\"prev\"><br \/>\n                <span class=\"carousel-control-prev-icon\" aria-hidden=\"true\"><\/span><br \/>\n              <\/button><br \/>\n              <button class=\"carousel-control-next\" type=\"button\" data-bs-target=\"#carouselExampleControls\" data-bs-slide=\"next\"><br \/>\n                <span class=\"carousel-control-next-icon\" aria-hidden=\"true\"><\/span><br \/>\n              <\/button>\n            <\/div>\n<\/p><\/div>\n<div class=\"col-6 slo-name\">\n            TANIN VR SUPRA  5 kg<\/p>\n<div class=\"brand\">TANIN VR SUPRA\u00ae kombiniert die Wirkung der proanthocyanidinischen und ellagischen Tannine f\u00fcr eine technologisch optimale Wirkung ohne nachteilige organoleptische Auswirkungen:<br \/>\nVerbesserung der Weinstruktur durch Einwirkung auf die Mundh\u00f6hle.<br \/>\nHemmung der nat\u00fcrlichen Oxidationsenzyme (Laccase,Tyrosinase) bei der Lese beeintr\u00e4chtigter Trauben (als Erg\u00e4nzung des SO2).<br \/>\nOxidationshemmende Wirkung, die den Schutz des farbgebenden Stoffs unterst\u00fctzt.<\/div>\n<p>\t\t\t<!-- \n\n<div class=\"price-container\">\n                \n\n<p class=\"price\">###PRICE###<\/p>\n\n --><br \/>\n                <!-- <button type=\"button\" class=\"btn btn-config btn-lg\">Pojdi na konfigurator<\/button> -->\n            <\/div>\n<\/p><\/div>\n<div class=\"menu\">\n<div class=\"btn-group d-flex justify-content-center\" id=\"menu-buttons\">\n              <button type=\"button\" onClick = \"showSpecs()\" class=\"btn menu-button menu-title active\">SPEZIFIKATIONEN<\/button><br \/>\n              <button type=\"button\" onClick = \"showDescription()\" class=\"btn menu-button menu-title\">BESCHREIBUNG<\/button><br \/>\n              <button type=\"button\" onClick = \"showMaterial()\" class=\"btn menu-button menu-title\">MATERIAL<\/button>\n            <\/div>\n<div id=\"specs\">\n<ul class=\"list-group\">\n                TANIN VR SUPRA\u00ae kombiniert die Wirkung der proanthocyanidinischen und ellagischen Tannine f\u00fcr eine technologisch optimale Wirkung ohne nachteilige organoleptische Auswirkungen:<br \/>\nVerbesserung der Weinstruktur durch Einwirkung auf die Mundh\u00f6hle.<br \/>\nHemmung der nat\u00fcrlichen Oxidationsenzyme (Laccase,Tyrosinase) bei der Lese beeintr\u00e4chtigter Trauben (als Erg\u00e4nzung des SO2).<br \/>\nOxidationshemmende Wirkung, die den Schutz des farbgebenden Stoffs unterst\u00fctzt.\n              <\/ul>\n<\/p><\/div>\n<div id=\"description\">\n              TANIN VR SUPRA\u00ae kombiniert die Wirkung der proanthocyanidinischen und ellagischen Tannine f\u00fcr eine technologisch optimale Wirkung ohne nachteilige organoleptische Auswirkungen:<br \/>\nVerbesserung der Weinstruktur durch Einwirkung auf die Mundh\u00f6hle.<br \/>\nHemmung der nat\u00fcrlichen Oxidationsenzyme (Laccase,Tyrosinase) bei der Lese beeintr\u00e4chtigter Trauben (als Erg\u00e4nzung des SO2).<br \/>\nOxidationshemmende Wirkung, die den Schutz des farbgebenden Stoffs unterst\u00fctzt.\n            <\/div>\n<div id=\"material\"><\/div>\n<\/p><\/div>\n<\/p><\/div>\n<\/p><\/div>\n","protected":false},"excerpt":{"rendered":"<p>Zuhause | Kellerei | Behandlungsmaterialien | Tanine TANIN VR SUPRA 5 kg TANIN VR SUPRA\u00ae kombiniert die Wirkung der proanthocyanidinischen und ellagischen Tannine f\u00fcr eine technologisch optimale Wirkung ohne nachteilige organoleptische Auswirkungen: Verbesserung der Weinstruktur durch Einwirkung auf die Mundh\u00f6hle. Hemmung der nat\u00fcrlichen Oxidationsenzyme (Laccase,Tyrosinase) bei der Lese beeintr\u00e4chtigter Trauben (als Erg\u00e4nzung des SO2). Oxidationshemmende [&hellip;]<\/p>\n","protected":false},"author":1,"featured_media":0,"parent":4577879,"menu_order":0,"comment_status":"closed","ping_status":"closed","template":"elementor_theme","meta":{"footnotes":""},"class_list":["post-4577894","page","type-page","status-publish","hentry"],"_links":{"self":[{"href":"https:\/\/fabijan.si\/de\/wp-json\/wp\/v2\/pages\/4577894","targetHints":{"allow":["GET"]}}],"collection":[{"href":"https:\/\/fabijan.si\/de\/wp-json\/wp\/v2\/pages"}],"about":[{"href":"https:\/\/fabijan.si\/de\/wp-json\/wp\/v2\/types\/page"}],"author":[{"embeddable":true,"href":"https:\/\/fabijan.si\/de\/wp-json\/wp\/v2\/users\/1"}],"replies":[{"embeddable":true,"href":"https:\/\/fabijan.si\/de\/wp-json\/wp\/v2\/comments?post=4577894"}],"version-history":[{"count":0,"href":"https:\/\/fabijan.si\/de\/wp-json\/wp\/v2\/pages\/4577894\/revisions"}],"up":[{"embeddable":true,"href":"https:\/\/fabijan.si\/de\/wp-json\/wp\/v2\/pages\/4577879"}],"wp:attachment":[{"href":"https:\/\/fabijan.si\/de\/wp-json\/wp\/v2\/media?parent=4577894"}],"curies":[{"name":"wp","href":"https:\/\/api.w.org\/{rel}","templated":true}]}}