{"id":4577906,"date":"2026-02-03T15:28:53","date_gmt":"2026-02-03T14:28:53","guid":{"rendered":"https:\/\/fabijan.si\/kellerei\/behandlungsmaterialien\/tanine\/tancor-grand-cru-1-kg\/"},"modified":"2026-02-03T15:28:53","modified_gmt":"2026-02-03T14:28:53","slug":"tancor-grand-cru-1-kg","status":"publish","type":"page","link":"https:\/\/fabijan.si\/de\/kellerei\/behandlungsmaterialien\/tanine\/tancor-grand-cru-1-kg\/","title":{"rendered":"tancor-grand-cru-1-kg"},"content":{"rendered":"\n<div class=\"container\">\n<div class=\"breadcrumb-container\"><span><br \/>\n<a href=\"https:\/\/fabijan.si\/de\/\">Zuhause<\/a> | <a href=\"https:\/\/fabijan.si\/de\/kellerei\/\">Kellerei<\/a> | <a href=\"https:\/\/fabijan.si\/de\/kellerei\/behandlungsmaterialien\/\">Behandlungsmaterialien<\/a> | <a href=\"https:\/\/fabijan.si\/de\/kellerei\/behandlungsmaterialien\/tanine\/\">Tanine<\/a><\/span>\n<\/div>\n<div class=\"row\">\n<div class=\"col-6\">\n<div id=\"carouselExampleControls\" class=\"carousel slide carousel-container\" data-interval=\"false\">\n<div class=\"carousel-inner\">\n<div class=\"carousel-item active\">   <img decoding=\"async\" src=\"https:\/\/fabijan.si\/wp-content\/uploads\/site-content\/tancor-grand-cru.jpg\" class=\"d-block w-100\" alt=\"...\"><\/div>\n<\/p><\/div>\n<p>              <button class=\"carousel-control-prev\" type=\"button\" data-bs-target=\"#carouselExampleControls\" data-bs-slide=\"prev\"><br \/>\n                <span class=\"carousel-control-prev-icon\" aria-hidden=\"true\"><\/span><br \/>\n              <\/button><br \/>\n              <button class=\"carousel-control-next\" type=\"button\" data-bs-target=\"#carouselExampleControls\" data-bs-slide=\"next\"><br \/>\n                <span class=\"carousel-control-next-icon\" aria-hidden=\"true\"><\/span><br \/>\n              <\/button>\n            <\/div>\n<\/p><\/div>\n<div class=\"col-6 slo-name\">\n            TAN&#8217;COR GRAND CRU 1 kg<\/p>\n<div class=\"brand\">Mix aus Traubenschalen-und Eichentannin f\u00fcr gro\u00dfes Lagerpotential Rotwein &#8211; Reifung.<\/div>\n<p>\t\t\t<!-- \n\n<div class=\"price-container\">\n                \n\n<p class=\"price\">###PRICE###<\/p>\n\n --><br \/>\n                <!-- <button type=\"button\" class=\"btn btn-config btn-lg\">Pojdi na konfigurator<\/button> -->\n            <\/div>\n<\/p><\/div>\n<div class=\"menu\">\n<div class=\"btn-group d-flex justify-content-center\" id=\"menu-buttons\">\n              <button type=\"button\" onClick = \"showSpecs()\" class=\"btn menu-button menu-title active\">SPEZIFIKATIONEN<\/button><br \/>\n              <button type=\"button\" onClick = \"showDescription()\" class=\"btn menu-button menu-title\">BESCHREIBUNG<\/button><br \/>\n              <button type=\"button\" onClick = \"showMaterial()\" class=\"btn menu-button menu-title\">MATERIAL<\/button>\n            <\/div>\n<div id=\"specs\">\n<ul class=\"list-group\">\n                Mix aus Traubenschalen-und Eichentannin f\u00fcr gro\u00dfes Lagerpotential Rotwein &#8211; Reifung.\n              <\/ul>\n<\/p><\/div>\n<div id=\"description\">\n              TAN&#8217;COR GRAND CRU\u00ae wird nach der G\u00e4rung oder w\u00e4hrend der anschlie\u00dfenden Reifung verwendet:<br \/>\nVerst\u00e4rkt die Struktur des Weins und gibt ihm mehr L\u00e4nge.<br \/>\nStabilisiert die Farbe durch Reaktion mit Anthocyanen.<br \/>\nReguliert die vielf\u00e4ltigen Oxidations- und Reduktionsprozesse.\n            <\/div>\n<div id=\"material\"><\/div>\n<\/p><\/div>\n<\/p><\/div>\n<\/p><\/div>\n","protected":false},"excerpt":{"rendered":"<p>Zuhause | Kellerei | Behandlungsmaterialien | Tanine TAN&#8217;COR GRAND CRU 1 kg Mix aus Traubenschalen-und Eichentannin f\u00fcr gro\u00dfes Lagerpotential Rotwein &#8211; Reifung. SPEZIFIKATIONEN BESCHREIBUNG MATERIAL Mix aus Traubenschalen-und Eichentannin f\u00fcr gro\u00dfes Lagerpotential Rotwein &#8211; Reifung. TAN&#8217;COR GRAND CRU\u00ae wird nach der G\u00e4rung oder w\u00e4hrend der anschlie\u00dfenden Reifung verwendet: Verst\u00e4rkt die Struktur des Weins und gibt [&hellip;]<\/p>\n","protected":false},"author":1,"featured_media":0,"parent":4577879,"menu_order":0,"comment_status":"closed","ping_status":"closed","template":"elementor_theme","meta":{"footnotes":""},"class_list":["post-4577906","page","type-page","status-publish","hentry"],"_links":{"self":[{"href":"https:\/\/fabijan.si\/de\/wp-json\/wp\/v2\/pages\/4577906","targetHints":{"allow":["GET"]}}],"collection":[{"href":"https:\/\/fabijan.si\/de\/wp-json\/wp\/v2\/pages"}],"about":[{"href":"https:\/\/fabijan.si\/de\/wp-json\/wp\/v2\/types\/page"}],"author":[{"embeddable":true,"href":"https:\/\/fabijan.si\/de\/wp-json\/wp\/v2\/users\/1"}],"replies":[{"embeddable":true,"href":"https:\/\/fabijan.si\/de\/wp-json\/wp\/v2\/comments?post=4577906"}],"version-history":[{"count":0,"href":"https:\/\/fabijan.si\/de\/wp-json\/wp\/v2\/pages\/4577906\/revisions"}],"up":[{"embeddable":true,"href":"https:\/\/fabijan.si\/de\/wp-json\/wp\/v2\/pages\/4577879"}],"wp:attachment":[{"href":"https:\/\/fabijan.si\/de\/wp-json\/wp\/v2\/media?parent=4577906"}],"curies":[{"name":"wp","href":"https:\/\/api.w.org\/{rel}","templated":true}]}}