{"id":4577924,"date":"2026-02-03T15:28:57","date_gmt":"2026-02-03T14:28:57","guid":{"rendered":"https:\/\/fabijan.si\/kellerei\/behandlungsmaterialien\/tanine\/tanin-quertanin-q2-500-g\/"},"modified":"2026-02-03T15:28:57","modified_gmt":"2026-02-03T14:28:57","slug":"tanin-quertanin-q2-500-g","status":"publish","type":"page","link":"https:\/\/fabijan.si\/de\/kellerei\/behandlungsmaterialien\/tanine\/tanin-quertanin-q2-500-g\/","title":{"rendered":"tanin-quertanin-q2-500-g"},"content":{"rendered":"\n<div class=\"container\">\n<div class=\"breadcrumb-container\"><span><br \/>\n<a href=\"https:\/\/fabijan.si\/de\/\">Zuhause<\/a> | <a href=\"https:\/\/fabijan.si\/de\/kellerei\/\">Kellerei<\/a> | <a href=\"https:\/\/fabijan.si\/de\/kellerei\/behandlungsmaterialien\/\">Behandlungsmaterialien<\/a> | <a href=\"https:\/\/fabijan.si\/de\/kellerei\/behandlungsmaterialien\/tanine\/\">Tanine<\/a><\/span>\n<\/div>\n<div class=\"row\">\n<div class=\"col-6\">\n<div id=\"carouselExampleControls\" class=\"carousel slide carousel-container\" data-interval=\"false\">\n<div class=\"carousel-inner\">\n<div class=\"carousel-item active\">   <img decoding=\"async\" src=\"https:\/\/fabijan.si\/wp-content\/uploads\/site-content\/00051210.jpg\" class=\"d-block w-100\" alt=\"...\"><\/div>\n<\/p><\/div>\n<p>              <button class=\"carousel-control-prev\" type=\"button\" data-bs-target=\"#carouselExampleControls\" data-bs-slide=\"prev\"><br \/>\n                <span class=\"carousel-control-prev-icon\" aria-hidden=\"true\"><\/span><br \/>\n              <\/button><br \/>\n              <button class=\"carousel-control-next\" type=\"button\" data-bs-target=\"#carouselExampleControls\" data-bs-slide=\"next\"><br \/>\n                <span class=\"carousel-control-next-icon\" aria-hidden=\"true\"><\/span><br \/>\n              <\/button>\n            <\/div>\n<\/p><\/div>\n<div class=\"col-6 slo-name\">\n            Tanin QUERTANIN Q2- 500 g<\/p>\n<div class=\"brand\"><\/div>\n<p>\t\t\t<!-- \n\n<div class=\"price-container\">\n                \n\n<p class=\"price\">###PRICE###<\/p>\n\n --><br \/>\n                <!-- <button type=\"button\" class=\"btn btn-config btn-lg\">Pojdi na konfigurator<\/button> -->\n            <\/div>\n<\/p><\/div>\n<div class=\"menu\">\n<div class=\"btn-group d-flex justify-content-center\" id=\"menu-buttons\">\n              <button type=\"button\" onClick = \"showSpecs()\" class=\"btn menu-button menu-title active\">SPEZIFIKATIONEN<\/button><br \/>\n              <button type=\"button\" onClick = \"showDescription()\" class=\"btn menu-button menu-title\">BESCHREIBUNG<\/button><br \/>\n              <button type=\"button\" onClick = \"showMaterial()\" class=\"btn menu-button menu-title\">MATERIAL<\/button>\n            <\/div>\n<div id=\"specs\">\n<ul class=\"list-group\">\n<\/ul><\/div>\n<div id=\"description\">\n              QUERTANIN\u00ae je visoko kakovosten kompleksni pripravek z elagno kislino, ki:<br \/>\nizbolj\u0161a strukturo vin in dol\u017eino okusa.<br \/>\nza\u0161\u010diti vina pred oksidacijo.<br \/>\npove\u010da intenzivnost arome vina.<br \/>\nodstrani reduktivne vonje.\n            <\/div>\n<div id=\"material\"><\/div>\n<\/p><\/div>\n<\/p><\/div>\n<\/p><\/div>\n","protected":false},"excerpt":{"rendered":"<p>Zuhause | Kellerei | Behandlungsmaterialien | Tanine Tanin QUERTANIN Q2- 500 g SPEZIFIKATIONEN BESCHREIBUNG MATERIAL QUERTANIN\u00ae je visoko kakovosten kompleksni pripravek z elagno kislino, ki: izbolj\u0161a strukturo vin in dol\u017eino okusa. za\u0161\u010diti vina pred oksidacijo. pove\u010da intenzivnost arome vina. odstrani reduktivne vonje.<\/p>\n","protected":false},"author":1,"featured_media":0,"parent":4577879,"menu_order":0,"comment_status":"closed","ping_status":"closed","template":"elementor_theme","meta":{"footnotes":""},"class_list":["post-4577924","page","type-page","status-publish","hentry"],"_links":{"self":[{"href":"https:\/\/fabijan.si\/de\/wp-json\/wp\/v2\/pages\/4577924","targetHints":{"allow":["GET"]}}],"collection":[{"href":"https:\/\/fabijan.si\/de\/wp-json\/wp\/v2\/pages"}],"about":[{"href":"https:\/\/fabijan.si\/de\/wp-json\/wp\/v2\/types\/page"}],"author":[{"embeddable":true,"href":"https:\/\/fabijan.si\/de\/wp-json\/wp\/v2\/users\/1"}],"replies":[{"embeddable":true,"href":"https:\/\/fabijan.si\/de\/wp-json\/wp\/v2\/comments?post=4577924"}],"version-history":[{"count":0,"href":"https:\/\/fabijan.si\/de\/wp-json\/wp\/v2\/pages\/4577924\/revisions"}],"up":[{"embeddable":true,"href":"https:\/\/fabijan.si\/de\/wp-json\/wp\/v2\/pages\/4577879"}],"wp:attachment":[{"href":"https:\/\/fabijan.si\/de\/wp-json\/wp\/v2\/media?parent=4577924"}],"curies":[{"name":"wp","href":"https:\/\/api.w.org\/{rel}","templated":true}]}}