{"id":4577936,"date":"2026-02-03T15:29:03","date_gmt":"2026-02-03T14:29:03","guid":{"rendered":"https:\/\/fabijan.si\/kellerei\/behandlungsmaterialien\/bentonite\/oenofine-nature-5-kg\/"},"modified":"2026-02-03T15:29:03","modified_gmt":"2026-02-03T14:29:03","slug":"oenofine-nature-5-kg","status":"publish","type":"page","link":"https:\/\/fabijan.si\/de\/kellerei\/behandlungsmaterialien\/bentonite\/oenofine-nature-5-kg\/","title":{"rendered":"oenofine-nature-5-kg"},"content":{"rendered":"\n<div class=\"container\">\n<div class=\"breadcrumb-container\"><span><br \/>\n<a href=\"https:\/\/fabijan.si\/de\/\">Zuhause<\/a> | <a href=\"https:\/\/fabijan.si\/de\/kellerei\/\">Kellerei<\/a> | <a href=\"https:\/\/fabijan.si\/de\/kellerei\/behandlungsmaterialien\/\">Behandlungsmaterialien<\/a> | <a href=\"https:\/\/fabijan.si\/de\/kellerei\/behandlungsmaterialien\/bentonite\/\">Bentonite<\/a><\/span>\n<\/div>\n<div class=\"row\">\n<div class=\"col-6\">\n<div id=\"carouselExampleControls\" class=\"carousel slide carousel-container\" data-interval=\"false\">\n<div class=\"carousel-inner\">\n<div class=\"carousel-item active\">   <img decoding=\"async\" src=\"https:\/\/fabijan.si\/wp-content\/uploads\/site-content\/oenofine-nature.jpg\" class=\"d-block w-100\" alt=\"...\"><\/div>\n<\/p><\/div>\n<p>              <button class=\"carousel-control-prev\" type=\"button\" data-bs-target=\"#carouselExampleControls\" data-bs-slide=\"prev\"><br \/>\n                <span class=\"carousel-control-prev-icon\" aria-hidden=\"true\"><\/span><br \/>\n              <\/button><br \/>\n              <button class=\"carousel-control-next\" type=\"button\" data-bs-target=\"#carouselExampleControls\" data-bs-slide=\"next\"><br \/>\n                <span class=\"carousel-control-next-icon\" aria-hidden=\"true\"><\/span><br \/>\n              <\/button>\n            <\/div>\n<\/p><\/div>\n<div class=\"col-6 slo-name\">\n            OENOFINE NATURE- 5 kg<\/p>\n<div class=\"brand\"><\/div>\n<p>\t\t\t<!-- \n\n<div class=\"price-container\">\n                \n\n<p class=\"price\">###PRICE###<\/p>\n\n --><br \/>\n                <!-- <button type=\"button\" class=\"btn btn-config btn-lg\">Pojdi na konfigurator<\/button> -->\n            <\/div>\n<\/p><\/div>\n<div class=\"menu\">\n<div class=\"btn-group d-flex justify-content-center\" id=\"menu-buttons\">\n              <button type=\"button\" onClick = \"showSpecs()\" class=\"btn menu-button menu-title active\">SPEZIFIKATIONEN<\/button><br \/>\n              <button type=\"button\" onClick = \"showDescription()\" class=\"btn menu-button menu-title\">BESCHREIBUNG<\/button><br \/>\n              <button type=\"button\" onClick = \"showMaterial()\" class=\"btn menu-button menu-title\">MATERIAL<\/button>\n            <\/div>\n<div id=\"specs\">\n<ul class=\"list-group\">\n<\/ul><\/div>\n<div id=\"description\">\n              Specialna me\u0161anica naravnih sestavin, ki temelji na inaktiviranih kvasovkah, me\u0161anici belajkovin iz graha in krampirja z dodatkom Ca bentonita.<br \/>\nZa \u010di\u0161\u010denje mo\u0161ta in vina.<br \/>\nOdstranjuje mote\u010de fenolne komponente vina, \u0161\u010diti pred oksidacijo in ohranja sve\u017eino.<br \/>\nOdli\u010dna naravna alternativa za PVPP.<br \/>\nPrepre\u010duje oksidacijo, ve\u017ee fenolne spojine, ki bi lahko oksidirale in posledi\u010dno \u0161kodovale aromi in barvi.<br \/>\nDOZIRANJE: 10 &#8211; 40 g\/hl vino<br \/>\n                      15 &#8211; 50 g\/hl mo\u0161t\n            <\/div>\n<div id=\"material\"><\/div>\n<\/p><\/div>\n<\/p><\/div>\n<\/p><\/div>\n","protected":false},"excerpt":{"rendered":"<p>Zuhause | Kellerei | Behandlungsmaterialien | Bentonite OENOFINE NATURE- 5 kg SPEZIFIKATIONEN BESCHREIBUNG MATERIAL Specialna me\u0161anica naravnih sestavin, ki temelji na inaktiviranih kvasovkah, me\u0161anici belajkovin iz graha in krampirja z dodatkom Ca bentonita. Za \u010di\u0161\u010denje mo\u0161ta in vina. Odstranjuje mote\u010de fenolne komponente vina, \u0161\u010diti pred oksidacijo in ohranja sve\u017eino. Odli\u010dna naravna alternativa za PVPP. Prepre\u010duje [&hellip;]<\/p>\n","protected":false},"author":1,"featured_media":0,"parent":4577930,"menu_order":0,"comment_status":"closed","ping_status":"closed","template":"elementor_theme","meta":{"footnotes":""},"class_list":["post-4577936","page","type-page","status-publish","hentry"],"_links":{"self":[{"href":"https:\/\/fabijan.si\/de\/wp-json\/wp\/v2\/pages\/4577936","targetHints":{"allow":["GET"]}}],"collection":[{"href":"https:\/\/fabijan.si\/de\/wp-json\/wp\/v2\/pages"}],"about":[{"href":"https:\/\/fabijan.si\/de\/wp-json\/wp\/v2\/types\/page"}],"author":[{"embeddable":true,"href":"https:\/\/fabijan.si\/de\/wp-json\/wp\/v2\/users\/1"}],"replies":[{"embeddable":true,"href":"https:\/\/fabijan.si\/de\/wp-json\/wp\/v2\/comments?post=4577936"}],"version-history":[{"count":0,"href":"https:\/\/fabijan.si\/de\/wp-json\/wp\/v2\/pages\/4577936\/revisions"}],"up":[{"embeddable":true,"href":"https:\/\/fabijan.si\/de\/wp-json\/wp\/v2\/pages\/4577930"}],"wp:attachment":[{"href":"https:\/\/fabijan.si\/de\/wp-json\/wp\/v2\/media?parent=4577936"}],"curies":[{"name":"wp","href":"https:\/\/api.w.org\/{rel}","templated":true}]}}