{"id":4577954,"date":"2026-02-03T15:29:08","date_gmt":"2026-02-03T14:29:08","guid":{"rendered":"https:\/\/fabijan.si\/kellerei\/behandlungsmaterialien\/bentonite\/nacalit-eisenarm-1kg\/"},"modified":"2026-02-03T15:29:08","modified_gmt":"2026-02-03T14:29:08","slug":"nacalit-eisenarm-1kg","status":"publish","type":"page","link":"https:\/\/fabijan.si\/de\/kellerei\/behandlungsmaterialien\/bentonite\/nacalit-eisenarm-1kg\/","title":{"rendered":"nacalit-eisenarm-1kg"},"content":{"rendered":"\n<div class=\"container\">\n<div class=\"breadcrumb-container\"><span><br \/>\n<a href=\"https:\/\/fabijan.si\/de\/\">Zuhause<\/a> | <a href=\"https:\/\/fabijan.si\/de\/kellerei\/\">Kellerei<\/a> | <a href=\"https:\/\/fabijan.si\/de\/kellerei\/behandlungsmaterialien\/\">Behandlungsmaterialien<\/a> | <a href=\"https:\/\/fabijan.si\/de\/kellerei\/behandlungsmaterialien\/bentonite\/\">Bentonite<\/a><\/span>\n<\/div>\n<div class=\"row\">\n<div class=\"col-6\">\n<div id=\"carouselExampleControls\" class=\"carousel slide carousel-container\" data-interval=\"false\">\n<div class=\"carousel-inner\">\n<div class=\"carousel-item active\">   <img decoding=\"async\" src=\"https:\/\/fabijan.si\/wp-content\/uploads\/site-content\/nacalit-erbsloh.jpg\" class=\"d-block w-100\" alt=\"...\"><\/div>\n<\/p><\/div>\n<p>              <button class=\"carousel-control-prev\" type=\"button\" data-bs-target=\"#carouselExampleControls\" data-bs-slide=\"prev\"><br \/>\n                <span class=\"carousel-control-prev-icon\" aria-hidden=\"true\"><\/span><br \/>\n              <\/button><br \/>\n              <button class=\"carousel-control-next\" type=\"button\" data-bs-target=\"#carouselExampleControls\" data-bs-slide=\"next\"><br \/>\n                <span class=\"carousel-control-next-icon\" aria-hidden=\"true\"><\/span><br \/>\n              <\/button>\n            <\/div>\n<\/p><\/div>\n<div class=\"col-6 slo-name\">\n            Nacalit eisenarm 1kg<\/p>\n<div class=\"brand\">NaCalit\u00ae PORE-TEC ist der granulierte Na-Ca-Bentonit f\u00fcr h\u00f6chste Qualit\u00e4tsanspr\u00fcche in der Getr\u00e4nketechnologie. Granuliert nach der PORE-TEChnologie. Zul\u00e4ssig nach den derzeit g\u00fcltigen Gesetzen und Verordnungen. Fachlaborgepr\u00fcft auf Reinheit und Qualit\u00e4t.<\/div>\n<p>\t\t\t<!-- \n\n<div class=\"price-container\">\n                \n\n<p class=\"price\">###PRICE###<\/p>\n\n --><br \/>\n                <!-- <button type=\"button\" class=\"btn btn-config btn-lg\">Pojdi na konfigurator<\/button> -->\n            <\/div>\n<\/p><\/div>\n<div class=\"menu\">\n<div class=\"btn-group d-flex justify-content-center\" id=\"menu-buttons\">\n              <button type=\"button\" onClick = \"showSpecs()\" class=\"btn menu-button menu-title active\">SPEZIFIKATIONEN<\/button><br \/>\n              <button type=\"button\" onClick = \"showDescription()\" class=\"btn menu-button menu-title\">BESCHREIBUNG<\/button><br \/>\n              <button type=\"button\" onClick = \"showMaterial()\" class=\"btn menu-button menu-title\">MATERIAL<\/button>\n            <\/div>\n<div id=\"specs\">\n<ul class=\"list-group\">\n                NaCalit\u00ae PORE-TEC ist der granulierte Na-Ca-Bentonit f\u00fcr h\u00f6chste Qualit\u00e4tsanspr\u00fcche in der Getr\u00e4nketechnologie. Granuliert nach der PORE-TEChnologie. Zul\u00e4ssig nach den derzeit g\u00fcltigen Gesetzen und Verordnungen. Fachlaborgepr\u00fcft auf Reinheit und Qualit\u00e4t.\n              <\/ul>\n<\/p><\/div>\n<div id=\"description\">\n              Beste Flockungs-, Adsorptions und Kl\u00e4rwirkung. Auch bei Problemf\u00e4llen effektiv.<\/p>\n<p>Durch NaCalit\u00ae PORE-TEC werden die folgenden anwendungstechnischen Vorteile erreicht:<\/p>\n<p>Sichtbar gleichm\u00e4ssigere Granulierung<br \/>\nLeichter benetz- und suspendierbar<br \/>\nGezielt por\u00f6s-schwammartige Oberfl\u00e4chenstruktur<br \/>\nIntensivere und selektivere Adsorption von Eiweiss und Kolloiden<br \/>\nStarke Kl\u00e4rwirkung, auch bei Problemf\u00e4llen und hohen Ph-Werten.<br \/>\nGezielt mineralselektiert<br \/>\nAn Hellfarbigkeit erkennbar<br \/>\nNoch getr\u00e4nkeschonender<br \/>\nNoch filtrationsfreundlicher<br \/>\nGr\u00fcndlichere Feinflockung<br \/>\nGeringes Trubvolumen<br \/>\nFarbschonend<br \/>\nH\u00f6chste Reinheitsstufe<br \/>\nExtrem eisenarm\n            <\/p><\/div>\n<div id=\"material\"><\/div>\n<\/p><\/div>\n<\/p><\/div>\n<\/p><\/div>\n","protected":false},"excerpt":{"rendered":"<p>Zuhause | Kellerei | Behandlungsmaterialien | Bentonite Nacalit eisenarm 1kg NaCalit\u00ae PORE-TEC ist der granulierte Na-Ca-Bentonit f\u00fcr h\u00f6chste Qualit\u00e4tsanspr\u00fcche in der Getr\u00e4nketechnologie. Granuliert nach der PORE-TEChnologie. Zul\u00e4ssig nach den derzeit g\u00fcltigen Gesetzen und Verordnungen. Fachlaborgepr\u00fcft auf Reinheit und Qualit\u00e4t. SPEZIFIKATIONEN BESCHREIBUNG MATERIAL NaCalit\u00ae PORE-TEC ist der granulierte Na-Ca-Bentonit f\u00fcr h\u00f6chste Qualit\u00e4tsanspr\u00fcche in der Getr\u00e4nketechnologie. Granuliert [&hellip;]<\/p>\n","protected":false},"author":1,"featured_media":0,"parent":4577930,"menu_order":0,"comment_status":"closed","ping_status":"closed","template":"elementor_theme","meta":{"footnotes":""},"class_list":["post-4577954","page","type-page","status-publish","hentry"],"_links":{"self":[{"href":"https:\/\/fabijan.si\/de\/wp-json\/wp\/v2\/pages\/4577954","targetHints":{"allow":["GET"]}}],"collection":[{"href":"https:\/\/fabijan.si\/de\/wp-json\/wp\/v2\/pages"}],"about":[{"href":"https:\/\/fabijan.si\/de\/wp-json\/wp\/v2\/types\/page"}],"author":[{"embeddable":true,"href":"https:\/\/fabijan.si\/de\/wp-json\/wp\/v2\/users\/1"}],"replies":[{"embeddable":true,"href":"https:\/\/fabijan.si\/de\/wp-json\/wp\/v2\/comments?post=4577954"}],"version-history":[{"count":0,"href":"https:\/\/fabijan.si\/de\/wp-json\/wp\/v2\/pages\/4577954\/revisions"}],"up":[{"embeddable":true,"href":"https:\/\/fabijan.si\/de\/wp-json\/wp\/v2\/pages\/4577930"}],"wp:attachment":[{"href":"https:\/\/fabijan.si\/de\/wp-json\/wp\/v2\/media?parent=4577954"}],"curies":[{"name":"wp","href":"https:\/\/api.w.org\/{rel}","templated":true}]}}