{"id":4577963,"date":"2026-02-03T15:29:10","date_gmt":"2026-02-03T14:29:10","guid":{"rendered":"https:\/\/fabijan.si\/kellerei\/behandlungsmaterialien\/bentonite\/polymust-press-1-kg\/"},"modified":"2026-02-03T15:29:10","modified_gmt":"2026-02-03T14:29:10","slug":"polymust-press-1-kg","status":"publish","type":"page","link":"https:\/\/fabijan.si\/de\/kellerei\/behandlungsmaterialien\/bentonite\/polymust-press-1-kg\/","title":{"rendered":"polymust-press-1-kg"},"content":{"rendered":"\n<div class=\"container\">\n<div class=\"breadcrumb-container\"><span><br \/>\n<a href=\"https:\/\/fabijan.si\/de\/\">Zuhause<\/a> | <a href=\"https:\/\/fabijan.si\/de\/kellerei\/\">Kellerei<\/a> | <a href=\"https:\/\/fabijan.si\/de\/kellerei\/behandlungsmaterialien\/\">Behandlungsmaterialien<\/a> | <a href=\"https:\/\/fabijan.si\/de\/kellerei\/behandlungsmaterialien\/bentonite\/\">Bentonite<\/a><\/span>\n<\/div>\n<div class=\"row\">\n<div class=\"col-6\">\n<div id=\"carouselExampleControls\" class=\"carousel slide carousel-container\" data-interval=\"false\">\n<div class=\"carousel-inner\">\n<div class=\"carousel-item active\">   <img decoding=\"async\" src=\"https:\/\/fabijan.si\/wp-content\/uploads\/site-content\/00013269.jpeg\" class=\"d-block w-100\" alt=\"...\"><\/div>\n<\/p><\/div>\n<p>              <button class=\"carousel-control-prev\" type=\"button\" data-bs-target=\"#carouselExampleControls\" data-bs-slide=\"prev\"><br \/>\n                <span class=\"carousel-control-prev-icon\" aria-hidden=\"true\"><\/span><br \/>\n              <\/button><br \/>\n              <button class=\"carousel-control-next\" type=\"button\" data-bs-target=\"#carouselExampleControls\" data-bs-slide=\"next\"><br \/>\n                <span class=\"carousel-control-next-icon\" aria-hidden=\"true\"><\/span><br \/>\n              <\/button>\n            <\/div>\n<\/p><\/div>\n<div class=\"col-6 slo-name\">\n            Polymust PRESS 1 kg<\/p>\n<div class=\"brand\">PR\u00c4PARAT ZUR BEHANDLUNG VON OXIDATION IN MOST UND WEIN. ALLERGENFREI.<\/div>\n<p>\t\t\t<!-- \n\n<div class=\"price-container\">\n                \n\n<p class=\"price\">###PRICE###<\/p>\n\n --><br \/>\n                <!-- <button type=\"button\" class=\"btn btn-config btn-lg\">Pojdi na konfigurator<\/button> -->\n            <\/div>\n<\/p><\/div>\n<div class=\"menu\">\n<div class=\"btn-group d-flex justify-content-center\" id=\"menu-buttons\">\n              <button type=\"button\" onClick = \"showSpecs()\" class=\"btn menu-button menu-title active\">SPEZIFIKATIONEN<\/button><br \/>\n              <button type=\"button\" onClick = \"showDescription()\" class=\"btn menu-button menu-title\">BESCHREIBUNG<\/button><br \/>\n              <button type=\"button\" onClick = \"showMaterial()\" class=\"btn menu-button menu-title\">MATERIAL<\/button>\n            <\/div>\n<div id=\"specs\">\n<ul class=\"list-group\">\n                PR\u00c4PARAT ZUR BEHANDLUNG VON OXIDATION IN MOST UND WEIN. ALLERGENFREI.\n              <\/ul>\n<\/p><\/div>\n<div id=\"description\">\n              PR\u00c4PARAT ZUR BEHANDLUNG VON OXIDATION IN MOST UND WEIN. ALLERGENFREI.<\/p>\n<p>POLYMUST\u00ae PRESS ist ein allergenfreies Pr\u00e4parat, das sich aus PVPP, Bentonit und pflanzlichen Proteinen zusammensetzt und Folgendes bewirkt:<br \/>\nBeseitigt oxidierbare und oxidierte phenolische Stoffe (Chinone).<br \/>\nSch\u00fctzt den Most und die Aromavorstufen gegen Oxidationserscheinungen.<br \/>\nBeseitigt die Bittert\u00f6ne im Wein.<br \/>\n  hemmt die Bindung von freiem SO2 libre.\n            <\/p><\/div>\n<div id=\"material\"><\/div>\n<\/p><\/div>\n<\/p><\/div>\n<\/p><\/div>\n","protected":false},"excerpt":{"rendered":"<p>Zuhause | Kellerei | Behandlungsmaterialien | Bentonite Polymust PRESS 1 kg PR\u00c4PARAT ZUR BEHANDLUNG VON OXIDATION IN MOST UND WEIN. ALLERGENFREI. SPEZIFIKATIONEN BESCHREIBUNG MATERIAL PR\u00c4PARAT ZUR BEHANDLUNG VON OXIDATION IN MOST UND WEIN. ALLERGENFREI. PR\u00c4PARAT ZUR BEHANDLUNG VON OXIDATION IN MOST UND WEIN. ALLERGENFREI. POLYMUST\u00ae PRESS ist ein allergenfreies Pr\u00e4parat, das sich aus PVPP, Bentonit [&hellip;]<\/p>\n","protected":false},"author":1,"featured_media":0,"parent":4577930,"menu_order":0,"comment_status":"closed","ping_status":"closed","template":"elementor_theme","meta":{"footnotes":""},"class_list":["post-4577963","page","type-page","status-publish","hentry"],"_links":{"self":[{"href":"https:\/\/fabijan.si\/de\/wp-json\/wp\/v2\/pages\/4577963","targetHints":{"allow":["GET"]}}],"collection":[{"href":"https:\/\/fabijan.si\/de\/wp-json\/wp\/v2\/pages"}],"about":[{"href":"https:\/\/fabijan.si\/de\/wp-json\/wp\/v2\/types\/page"}],"author":[{"embeddable":true,"href":"https:\/\/fabijan.si\/de\/wp-json\/wp\/v2\/users\/1"}],"replies":[{"embeddable":true,"href":"https:\/\/fabijan.si\/de\/wp-json\/wp\/v2\/comments?post=4577963"}],"version-history":[{"count":0,"href":"https:\/\/fabijan.si\/de\/wp-json\/wp\/v2\/pages\/4577963\/revisions"}],"up":[{"embeddable":true,"href":"https:\/\/fabijan.si\/de\/wp-json\/wp\/v2\/pages\/4577930"}],"wp:attachment":[{"href":"https:\/\/fabijan.si\/de\/wp-json\/wp\/v2\/media?parent=4577963"}],"curies":[{"name":"wp","href":"https:\/\/api.w.org\/{rel}","templated":true}]}}