{"id":4577978,"date":"2026-02-03T15:29:13","date_gmt":"2026-02-03T14:29:13","guid":{"rendered":"https:\/\/fabijan.si\/kellerei\/behandlungsmaterialien\/bentonite\/siligel6-kg\/"},"modified":"2026-02-03T15:29:13","modified_gmt":"2026-02-03T14:29:13","slug":"siligel6-kg","status":"publish","type":"page","link":"https:\/\/fabijan.si\/de\/kellerei\/behandlungsmaterialien\/bentonite\/siligel6-kg\/","title":{"rendered":"siligel6-kg"},"content":{"rendered":"\n<div class=\"container\">\n<div class=\"breadcrumb-container\"><span><br \/>\n<a href=\"https:\/\/fabijan.si\/de\/\">Zuhause<\/a> | <a href=\"https:\/\/fabijan.si\/de\/kellerei\/\">Kellerei<\/a> | <a href=\"https:\/\/fabijan.si\/de\/kellerei\/behandlungsmaterialien\/\">Behandlungsmaterialien<\/a> | <a href=\"https:\/\/fabijan.si\/de\/kellerei\/behandlungsmaterialien\/bentonite\/\">Bentonite<\/a><\/span>\n<\/div>\n<div class=\"row\">\n<div class=\"col-6\">\n<div id=\"carouselExampleControls\" class=\"carousel slide carousel-container\" data-interval=\"false\">\n<div class=\"carousel-inner\">\n<div class=\"carousel-item active\">   <img decoding=\"async\" src=\"https:\/\/fabijan.si\/wp-content\/uploads\/site-content\/siligel.jpg\" class=\"d-block w-100\" alt=\"...\"><\/div>\n<\/p><\/div>\n<p>              <button class=\"carousel-control-prev\" type=\"button\" data-bs-target=\"#carouselExampleControls\" data-bs-slide=\"prev\"><br \/>\n                <span class=\"carousel-control-prev-icon\" aria-hidden=\"true\"><\/span><br \/>\n              <\/button><br \/>\n              <button class=\"carousel-control-next\" type=\"button\" data-bs-target=\"#carouselExampleControls\" data-bs-slide=\"next\"><br \/>\n                <span class=\"carousel-control-next-icon\" aria-hidden=\"true\"><\/span><br \/>\n              <\/button>\n            <\/div>\n<\/p><\/div>\n<div class=\"col-6 slo-name\">\n            SILIGEL6 kg<\/p>\n<div class=\"brand\">Kolloidal gel\u00f6ste Kiesels\u00e4ure (Kieselsol), die zusammen mit allen proteinhaltigen Sch\u00f6nungsmitteln verwendet werden kann.<\/div>\n<p>\t\t\t<!-- \n\n<div class=\"price-container\">\n                \n\n<p class=\"price\">###PRICE###<\/p>\n\n --><br \/>\n                <!-- <button type=\"button\" class=\"btn btn-config btn-lg\">Pojdi na konfigurator<\/button> -->\n            <\/div>\n<\/p><\/div>\n<div class=\"menu\">\n<div class=\"btn-group d-flex justify-content-center\" id=\"menu-buttons\">\n              <button type=\"button\" onClick = \"showSpecs()\" class=\"btn menu-button menu-title active\">SPEZIFIKATIONEN<\/button><br \/>\n              <button type=\"button\" onClick = \"showDescription()\" class=\"btn menu-button menu-title\">BESCHREIBUNG<\/button><br \/>\n              <button type=\"button\" onClick = \"showMaterial()\" class=\"btn menu-button menu-title\">MATERIAL<\/button>\n            <\/div>\n<div id=\"specs\">\n<ul class=\"list-group\">\n                Kolloidal gel\u00f6ste Kiesels\u00e4ure (Kieselsol), die zusammen mit allen proteinhaltigen Sch\u00f6nungsmitteln verwendet werden kann.\n              <\/ul>\n<\/p><\/div>\n<div id=\"description\">\n              Kolloidal gel\u00f6ste Kiesels\u00e4ure (Kieselsol), die zusammen mit allen proteinhaltigen Sch\u00f6nungsmitteln verwendet werden kann.<br \/>\nVerbessert Kl\u00e4rwirkung der Sch\u00f6nung und Absetzen des Sch\u00f6nungstrubs.<br \/>\nVerhindert \u00dcbersch\u00f6nen.\n            <\/div>\n<div id=\"material\"><\/div>\n<\/p><\/div>\n<\/p><\/div>\n<\/p><\/div>\n","protected":false},"excerpt":{"rendered":"<p>Zuhause | Kellerei | Behandlungsmaterialien | Bentonite SILIGEL6 kg Kolloidal gel\u00f6ste Kiesels\u00e4ure (Kieselsol), die zusammen mit allen proteinhaltigen Sch\u00f6nungsmitteln verwendet werden kann. SPEZIFIKATIONEN BESCHREIBUNG MATERIAL Kolloidal gel\u00f6ste Kiesels\u00e4ure (Kieselsol), die zusammen mit allen proteinhaltigen Sch\u00f6nungsmitteln verwendet werden kann. Kolloidal gel\u00f6ste Kiesels\u00e4ure (Kieselsol), die zusammen mit allen proteinhaltigen Sch\u00f6nungsmitteln verwendet werden kann. Verbessert Kl\u00e4rwirkung der Sch\u00f6nung [&hellip;]<\/p>\n","protected":false},"author":1,"featured_media":0,"parent":4577930,"menu_order":0,"comment_status":"closed","ping_status":"closed","template":"elementor_theme","meta":{"footnotes":""},"class_list":["post-4577978","page","type-page","status-publish","hentry"],"_links":{"self":[{"href":"https:\/\/fabijan.si\/de\/wp-json\/wp\/v2\/pages\/4577978","targetHints":{"allow":["GET"]}}],"collection":[{"href":"https:\/\/fabijan.si\/de\/wp-json\/wp\/v2\/pages"}],"about":[{"href":"https:\/\/fabijan.si\/de\/wp-json\/wp\/v2\/types\/page"}],"author":[{"embeddable":true,"href":"https:\/\/fabijan.si\/de\/wp-json\/wp\/v2\/users\/1"}],"replies":[{"embeddable":true,"href":"https:\/\/fabijan.si\/de\/wp-json\/wp\/v2\/comments?post=4577978"}],"version-history":[{"count":0,"href":"https:\/\/fabijan.si\/de\/wp-json\/wp\/v2\/pages\/4577978\/revisions"}],"up":[{"embeddable":true,"href":"https:\/\/fabijan.si\/de\/wp-json\/wp\/v2\/pages\/4577930"}],"wp:attachment":[{"href":"https:\/\/fabijan.si\/de\/wp-json\/wp\/v2\/media?parent=4577978"}],"curies":[{"name":"wp","href":"https:\/\/api.w.org\/{rel}","templated":true}]}}