{"id":4577996,"date":"2026-02-03T15:29:17","date_gmt":"2026-02-03T14:29:17","guid":{"rendered":"https:\/\/fabijan.si\/kellerei\/behandlungsmaterialien\/bentonite\/gecoll-supra-5-250-kg\/"},"modified":"2026-02-03T15:29:17","modified_gmt":"2026-02-03T14:29:17","slug":"gecoll-supra-5-250-kg","status":"publish","type":"page","link":"https:\/\/fabijan.si\/de\/kellerei\/behandlungsmaterialien\/bentonite\/gecoll-supra-5-250-kg\/","title":{"rendered":"gecoll-supra-5-250-kg"},"content":{"rendered":"\n<div class=\"container\">\n<div class=\"breadcrumb-container\"><span><br \/>\n<a href=\"https:\/\/fabijan.si\/de\/\">Zuhause<\/a> | <a href=\"https:\/\/fabijan.si\/de\/kellerei\/\">Kellerei<\/a> | <a href=\"https:\/\/fabijan.si\/de\/kellerei\/behandlungsmaterialien\/\">Behandlungsmaterialien<\/a> | <a href=\"https:\/\/fabijan.si\/de\/kellerei\/behandlungsmaterialien\/bentonite\/\">Bentonite<\/a><\/span>\n<\/div>\n<div class=\"row\">\n<div class=\"col-6\">\n<div id=\"carouselExampleControls\" class=\"carousel slide carousel-container\" data-interval=\"false\">\n<div class=\"carousel-inner\">\n<div class=\"carousel-item active\">   <img decoding=\"async\" src=\"https:\/\/fabijan.si\/wp-content\/uploads\/site-content\/00013244.jpg\" class=\"d-block w-100\" alt=\"...\"><\/div>\n<\/p><\/div>\n<p>              <button class=\"carousel-control-prev\" type=\"button\" data-bs-target=\"#carouselExampleControls\" data-bs-slide=\"prev\"><br \/>\n                <span class=\"carousel-control-prev-icon\" aria-hidden=\"true\"><\/span><br \/>\n              <\/button><br \/>\n              <button class=\"carousel-control-next\" type=\"button\" data-bs-target=\"#carouselExampleControls\" data-bs-slide=\"next\"><br \/>\n                <span class=\"carousel-control-next-icon\" aria-hidden=\"true\"><\/span><br \/>\n              <\/button>\n            <\/div>\n<\/p><\/div>\n<div class=\"col-6 slo-name\">\n            GECOLL SUPRA 5.250 kg<\/p>\n<div class=\"brand\">Fl\u00fcssige Gelatine aus ausgew\u00e4hlten und hochreinen Rohstoffen, Herkunft ausschlie\u00dflich vom Schwein.<\/div>\n<p>\t\t\t<!-- \n\n<div class=\"price-container\">\n                \n\n<p class=\"price\">###PRICE###<\/p>\n\n --><br \/>\n                <!-- <button type=\"button\" class=\"btn btn-config btn-lg\">Pojdi na konfigurator<\/button> -->\n            <\/div>\n<\/p><\/div>\n<div class=\"menu\">\n<div class=\"btn-group d-flex justify-content-center\" id=\"menu-buttons\">\n              <button type=\"button\" onClick = \"showSpecs()\" class=\"btn menu-button menu-title active\">SPEZIFIKATIONEN<\/button><br \/>\n              <button type=\"button\" onClick = \"showDescription()\" class=\"btn menu-button menu-title\">BESCHREIBUNG<\/button><br \/>\n              <button type=\"button\" onClick = \"showMaterial()\" class=\"btn menu-button menu-title\">MATERIAL<\/button>\n            <\/div>\n<div id=\"specs\">\n<ul class=\"list-group\">\n                Fl\u00fcssige Gelatine aus ausgew\u00e4hlten und hochreinen Rohstoffen, Herkunft ausschlie\u00dflich vom Schwein.\n              <\/ul>\n<\/p><\/div>\n<div id=\"description\">\n              Fl\u00fcssige Gelatine aus ausgew\u00e4hlten und hochreinen Rohstoffen, Herkunft ausschlie\u00dflich vom Schwein.<br \/>\nGECOLL\u00ae SUPRA dient zu Behandlung von:<br \/>\nHochwertigem Rotwein, jungem Rotweine mit reaktiven Tanninen.<br \/>\nRos\u00e9weinen sowie trockenen und rests\u00fc\u00dfen Wei\u00dfweinen.<br \/>\nBeg\u00fcnstigt die Sedimentation von Mosten und rundet Weine aus mechanisch behandelten Trauben (harte Phenole) ab.\n            <\/div>\n<div id=\"material\"><\/div>\n<\/p><\/div>\n<\/p><\/div>\n<\/p><\/div>\n","protected":false},"excerpt":{"rendered":"<p>Zuhause | Kellerei | Behandlungsmaterialien | Bentonite GECOLL SUPRA 5.250 kg Fl\u00fcssige Gelatine aus ausgew\u00e4hlten und hochreinen Rohstoffen, Herkunft ausschlie\u00dflich vom Schwein. SPEZIFIKATIONEN BESCHREIBUNG MATERIAL Fl\u00fcssige Gelatine aus ausgew\u00e4hlten und hochreinen Rohstoffen, Herkunft ausschlie\u00dflich vom Schwein. Fl\u00fcssige Gelatine aus ausgew\u00e4hlten und hochreinen Rohstoffen, Herkunft ausschlie\u00dflich vom Schwein. GECOLL\u00ae SUPRA dient zu Behandlung von: Hochwertigem Rotwein, [&hellip;]<\/p>\n","protected":false},"author":1,"featured_media":0,"parent":4577930,"menu_order":0,"comment_status":"closed","ping_status":"closed","template":"elementor_theme","meta":{"footnotes":""},"class_list":["post-4577996","page","type-page","status-publish","hentry"],"_links":{"self":[{"href":"https:\/\/fabijan.si\/de\/wp-json\/wp\/v2\/pages\/4577996","targetHints":{"allow":["GET"]}}],"collection":[{"href":"https:\/\/fabijan.si\/de\/wp-json\/wp\/v2\/pages"}],"about":[{"href":"https:\/\/fabijan.si\/de\/wp-json\/wp\/v2\/types\/page"}],"author":[{"embeddable":true,"href":"https:\/\/fabijan.si\/de\/wp-json\/wp\/v2\/users\/1"}],"replies":[{"embeddable":true,"href":"https:\/\/fabijan.si\/de\/wp-json\/wp\/v2\/comments?post=4577996"}],"version-history":[{"count":0,"href":"https:\/\/fabijan.si\/de\/wp-json\/wp\/v2\/pages\/4577996\/revisions"}],"up":[{"embeddable":true,"href":"https:\/\/fabijan.si\/de\/wp-json\/wp\/v2\/pages\/4577930"}],"wp:attachment":[{"href":"https:\/\/fabijan.si\/de\/wp-json\/wp\/v2\/media?parent=4577996"}],"curies":[{"name":"wp","href":"https:\/\/api.w.org\/{rel}","templated":true}]}}