{"id":4578110,"date":"2026-02-03T15:29:59","date_gmt":"2026-02-03T14:29:59","guid":{"rendered":"https:\/\/fabijan.si\/kellerei\/behandlungsmaterialien\/eichenholzchips\/chips-nobile-bourbon-cask-15-kg-2-x-7-5-kg\/"},"modified":"2026-02-03T15:29:59","modified_gmt":"2026-02-03T14:29:59","slug":"chips-nobile-bourbon-cask-15-kg-2-x-7-5-kg","status":"publish","type":"page","link":"https:\/\/fabijan.si\/de\/kellerei\/behandlungsmaterialien\/eichenholzchips\/chips-nobile-bourbon-cask-15-kg-2-x-7-5-kg\/","title":{"rendered":"chips-nobile-bourbon-cask-15-kg-2-x-7-5-kg"},"content":{"rendered":"\n<div class=\"container\">\n<div class=\"breadcrumb-container\"><span><br \/>\n<a href=\"https:\/\/fabijan.si\/de\/\">Zuhause<\/a> | <a href=\"https:\/\/fabijan.si\/de\/kellerei\/\">Kellerei<\/a> | <a href=\"https:\/\/fabijan.si\/de\/kellerei\/behandlungsmaterialien\/\">Behandlungsmaterialien<\/a> | <a href=\"https:\/\/fabijan.si\/de\/kellerei\/behandlungsmaterialien\/eichenholzchips\/\">Eichenholzchips<\/a><\/span>\n<\/div>\n<div class=\"row\">\n<div class=\"col-6\">\n<div id=\"carouselExampleControls\" class=\"carousel slide carousel-container\" data-interval=\"false\">\n<div class=\"carousel-inner\">\n<div class=\"carousel-item active\">   <img decoding=\"async\" src=\"https:\/\/fabijan.si\/wp-content\/uploads\/site-content\/nobile-bourbon-cask.jpg\" class=\"d-block w-100\" alt=\"...\"><\/div>\n<\/p><\/div>\n<p>              <button class=\"carousel-control-prev\" type=\"button\" data-bs-target=\"#carouselExampleControls\" data-bs-slide=\"prev\"><br \/>\n                <span class=\"carousel-control-prev-icon\" aria-hidden=\"true\"><\/span><br \/>\n              <\/button><br \/>\n              <button class=\"carousel-control-next\" type=\"button\" data-bs-target=\"#carouselExampleControls\" data-bs-slide=\"next\"><br \/>\n                <span class=\"carousel-control-next-icon\" aria-hidden=\"true\"><\/span><br \/>\n              <\/button>\n            <\/div>\n<\/p><\/div>\n<div class=\"col-6 slo-name\">\n            Chips NOBILE BOURBON CASK &#8211; 15 kg (2 x 7.5 kg)<\/p>\n<div class=\"brand\"><\/div>\n<p>\t\t\t<!-- \n\n<div class=\"price-container\">\n                \n\n<p class=\"price\">###PRICE###<\/p>\n\n --><br \/>\n                <!-- <button type=\"button\" class=\"btn btn-config btn-lg\">Pojdi na konfigurator<\/button> -->\n            <\/div>\n<\/p><\/div>\n<div class=\"menu\">\n<div class=\"btn-group d-flex justify-content-center\" id=\"menu-buttons\">\n              <button type=\"button\" onClick = \"showSpecs()\" class=\"btn menu-button menu-title active\">SPEZIFIKATIONEN<\/button><br \/>\n              <button type=\"button\" onClick = \"showDescription()\" class=\"btn menu-button menu-title\">BESCHREIBUNG<\/button><br \/>\n              <button type=\"button\" onClick = \"showMaterial()\" class=\"btn menu-button menu-title\">MATERIAL<\/button>\n            <\/div>\n<div id=\"specs\">\n<ul class=\"list-group\">\n<\/ul><\/div>\n<div id=\"description\">\n              \u010cIPSI IZ FRANCOSKEGA HRASTA ZA \u017dGANJE.<br \/>\nDoda ne\u017eno strukturo, zmanj\u0161a peko\u010dnost alkohola, izrazi sadnost in pove\u010da sve\u017eino.<br \/>\nPrva izbira za sadna \u017eganja (sliva, hru\u0161ka, jabolka&#8230;)<br \/>\nV ozadju ne\u017een in prefinjeni francoski hrast.<br \/>\nDoziranje: 5 do 15 g\/hl<br \/>\nKontaktni \u010das: 2 do 8 tednov\n            <\/div>\n<div id=\"material\"><\/div>\n<\/p><\/div>\n<\/p><\/div>\n<\/p><\/div>\n","protected":false},"excerpt":{"rendered":"<p>Zuhause | Kellerei | Behandlungsmaterialien | Eichenholzchips Chips NOBILE BOURBON CASK &#8211; 15 kg (2 x 7.5 kg) SPEZIFIKATIONEN BESCHREIBUNG MATERIAL \u010cIPSI IZ FRANCOSKEGA HRASTA ZA \u017dGANJE. Doda ne\u017eno strukturo, zmanj\u0161a peko\u010dnost alkohola, izrazi sadnost in pove\u010da sve\u017eino. Prva izbira za sadna \u017eganja (sliva, hru\u0161ka, jabolka&#8230;) V ozadju ne\u017een in prefinjeni francoski hrast. Doziranje: 5 [&hellip;]<\/p>\n","protected":false},"author":1,"featured_media":0,"parent":4578068,"menu_order":0,"comment_status":"closed","ping_status":"closed","template":"elementor_theme","meta":{"footnotes":""},"class_list":["post-4578110","page","type-page","status-publish","hentry"],"_links":{"self":[{"href":"https:\/\/fabijan.si\/de\/wp-json\/wp\/v2\/pages\/4578110","targetHints":{"allow":["GET"]}}],"collection":[{"href":"https:\/\/fabijan.si\/de\/wp-json\/wp\/v2\/pages"}],"about":[{"href":"https:\/\/fabijan.si\/de\/wp-json\/wp\/v2\/types\/page"}],"author":[{"embeddable":true,"href":"https:\/\/fabijan.si\/de\/wp-json\/wp\/v2\/users\/1"}],"replies":[{"embeddable":true,"href":"https:\/\/fabijan.si\/de\/wp-json\/wp\/v2\/comments?post=4578110"}],"version-history":[{"count":0,"href":"https:\/\/fabijan.si\/de\/wp-json\/wp\/v2\/pages\/4578110\/revisions"}],"up":[{"embeddable":true,"href":"https:\/\/fabijan.si\/de\/wp-json\/wp\/v2\/pages\/4578068"}],"wp:attachment":[{"href":"https:\/\/fabijan.si\/de\/wp-json\/wp\/v2\/media?parent=4578110"}],"curies":[{"name":"wp","href":"https:\/\/api.w.org\/{rel}","templated":true}]}}