{"id":4578188,"date":"2026-02-03T15:30:23","date_gmt":"2026-02-03T14:30:23","guid":{"rendered":"https:\/\/fabijan.si\/kellerei\/behandlungsmaterialien\/hefenprodukte\/mannosweet-1-kg-praparat-aus-reinen-mannoproteinen-und-polysacchariden\/"},"modified":"2026-02-03T15:30:23","modified_gmt":"2026-02-03T14:30:23","slug":"mannosweet-1-kg-praparat-aus-reinen-mannoproteinen-und-polysacchariden","status":"publish","type":"page","link":"https:\/\/fabijan.si\/de\/kellerei\/behandlungsmaterialien\/hefenprodukte\/mannosweet-1-kg-praparat-aus-reinen-mannoproteinen-und-polysacchariden\/","title":{"rendered":"mannosweet-1-kg-praparat-aus-reinen-mannoproteinen-und-polysacchariden"},"content":{"rendered":"\n<div class=\"container\">\n<div class=\"breadcrumb-container\"><span><br \/>\n<a href=\"https:\/\/fabijan.si\/de\/\">Zuhause<\/a> | <a href=\"https:\/\/fabijan.si\/de\/kellerei\/\">Kellerei<\/a> | <a href=\"https:\/\/fabijan.si\/de\/kellerei\/behandlungsmaterialien\/\">Behandlungsmaterialien<\/a> | <a href=\"https:\/\/fabijan.si\/de\/kellerei\/behandlungsmaterialien\/hefenprodukte\/\">Hefenprodukte<\/a><\/span>\n<\/div>\n<div class=\"row\">\n<div class=\"col-6\">\n<div id=\"carouselExampleControls\" class=\"carousel slide carousel-container\" data-interval=\"false\">\n<div class=\"carousel-inner\">\n<div class=\"carousel-item active\">   <img decoding=\"async\" src=\"https:\/\/fabijan.si\/wp-content\/uploads\/site-content\/00053455.jpg\" class=\"d-block w-100\" alt=\"...\"><\/div>\n<\/p><\/div>\n<p>              <button class=\"carousel-control-prev\" type=\"button\" data-bs-target=\"#carouselExampleControls\" data-bs-slide=\"prev\"><br \/>\n                <span class=\"carousel-control-prev-icon\" aria-hidden=\"true\"><\/span><br \/>\n              <\/button><br \/>\n              <button class=\"carousel-control-next\" type=\"button\" data-bs-target=\"#carouselExampleControls\" data-bs-slide=\"next\"><br \/>\n                <span class=\"carousel-control-next-icon\" aria-hidden=\"true\"><\/span><br \/>\n              <\/button>\n            <\/div>\n<\/p><\/div>\n<div class=\"col-6 slo-name\">\n            MANNOSWEET\u00ae- 1 kg Pr\u00e4parat aus reinen Mannoproteinen und Polysacchariden<\/p>\n<div class=\"brand\">\u2022 Tr\u00e4gt zur Kolloidstabilisierung des Weins bei.<br \/>\n\u2022 Tr\u00e4gt zur Weinsteinstabilisierung bei.<br \/>\n\u2022 Schont die Frische und das Aromenprofil der Weine.<br \/>\n\u2022 Erh\u00e4lt die Empfindung von Volumen und Rundheit am<br \/>\n    Gaumen aufrecht.<br \/>\n\u2022 Ver\u00e4ndert den Index f\u00fcr die Filtrationsf\u00e4higkeit des<br \/>\n   Weins nicht<\/div>\n<p>\t\t\t<!-- \n\n<div class=\"price-container\">\n                \n\n<p class=\"price\">###PRICE###<\/p>\n\n --><br \/>\n                <!-- <button type=\"button\" class=\"btn btn-config btn-lg\">Pojdi na konfigurator<\/button> -->\n            <\/div>\n<\/p><\/div>\n<div class=\"menu\">\n<div class=\"btn-group d-flex justify-content-center\" id=\"menu-buttons\">\n              <button type=\"button\" onClick = \"showSpecs()\" class=\"btn menu-button menu-title active\">SPEZIFIKATIONEN<\/button><br \/>\n              <button type=\"button\" onClick = \"showDescription()\" class=\"btn menu-button menu-title\">BESCHREIBUNG<\/button><br \/>\n              <button type=\"button\" onClick = \"showMaterial()\" class=\"btn menu-button menu-title\">MATERIAL<\/button>\n            <\/div>\n<div id=\"specs\">\n<ul class=\"list-group\">\n                \u2022 Tr\u00e4gt zur Kolloidstabilisierung des Weins bei.<br \/>\n\u2022 Tr\u00e4gt zur Weinsteinstabilisierung bei.<br \/>\n\u2022 Schont die Frische und das Aromenprofil der Weine.<br \/>\n\u2022 Erh\u00e4lt die Empfindung von Volumen und Rundheit am<br \/>\n    Gaumen aufrecht.<br \/>\n\u2022 Ver\u00e4ndert den Index f\u00fcr die Filtrationsf\u00e4higkeit des<br \/>\n   Weins nicht\n              <\/ul>\n<\/p><\/div>\n<div id=\"description\"><\/div>\n<div id=\"material\"><\/div>\n<\/p><\/div>\n<\/p><\/div>\n<\/p><\/div>\n","protected":false},"excerpt":{"rendered":"<p>Zuhause | Kellerei | Behandlungsmaterialien | Hefenprodukte MANNOSWEET\u00ae- 1 kg Pr\u00e4parat aus reinen Mannoproteinen und Polysacchariden \u2022 Tr\u00e4gt zur Kolloidstabilisierung des Weins bei. \u2022 Tr\u00e4gt zur Weinsteinstabilisierung bei. \u2022 Schont die Frische und das Aromenprofil der Weine. \u2022 Erh\u00e4lt die Empfindung von Volumen und Rundheit am Gaumen aufrecht. \u2022 Ver\u00e4ndert den Index f\u00fcr die Filtrationsf\u00e4higkeit [&hellip;]<\/p>\n","protected":false},"author":1,"featured_media":0,"parent":4578167,"menu_order":0,"comment_status":"closed","ping_status":"closed","template":"elementor_theme","meta":{"footnotes":""},"class_list":["post-4578188","page","type-page","status-publish","hentry"],"_links":{"self":[{"href":"https:\/\/fabijan.si\/de\/wp-json\/wp\/v2\/pages\/4578188","targetHints":{"allow":["GET"]}}],"collection":[{"href":"https:\/\/fabijan.si\/de\/wp-json\/wp\/v2\/pages"}],"about":[{"href":"https:\/\/fabijan.si\/de\/wp-json\/wp\/v2\/types\/page"}],"author":[{"embeddable":true,"href":"https:\/\/fabijan.si\/de\/wp-json\/wp\/v2\/users\/1"}],"replies":[{"embeddable":true,"href":"https:\/\/fabijan.si\/de\/wp-json\/wp\/v2\/comments?post=4578188"}],"version-history":[{"count":0,"href":"https:\/\/fabijan.si\/de\/wp-json\/wp\/v2\/pages\/4578188\/revisions"}],"up":[{"embeddable":true,"href":"https:\/\/fabijan.si\/de\/wp-json\/wp\/v2\/pages\/4578167"}],"wp:attachment":[{"href":"https:\/\/fabijan.si\/de\/wp-json\/wp\/v2\/media?parent=4578188"}],"curies":[{"name":"wp","href":"https:\/\/api.w.org\/{rel}","templated":true}]}}