{"id":4578200,"date":"2026-02-03T15:30:27","date_gmt":"2026-02-03T14:30:27","guid":{"rendered":"https:\/\/fabijan.si\/kellerei\/behandlungsmaterialien\/sussstoffe\/traubenkoncentrat-rtk-5kg\/"},"modified":"2026-02-03T15:30:27","modified_gmt":"2026-02-03T14:30:27","slug":"traubenkoncentrat-rtk-5kg","status":"publish","type":"page","link":"https:\/\/fabijan.si\/de\/kellerei\/behandlungsmaterialien\/sussstoffe\/traubenkoncentrat-rtk-5kg\/","title":{"rendered":"traubenkoncentrat-rtk-5kg"},"content":{"rendered":"\n<div class=\"container\">\n<div class=\"breadcrumb-container\"><span><br \/>\n<a href=\"https:\/\/fabijan.si\/de\/\">Zuhause<\/a> | <a href=\"https:\/\/fabijan.si\/de\/kellerei\/\">Kellerei<\/a> | <a href=\"https:\/\/fabijan.si\/de\/kellerei\/behandlungsmaterialien\/\">Behandlungsmaterialien<\/a> | <a href=\"https:\/\/fabijan.si\/de\/kellerei\/behandlungsmaterialien\/sussstoffe\/\">S\u00fc\u00dfstoffe<\/a><\/span>\n<\/div>\n<div class=\"row\">\n<div class=\"col-6\">\n<div id=\"carouselExampleControls\" class=\"carousel slide carousel-container\" data-interval=\"false\">\n<div class=\"carousel-inner\">\n<div class=\"carousel-item active\">   <img decoding=\"async\" src=\"https:\/\/fabijan.si\/wp-content\/uploads\/site-content\/00028035.jpg\" class=\"d-block w-100\" alt=\"...\"><\/div>\n<\/p><\/div>\n<p>              <button class=\"carousel-control-prev\" type=\"button\" data-bs-target=\"#carouselExampleControls\" data-bs-slide=\"prev\"><br \/>\n                <span class=\"carousel-control-prev-icon\" aria-hidden=\"true\"><\/span><br \/>\n              <\/button><br \/>\n              <button class=\"carousel-control-next\" type=\"button\" data-bs-target=\"#carouselExampleControls\" data-bs-slide=\"next\"><br \/>\n                <span class=\"carousel-control-next-icon\" aria-hidden=\"true\"><\/span><br \/>\n              <\/button>\n            <\/div>\n<\/p><\/div>\n<div class=\"col-6 slo-name\">\n            Traubenkoncentrat RTK 5kg<\/p>\n<div class=\"brand\">hohe bakterielle Stabilit\u00e4t<br \/>\nver\u00e4ndert die Aromatik des Weines nicht<br \/>\nkeine Kristallisationsrisiken<br \/>\nK\u00e4ltebest\u00e4ndigkeit<br \/>\nbis 24 Monate haltbar<br \/>\nRTK Pulver ist Allergen- und Gentechnikfrei!<\/p>\n<p>Dosierung und Anwendung:<br \/>\nUm den Restzuckergehalt um ca.1 g zu erh\u00f6hen m\u00fcssen auf 100 Liter Wein 100 g RTK Pulver zugegeben werden.<br \/>\nRTK mit Wein gut vorl\u00f6sen und auf eine sorgf\u00e4ltige Verteilung in der Masse achten.<\/p><\/div>\n<p>\t\t\t<!-- \n\n<div class=\"price-container\">\n                \n\n<p class=\"price\">###PRICE###<\/p>\n\n --><br \/>\n                <!-- <button type=\"button\" class=\"btn btn-config btn-lg\">Pojdi na konfigurator<\/button> -->\n            <\/div>\n<\/p><\/div>\n<div class=\"menu\">\n<div class=\"btn-group d-flex justify-content-center\" id=\"menu-buttons\">\n              <button type=\"button\" onClick = \"showSpecs()\" class=\"btn menu-button menu-title active\">SPEZIFIKATIONEN<\/button><br \/>\n              <button type=\"button\" onClick = \"showDescription()\" class=\"btn menu-button menu-title\">BESCHREIBUNG<\/button><br \/>\n              <button type=\"button\" onClick = \"showMaterial()\" class=\"btn menu-button menu-title\">MATERIAL<\/button>\n            <\/div>\n<div id=\"specs\">\n<ul class=\"list-group\">\n                hohe bakterielle Stabilit\u00e4t<br \/>\nver\u00e4ndert die Aromatik des Weines nicht<br \/>\nkeine Kristallisationsrisiken<br \/>\nK\u00e4ltebest\u00e4ndigkeit<br \/>\nbis 24 Monate haltbar<br \/>\nRTK Pulver ist Allergen- und Gentechnikfrei!<\/p>\n<p>Dosierung und Anwendung:<br \/>\nUm den Restzuckergehalt um ca.1 g zu erh\u00f6hen m\u00fcssen auf 100 Liter Wein 100 g RTK Pulver zugegeben werden.<br \/>\nRTK mit Wein gut vorl\u00f6sen und auf eine sorgf\u00e4ltige Verteilung in der Masse achten.\n              <\/ul>\n<\/p><\/div>\n<div id=\"description\"><\/div>\n<div id=\"material\"><\/div>\n<\/p><\/div>\n<\/p><\/div>\n<\/p><\/div>\n","protected":false},"excerpt":{"rendered":"<p>Zuhause | Kellerei | Behandlungsmaterialien | S\u00fc\u00dfstoffe Traubenkoncentrat RTK 5kg hohe bakterielle Stabilit\u00e4t ver\u00e4ndert die Aromatik des Weines nicht keine Kristallisationsrisiken K\u00e4ltebest\u00e4ndigkeit bis 24 Monate haltbar RTK Pulver ist Allergen- und Gentechnikfrei! Dosierung und Anwendung: Um den Restzuckergehalt um ca.1 g zu erh\u00f6hen m\u00fcssen auf 100 Liter Wein 100 g RTK Pulver zugegeben werden. RTK [&hellip;]<\/p>\n","protected":false},"author":1,"featured_media":0,"parent":4578197,"menu_order":0,"comment_status":"closed","ping_status":"closed","template":"elementor_theme","meta":{"footnotes":""},"class_list":["post-4578200","page","type-page","status-publish","hentry"],"_links":{"self":[{"href":"https:\/\/fabijan.si\/de\/wp-json\/wp\/v2\/pages\/4578200","targetHints":{"allow":["GET"]}}],"collection":[{"href":"https:\/\/fabijan.si\/de\/wp-json\/wp\/v2\/pages"}],"about":[{"href":"https:\/\/fabijan.si\/de\/wp-json\/wp\/v2\/types\/page"}],"author":[{"embeddable":true,"href":"https:\/\/fabijan.si\/de\/wp-json\/wp\/v2\/users\/1"}],"replies":[{"embeddable":true,"href":"https:\/\/fabijan.si\/de\/wp-json\/wp\/v2\/comments?post=4578200"}],"version-history":[{"count":0,"href":"https:\/\/fabijan.si\/de\/wp-json\/wp\/v2\/pages\/4578200\/revisions"}],"up":[{"embeddable":true,"href":"https:\/\/fabijan.si\/de\/wp-json\/wp\/v2\/pages\/4578197"}],"wp:attachment":[{"href":"https:\/\/fabijan.si\/de\/wp-json\/wp\/v2\/media?parent=4578200"}],"curies":[{"name":"wp","href":"https:\/\/api.w.org\/{rel}","templated":true}]}}